{"id":15,"date":"2015-06-29T13:43:26","date_gmt":"2015-06-29T12:43:26","guid":{"rendered":"https:\/\/apps.atilf.fr\/homepages\/gmelison\/?page_id=15"},"modified":"2020-03-03T14:45:16","modified_gmt":"2020-03-03T13:45:16","slug":"projets","status":"publish","type":"page","link":"https:\/\/perso.atilf.fr\/ghirchwald\/projets\/","title":{"rendered":"Projets"},"content":{"rendered":"<p><strong>Depuis 2013<\/strong> :<a href=\"http:\/\/obvil.paris-sorbonne.fr\/projets\/lecrivain-linstitution-scolaire-et-la-litterature-lecrivain-face-aux-modeles-scolaires-1840\">\u00a0L\u2019\u00e9crivain, l\u2019institution scolaire et la litt\u00e9rature. L\u2019\u00e9crivain face aux mod\u00e8les scolaires 1880-1960<\/a>, projet dirig\u00e9 par Martine Jey <strong><em>(Labex OBVIL, ESPE Paris\/Universit\u00e9 Paris IV)<\/em><\/strong><\/p>\n<p><strong>2006 \u2013 2012<\/strong> \u00a0Catalogaci\u00f3n y estudio de las traducciones literarias francesas en la prensa espa\u00f1ola finisecular (1868-1923), groupe de recherche dirig\u00e9 par Marta Gin\u00e9 Janer <strong><em>(Universit\u00e9 de Lleida, Espagne)\u00a0<\/em><\/strong>D\u00e9pouillement d\u2019une revue\u00a0: <em>La Ilustraci\u00f3n Espa\u00f1ola y Americana\u00a0<\/em><\/p>\n<p><a href=\"https:\/\/perso.atilf.fr\/gmelison\/wp-content\/uploads\/sites\/43\/2017\/01\/titulox11.jpg\"><img loading=\"lazy\" decoding=\"async\" class=\"size-medium wp-image-204 alignleft\" src=\"https:\/\/perso.atilf.fr\/gmelison\/wp-content\/uploads\/sites\/43\/2017\/01\/titulox11-300x181.jpg\" alt=\"\" width=\"300\" height=\"181\" srcset=\"https:\/\/perso.atilf.fr\/ghirchwald\/wp-content\/uploads\/sites\/43\/2017\/01\/titulox11-300x181.jpg 300w, https:\/\/perso.atilf.fr\/ghirchwald\/wp-content\/uploads\/sites\/43\/2017\/01\/titulox11-768x464.jpg 768w, https:\/\/perso.atilf.fr\/ghirchwald\/wp-content\/uploads\/sites\/43\/2017\/01\/titulox11.jpg 1000w\" sizes=\"auto, (max-width: 300px) 100vw, 300px\" \/><\/a><\/p>\n<p>&nbsp;<\/p>\n<p>Charg\u00e9e en particulier de la rubrique des portraits (Nuestros Grabados) Contribution \u00e0 l\u2019organisation du colloque international \u00ab\u00a0Traducci\u00f3n y cultura\u00a0\u00bb supervis\u00e9 par Marta Gin\u00e9 Janer \u00e0 Lleida du 23 au 25 mars 2009 (r\u00e9alisation de pages web)<\/p>\n<p>&nbsp;<\/p>\n<p>Co-auteur du projet <strong>Dictionnaire Alphonse Daudet<\/strong> aux c\u00f4t\u00e9s d\u2019Anne-Simone Dufief et de Roger Ripoll, Paris, Champion, 2019.<\/p>\n<p>R\u00e9daction d\u2019un tiers des 500 entr\u00e9es de l\u2019ouvrage.<\/p>\n<p>Responsable de la cr\u00e9ation et de la refonte du site internet <a href=\"http:\/\/www.alphonsedaudet.org\">alphonsedaudet.org<\/a><\/p>\n<p><strong>Depuis 2016 : Travaux sur les interviews d&rsquo;\u00e9crivains du XIXe si\u00e8cle.<\/strong><\/p>\n<p>Publication des interviews d&rsquo;Alphonse Daudet dans la presse parisienne.<\/p>\n<p><strong>Alphonse Daudet interview\u00e9<\/strong>, Paris, Champion, 2018.<\/p>\n<p>En ligne sur la plateforme Ortolang.<\/p>\n<p>Depuis 2018 : Travaux sur le <strong>fonds Goncourt<\/strong> pr\u00e9sent aux archives municipales de Nancy.<\/p>\n<p>&nbsp;<\/p>\n<p>&nbsp;<\/p>\n","protected":false},"excerpt":{"rendered":"<p>Depuis 2013 :\u00a0L\u2019\u00e9crivain, l\u2019institution scolaire et la litt\u00e9rature. L\u2019\u00e9crivain face aux mod\u00e8les scolaires 1880-1960, projet dirig\u00e9 par Martine Jey (Labex OBVIL, ESPE Paris\/Universit\u00e9 Paris IV) 2006 \u2013 2012 \u00a0Catalogaci\u00f3n y estudio de las traducciones literarias francesas en la prensa espa\u00f1ola finisecular (1868-1923), groupe de recherche dirig\u00e9 par Marta Gin\u00e9 Janer (Universit\u00e9 de Lleida, Espagne)\u00a0D\u00e9pouillement d\u2019une [&hellip;]<\/p>\n","protected":false},"author":1,"featured_media":0,"parent":0,"menu_order":0,"comment_status":"closed","ping_status":"closed","template":"","meta":{"footnotes":""},"class_list":["post-15","page","type-page","status-publish","hentry"],"_links":{"self":[{"href":"https:\/\/perso.atilf.fr\/ghirchwald\/wp-json\/wp\/v2\/pages\/15","targetHints":{"allow":["GET"]}}],"collection":[{"href":"https:\/\/perso.atilf.fr\/ghirchwald\/wp-json\/wp\/v2\/pages"}],"about":[{"href":"https:\/\/perso.atilf.fr\/ghirchwald\/wp-json\/wp\/v2\/types\/page"}],"author":[{"embeddable":true,"href":"https:\/\/perso.atilf.fr\/ghirchwald\/wp-json\/wp\/v2\/users\/1"}],"replies":[{"embeddable":true,"href":"https:\/\/perso.atilf.fr\/ghirchwald\/wp-json\/wp\/v2\/comments?post=15"}],"version-history":[{"count":13,"href":"https:\/\/perso.atilf.fr\/ghirchwald\/wp-json\/wp\/v2\/pages\/15\/revisions"}],"predecessor-version":[{"id":230,"href":"https:\/\/perso.atilf.fr\/ghirchwald\/wp-json\/wp\/v2\/pages\/15\/revisions\/230"}],"wp:attachment":[{"href":"https:\/\/perso.atilf.fr\/ghirchwald\/wp-json\/wp\/v2\/media?parent=15"}],"curies":[{"name":"wp","href":"https:\/\/api.w.org\/{rel}","templated":true}]}}