{"id":17,"date":"2015-06-29T13:43:37","date_gmt":"2015-06-29T12:43:37","guid":{"rendered":"https:\/\/apps.atilf.fr\/homepages\/gmelison\/?page_id=17"},"modified":"2020-03-03T16:19:37","modified_gmt":"2020-03-03T15:19:37","slug":"publications","status":"publish","type":"page","link":"https:\/\/perso.atilf.fr\/ghirchwald\/publications\/","title":{"rendered":"Publications"},"content":{"rendered":"<p>&nbsp;<\/p>\n<p><strong>Liste de publications<\/strong><\/p>\n<p>&nbsp;<\/p>\n<ol>\n<li>Ouvrages<\/li>\n<li>Actes de colloques internationaux et articles<\/li>\n<li><em>Le Petit Chose<\/em> (revue de l\u2019Association des Amis d\u2019Alphonse Daudet)<\/li>\n<li>Compte-rendu<\/li>\n<li>Colloques et conf\u00e9rences sans publication<\/li>\n<\/ol>\n<p>&nbsp;<\/p>\n<h2>I. \u00a0Ouvrages<\/h2>\n<ol>\n<li>Gabrielle Melison-Hirchwald et Marie-Fran\u00e7oise Susini-Anastopoulos<strong>, Mythe et litt\u00e9rature,<\/strong> <strong>hommage \u00e0 Marie-France Rouart<\/strong>, Paris, L\u2019Harmattan, 2012, 194 p.<\/li>\n<li>Gabrielle Melison-Hirchwald et Pierre Dufief, <strong>\u00c9crire en artistes des Goncourt \u00e0 Proust<\/strong>, actes du colloque des 24 et 25 janvier 2013 organis\u00e9 \u00e0 Nancy, Paris, Champion, 2016.<\/li>\n<li>Gabrielle Melison-Hirchwald, <strong>Alphonse Daudet interview\u00e9<\/strong>, Paris, Champion, 2018, 848 p.<\/li>\n<li>Gabrielle Melison-Hirchwald, Anne-Simone Dufief et Roger Ripoll, <strong>Dictionnaire Alphonse Daudet<\/strong>, Paris, Champion, 2019.<\/li>\n<\/ol>\n<h2>II. Actes de colloques internationaux et Articles<\/h2>\n<ol start=\"4\">\n<li><strong>\u00ab\u00a0La g\u00e9ographie litt\u00e9raire de la bonne adresse dans quelques romans de m\u0153urs parisiens du XIX<sup>e<\/sup> si\u00e8cle<\/strong>\u00bb, textes recueillis par Christina Horvath et Helle Waahlberg, <em>Pour une cartographie du roman urbain du XIX<sup>e<\/sup> au XXI<sup>e<\/sup> si\u00e8cles<\/em>, Toronto, Paratexte, 2007, p.\u00a095-108.<\/li>\n<li><a href=\"http:\/\/etudes-romantiques.ish-lyon.cnrs.fr\/cariboost_files\/Melison.pdf\"><strong>\u00ab\u00a0Le<\/strong> <strong><em>high lifeur<\/em> \u00e0 son club\u00a0\u00bb<\/strong><\/a>, communication lors du troisi\u00e8me congr\u00e8s international de la SERD, \u00ab\u00a0La Vie Parisienne\u00a0: un mythe, une langue, un style\u00a0\u00bb, organis\u00e9 sous la direction des Pr. Philippe Hamon et Jos\u00e9-Luis Diaz, du 7 au 9 juin 2007.<\/li>\n<li><strong>\u00ab\u00a0Fran\u00e7ois Bravay ou comment s\u2019en d\u00e9barrasser \/ <em>Fran\u00e7ois Bravay o c\u00f3mo quit\u00e1rselo de encima<\/em>\u00bb<\/strong>, in <em>Texto y sociedad en las letras francesas y franc\u00f3fonas<\/em>, Edici\u00f3n de \u00c0ngels Santa y Cristina Sol\u00e9 Castells, Departament de filolog\u00eda cl\u00e1ssica, francesa i hisp\u00e1nica, Universitat de Lleida, 2009, p.\u00a0249-258 (CD-ROM).<\/li>\n<li>\u00ab\u00a0<strong>De l\u2019usage du surnom dans les r\u00e9cits naturalistes de Daudet\u00a0\u00bb<\/strong>, textes recueillis par Alexandra-Flora Pifarr\u00e9 et Sandrine Rutigliano-Daspet, <em>Le Surnom<\/em>, Chamb\u00e9ry, \u00e9ditions de l\u2019Universit\u00e9 de Savoie, 2008.<\/li>\n<li><strong>\u00ab\u00a0Herv\u00e9 Bazin, chroniqueur des m\u0153urs conjugales\u00a0: du <em>Matrimoine<\/em> \u00e0 <em>L\u2019\u00c9cole des P\u00e8res<\/em>\u00bb<\/strong>, in Anne-Simone Dufief, <em>Herv\u00e9 Bazin Connu et inconnu<\/em>, Presses de l\u2019Universit\u00e9 d\u2019Angers, 2009, p.\u00a0181-195.<\/li>\n<li><strong>\u00ab\u00a0La Recepci\u00f3n de los autores franceses naturalistas en <em>La Ilustraci\u00f3n espa\u00f1ola y americana<\/em> (1880-1890)<\/strong>, communication au XVII<sup>e<\/sup> colloque international de l\u2019<em>Asociaci\u00f3n de Profesores de Franc\u00e9s de la Universidad Espa\u00f1ola<\/em>, \u00ab\u00a0Texte, genre, discours\u00a0\u00bb, organis\u00e9 par l\u2019Universit\u00e9 de Salamanca du 7 au 9 mai 2008 (\u00e0 para\u00eetre).<\/li>\n<li><strong>\u00ab\u00a0La R\u00e9ception des \u0153uvres d\u2019Alphonse Daudet dans la <em>Revista de Espa\u00f1a<\/em>, <em>La Escuela<\/em> <em>Moderna<\/em>, <em>Madrid c\u00f3mico<\/em>, <em>La Iberia<\/em>, <em>La Ilustraci\u00f3n Espa\u00f1ola y Americana<\/em> et <em>El<\/em> <em>Imparcial<\/em>\u00bb<\/strong> in Marta Gin\u00c9 Janer et Solange Hibbs, <em>Cultura y traducci\u00f3n. La literatura traducida en la prensa hisp\u00e1nica (1868-1898)<\/em>, Berne, Peter Lang, 2010, p.\u00a0261-274.<\/li>\n<li><strong>\u00ab\u00a0Alphonse Daudet ou les f\u00ealures d\u2019un m\u00e9ridional \u00e0 Paris\u00a0\u00bb <\/strong>in Patrice Locmant, <em>Paris 1800<\/em>, Paris, Hermann, 2010, p.\u00a065-82.<\/li>\n<li><strong>\u00ab\u00a0La Mort d\u2019Alphonse Daudet trait\u00e9e par la presse espagnole (1897-1900)\u00a0\u00bb <\/strong>in Mercedes Sanz et Joan Verdegal, <em>Construcci\u00f3n de identidades y cultura del debate en los estudios en lengua francesa<\/em>, Publication de l\u2019Universit\u00e9 de Jaume I, Castell\u00f3n, 2011, p.\u00a0713-721, Actes du XVIIIe colloque de la APFUE, 6-8 mai 2009, ISBN: 978-84-8021-7873.<\/li>\n<li><strong>\u00ab\u00a0Les articles n\u00e9crologiques de George Sand\u00a0: traitement et \u00e9volution d&rsquo;un genre qui se codifie\u00a0\u00bb<\/strong>, in Marie-\u00c8ve Th\u00e9renty, <em>George Sand journaliste<\/em>, Publications de l\u2019Universit\u00e9 de Saint-\u00c9tienne, 2011, p.\u00a0175-187. ISBN-978-2-86272-580-2<\/li>\n<li><strong>\u00ab\u00a0Itin\u00e9raires d\u2019enfants g\u00e2t\u00e9s chez Charles Dickens et Alphonse Daudet\u00a0\u00bb<\/strong>, in Isabelle Hervouet-Farrar, <em>Enfance et<\/em> <em>errance dans la litt\u00e9rature europ\u00e9enne du XIX<sup>e <\/sup>si\u00e8cle<\/em>, Clermont-Ferrand, PUBP, 2011, p.\u00a0133-146. ISBN-10 2-84516-504-8.<\/li>\n<li><a href=\"http:\/\/www.post-scriptum.org\/alpha\/articles\/2011_13_melisonhirchwald.pdf\"><strong>\u00ab\u00a0Comment r\u00e9ussir \u00e0 bien rater sa vie\u00a0? Mode d\u2019emploi \u00e0 travers quelques figures de rat\u00e9s de la seconde moiti\u00e9 du XIX<sup>e<\/sup> si\u00e8cle\u00a0\u00bb<\/strong><\/a>, <em>Post-Scriptum. Revue de recherche interdisciplinaire en texte et m\u00e9dias<\/em>, printemps 2011, n\u00b013<\/li>\n<li><strong>\u00ab\u00a0Du roman de m\u0153urs au roman \u00e0 th\u00e8se dans quelques romans de Daudet, Zola et Bourget\u00a0\u00bb<\/strong>, in <em>Proses fin-de-(XIX<sup>e<\/sup>) si\u00e8cle<\/em>, Actes du Colloque International des 9 et 10 mai 2011 \u00e0 Naples, textes r\u00e9unis par Maria Cerullo, Naples, Universit\u00e0 degli Studi di Napoli \u00ab\u00a0L\u2019Orientale\u00a0\u00bb , Institut Fran\u00e7ais de Naples, 2011, p.\u00a0241-253.<\/li>\n<li><strong>\u00ab\u00a0R\u00e9surgences mythiques dans <em>Les Structures de l\u2019ali\u00e9nation<\/em> ou la gen\u00e8se d\u2019une \u0153uvre-testament\u00a0\u00bb<\/strong>, in Gabrielle Melison-Hirchwald et Marie-Fran\u00e7oise Susini-Anastopoulos, <em>Mythe et litt\u00e9rature<\/em>, <em>hommage \u00e0 Marie-France Rouart<\/em>, Paris, L\u2019Harmattan, 2012, p.\u00a035-51.<\/li>\n<li><a href=\"https:\/\/www.cairn.info\/revue-romantisme-2012-3-page-75.htm\"><strong>\u00ab\u00a0Les couleurs du pouvoir politique sous le ciel parisien\u00a0\u00bb<\/strong><\/a>, <em>Romantisme<\/em>, dirig\u00e9e par Alain Vaillant, n\u00b0157, 2012, p.\u00a075-88.<\/li>\n<li><strong>\u00ab\u00a0Le Chronotope du salon dans quelques romans de m\u0153urs parisiens (1860-1900)\u00a0\u00bb<\/strong>, in V\u00e9ronique Mont\u00e9mont et Fran\u00e7oise Simonet-Tenant, <em>Intime et politique<\/em>, Centre d&rsquo;\u00c9tude des Nouveaux Espaces Litt\u00e9raires, Universit\u00e9 Paris 13, L\u2019Harmattan, 2012, p.\u00a047-57.<\/li>\n<li><strong>\u00ab\u00a0A table chez Daudet et Zola\u00a0\u00bb<\/strong>, communication au colloque <em>Le Boire et le manger<\/em>, organis\u00e9 \u00e0 Chamb\u00e9ry du 4 au 6 avril 2011 par Elisa Borghino et Anne-Claudine Oller, Universit\u00e9 de Savoie (publication des Actes pr\u00e9vue)<\/li>\n<li><strong>\u00ab\u00a0Les interviews de figures litt\u00e9raires dans la seconde moiti\u00e9 du XIXe si\u00e8cle\u00a0: l\u2019exemple d\u2019Alphonse Daudet\u00a0\u00bb<\/strong>, communication au colloque <em>Cr\u00e9ation et discours social \u00e0 l\u2019\u00e8re de la litt\u00e9rature industrielle<\/em>, organis\u00e9 \u00e0 Tunis par Mounia Kallel et Gleya Ma\u00e2tallah, du 8 au 10 d\u00e9cembre 2011, Tunis, 2015, p.\u00a0165-176.<\/li>\n<li><strong>\u00ab\u00a0Pour un renouvellement du lexique dans l\u2019\u0153uvre romanesque de Daudet\u00a0\u00bb<\/strong>, communication au colloque <em>\u00c9crire en artistes des Goncourt \u00e0 Proust<\/em>, organis\u00e9 par Gabrielle Melison-Hirchwald et Pierre Dufief, les 24 et 25 janvier 2013 \u00e0 l\u2019ATILF, Nancy, Paris, Champion, 2016, p. 33-46.<\/li>\n<li><strong>\u00ab\u00a0(Au moins) six personnages daud\u00e9tiens en qu\u00eate d\u2019adaptateurs\u00a0\u00bb<\/strong>, <em>\u00c9crans<\/em>, sous la direction de Christophe Gelly, Paris, Garnier, 2016 &#8211; 1, n\u00b0 5, p.191-213.<\/li>\n<li><strong>\u00ab\u00a0Aux bornes du roman daud\u00e9tien\u00a0: \u00e9volution de la pratique descriptive du <em>Petit Chose<\/em> \u00e0 <em>Soutien de famille\u00a0<\/em><\/strong>\u00bb, colloque Po\u00e9tiques du descriptif dans le roman fran\u00e7ais du XIX<sup>e<\/sup> si\u00e8cle, sous la direction d\u2019Alice de Georges-M\u00e9tral, Nice, 23-25 mai 2013, Paris, Garnier, 2015, p. 163-178.<\/li>\n<li><strong>\u00ab\u00a0\u2018\u00a0Ah\u00a0! si l\u2019on savait tout ce qu\u2019un habit noir, le plus correct de vos affreux v\u00eatements modernes, peut masquer de turpitudes, d\u2019histoires fantastiques ou monstrueuses\u2019. (<em>Le<\/em> <em>Nabab<\/em>) Pour une sociopo\u00e9tique du textile dans l\u2019\u0153uvre romanesque d\u2019Alphonse Daude<\/strong>t, Colloque Sociopo\u00e9tique du textile. Tissus et v\u00eatements chez les \u00e9crivains fran\u00e7ais au XIXe si\u00e8cle, Moulins, 5-7 septembre 2013, <em>Tissus et v\u00eatements chez les \u00e9crivains au XIX<sup>e<\/sup> si\u00e8cle, Sociopo\u00e9tique du textile<\/em>, sous la direction d\u2019Alain Montandon, Paris, Champion, 2015, p.\u00a095-108.<\/li>\n<li><strong>\u00ab\u00a0R\u00e9cits de fun\u00e9railles dans le <em>Journal<\/em> des Goncourt\u00a0\u00bb<\/strong>, communication au colloque <em>Le <\/em>Journal<em> des Goncourt<\/em>, Nanterre, organis\u00e9 par Pierre Dufief les 14 et 15 octobre 2011, Paris, Champion, 2017, p. 257-269.<\/li>\n<li><strong>\u00ab\u00a0Enqu\u00eates et interviews sur la mode dans la presse parisienne fin de si\u00e8cle\u00a0\u00bb<\/strong>, <em>La Vie \u00e9l\u00e9gante<\/em>, Carole Auroy, C\u00e9cile Meynard et Elisabeth Pinto-Mathieu (dir.), Rennes, PUR, 2017, p. 149-161.<\/li>\n<li><strong>\u00ab\u00a0L\u2019\u00e9tranger dans la maison\u00a0: le domestique propre \u00e0 r\u00e9v\u00e9ler les m\u0153urs dans <em>La Mar\u00e9chale<\/em> et le <em>Journal d\u2019une femme de chambre<\/em>\u00a0\u00bb<\/strong>, <em>Cahiers Octave Mirbeau<\/em>, n\u00b0 25, 2018, p. 220-231.<\/li>\n<li><strong>\u00ab\u00a0Daudet et l\u2019Italie (1875-1897) De quelques \u00e9l\u00e9ments biographiques, relationnels et m\u00e9diatiques\u00a0\u00bb<\/strong>, <em>Transalpina<\/em>, n\u00b0\u00a021, Mariella Colin, Laura Fournier-Finocchiaro et Silvia Tatti (dir.), 2018, p.\u00a0117-134. https:\/\/journals.openedition.org\/transalpina\/305<\/li>\n<li><strong>\u00ab\u00a0Comment devient-on \u00e9crivain sans \u00eatre bachelier\u00a0?\u00a0\u00bb<\/strong>, 26-27 novembre 2018, <em>La Formation des \u00e9crivains au XIX<sup>e<\/sup> si\u00e8cle<\/em>, colloque international organis\u00e9 par Fran\u00e7ois Vanoosthuyse et J\u00e9r\u00e9my Na\u00efm, CRP19\/ Paris 3 Sorbonne Nouvelle. Soumission des actes du colloque \u00e0 <em>La Revue d\u2019Histoire Litt\u00e9raire de la France<\/em><\/li>\n<li><strong>\u00ab\u00a0Figures de la Parisienne dans les interviews de Daudet\u00a0\u00bb<\/strong>, colloque La Parisienne, du Second Empire aux ann\u00e9es folles, Nanterre, 16-17 janvier et Angers, 23-24 janvier 2014 (sous la direction de Pierre et Anne-Simone Dufief, publication pr\u00e9vue en 2020).<\/li>\n<\/ol>\n<h2>III. <em>Le Petit Chose<\/em>, revue de l\u2019Association des Amis d\u2019Alphonse Daudet<\/h2>\n<ol start=\"28\">\n<li><strong>\u00ab\u00a0Voir et \u00eatre vu dans <em>Le Nabab<\/em> d\u2019Alphonse Daudet\u00a0\u00bb, <\/strong><em>Le Petit Chose<\/em>, n\u00b0\u00a092, 2004, p.\u00a0171-185. ISSN 0183-4681.<\/li>\n<li><strong>\u00ab\u00a0Sc\u00e8nes de d\u00e9bats parlementaires chez Daudet et Trollope\u00a0: esquisse de comparaison\u00a0\u00bb<\/strong>, <em>Le Petit Chose<\/em>, n\u00b0\u00a094, 2005, p.\u00a0139-150<\/li>\n<li><strong>\u00ab\u00a0Figures de doubles dans <em>Le Nabab<\/em> d\u2019Alphonse Daudet\u00a0\u00bb<\/strong>, <em>Le Petit Chose<\/em>, n\u00b0\u00a093, 2005, p.\u00a07-27.<\/li>\n<li><strong>\u00ab\u00a0La m\u00e9decine comme religion chez Daudet\u00a0\u00bb<\/strong>, <em>Le Petit Chose<\/em>, n\u00b0\u00a095, 2006, p.\u00a0113-124<\/li>\n<li><strong>\u00ab\u00a0<em>Enga\u00f1o<\/em> et <em>desenga\u00f1o<\/em>: Tartarin et don Quichotte\u00a0\u00bb<\/strong>, <em>Le Petit Chose<\/em>, n\u00b0\u00a096, 2007, p.\u00a0117-132<\/li>\n<li><strong>\u00ab\u00a0Roman de m\u0153urs et naturalisme chez Daudet, ou le genre \u00e0 l\u2019\u00e9preuve du mouvement\u00a0\u00bb<\/strong>, <em>Le Petit Chose<\/em>, n\u00b097, 2008, p.\u00a0109-118<\/li>\n<li><strong>\u00ab\u00a0Les Rat\u00e9s dans <em>Jack<\/em>\u00bb<\/strong>, <em>Le Petit Chose<\/em>, n\u00b098, 2009, p.\u00a063-75<\/li>\n<li><strong>\u00ab\u00a0L\u2019\u00e9tranger dans la maison. Portrait et r\u00f4le du domestique chez Daudet\u00a0\u00bb<\/strong>, <em>Le<\/em> <em>Petit Chose<\/em>, n\u00b098, 2009, p.\u00a0162-175<\/li>\n<li><strong>\u00ab\u00a0Datation et di\u00e9g\u00e8se dans l\u2019\u0153uvre romanesque de Daudet\u00a0\u00bb, <\/strong><em>Le Petit Chose<\/em><strong>, <\/strong>n\u00b099, p.\u00a073-84, 2010<\/li>\n<li><strong>\u00ab\u00a0Daudet et les \u00e9ditions pour la jeunesse\u00a0\u00bb<\/strong>, <em>Le Petit Chose<\/em>, n\u00b0100, 2011, p.\u00a0139-152<\/li>\n<li><strong>\u00ab\u00a0Le lexique de la maternit\u00e9 chez Daudet\u00a0\u00bb<\/strong>, <em>Le Petit Chose<\/em>, n\u00b0101, 2012, p.\u00a0149-166.<\/li>\n<li><strong>\u00ab\u00a0\u00c9l\u00e9ments architecturaux dans l\u2019\u0153uvre de Daudet\u00a0\u00bb<\/strong>, <em>Le Petit Chose<\/em>, n\u00b0102, 2013, p.\u00a0141-155.<\/li>\n<li><strong>\u00ab\u00a0La repr\u00e9sentation de la famille dans les interviews de Daudet\u00a0\u00bb<\/strong>, <em>Le Petit Chose<\/em>, n\u00b0103, 2014, p.\u00a043-55.<\/li>\n<li><strong>\u00ab\u00a0L\u2019espace de l\u2019interview\u00a0\u00bb<\/strong>, <em>Le Petit Chose<\/em>, n\u00b0104, 2015, p.\u00a0119-134.<\/li>\n<li><strong>\u00ab Portrait en creux d&rsquo;un \u00e9crivain peu engag\u00e9\u00a0\u00bb<\/strong>,\u00a0<em>Le Petit Chose<\/em>, n\u00b0105, 2016, p. 115-130.<\/li>\n<li><strong>\u00ab\u00a0L\u2019Immeuble parisien\u00a0: microcosme de la soci\u00e9t\u00e9\u00a0\u00bb<\/strong>, avec \u00c0ngels Ribes, <em>Le Petit Chose<\/em>, n\u00b0 106, 2017, p. 111-124.<\/li>\n<li><strong>\u00ab\u00a0La r\u00e9ception du <em>Petit Chose<\/em> dans la presse parisienne\u00a0\u00bb<\/strong>, <em>Le Petit Chose<\/em>, n\u00b0 107, 2018, p. 179-194.<\/li>\n<li><strong>\u00ab\u00a0<em>L\u2019Arl\u00e9sienne<\/em>, film de Capellani (1908)\u00a0\u00bb<\/strong>, <em>Le Petit Chose<\/em>, n\u00b0 108, 2019, p. 185-200.<\/li>\n<\/ol>\n<h2>IV. Compte-Rendu<\/h2>\n<p><strong>\u00ab Le roman de\u00a0m\u0153urs dans la seconde moiti\u00e9 du XIX<sup>e<\/sup> si\u00e8cle en Europe\u00a0\u00bb, <\/strong><em>Dix-neuvi\u00e8me si\u00e8cle<\/em>, Soci\u00e9t\u00e9 des \u00e9tudes romantiques et dix-neuvi\u00e9mistes, n\u00b0\u00a044, d\u00e9cembre 2006, p.\u00a099-100.<\/p>\n<p>Pierre Dufief,<strong> \u00ab HDR \u00e0 Angers\u00a0\u00bb<\/strong>,\u00a0<em>Le Petit Chose<\/em>, n\u00b0105, 2016, p. 249-251.<\/p>\n<h2>V.\u00a0\u00a0\u00a0 Colloques et Conf\u00e9rences sans publication<\/h2>\n<p><strong>\u00ab\u00a0<em>Effi Briest<\/em> de Theodor Fontane\u00a0: d\u2019une lecture r\u00e9aliste \u00e0 une approche symbolique\u00a0\u00bb<\/strong>, conf\u00e9rence de cl\u00f4ture du cours semestriel de litt\u00e9rature g\u00e9n\u00e9rale du Pr. M.-F. Rouart, 1re ann\u00e9e de DEUG lettres modernes de Nancy, janvier 2005.<\/p>\n<p><strong>\u00ab\u00a0Les femmes dans les coulisses du pouvoir chez Daudet et Trollope \/<em> Women in corridors of the power at Daudet and Trollope<\/em>\u00bb<\/strong>, communication lors de la conf\u00e9rence annuelle de la Society of Dix-Neuvi\u00e9mistes, \u00ab\u00a0Institutions and power\u00a0\u00bb, organis\u00e9e sous la direction du Dr. F. Place-Verghnes au <em>Fitzwilliam College<\/em> de Cambridge, du 27 au 29 mars 2007.<\/p>\n<p><strong>\u00ab\u00a0Splendeur et mis\u00e8re d\u2019un genre oubli\u00e9\u00a0: le roman de m\u0153urs dans la seconde moiti\u00e9 du XIX<sup>e<\/sup> si\u00e8cle en Europe\u00a0\u00bb<\/strong>, communication lors du 33<sup>e<\/sup> congr\u00e8s de la <em>Nineteenth-Century French Studies<\/em>, \u00ab\u00a0High\/Low\u00a0: Nineteenth-Century French Cultures\u00a0\u00bb, organis\u00e9 par le Pr. S. McCready du 18 au 20 octobre 2007 \u00e0 Mobile, University of South Alabama.<\/p>\n<p><strong>\u00ab\u00a0Les Expositions universelles \u00e0 Londres et \u00e0 Paris (1851-1900)\u00a0: rivalit\u00e9, \u00e9mulation et t\u00e9moignages litt\u00e9raires\u00a0<\/strong>\u00bb, communication au colloque \u00ab\u00a0Paris et Londres capitales du XIX<sup>e<\/sup> si\u00e8cle\u00a0\u00bb organis\u00e9 par H. Waahlberg, D. Arnold et T. Rem du 27 au 29 mars 2008 \u00e0 l\u2019Universit\u00e9 d\u2019Oslo.<\/p>\n<p><strong>\u00ab\u00a0Le roman de m\u0153urs europ\u00e9en aux XIXe et XXe si\u00e8cles comme chronique sociale. La mise en drame du quotidien\u00a0\u00bb<\/strong>, communication au colloque \u00ab\u00a0Le Quotidien\u00a0\u00bb organis\u00e9 par Apostolos Lampropoulos et Betty Kaklamanidou \u00e0 l\u2019Universit\u00e9 de Chypre, Nicosie, du 5 au 7 novembre 2010.<\/p>\n<p><strong>\u00ab\u00a0Le domestique, acteur et victime de la transgression dans quelques romans de m\u0153urs fran\u00e7ais de la seconde moiti\u00e9 du XIXe si\u00e8cle\u00a0\u00bb<\/strong>, communication au colloque <em>Nineteenth-Century French Studies<\/em>, <em>Law and Order<\/em>, Philadelphie, 27-29 octobre 2011.<\/p>\n<p><strong>\u00ab\u00a0En mariage trompe qui peut\u00a0: les maux\/mots du mariage dans le roman du XIX<sup>e<\/sup> si\u00e8cle\u00a0\u00bb<\/strong>, colloque \u00c9crire le mariage, St-Etienne, 3-5 octobre 2013 et Lyon, 30-31 janvier 2014.<\/p>\n<p><strong>\u00ab\u00a0Pr\u00e9sentation de Frantext\u00a0\u00bb <\/strong>dans le cadre du s\u00e9minaire de Martine Jey (Labex OBVIL \u00a0L\u2019\u00e9crivain, l\u2019institution scolaire et la litt\u00e9rature), Paris, 29 mars 2014.<\/p>\n<p><strong>\u00ab\u00a0\u00a0D\u2019Alphonse Daudet \u00e0 l\u2019Acad\u00e9mie Goncourt \u00bb<\/strong>, avec Pierre-Jean Dufief, Colloque Daudet et les langues (150 ans des <em>Lettres de mon moulin<\/em>), organis\u00e9 par Gabrielle Melison-Hirchwald, Universit\u00e9 de Lorraine, ATILF\/CNRS, 25 et 26 avril 2019<\/p>\n<p><strong>\u00ab Alphonse Daudet, \u00e9crivain de l\u2019Est parisien<\/strong><strong>\u00bb<\/strong>, conf\u00e9rence invit\u00e9e par Mme Aleksic, M\u00e9diath\u00e8que de Soisy-sur-Seine, Soisy, 14 septembre 2019.<\/p>\n<p><strong>\u00a0\u00ab Paris et Provence dans les <em>Lettres de mon moulin<\/em><\/strong>, <em>Lettres de mon moulin<\/em> &#8211; 150 ans d\u00e9j\u00e0, journ\u00e9e d\u2019\u00e9tude organis\u00e9e par Bernard Urbani, Universit\u00e9 d\u2019Avignon, 9 octobre 2019.<\/p>\n<p><strong>\u00ab\u00a0Daudet \u00e0 l\u2019\u00e9cran \u00bb<\/strong>, conf\u00e9rence invit\u00e9e par Andr\u00e9 Gardies (Les Amis de Bernis), Bernis, 9 novembre 2018<\/p>\n<p><strong>\u00ab\u00a0Un genre hybride\u00a0: l\u2019interview d\u2019\u00e9crivain \u00bb<\/strong>, avec Pierre-Jean Dufief, dans le cadre du s\u00e9minaire Zola dirig\u00e9 par Olivier Lumbroso et Alain Pag\u00e8s, Paris, 24 mars 2017<\/p>\n<p>&nbsp;<\/p>\n<p>&nbsp;<\/p>\n","protected":false},"excerpt":{"rendered":"<p>&nbsp; Liste de publications &nbsp; Ouvrages Actes de colloques internationaux et articles Le Petit Chose (revue de l\u2019Association des Amis d\u2019Alphonse Daudet) Compte-rendu Colloques et conf\u00e9rences sans publication &nbsp; I. \u00a0Ouvrages Gabrielle Melison-Hirchwald et Marie-Fran\u00e7oise Susini-Anastopoulos, Mythe et litt\u00e9rature, hommage \u00e0 Marie-France Rouart, Paris, L\u2019Harmattan, 2012, 194 p. Gabrielle Melison-Hirchwald et Pierre Dufief, \u00c9crire en [&hellip;]<\/p>\n","protected":false},"author":1,"featured_media":0,"parent":0,"menu_order":0,"comment_status":"closed","ping_status":"closed","template":"","meta":{"footnotes":""},"class_list":["post-17","page","type-page","status-publish","hentry"],"_links":{"self":[{"href":"https:\/\/perso.atilf.fr\/ghirchwald\/wp-json\/wp\/v2\/pages\/17","targetHints":{"allow":["GET"]}}],"collection":[{"href":"https:\/\/perso.atilf.fr\/ghirchwald\/wp-json\/wp\/v2\/pages"}],"about":[{"href":"https:\/\/perso.atilf.fr\/ghirchwald\/wp-json\/wp\/v2\/types\/page"}],"author":[{"embeddable":true,"href":"https:\/\/perso.atilf.fr\/ghirchwald\/wp-json\/wp\/v2\/users\/1"}],"replies":[{"embeddable":true,"href":"https:\/\/perso.atilf.fr\/ghirchwald\/wp-json\/wp\/v2\/comments?post=17"}],"version-history":[{"count":10,"href":"https:\/\/perso.atilf.fr\/ghirchwald\/wp-json\/wp\/v2\/pages\/17\/revisions"}],"predecessor-version":[{"id":237,"href":"https:\/\/perso.atilf.fr\/ghirchwald\/wp-json\/wp\/v2\/pages\/17\/revisions\/237"}],"wp:attachment":[{"href":"https:\/\/perso.atilf.fr\/ghirchwald\/wp-json\/wp\/v2\/media?parent=17"}],"curies":[{"name":"wp","href":"https:\/\/api.w.org\/{rel}","templated":true}]}}