{"id":23,"date":"2015-06-29T13:44:14","date_gmt":"2015-06-29T12:44:14","guid":{"rendered":"https:\/\/apps.atilf.fr\/homepages\/gmelison\/?page_id=23"},"modified":"2020-03-03T16:24:28","modified_gmt":"2020-03-03T15:24:28","slug":"cv","status":"publish","type":"page","link":"https:\/\/perso.atilf.fr\/ghirchwald\/cv\/","title":{"rendered":"CV"},"content":{"rendered":"<p><span style=\"text-decoration: underline\"><strong>T\u00e9l\u00e9chargement<\/strong><\/span><\/p>\n<p><span style=\"text-decoration: underline\"><strong>Formation<\/strong><\/span><\/p>\n<p>2016\u00a0\u00a0\u00a0\u00a0\u00a0\u00a0\u00a0\u00a0\u00a0\u00a0\u00a0\u00a0\u00a0\u00a0 Habilitation \u00e0 diriger des recherches en litt\u00e9rature fran\u00e7aise<\/p>\n<p>Universit\u00e9 d\u2019Angers, sous la direction de Mme le Professeur A.-S. Dufief<\/p>\n<p>Alphonse Daudet interview\u00e9 : enjeux g\u00e9n\u00e9riques, \u00e9ditoriaux, th\u00e9matiques et identitaires<\/p>\n<p>2005\u00a0\u00a0\u00a0\u00a0\u00a0\u00a0\u00a0\u00a0\u00a0\u00a0\u00a0\u00a0\u00a0\u00a0 Doctorat de litt\u00e9ratures compar\u00e9es<\/p>\n<p>Universit\u00e9 de Nancy 2, sous la direction du Professeur M.-F. Rouart<\/p>\n<p>Le Roman de m\u0153urs dans la seconde moiti\u00e9 du XIXe si\u00e8cle en Europe (1869-1906) : essai de d\u00e9finition d&rsquo;un genre probl\u00e9matique (Alphonse Daudet, Theodor Fontane, Armando Palacio Vald\u00e9s et Anthony Trollope)<\/p>\n<p>Tr\u00e8s honorable avec les f\u00e9licitations du jury \u00e0 l\u2019unanimit\u00e9<\/p>\n<p>1999\u00a0\u00a0\u00a0\u00a0\u00a0\u00a0\u00a0\u00a0\u00a0\u00a0\u00a0\u00a0\u00a0\u00a0 DEA de langue, texte et litt\u00e9rature, mention bien<\/p>\n<p>Universit\u00e9 de Nancy 2, m\u00e9moire sous la direction du Professeur M.-F. Rouart<\/p>\n<p>\u00c9tude sur le temps humain dans Tous les hommes sont mortels de Simone de Beauvoir<\/p>\n<p>1998\u00a0\u00a0\u00a0\u00a0\u00a0\u00a0\u00a0\u00a0\u00a0\u00a0\u00a0\u00a0\u00a0\u00a0 CAPES de lettres modernes<\/p>\n<p>Ma\u00eetrise de lettres modernes, mention tr\u00e8s bien<\/p>\n<p>Universit\u00e9 de Nancy 2, m\u00e9moire sous la direction du Professeur M.-F. Rouart<\/p>\n<p>M\u00e9moire sur L\u2019Errance et la jud\u00e9it\u00e9 dans la vie et l\u2019\u0153uvre narrative de Stefan Zweig<\/p>\n<p>1997\u00a0\u00a0\u00a0\u00a0\u00a0\u00a0\u00a0\u00a0\u00a0\u00a0\u00a0\u00a0\u00a0\u00a0 Ma\u00eetrise de droit public et europ\u00e9en et licence de lettres modernes<\/p>\n<p>Universit\u00e9 de Nancy 2<\/p>\n<p>1992\u00a0\u00a0\u00a0\u00a0\u00a0\u00a0\u00a0\u00a0\u00a0\u00a0\u00a0\u00a0\u00a0\u00a0 Baccalaur\u00e9at litt\u00e9raire (A2 lettres\/langues), mention bien<\/p>\n<p><span style=\"text-decoration: underline\"><strong>Exp\u00e9rience professionnelle<\/strong><\/span><\/p>\n<p>Depuis 2009\u00a0\u00a0\u00a0\u00a0\u00a0\u00a0\u00a0 Ma\u00eetre de conf\u00e9rences en sciences de l\u2019information et de la communication (71<sup>e<\/sup>\u00a0section), <strong><em>Universit\u00e9 de Lorraine <\/em><\/strong>Laboratoire de rattachement\u00a0: <strong><em>ATILF (Analyse et Traitement Informatis\u00e9 de la Langue Fran\u00e7aise) \/ CNRS (Nancy)<\/em><\/strong><\/p>\n<p>2008 \u2013 2009\u00a0\u00a0\u00a0\u00a0\u00a0\u00a0\u00a0\u00a0 Professeur de lettres modernes affect\u00e9 dans l\u2019enseignement sup\u00e9rieur, <strong><em>Universit\u00e9 de Franche-Comt\u00e9 <\/em><\/strong><\/p>\n<p>2006 \u2013 2008\u00a0\u00a0\u00a0\u00a0\u00a0\u00a0\u00a0\u00a0 ATER, <strong><em>Universit\u00e9 de Lorraine<\/em><\/strong><\/p>\n<p>1999 \u2013 2006\u00a0\u00a0\u00a0\u00a0\u00a0\u00a0\u00a0\u00a0 Professeur de lettres modernes \u2013 titulaire rempla\u00e7ant, <strong><em>Acad\u00e9mie de Nancy-Metz <\/em><\/strong>Exp\u00e9rience en coll\u00e8ge et lyc\u00e9e (de la 6<sup>e<\/sup> au BTS)<\/p>\n","protected":false},"excerpt":{"rendered":"<p>T\u00e9l\u00e9chargement Formation 2016\u00a0\u00a0\u00a0\u00a0\u00a0\u00a0\u00a0\u00a0\u00a0\u00a0\u00a0\u00a0\u00a0\u00a0 Habilitation \u00e0 diriger des recherches en litt\u00e9rature fran\u00e7aise Universit\u00e9 d\u2019Angers, sous la direction de Mme le Professeur A.-S. Dufief Alphonse Daudet interview\u00e9 : enjeux g\u00e9n\u00e9riques, \u00e9ditoriaux, th\u00e9matiques et identitaires 2005\u00a0\u00a0\u00a0\u00a0\u00a0\u00a0\u00a0\u00a0\u00a0\u00a0\u00a0\u00a0\u00a0\u00a0 Doctorat de litt\u00e9ratures compar\u00e9es Universit\u00e9 de Nancy 2, sous la direction du Professeur M.-F. Rouart Le Roman de m\u0153urs dans la seconde [&hellip;]<\/p>\n","protected":false},"author":1,"featured_media":0,"parent":0,"menu_order":0,"comment_status":"closed","ping_status":"closed","template":"","meta":{"footnotes":""},"class_list":["post-23","page","type-page","status-publish","hentry"],"_links":{"self":[{"href":"https:\/\/perso.atilf.fr\/ghirchwald\/wp-json\/wp\/v2\/pages\/23","targetHints":{"allow":["GET"]}}],"collection":[{"href":"https:\/\/perso.atilf.fr\/ghirchwald\/wp-json\/wp\/v2\/pages"}],"about":[{"href":"https:\/\/perso.atilf.fr\/ghirchwald\/wp-json\/wp\/v2\/types\/page"}],"author":[{"embeddable":true,"href":"https:\/\/perso.atilf.fr\/ghirchwald\/wp-json\/wp\/v2\/users\/1"}],"replies":[{"embeddable":true,"href":"https:\/\/perso.atilf.fr\/ghirchwald\/wp-json\/wp\/v2\/comments?post=23"}],"version-history":[{"count":9,"href":"https:\/\/perso.atilf.fr\/ghirchwald\/wp-json\/wp\/v2\/pages\/23\/revisions"}],"predecessor-version":[{"id":240,"href":"https:\/\/perso.atilf.fr\/ghirchwald\/wp-json\/wp\/v2\/pages\/23\/revisions\/240"}],"wp:attachment":[{"href":"https:\/\/perso.atilf.fr\/ghirchwald\/wp-json\/wp\/v2\/media?parent=23"}],"curies":[{"name":"wp","href":"https:\/\/api.w.org\/{rel}","templated":true}]}}