{"id":25,"date":"2015-06-29T13:45:00","date_gmt":"2015-06-29T12:45:00","guid":{"rendered":"https:\/\/apps.atilf.fr\/homepages\/gmelison\/?page_id=25"},"modified":"2020-03-04T09:20:31","modified_gmt":"2020-03-04T08:20:31","slug":"recherche","status":"publish","type":"page","link":"https:\/\/perso.atilf.fr\/ghirchwald\/recherche\/","title":{"rendered":"Recherche"},"content":{"rendered":"<p><strong><span style=\"text-decoration: underline;\">Axes de recherche<\/span><\/strong><\/p>\n<p>Litt\u00e9rature seconde moiti\u00e9 du XIXe si\u00e8cle.<\/p>\n<p>Alphonse Daudet<\/p>\n<p>Interviews d&rsquo;\u00e9crivains<\/p>\n<p>&nbsp;<\/p>\n","protected":false},"excerpt":{"rendered":"<p>Axes de recherche Litt\u00e9rature seconde moiti\u00e9 du XIXe si\u00e8cle. Alphonse Daudet Interviews d&rsquo;\u00e9crivains &nbsp;<\/p>\n","protected":false},"author":1,"featured_media":0,"parent":0,"menu_order":0,"comment_status":"closed","ping_status":"closed","template":"","meta":{"footnotes":""},"class_list":["post-25","page","type-page","status-publish","hentry"],"_links":{"self":[{"href":"https:\/\/perso.atilf.fr\/ghirchwald\/wp-json\/wp\/v2\/pages\/25","targetHints":{"allow":["GET"]}}],"collection":[{"href":"https:\/\/perso.atilf.fr\/ghirchwald\/wp-json\/wp\/v2\/pages"}],"about":[{"href":"https:\/\/perso.atilf.fr\/ghirchwald\/wp-json\/wp\/v2\/types\/page"}],"author":[{"embeddable":true,"href":"https:\/\/perso.atilf.fr\/ghirchwald\/wp-json\/wp\/v2\/users\/1"}],"replies":[{"embeddable":true,"href":"https:\/\/perso.atilf.fr\/ghirchwald\/wp-json\/wp\/v2\/comments?post=25"}],"version-history":[{"count":7,"href":"https:\/\/perso.atilf.fr\/ghirchwald\/wp-json\/wp\/v2\/pages\/25\/revisions"}],"predecessor-version":[{"id":253,"href":"https:\/\/perso.atilf.fr\/ghirchwald\/wp-json\/wp\/v2\/pages\/25\/revisions\/253"}],"wp:attachment":[{"href":"https:\/\/perso.atilf.fr\/ghirchwald\/wp-json\/wp\/v2\/media?parent=25"}],"curies":[{"name":"wp","href":"https:\/\/api.w.org\/{rel}","templated":true}]}}