{"id":15,"date":"2015-06-29T13:43:26","date_gmt":"2015-06-29T12:43:26","guid":{"rendered":"https:\/\/apps.atilf.fr\/homepages\/gsouvay\/?page_id=15"},"modified":"2020-11-25T10:44:32","modified_gmt":"2020-11-25T09:44:32","slug":"projets","status":"publish","type":"page","link":"https:\/\/perso.atilf.fr\/gsouvay\/projets","title":{"rendered":"Actualit\u00e9"},"content":{"rendered":"<h3 class='titre_gs'><a href=\"https:\/\/perso.atilf.fr\/gsouvay\/projetDMF\/\">DMF : <i>Dictionnaire du Moyen Fran\u00e7ais<\/i> (1330-1500)<\/a><\/p>\n<h3 class='titre_gs'><a href=\"https:\/\/perso.atilf.fr\/gsouvay\/projetFRANTEXT\/\"><b>FRANTEXT<\/b><\/a><\/h3>\n<h3 class='titre_gs'><a href=\"https:\/\/perso.atilf.fr\/gsouvay\/phraseologie\/\"><b>Recherches autour de la phras\u00e9ologie m\u00e9di\u00e9vale<\/b><\/a><\/h3>\n<h3 class='titre_gs'>Mer des Histoires<\/h3>\n<p>\u00c9dition, lemmatisation et \u00e9tiquetage incunable de 1488. ark:\/12148\/bpt6k15102040. LABEX HASTEC, \u00c9cole Nationale des Chartes<\/p>\n<h3 class='titre_gs'><a href=\"http:\/\/www.atilf.fr\/dmf\/VillonAgregation\/\" target=\"_blank\" rel=\"noopener noreferrer\">Fran\u00e7ois VILLON, <i>Lais, Testament, Po\u00e9sies diverses<\/i><\/a><\/h3>\n<h3 class='titre_gs'><a href='http:\/\/www.atilf.fr\/dmf\/VigneullesMemoires\/' target=\"_blank\" rel=\"noopener noreferrer\"><i>M\u00e9moire de Philippe de Vigneulle<\/i><\/a>, CPER Metz 1500, Universit\u00e9 de Lorraine<\/h3>\n<h3 class='titre_gs'><a href='http:\/\/www.atilf.fr\/dmf\/JournalGouberville\/' target=\"_blank\" rel=\"noopener noreferrer\"><i>Journal de Gilles de Gouberville<\/i><\/a><\/h3>\n","protected":false},"excerpt":{"rendered":"<p>DMF : Dictionnaire du Moyen Fran\u00e7ais (1330-1500) FRANTEXT Recherches autour de la phras\u00e9ologie m\u00e9di\u00e9vale Mer des Histoires \u00c9dition, lemmatisation et \u00e9tiquetage incunable de 1488. ark:\/12148\/bpt6k15102040. LABEX HASTEC, \u00c9cole Nationale des Chartes Fran\u00e7ois VILLON, Lais, Testament, Po\u00e9sies diverses M\u00e9moire de Philippe &hellip; <a href=\"https:\/\/perso.atilf.fr\/gsouvay\/projets\">Continuer la lecture <span class=\"meta-nav\">&rarr;<\/span><\/a><\/p>\n","protected":false},"author":1,"featured_media":0,"parent":0,"menu_order":0,"comment_status":"closed","ping_status":"closed","template":"","meta":{"footnotes":""},"class_list":["post-15","page","type-page","status-publish","hentry"],"_links":{"self":[{"href":"https:\/\/perso.atilf.fr\/gsouvay\/wp-json\/wp\/v2\/pages\/15","targetHints":{"allow":["GET"]}}],"collection":[{"href":"https:\/\/perso.atilf.fr\/gsouvay\/wp-json\/wp\/v2\/pages"}],"about":[{"href":"https:\/\/perso.atilf.fr\/gsouvay\/wp-json\/wp\/v2\/types\/page"}],"author":[{"embeddable":true,"href":"https:\/\/perso.atilf.fr\/gsouvay\/wp-json\/wp\/v2\/users\/1"}],"replies":[{"embeddable":true,"href":"https:\/\/perso.atilf.fr\/gsouvay\/wp-json\/wp\/v2\/comments?post=15"}],"version-history":[{"count":94,"href":"https:\/\/perso.atilf.fr\/gsouvay\/wp-json\/wp\/v2\/pages\/15\/revisions"}],"predecessor-version":[{"id":999,"href":"https:\/\/perso.atilf.fr\/gsouvay\/wp-json\/wp\/v2\/pages\/15\/revisions\/999"}],"wp:attachment":[{"href":"https:\/\/perso.atilf.fr\/gsouvay\/wp-json\/wp\/v2\/media?parent=15"}],"curies":[{"name":"wp","href":"https:\/\/api.w.org\/{rel}","templated":true}]}}