{"id":19,"date":"2015-06-29T13:43:50","date_gmt":"2015-06-29T12:43:50","guid":{"rendered":"https:\/\/apps.atilf.fr\/homepages\/gsouvay\/?page_id=19"},"modified":"2025-06-03T08:35:23","modified_gmt":"2025-06-03T07:35:23","slug":"animations","status":"publish","type":"page","link":"https:\/\/perso.atilf.fr\/gsouvay\/animations","title":{"rendered":"Vid\u00e9os"},"content":{"rendered":"<h3 class=\"titre_gs\">1989<\/h3>\n<p>Pr\u00e9sentation et d\u00e9monstration de DIAPASON, syst\u00e8me d&rsquo;int\u00e9gration de la commande vocale dans un syst\u00e8me multim\u00e9dia de commande d&rsquo;un sonar.<br \/>\n<a href=\"https:\/\/mediatheque.inria.fr\/Mediatheque\/media\/36395\" target=\"_blank\" rel=\"noopener noreferrer\">Voir la vid\u00e9o<\/a><\/p>\n<h3 class=\"titre_gs\">2012<\/h3>\n<p>Projet IMPACT BnF Demo day 10 &#8211; Gilles Souvay<br \/>\n<a href=\"https:\/\/vimeo.com\/33022514\" target=\"_blank\" rel=\"noopener noreferrer\">Voir la vid\u00e9o<\/a><\/p>\n<h3 class=\"titre_gs\">2012<\/h3>\n<p>IMPACT Workshop : 13. Textual and lexical ressources for French in IMPACT<br \/>\n<a href=\"https:\/\/vimeo.com\/22228020\" target=\"_blank\" rel=\"noopener noreferrer\">Voir la vid\u00e9o<\/a><br \/>\nEn anglais approximatif \ud83d\ude09<\/p>\n<h3 class=\"titre_gs\">Septembre 2019<\/h3>\n<p>Euskaltzaindia Donostia<br \/>\nDictionnaires informatiques. Les pratiques \u00e0 l&rsquo;ATILF.<br \/>\n<a href=\"https:\/\/www.youtube.com\/watch?v=wOfQ7Hr7iU0&amp;t=80s\">Voir la vid\u00e9o<\/a><\/p>\n","protected":false},"excerpt":{"rendered":"<p>1989 Pr\u00e9sentation et d\u00e9monstration de DIAPASON, syst\u00e8me d&rsquo;int\u00e9gration de la commande vocale dans un syst\u00e8me multim\u00e9dia de commande d&rsquo;un sonar. Voir la vid\u00e9o 2012 Projet IMPACT BnF Demo day 10 &#8211; Gilles Souvay Voir la vid\u00e9o 2012 IMPACT Workshop : &hellip; <a href=\"https:\/\/perso.atilf.fr\/gsouvay\/animations\">Continuer la lecture <span class=\"meta-nav\">&rarr;<\/span><\/a><\/p>\n","protected":false},"author":1,"featured_media":0,"parent":0,"menu_order":0,"comment_status":"closed","ping_status":"closed","template":"","meta":{"footnotes":""},"class_list":["post-19","page","type-page","status-publish","hentry"],"_links":{"self":[{"href":"https:\/\/perso.atilf.fr\/gsouvay\/wp-json\/wp\/v2\/pages\/19","targetHints":{"allow":["GET"]}}],"collection":[{"href":"https:\/\/perso.atilf.fr\/gsouvay\/wp-json\/wp\/v2\/pages"}],"about":[{"href":"https:\/\/perso.atilf.fr\/gsouvay\/wp-json\/wp\/v2\/types\/page"}],"author":[{"embeddable":true,"href":"https:\/\/perso.atilf.fr\/gsouvay\/wp-json\/wp\/v2\/users\/1"}],"replies":[{"embeddable":true,"href":"https:\/\/perso.atilf.fr\/gsouvay\/wp-json\/wp\/v2\/comments?post=19"}],"version-history":[{"count":17,"href":"https:\/\/perso.atilf.fr\/gsouvay\/wp-json\/wp\/v2\/pages\/19\/revisions"}],"predecessor-version":[{"id":1036,"href":"https:\/\/perso.atilf.fr\/gsouvay\/wp-json\/wp\/v2\/pages\/19\/revisions\/1036"}],"wp:attachment":[{"href":"https:\/\/perso.atilf.fr\/gsouvay\/wp-json\/wp\/v2\/media?parent=19"}],"curies":[{"name":"wp","href":"https:\/\/api.w.org\/{rel}","templated":true}]}}