{"id":375,"date":"2020-03-11T10:12:29","date_gmt":"2020-03-11T09:12:29","guid":{"rendered":"https:\/\/perso.atilf.fr\/gsouvay\/?page_id=375"},"modified":"2020-03-11T18:06:41","modified_gmt":"2020-03-11T17:06:41","slug":"projetfrantext","status":"publish","type":"page","link":"https:\/\/perso.atilf.fr\/gsouvay\/projetfrantext","title":{"rendered":"FRANTEXT"},"content":{"rendered":"\n<table id=\"tablepress-13\" class=\"tablepress tablepress-id-13\">\n<tbody class=\"row-striping row-hover\">\n<tr class=\"row-1\">\n\t<td class=\"column-1\" style=\"width:20%80%;\">Institution<\/td><td class=\"column-2\">ATILF, CNRS &amp; Universit\u00e9 de Lorraine<\/td>\n<\/tr>\n<tr class=\"row-2\">\n\t<td class=\"column-1\">Description<\/td><td class=\"column-2\">Base de donn\u00e9es textuelles, pr\u00e8s de 5 500 textes du 10\u00e8me si\u00e8cle \u00e0 aujourd'hui.<\/td>\n<\/tr>\n<tr class=\"row-3\">\n\t<td class=\"column-1\">Direction scientifique<\/td><td class=\"column-2\">V\u00e9ronique Montemont<\/td>\n<\/tr>\n<tr class=\"row-4\">\n\t<td class=\"column-1\">Adresse<\/td><td class=\"column-2\"><a target='_blank' href='http:\/\/www.frantext.fr\/' rel=\"noopener noreferrer\">http:\/\/www.frantext.fr\/<\/a><\/td>\n<\/tr>\n<tr class=\"row-5\">\n\t<td class=\"column-1\">Responsabilit\u00e9s<\/td><td class=\"column-2\">Depuis 2018, Frantext 2, gestion des \u00e9tats anciens du fran\u00e7ais et plus particuli\u00e8rement lemmatisation et \u00e9tiquetage de la p\u00e9riode m\u00e9di\u00e9vale<br \/>\nAvant 2018, Frantext 1, administration, mise \u00e0 jour, d\u00e9veloppements de la base<\/td>\n<\/tr>\n<\/tbody>\n<\/table>\n<!-- #tablepress-13 from cache -->\n<p>&nbsp;<\/p>\n","protected":false},"excerpt":{"rendered":"<p>&nbsp;<\/p>\n","protected":false},"author":19,"featured_media":0,"parent":0,"menu_order":0,"comment_status":"closed","ping_status":"closed","template":"","meta":{"footnotes":""},"class_list":["post-375","page","type-page","status-publish","hentry"],"_links":{"self":[{"href":"https:\/\/perso.atilf.fr\/gsouvay\/wp-json\/wp\/v2\/pages\/375","targetHints":{"allow":["GET"]}}],"collection":[{"href":"https:\/\/perso.atilf.fr\/gsouvay\/wp-json\/wp\/v2\/pages"}],"about":[{"href":"https:\/\/perso.atilf.fr\/gsouvay\/wp-json\/wp\/v2\/types\/page"}],"author":[{"embeddable":true,"href":"https:\/\/perso.atilf.fr\/gsouvay\/wp-json\/wp\/v2\/users\/19"}],"replies":[{"embeddable":true,"href":"https:\/\/perso.atilf.fr\/gsouvay\/wp-json\/wp\/v2\/comments?post=375"}],"version-history":[{"count":11,"href":"https:\/\/perso.atilf.fr\/gsouvay\/wp-json\/wp\/v2\/pages\/375\/revisions"}],"predecessor-version":[{"id":685,"href":"https:\/\/perso.atilf.fr\/gsouvay\/wp-json\/wp\/v2\/pages\/375\/revisions\/685"}],"wp:attachment":[{"href":"https:\/\/perso.atilf.fr\/gsouvay\/wp-json\/wp\/v2\/media?parent=375"}],"curies":[{"name":"wp","href":"https:\/\/api.w.org\/{rel}","templated":true}]}}