{"id":429,"date":"2020-03-11T12:06:00","date_gmt":"2020-03-11T11:06:00","guid":{"rendered":"https:\/\/perso.atilf.fr\/gsouvay\/?page_id=429"},"modified":"2020-03-11T18:16:13","modified_gmt":"2020-03-11T17:16:13","slug":"projets-lexicographiques","status":"publish","type":"page","link":"https:\/\/perso.atilf.fr\/gsouvay\/projets-lexicographiques","title":{"rendered":"Lexicographie en ligne"},"content":{"rendered":"<h3 class=\"titre_gs\"><a href='https:\/\/perso.atilf.fr\/gsouvay\/projetDMF\/'>DMF : Dictionnaire du Moyen Fran\u00e7ais (1330-1500)<\/a><\/h3>\n<h3 class=\"titre_gs\"><a href='https:\/\/perso.atilf.fr\/gsouvay\/projetDERom\/'>D\u00c9Rom : Dictionnaire \u00c9tymologique Roman<\/a><\/h3>\n<h3 class=\"titre_gs\">Dictionnaire \u00c9lectronique de Chr\u00e9tien de Troyes<\/h3>\n<h3 class=\"titre_gs\">TLF\u00c9tym<\/h3>\n<h3 class=\"titre_gs\">Base des mots fant\u00f4mes<\/h3>\n<h3 class=\"titre_gs\">Bibliographie Godefroy<\/h3>\n<h3 class=\"titre_gs\">DCV16 : dictionnaire en ligne des constructions du verbe fran\u00e7ais au 16e si\u00e8cle<\/h3>\n","protected":false},"excerpt":{"rendered":"<p>DMF : Dictionnaire du Moyen Fran\u00e7ais (1330-1500) D\u00c9Rom : Dictionnaire \u00c9tymologique Roman Dictionnaire \u00c9lectronique de Chr\u00e9tien de Troyes TLF\u00c9tym Base des mots fant\u00f4mes Bibliographie Godefroy DCV16 : dictionnaire en ligne des constructions du verbe fran\u00e7ais au 16e si\u00e8cle<\/p>\n","protected":false},"author":19,"featured_media":0,"parent":0,"menu_order":0,"comment_status":"closed","ping_status":"closed","template":"","meta":{"footnotes":""},"class_list":["post-429","page","type-page","status-publish","hentry"],"_links":{"self":[{"href":"https:\/\/perso.atilf.fr\/gsouvay\/wp-json\/wp\/v2\/pages\/429","targetHints":{"allow":["GET"]}}],"collection":[{"href":"https:\/\/perso.atilf.fr\/gsouvay\/wp-json\/wp\/v2\/pages"}],"about":[{"href":"https:\/\/perso.atilf.fr\/gsouvay\/wp-json\/wp\/v2\/types\/page"}],"author":[{"embeddable":true,"href":"https:\/\/perso.atilf.fr\/gsouvay\/wp-json\/wp\/v2\/users\/19"}],"replies":[{"embeddable":true,"href":"https:\/\/perso.atilf.fr\/gsouvay\/wp-json\/wp\/v2\/comments?post=429"}],"version-history":[{"count":6,"href":"https:\/\/perso.atilf.fr\/gsouvay\/wp-json\/wp\/v2\/pages\/429\/revisions"}],"predecessor-version":[{"id":695,"href":"https:\/\/perso.atilf.fr\/gsouvay\/wp-json\/wp\/v2\/pages\/429\/revisions\/695"}],"wp:attachment":[{"href":"https:\/\/perso.atilf.fr\/gsouvay\/wp-json\/wp\/v2\/media?parent=429"}],"curies":[{"name":"wp","href":"https:\/\/api.w.org\/{rel}","templated":true}]}}