{"id":435,"date":"2020-03-11T12:10:50","date_gmt":"2020-03-11T11:10:50","guid":{"rendered":"https:\/\/perso.atilf.fr\/gsouvay\/?page_id=435"},"modified":"2020-03-12T10:11:33","modified_gmt":"2020-03-12T09:11:33","slug":"projets-2","status":"publish","type":"page","link":"https:\/\/perso.atilf.fr\/gsouvay\/projets-2","title":{"rendered":"Projets"},"content":{"rendered":"<p>Une liste des projets dans lesquels j&rsquo;ai collabor\u00e9. Certains peuvent appara\u00eetre dans\u00a0 plusieurs rubriques<\/p>\n<ul>\n<li><a href=\"https:\/\/perso.atilf.fr\/gsouvay\/projets\/\">Actualit\u00e9<\/a>\u00a0: les projets sur lesquels je travaille plus particuli\u00e8rement en ce moment<\/li>\n<li><a href=\"https:\/\/perso.atilf.fr\/gsouvay\/lgerm\/\">LGeRM<\/a> : au c\u0153ur de mon activit\u00e9 scientifique<\/li>\n<li><a href=\"https:\/\/perso.atilf.fr\/gsouvay\/projets-lexicographiques\/\">Lexicographie en ligne<\/a> : les dictionnaires en lignes que j&rsquo;encadre<\/li>\n<li><a href=\"https:\/\/perso.atilf.fr\/gsouvay\/edition-de-textes\/\">\u00c9dition de texte<\/a> : les \u00e9ditions de textes auquelles je participe<\/li>\n<li><a href=\"https:\/\/perso.atilf.fr\/gsouvay\/recherche\/\">Projets pass\u00e9s<\/a> : projets termin\u00e9s<\/li>\n<\/ul>\n","protected":false},"excerpt":{"rendered":"<p>Une liste des projets dans lesquels j&rsquo;ai collabor\u00e9. Certains peuvent appara\u00eetre dans\u00a0 plusieurs rubriques Actualit\u00e9\u00a0: les projets sur lesquels je travaille plus particuli\u00e8rement en ce moment LGeRM : au c\u0153ur de mon activit\u00e9 scientifique Lexicographie en ligne : les dictionnaires &hellip; <a href=\"https:\/\/perso.atilf.fr\/gsouvay\/projets-2\">Continuer la lecture <span class=\"meta-nav\">&rarr;<\/span><\/a><\/p>\n","protected":false},"author":19,"featured_media":0,"parent":0,"menu_order":0,"comment_status":"closed","ping_status":"closed","template":"","meta":{"footnotes":""},"class_list":["post-435","page","type-page","status-publish","hentry"],"_links":{"self":[{"href":"https:\/\/perso.atilf.fr\/gsouvay\/wp-json\/wp\/v2\/pages\/435","targetHints":{"allow":["GET"]}}],"collection":[{"href":"https:\/\/perso.atilf.fr\/gsouvay\/wp-json\/wp\/v2\/pages"}],"about":[{"href":"https:\/\/perso.atilf.fr\/gsouvay\/wp-json\/wp\/v2\/types\/page"}],"author":[{"embeddable":true,"href":"https:\/\/perso.atilf.fr\/gsouvay\/wp-json\/wp\/v2\/users\/19"}],"replies":[{"embeddable":true,"href":"https:\/\/perso.atilf.fr\/gsouvay\/wp-json\/wp\/v2\/comments?post=435"}],"version-history":[{"count":22,"href":"https:\/\/perso.atilf.fr\/gsouvay\/wp-json\/wp\/v2\/pages\/435\/revisions"}],"predecessor-version":[{"id":715,"href":"https:\/\/perso.atilf.fr\/gsouvay\/wp-json\/wp\/v2\/pages\/435\/revisions\/715"}],"wp:attachment":[{"href":"https:\/\/perso.atilf.fr\/gsouvay\/wp-json\/wp\/v2\/media?parent=435"}],"curies":[{"name":"wp","href":"https:\/\/api.w.org\/{rel}","templated":true}]}}