{"id":449,"date":"2020-03-11T12:43:16","date_gmt":"2020-03-11T11:43:16","guid":{"rendered":"https:\/\/perso.atilf.fr\/gsouvay\/?page_id=449"},"modified":"2020-03-15T21:24:53","modified_gmt":"2020-03-15T20:24:53","slug":"edition-de-textes","status":"publish","type":"page","link":"https:\/\/perso.atilf.fr\/gsouvay\/edition-de-textes","title":{"rendered":"\u00c9dition de textes"},"content":{"rendered":"<h3 class=\"titre_gs\"><a href=\"http:\/\/www.atilf.fr\/dmf\/JournalGouberville\/\" target=\"_blank\" rel=\"noopener noreferrer\">Le journal de Gilles de Gouberville 1553-1562<\/a><\/h3>\n<h3 class=\"titre_gs\">Metz 1500 : <em>M\u00e9moires de Philippe de Vigneulles<\/em><\/h3>\n<table>\n<tbody>\n<tr>\n<td>Version en ligne des m\u00e9moires.<\/td>\n<\/tr>\n<\/tbody>\n<\/table>\n<h3 class=\"titre_gs\">Cit\u00e9 de Dieu<\/h3>\n<table>\n<tbody>\n<tr>\n<td>Aide \u00e0 la construction de glossaire d&rsquo;\u00e9dition.<\/td>\n<\/tr>\n<\/tbody>\n<\/table>\n<h3 class=\"titre_gs\">Ovide moralis\u00e9<\/h3>\n<table>\n<tbody>\n<tr>\n<td>Aide \u00e0 la construction de glossaire d&rsquo;\u00e9dition.<\/td>\n<\/tr>\n<\/tbody>\n<\/table>\n<h3 class=\"titre_gs\">Chr\u00e9tien de Troyes<\/h3>\n","protected":false},"excerpt":{"rendered":"<p>Le journal de Gilles de Gouberville 1553-1562 Metz 1500 : M\u00e9moires de Philippe de Vigneulles Version en ligne des m\u00e9moires. Cit\u00e9 de Dieu Aide \u00e0 la construction de glossaire d&rsquo;\u00e9dition. Ovide moralis\u00e9 Aide \u00e0 la construction de glossaire d&rsquo;\u00e9dition. Chr\u00e9tien &hellip; <a href=\"https:\/\/perso.atilf.fr\/gsouvay\/edition-de-textes\">Continuer la lecture <span class=\"meta-nav\">&rarr;<\/span><\/a><\/p>\n","protected":false},"author":19,"featured_media":0,"parent":0,"menu_order":0,"comment_status":"closed","ping_status":"closed","template":"","meta":{"footnotes":""},"class_list":["post-449","page","type-page","status-publish","hentry"],"_links":{"self":[{"href":"https:\/\/perso.atilf.fr\/gsouvay\/wp-json\/wp\/v2\/pages\/449","targetHints":{"allow":["GET"]}}],"collection":[{"href":"https:\/\/perso.atilf.fr\/gsouvay\/wp-json\/wp\/v2\/pages"}],"about":[{"href":"https:\/\/perso.atilf.fr\/gsouvay\/wp-json\/wp\/v2\/types\/page"}],"author":[{"embeddable":true,"href":"https:\/\/perso.atilf.fr\/gsouvay\/wp-json\/wp\/v2\/users\/19"}],"replies":[{"embeddable":true,"href":"https:\/\/perso.atilf.fr\/gsouvay\/wp-json\/wp\/v2\/comments?post=449"}],"version-history":[{"count":9,"href":"https:\/\/perso.atilf.fr\/gsouvay\/wp-json\/wp\/v2\/pages\/449\/revisions"}],"predecessor-version":[{"id":453,"href":"https:\/\/perso.atilf.fr\/gsouvay\/wp-json\/wp\/v2\/pages\/449\/revisions\/453"}],"wp:attachment":[{"href":"https:\/\/perso.atilf.fr\/gsouvay\/wp-json\/wp\/v2\/media?parent=449"}],"curies":[{"name":"wp","href":"https:\/\/api.w.org\/{rel}","templated":true}]}}