{"id":892,"date":"2020-06-10T14:48:18","date_gmt":"2020-06-10T13:48:18","guid":{"rendered":"https:\/\/perso.atilf.fr\/gsouvay\/?page_id=892"},"modified":"2020-06-10T14:55:31","modified_gmt":"2020-06-10T13:55:31","slug":"phraseologie","status":"publish","type":"page","link":"https:\/\/perso.atilf.fr\/gsouvay\/phraseologie","title":{"rendered":"Recherches autour de la phras\u00e9ologie m\u00e9di\u00e9vale"},"content":{"rendered":"\n<table id=\"tablepress-19\" class=\"tablepress tablepress-id-19\">\n<tbody class=\"row-striping row-hover\">\n<tr class=\"row-1\">\n\t<td class=\"column-1\" style=\"width:20%80%;\">Institution<\/td><td class=\"column-2\">LILIDEM, Universit\u00e9 Grenoble Alpes<\/td>\n<\/tr>\n<tr class=\"row-2\">\n\t<td class=\"column-1\">Description<\/td><td class=\"column-2\">Rep\u00e9rer et d\u2019\u00e9tudier les unit\u00e9s phras\u00e9ologiques structurant pr\u00e9cis\u00e9ment le genre romanesque m\u00e9di\u00e9val en prose.<\/td>\n<\/tr>\n<tr class=\"row-3\">\n\t<td class=\"column-1\">Direction scientifique<\/td><td class=\"column-2\">Julie Sorba<\/td>\n<\/tr>\n<tr class=\"row-4\">\n\t<td class=\"column-1\">Adresse<\/td><td class=\"column-2\"><a target='_blank' href='https:\/\/lidilem.univ-grenoble-alpes.fr\/node\/16\/axes-recherche\/phraseologie-et-genres-textuels-cas-roman-medieval' rel=\"noopener noreferrer\">https:\/\/lidilem.univ-grenoble-alpes.fr\/node\/16\/axes-recherche\/phraseologie-et-genres-textuels-cas-roman-medieval<\/a><\/td>\n<\/tr>\n<tr class=\"row-5\">\n\t<td class=\"column-1\">Responsabilit\u00e9s<\/td><td class=\"column-2\">XMLisation, lemmatisation et \u00e9tiquetage des textes sous la plate-forme LGeRM.<\/td>\n<\/tr>\n<\/tbody>\n<\/table>\n<!-- #tablepress-19 from cache -->\n<p>&nbsp;<\/p>\n","protected":false},"excerpt":{"rendered":"<p>&nbsp;<\/p>\n","protected":false},"author":19,"featured_media":0,"parent":0,"menu_order":0,"comment_status":"closed","ping_status":"closed","template":"","meta":{"footnotes":""},"class_list":["post-892","page","type-page","status-publish","hentry"],"_links":{"self":[{"href":"https:\/\/perso.atilf.fr\/gsouvay\/wp-json\/wp\/v2\/pages\/892","targetHints":{"allow":["GET"]}}],"collection":[{"href":"https:\/\/perso.atilf.fr\/gsouvay\/wp-json\/wp\/v2\/pages"}],"about":[{"href":"https:\/\/perso.atilf.fr\/gsouvay\/wp-json\/wp\/v2\/types\/page"}],"author":[{"embeddable":true,"href":"https:\/\/perso.atilf.fr\/gsouvay\/wp-json\/wp\/v2\/users\/19"}],"replies":[{"embeddable":true,"href":"https:\/\/perso.atilf.fr\/gsouvay\/wp-json\/wp\/v2\/comments?post=892"}],"version-history":[{"count":2,"href":"https:\/\/perso.atilf.fr\/gsouvay\/wp-json\/wp\/v2\/pages\/892\/revisions"}],"predecessor-version":[{"id":898,"href":"https:\/\/perso.atilf.fr\/gsouvay\/wp-json\/wp\/v2\/pages\/892\/revisions\/898"}],"wp:attachment":[{"href":"https:\/\/perso.atilf.fr\/gsouvay\/wp-json\/wp\/v2\/media?parent=892"}],"curies":[{"name":"wp","href":"https:\/\/api.w.org\/{rel}","templated":true}]}}