{"id":15,"date":"2015-06-29T13:43:26","date_gmt":"2015-06-29T12:43:26","guid":{"rendered":"https:\/\/apps.atilf.fr\/homepages\/gtoubiana\/?page_id=15"},"modified":"2020-09-28T14:21:34","modified_gmt":"2020-09-28T13:21:34","slug":"projets","status":"publish","type":"page","link":"https:\/\/perso.atilf.fr\/gtoubiana\/projets\/","title":{"rendered":"Activit\u00e9s"},"content":{"rendered":"\n<table id=\"tablepress-14\" class=\"tablepress tablepress-id-14\">\n<tbody class=\"row-striping row-hover\">\n<tr class=\"row-1\">\n\t<td class=\"column-1\">2017-Pr\u00e9sent<\/td><td class=\"column-2\"><strong style=\"text-decoration: underline\">&Eacute;quipe <a href=\"https:\/\/www.frantext.fr\/\" target=\"_blank\" rel=\"noopener noreferrer\">FRANTEXT<\/a><\/strong><br \/>\n<ul><br \/>\n \t<li>Gestion des abonnements et suivi des factures<\/li><br \/>\n \t<li>Assistance aux utilisateurs<\/li><br \/>\n \t<li>Num\u00e9risation et codage de ressources textuelles<\/li><br \/>\n \t<li>Saisie de m\u00e9tadonn\u00e9es bibliographiques<\/li><br \/>\n \t<li>Administration de la <a href=\"https:\/\/wiki.frantext.fr\/bin\/view\/Main\/\" target=\"_blank\" rel=\"noopener noreferrer\">documentation en ligne<\/a> et du <a href=\"https:\/\/blog.frantext.fr\" target=\"_blank\" rel=\"noopener noreferrer\">blog<\/a><\/li><br \/>\n \t<li>R\u00e9alisation de <a href=\"https:\/\/www.youtube.com\/playlist?reload=9&amp;list=PLwk7Iag66PRs0WMrJzqUJpLoI0vUmHYNQ\" target=\"_blank\" rel=\"noopener noreferrer\">tutoriels vid\u00e9os<\/a><\/li><br \/>\n<\/ul><\/td>\n<\/tr>\n<tr class=\"row-2\">\n\t<td class=\"column-1\">2019-Pr\u00e9sent<\/td><td class=\"column-2\"><strong style=\"text-decoration: underline\">Projet <a href=\"http:\/\/www.atilf.fr\/DERom\/\" target=\"_blank\" rel=\"noopener noreferrer\">D\u00c9Rom<\/a> (Dictionnaire \u00c9tymologique Roman)\u00a0<\/strong><br \/>\n<ul><br \/>\n \t<li>R\u00e9alisation de cartes linguistiques : <\/li><br \/>\n<ul><li><a href=\"https:\/\/www.degruyterbrill.com\/document\/isbn\/9783110710380\/html?lang=de&amp;srsltid=AfmBOooAM-dNhMUtAlAW5QgSUyuuD6WNeC7XNar5jpJRaqPahakm37Nk\">Manuel d\u2019\u00e9tymologie lexicale romane<\/a><\/li><br \/>\n<li><a href=\"https:\/\/theses.fr\/s390325\">Concurrence entre les suffixes *\/-'ur-a\/, *\/-'jon-e\/ et *\/-'or-e\/.<\/a><\/li><br \/>\n<li><a href=\"https:\/\/doi.org\/10.1515\/9783110654264\">D\u00c9Rom 3<\/a><\/li><br \/>\n<li><a href=\"https:\/\/doi.org\/10.1515\/9783110694918\">Le suffixe *\/-'ur-a\/<\/a><\/li><\/ul><br \/>\n<\/ul><\/td>\n<\/tr>\n<tr class=\"row-3\">\n\t<td class=\"column-1\">2022-2024<\/td><td class=\"column-2\"><strong style=\"text-decoration: underline\">Ambassadeur <a href=\"https:\/\/mapetiteplanete.org\/\" target=\"_blank\" rel=\"noopener noreferrer\">Ma Petite Plan\u00e8te<\/a><\/strong><br \/>\n<ul><br \/>\n<li>Automne 2024 - 13\/16602 joueurs - 172 d\u00e9fis - 526e\/1290 ligues<\/li><br \/>\n<li>Automne 2023 - 16\/16968 joueurs - 421 d\u00e9fis - 243e\/1209 ligues<br \/><br \/>(Co-pilotage de 19 ligues de l'Universit\u00e9 de Lorraine, 400 joueurs)<\/li><br \/>\n<li>Printemps 2023 - 5\/15158 joueurs - 43 d\u00e9fis - 948e\/1087 ligues<\/li><br \/>\n<li>Automne 2022 - 9\/18380 joueurs - 241 d\u00e9fis - 160e\/1269 ligues<\/li><br \/>\n<li>Printemps 2022 - 13\/9376 joueurs - 335 d\u00e9fis - 104e\/698 ligues<\/li><br \/>\n<\/ul><\/td>\n<\/tr>\n<tr class=\"row-4\">\n\t<td class=\"column-1\">2020-2021<\/td><td class=\"column-2\"><strong style=\"text-decoration: underline\"><a href=\"https:\/\/20ans.atilf.fr\/\" target=\"_blank\" rel=\"noopener noreferrer\">Les 20 ans de l'ATILF<\/a><\/strong><br \/>\n<ul><br \/>\n \t<li>R\u00e9alisation d'<a href=\"https:\/\/20ans.atilf.fr\/interviews\/\">interviews film\u00e9es<\/a> et montages vid\u00e9o pour les 20 ans de l'ATILF<\/li><br \/>\n<\/ul><\/td>\n<\/tr>\n<tr class=\"row-5\">\n\t<td class=\"column-1\">2019-2022<\/td><td class=\"column-2\"><strong style=\"text-decoration: underline\">Projet <a href=\"https:\/\/www.ortolang.fr\/\" target=\"_blank\" rel=\"noopener noreferrer\">ORTOLANG<\/a><\/strong><br \/>\n<ul><br \/>\n \t<li>Conception d'un site internet<\/li><br \/>\n<li>R\u00e9daction de la documentation<\/li><br \/>\n<li>R\u00e9alisation de vid\u00e9os p\u00e9dagogiques<\/li><br \/>\n<\/ul><\/td>\n<\/tr>\n<tr class=\"row-6\">\n\t<td class=\"column-1\">2019<\/td><td class=\"column-2\"><strong style=\"text-decoration: underline\"><a href=\"https:\/\/www.atilf.fr\/actualites\/frise-histoire-du-francais\/\" target=\"_blank\" rel=\"noopener noreferrer\">Frise historique de la langue fran\u00e7aise<\/a><\/strong><br \/>\n<ul><br \/>\n \t<li>Conception graphique de l'infographie<\/li><br \/>\n<\/ul><\/td>\n<\/tr>\n<\/tbody>\n<\/table>\n<!-- #tablepress-14 from cache -->\n","protected":false},"excerpt":{"rendered":"","protected":false},"author":1,"featured_media":0,"parent":0,"menu_order":0,"comment_status":"closed","ping_status":"closed","template":"","meta":{"footnotes":""},"class_list":["post-15","page","type-page","status-publish","hentry"],"_links":{"self":[{"href":"https:\/\/perso.atilf.fr\/gtoubiana\/wp-json\/wp\/v2\/pages\/15","targetHints":{"allow":["GET"]}}],"collection":[{"href":"https:\/\/perso.atilf.fr\/gtoubiana\/wp-json\/wp\/v2\/pages"}],"about":[{"href":"https:\/\/perso.atilf.fr\/gtoubiana\/wp-json\/wp\/v2\/types\/page"}],"author":[{"embeddable":true,"href":"https:\/\/perso.atilf.fr\/gtoubiana\/wp-json\/wp\/v2\/users\/1"}],"replies":[{"embeddable":true,"href":"https:\/\/perso.atilf.fr\/gtoubiana\/wp-json\/wp\/v2\/comments?post=15"}],"version-history":[{"count":15,"href":"https:\/\/perso.atilf.fr\/gtoubiana\/wp-json\/wp\/v2\/pages\/15\/revisions"}],"predecessor-version":[{"id":282,"href":"https:\/\/perso.atilf.fr\/gtoubiana\/wp-json\/wp\/v2\/pages\/15\/revisions\/282"}],"wp:attachment":[{"href":"https:\/\/perso.atilf.fr\/gtoubiana\/wp-json\/wp\/v2\/media?parent=15"}],"curies":[{"name":"wp","href":"https:\/\/api.w.org\/{rel}","templated":true}]}}