{"id":23,"date":"2015-06-29T13:44:14","date_gmt":"2015-06-29T12:44:14","guid":{"rendered":"https:\/\/apps.atilf.fr\/homepages\/gtoubiana\/?page_id=23"},"modified":"2024-02-26T10:48:10","modified_gmt":"2024-02-26T09:48:10","slug":"cv","status":"publish","type":"page","link":"https:\/\/perso.atilf.fr\/gtoubiana\/cv\/","title":{"rendered":"CV"},"content":{"rendered":"<h3>Exp\u00e9rience professionnelle <small>(de la plus r\u00e9cente \u00e0 la plus ancienne)<\/Small><\/h3>\n<ul>\n<li><strong>2017-Pr\u00e9sent<\/strong> Charg\u00e9 de production, traitement et analyse de donn\u00e9es\n<ul>\n<li><em>ATILF &#8211; Analyse et Traitement Informatique de la Langue Fran\u00e7aise &#8211; UMR 7118<br \/>\n    44, avenue de la Lib\u00e9ration B.P. 30687 54063 NANCY CEDEX<\/em><\/li>\n<\/ul>\n<\/li>\n<li><strong>2006-2017<\/strong> Charg\u00e9 de fabrication, d\u2019\u00e9dition et de graphisme\n<ul>\n<li><em>ENSG &#8211; \u00c9cole Nationale Sup\u00e9rieure de G\u00e9ologie<br \/>\n    2 Rue du Doyen Marcel Roubault 54505 VAND\u0152UVRE-LES-NANCY CEDEX<\/em><\/li>\n<\/ul>\n<\/li>\n<li><strong>2002-2006<\/strong> Chef de projet \u00e9ditorial\n<ul>\n<li><em>SARL INITIALES &#8211; Packaging \u00e9ditorial<br \/>\n    49, rue de Chio 34000 MONTPELLIER<\/em><\/li>\n<\/ul>\n<\/li>\n<li><strong>1998-2002<\/strong> Co-fondateur et g\u00e9rant associ\u00e9\n<ul>\n<li><em>SARL Caract\u00e8res libres &#8211; Edition, graphisme, webdesign, publicit\u00e9<br \/>\n    72, quai des Carri\u00e8res 94220 CHARENTON LE PONT<\/em><\/li>\n<\/ul>\n<\/li>\n<li><strong>1996-1998<\/strong> Maquettiste d\u2019\u00e9dition\n<ul>\n<li><em>PUPS &#8211; Presses de l\u2019Universit\u00e9 de Paris IV-Sorbonne<br \/>\n    18, rue de la Sorbonne 75230 PARIS 05<\/em><\/li>\n<\/ul>\n<\/li>\n<\/ul>\n<h3>Dipl\u00f4mes\/Titres\/Certificats <small>(du plus r\u00e9cent au plus ancien)<\/Small><\/h3>\n<ul>\n<li><strong>1997<\/strong> Maitrise d\u2019\u00e9tudes cin\u00e9matographiques et audio visuelles\n<ul>\n<li><em>Universit\u00e9 Paul Val\u00e9ry, Montpellier (34)<\/em><\/li>\n<\/ul>\n<\/li>\n<\/ul>\n","protected":false},"excerpt":{"rendered":"<p>Exp\u00e9rience professionnelle (de la plus r\u00e9cente \u00e0 la plus ancienne) 2017-Pr\u00e9sent Charg\u00e9 de production, traitement et analyse de donn\u00e9es ATILF &#8211; Analyse et Traitement Informatique de la Langue Fran\u00e7aise &#8211; UMR 7118 44, avenue de la Lib\u00e9ration B.P. 30687 54063 NANCY CEDEX 2006-2017 Charg\u00e9 de fabrication, d\u2019\u00e9dition et de graphisme ENSG &#8211; \u00c9cole Nationale Sup\u00e9rieure [&hellip;]<\/p>\n","protected":false},"author":1,"featured_media":0,"parent":0,"menu_order":0,"comment_status":"closed","ping_status":"closed","template":"","meta":{"footnotes":""},"class_list":["post-23","page","type-page","status-publish","hentry"],"_links":{"self":[{"href":"https:\/\/perso.atilf.fr\/gtoubiana\/wp-json\/wp\/v2\/pages\/23","targetHints":{"allow":["GET"]}}],"collection":[{"href":"https:\/\/perso.atilf.fr\/gtoubiana\/wp-json\/wp\/v2\/pages"}],"about":[{"href":"https:\/\/perso.atilf.fr\/gtoubiana\/wp-json\/wp\/v2\/types\/page"}],"author":[{"embeddable":true,"href":"https:\/\/perso.atilf.fr\/gtoubiana\/wp-json\/wp\/v2\/users\/1"}],"replies":[{"embeddable":true,"href":"https:\/\/perso.atilf.fr\/gtoubiana\/wp-json\/wp\/v2\/comments?post=23"}],"version-history":[{"count":23,"href":"https:\/\/perso.atilf.fr\/gtoubiana\/wp-json\/wp\/v2\/pages\/23\/revisions"}],"predecessor-version":[{"id":752,"href":"https:\/\/perso.atilf.fr\/gtoubiana\/wp-json\/wp\/v2\/pages\/23\/revisions\/752"}],"wp:attachment":[{"href":"https:\/\/perso.atilf.fr\/gtoubiana\/wp-json\/wp\/v2\/media?parent=23"}],"curies":[{"name":"wp","href":"https:\/\/api.w.org\/{rel}","templated":true}]}}