{"id":592,"date":"2023-01-11T11:24:12","date_gmt":"2023-01-11T10:24:12","guid":{"rendered":"https:\/\/perso.atilf.fr\/gtoubiana\/?page_id=592"},"modified":"2025-11-20T09:27:28","modified_gmt":"2025-11-20T08:27:28","slug":"projets-2","status":"publish","type":"page","link":"https:\/\/perso.atilf.fr\/gtoubiana\/projets-2\/","title":{"rendered":"Projets"},"content":{"rendered":"<p><strong style=\"text-decoration: underline\">Depuis 2019 : Groupe de Recherche Dictionnaire \u00c9tymologique Roman<\/strong><\/p>\n<ul>\n<li><strong>Responsables :<\/strong> \u00c9va Buchi (ATILF) et Wolfgang Schweickard (universit\u00e9 de la Sarre)<\/li>\n<li><strong>Page d\u00e9di\u00e9e :<\/strong> <a href=\"https:\/\/www.atilf.fr\/ressources\/derom\/\" target=\"_blank\" rel=\"noopener\">Dictionnaire \u00c9tymologique Roman<\/a><\/li>\n<li><strong>Membres ATILF :<\/strong> \u00c9va Buchi (codirectrice), Jean-Paul Chauveau (r\u00e9vision galloromane et r\u00e9flexion th\u00e9orique), Victoria Costa (bibliographie), Xavier Gouvert (r\u00e9daction et r\u00e9flexion th\u00e9orique), Yan Greub (r\u00e9daction et r\u00e9flexion th\u00e9orique), Lamprini Kakava (r\u00e9daction d&rsquo;articles consacr\u00e9s \u00e0 des emprunts du protoroman au grec), Jessika Cardinali (feuille de style bibliographie De Gruyter), Gilles Souvay (encadrement informatique), Gilles Toubiana (cartographie)<\/li>\n<li><strong>Mots-cl\u00e9s :<\/strong> d\u00e9bat paradigmatique, \u00e9tymologie, langues romanes, lexicographie, m\u00e9thodologie, reconstruction comparative, rel\u00e8ve<\/li>\n<li><strong>Axes :<\/strong> LEX, DIA<\/li>\n<li><strong>Description :<\/strong> Le Dictionnaire \u00c9tymologique Roman (D\u00c9Rom, cf. http:\/\/www.atilf.fr\/DERom) a \u00e9t\u00e9 lanc\u00e9 en 2008 dans le but de remplacer \u00e0 terme le <em>Romanisches Etymologisches W\u00f6rterbuch<\/em> (REW) de Meyer-Lu\u0308bke (1935). Outre son statut d&rsquo;ouvrage de r\u00e9f\u00e9rence, la principale caract\u00e9ristique du D\u00c9Rom r\u00e9side dans sa m\u00e9thodologie, la reconstruction comparative : une approche novatrice en linguistique romane &#8211; quoique tout \u00e0 fait commune dans les pratiques \u00e9tymologiques des autres familles de langues &#8211; et tr\u00e8s controvers\u00e9e, qui a donn\u00e9 lieu \u00e0 un v\u00e9ritable d\u00e9bat paradigmatique au sein de la communaut\u00e9 scientifique. En outre, le D\u00c9Rom se donne comme mission de former la prochaine g\u00e9n\u00e9ration de romanistes \u00e9tymologistes.Issu d&rsquo;une \u00e9quipe originellement franco-allemande (suite de deux projets ANR\/DFG), le projet a b\u00e9n\u00e9fici\u00e9 d&rsquo;un mouvement d&rsquo;adh\u00e9sion assez important et r\u00e9unit actuellement une cinquantaine de contributeurs, en majorit\u00e9 europ\u00e9ens (cf. http:\/\/www.atilf.fr\/DERom, \u00ab \u00c9quipe \u00bb). Les partenaires de l&rsquo; ATILF les plus actifs sont l&rsquo;universit\u00e9 de la Sarre (partenaire principal), l&rsquo;Acad\u00e9mie roumaine, le Centre de linguistique appliqu\u00e9e Agnul Pitane et les universit\u00e9s de Barcelone, de Bolzano, de Hambourg, de Louvain, du Michigan, d&rsquo;Oviedo, de Pise et de Wake Forest.Les objectifs 2022-2028 comprennent la publication du D\u00c9Rom 4 et du D\u00c9Rom 5, la poursuite de la r\u00e9flexion th\u00e9orique, dont il sera rendu compte dans des publications en revue et lors de colloques et conf\u00e9rences, et l&rsquo;organisation d&rsquo;une troisi\u00e8me \u00e9cole d&rsquo;\u00e9t\u00e9 en \u00e9tymologie romane.<\/li>\n<\/ul>\n<p><strong style=\"text-decoration: underline\">2022-2025 : Groupe de Travail D\u00e9veloppement Durable et Transition \u00c9cologique<\/strong><\/p>\n<ul>\n<li><strong>Responsables :<\/strong> Veronika Lux-Pogodalla (ATILF), Gilles Toubiana (ATILF)<\/li>\n<li><strong>Page d\u00e9di\u00e9e : <\/strong> <a href=\"https:\/\/intranet.atilf.fr\/missions\/developpement-durable\/\" target=\"_blank\" rel=\"noopener\">Charg\u00e9.e.s de mission D\u00e9veloppement durable (intranet)<\/a><\/li>\n<li><strong>Mots-cl\u00e9s :<\/strong> d\u00e9veloppement durable, transition \u00e9cologique, sobri\u00e9t\u00e9 \u00e9nerg\u00e9tique<\/li>\n<li><strong>Description : <\/strong>Au-del\u00e0 des aspects scientifiques, l&rsquo;ATILF se veut \u00eatre une unit\u00e9 citoyenne dans sa vie quotidienne, en particulier, en inscrivant ses comportements quotidiens dans les Objectifs de D\u00e9veloppement Durable (ODD) de l&rsquo;ONU. Pour r\u00e9pondre \u00e0 ces objectifs, un groupe de travail d\u00e9veloppement durable a \u00e9t\u00e9 mis en place.<br \/>\nL&rsquo;objectif g\u00e9n\u00e9ral des deux correspondants est d&rsquo;une part d&rsquo;informer les membres de l&rsquo;ATILF des initiatives prises par leurs tutelles, d&rsquo;autre part d&rsquo;encourager, de soutenir et de structurer les initiatives prises par les membres du laboratoire.<br \/>\nNous nous inscrivons \u00e9galement dans la d\u00e9marche nationale de sobri\u00e9t\u00e9 \u00e9nerg\u00e9tique, suite \u00e0 la crise mondiale autour des \u00e9nergies fossiles, en respectant le cadrage de nos tutelles sur le sujet, dans la mesure du possible et du raisonnable.<\/li>\n<li><strong>Th\u00e9matiques abord\u00e9es : <\/strong>\u00a0<a href=\"https:\/\/intranet.atilf.fr\/missions\/developpement-durable\/historique-du-groupe-de-travail\/\" target=\"_blank\" rel=\"noopener\">Archives du groupe de travail (intranet)<\/a><\/li>\n<\/ul>\n","protected":false},"excerpt":{"rendered":"<p>Depuis 2019 : Groupe de Recherche Dictionnaire \u00c9tymologique Roman Responsables : \u00c9va Buchi (ATILF) et Wolfgang Schweickard (universit\u00e9 de la Sarre) Page d\u00e9di\u00e9e : Dictionnaire \u00c9tymologique Roman Membres ATILF : \u00c9va Buchi (codirectrice), Jean-Paul Chauveau (r\u00e9vision galloromane et r\u00e9flexion th\u00e9orique), Victoria Costa (bibliographie), Xavier Gouvert (r\u00e9daction et r\u00e9flexion th\u00e9orique), Yan Greub (r\u00e9daction et r\u00e9flexion th\u00e9orique), [&hellip;]<\/p>\n","protected":false},"author":82,"featured_media":0,"parent":0,"menu_order":0,"comment_status":"closed","ping_status":"closed","template":"","meta":{"footnotes":""},"class_list":["post-592","page","type-page","status-publish","hentry"],"_links":{"self":[{"href":"https:\/\/perso.atilf.fr\/gtoubiana\/wp-json\/wp\/v2\/pages\/592","targetHints":{"allow":["GET"]}}],"collection":[{"href":"https:\/\/perso.atilf.fr\/gtoubiana\/wp-json\/wp\/v2\/pages"}],"about":[{"href":"https:\/\/perso.atilf.fr\/gtoubiana\/wp-json\/wp\/v2\/types\/page"}],"author":[{"embeddable":true,"href":"https:\/\/perso.atilf.fr\/gtoubiana\/wp-json\/wp\/v2\/users\/82"}],"replies":[{"embeddable":true,"href":"https:\/\/perso.atilf.fr\/gtoubiana\/wp-json\/wp\/v2\/comments?post=592"}],"version-history":[{"count":27,"href":"https:\/\/perso.atilf.fr\/gtoubiana\/wp-json\/wp\/v2\/pages\/592\/revisions"}],"predecessor-version":[{"id":819,"href":"https:\/\/perso.atilf.fr\/gtoubiana\/wp-json\/wp\/v2\/pages\/592\/revisions\/819"}],"wp:attachment":[{"href":"https:\/\/perso.atilf.fr\/gtoubiana\/wp-json\/wp\/v2\/media?parent=592"}],"curies":[{"name":"wp","href":"https:\/\/api.w.org\/{rel}","templated":true}]}}