{"id":645,"date":"2023-06-16T07:54:10","date_gmt":"2023-06-16T06:54:10","guid":{"rendered":"https:\/\/perso.atilf.fr\/gtoubiana\/?page_id=645"},"modified":"2026-03-31T09:14:22","modified_gmt":"2026-03-31T08:14:22","slug":"formation-continue","status":"publish","type":"page","link":"https:\/\/perso.atilf.fr\/gtoubiana\/formation-continue\/","title":{"rendered":"Formation continue"},"content":{"rendered":"<h3>Production et traitement de donn\u00e9es<\/h3>\n<ul>\n<li><strong>01\/2024<\/strong> <a href=\"https:\/\/sygefor.reseau-urfist.fr\/#\/training\/10149\/\" target=\"_blank\" rel=\"noopener\">Initiation \u00e0 la statistique<\/a>, 3 heures, R\u00e9seau URFIST, Urfist Bordeaux<\/li>\n<li><strong>06\/2023<\/strong> Introduction au langage R : <a href=\"https:\/\/sygefor.reseau-urfist.fr\/#\/training\/9122\/11787\" target=\"_blank\" rel=\"noopener\">Traiter et analyser les donn\u00e9es avec R<\/a>, 6 heures, R\u00e9seau URFIST, Urfist Occitanie<\/li>\n<li><strong>12\/2021<\/strong> S\u2019initier \u00e0 la Data Science et \u00e0 ses enjeux : <a href=\"https:\/\/www.fun-mooc.fr\/fr\/cours\/sinitier-la-data-science-et-ses-enjeux\/\" target=\"_blank\" rel=\"noopener\">Exploiter des donn\u00e9es<\/a>, 15 heures (6 semaines), MOOC, CY Cergy Paris Universit\u00e9, session 1<\/li>\n<li><strong>09\/2021<\/strong> LaTeX et BibTeX : R\u00e9diger une publication, 2 heures, ATILF (UMR 7118), CNRS, Nancy<\/li>\n<li><strong>06\/2019<\/strong> Introduction \u00e0 la linguistique de corpus : <a href=\"https:\/\/www.fun-mooc.fr\/fr\/cours\/introduction-a-la-linguistique-de-corpus\/\" target=\"_blank\" rel=\"noopener\">Exploiter un corpus<\/a>, 24 heures (6 semaines), MOOC, Universit\u00e9 Grenoble Alpes, session 1<\/li>\n<li><strong>12\/2018<\/strong> XPath et XSL : Transformer des donn\u00e9es XML, 12 heures (2 jours), INIST, CNRS, Vand\u0153uvre-l\u00e8s-Nancy<\/li>\n<li><strong>11\/2018<\/strong> XML et ses mod\u00e8les : Structurer des donn\u00e9es, 12 heures (2 jours), INIST, CNRS, Vand\u0153uvre-l\u00e8s-Nancy<\/li>\n<\/ul>\n<h3>Enseignement<\/h3>\n<ul>\n<li><strong>03\/2026 <\/strong>Techniques d&rsquo;animation de groupe, 12 heures, Univ. Lorraine P\u00f4le formation continue des personnels, Nancy<\/li>\n<\/ul>\n<h3>Transition \u00e9cologique et solidaire<\/h3>\n<ul>\n<li><strong>05\/2025<\/strong> Formation \u00e0 l&rsquo;animation de l&rsquo;atelier <a href=\"https:\/\/www.fresquedelabiodiversite.org\/\" target=\"_blank\" rel=\"noopener\">Fresque de la Biodiversit\u00e9<\/a>, 3 heures, La Fresque de la Biodiversit\u00e9, Univ. Lorraine, Nancy<\/li>\n<li><strong>10\/2024<\/strong> Formation \u00e0 l&rsquo;animation de l&rsquo;atelier <a href=\"https:\/\/materre.osug.fr\/\" target=\"_blank\" rel=\"noopener\">Ma Terre en 180 minutes<\/a>, 3 heures, en ligne<\/li>\n<li><strong>10\/2024 <\/strong><a href=\"https:\/\/materre.osug.fr\/\" target=\"_blank\" rel=\"noopener\">Ma Terre en 180 minutes<\/a>, 3 heures, en ligne<\/li>\n<li><strong>06\/2024<\/strong> Formation \u00e0 l&rsquo;animation de l&rsquo;atelier <a href=\"https:\/\/www.nosviesbascarbone.org\/\" target=\"_blank\" rel=\"noopener\">Nos Vies Bas Carbone<\/a>, 3 heures, Nos Vies Bas Carbone, en ligne<\/li>\n<li><strong>06\/2024<\/strong> <a href=\"https:\/\/www.nosviesbascarbone.org\/\" target=\"_blank\" rel=\"noopener\">Nos Vies Bas Carbone<\/a>, 2 heures, en ligne<\/li>\n<li><strong>02\/2024<\/strong> <a href=\"https:\/\/www.fresquedelabiodiversite.org\/\" target=\"_blank\" rel=\"noopener\">La Fresque de la Biodiversit\u00e9<\/a>, 3 heures, D\u00e9l\u00e9gation Responsabilit\u00e9 Soci\u00e9tale et Environnementale, Universit\u00e9 de Lorraine<\/li>\n<li><strong>02\/2024<\/strong> Formation \u00e0 l&rsquo;animation de l&rsquo;atelier <a href=\"https:\/\/www.fresquedunumerique.org\/\" target=\"_blank\" rel=\"noopener\">Fresque du Num\u00e9rique<\/a>, 3 heures, La Fresque du Num\u00e9rique, Univ. Lorraine, Nancy<\/li>\n<li><strong>02\/2024<\/strong> <a href=\"https:\/\/www.mooc-biodiversite.com\/\" target=\"_blank\" rel=\"noopener\">MOOC Biodiversit\u00e9<\/a>, 5 heures, MOOC, ENGAGE, <a href=\"https:\/\/www.mooc-biodiversite.com\/certificates\/4e283a829f034db6afdac97ea22cee10\" target=\"_blank\" rel=\"noopener\">badge de r\u00e9ussite<\/a><\/li>\n<li><strong>02\/2024<\/strong> Sauveteur secouriste du travail, 16 heures, Univ. Lorraine, Vand\u0153uvre-l\u00e8s-Nancy<\/li>\n<li><strong>02\/2024<\/strong> <a href=\"https:\/\/www.fresquedunumerique.org\/\" target=\"_blank\" rel=\"noopener\">La Fresque du Num\u00e9rique<\/a>, 3 heures, en ligne<\/li>\n<li><strong>11\/2023<\/strong> Formation \u00e0 l&rsquo;animation de l&rsquo;atelier <a href=\"https:\/\/fresqueduclimat.org\/\" target=\"_blank\" rel=\"noopener\">Fresque du Climat<\/a>, 3 heures, La Fresque du Climat, Univ. Lorraine, Nancy<\/li>\n<li><strong>11\/2023<\/strong> Transition \u00e9cologique : Comprendre les freins au changement, 7 heures, KEPOS, Univ. Lorraine, Nancy<\/li>\n<li><strong>10\/2023<\/strong> Transition \u00e9cologique : Comprendre les enjeux climatiques et passer \u00e0 l\u2019action, 7 heures, KEPOS, Univ. Lorraine, Nancy<\/li>\n<li><strong>06\/2023<\/strong> B.A.-BA du climat et de la biodiversit\u00e9, 7 heures, MOOC, CNED, session 1, <a href=\"https:\/\/openbadgepassport.com\/app\/badge\/info\/687383\" target=\"_blank\" rel=\"noopener\">badge de r\u00e9ussite<\/a><\/li>\n<li><strong>03\/2023<\/strong> <a href=\"https:\/\/fresqueduclimat.org\/\" target=\"_blank\" rel=\"noopener\">La Fresque du Climat<\/a>, 3 heures, D\u00e9l\u00e9gation Responsabilit\u00e9 Soci\u00e9tale et Environnementale, Universit\u00e9 de Lorraine<\/li>\n<li><strong>02\/2023<\/strong> <a href=\"https:\/\/www.fun-mooc.fr\/fr\/cours\/impacts-environnementaux-du-numerique\/\" target=\"_blank\" rel=\"noopener\">Impacts Environnementaux du num\u00e9rique<\/a>, 5 heures, MOOC, Inria Learning Lab, session 1, <a href=\"https:\/\/openbadgepassport.com\/app\/badge\/info\/530991\" target=\"_blank\" rel=\"noopener\">badge de r\u00e9ussite<\/a><\/li>\n<li><strong>06\/2022<\/strong> Conf\u00e9rence interactive <a href=\"https:\/\/www.myco2.fr\/particuliers\" target=\"_blank\" rel=\"noopener\">myCO2<\/a><\/li>\n<li><strong>12\/2019<\/strong> Z\u00e9ro D\u00e9chet : <a href=\"https:\/\/colibris-universite.org\/formation\/mooc-zero-dechet\" target=\"_blank\" rel=\"noopener\">R\u00e9duire ses d\u00e9chets<\/a>, 10 heures, MOOC, Univ. Des Colibris et Zero Waste France, session 1<\/li>\n<li><strong>12\/2018<\/strong> Conception en permaculture : <a href=\"https:\/\/colibris-universite.org\/formation\/mooc-conception-en-permaculture-2\" target=\"_blank\" rel=\"noopener\">\u00c9thique, principes et design<\/a>, 10 heures, MOOC, Univ. Des Colibris, session 1<\/li>\n<\/ul>\n<h3>Gestion et Pilotage<\/h3>\n<ul>\n<li><strong>03\/2015<\/strong> Gestion de crise : <a href=\"https:\/\/www.fun-mooc.fr\/fr\/cours\/gestion-de-crise\/\" target=\"_blank\" rel=\"noopener\">Appr\u00e9hender une situation de crise<\/a>, 12 heures, MOOC, Univ. Panth\u00e9on-Assas, Paris II, session 1<\/li>\n<li><strong>11\/2014<\/strong> ABC de la gestion de projet : <a href=\"https:\/\/gestiondeprojet.pm\/\" target=\"_blank\" rel=\"noopener\">G\u00e9rer un projet<\/a>, 18 heures, MOOC, \u00c9cole centrale de Lille, session 4<\/li>\n<li><strong>03\/2010<\/strong> Conduite de Projet : Concevoir un r\u00e9seau PERT et un diagramme de Gantt, 14 heures, CRAQ PRES Univ. Lorraine, Nancy<\/li>\n<\/ul>\n<h3>Graphisme, \u00c9dition et Communication<\/h3>\n<ul>\n<li><strong>06\/2013<\/strong> Phraseanet : G\u00e9rer des m\u00e9dias num\u00e9riques, 14 heures, Universit\u00e9 de Lorraine, Nancy<\/li>\n<li><strong>04\/2011<\/strong> Expertise CSS et Web Mobile : Concevoir un site internet mobile, 28 heures, Alsacr\u00e9ations, Strasbourg<\/li>\n<li><strong>02\/2011<\/strong> Drupal pour int\u00e9grateurs et webdesigners : Concevoir un site internet, 18 heures, Felisite \/ Drupal France, Lille<\/li>\n<li><strong>06\/2009<\/strong> \u00c9cole d\u2019\u00e9t\u00e9 du CMS TYPO3 : Concevoir un site internet, 35 heures, Polytech\u2019Savoie, Annecy<\/li>\n<\/ul>\n","protected":false},"excerpt":{"rendered":"<p>Production et traitement de donn\u00e9es 01\/2024 Initiation \u00e0 la statistique, 3 heures, R\u00e9seau URFIST, Urfist Bordeaux 06\/2023 Introduction au langage R : Traiter et analyser les donn\u00e9es avec R, 6 heures, R\u00e9seau URFIST, Urfist Occitanie 12\/2021 S\u2019initier \u00e0 la Data Science et \u00e0 ses enjeux : Exploiter des donn\u00e9es, 15 heures (6 semaines), MOOC, CY [&hellip;]<\/p>\n","protected":false},"author":82,"featured_media":0,"parent":0,"menu_order":0,"comment_status":"closed","ping_status":"closed","template":"","meta":{"footnotes":""},"class_list":["post-645","page","type-page","status-publish","hentry"],"_links":{"self":[{"href":"https:\/\/perso.atilf.fr\/gtoubiana\/wp-json\/wp\/v2\/pages\/645","targetHints":{"allow":["GET"]}}],"collection":[{"href":"https:\/\/perso.atilf.fr\/gtoubiana\/wp-json\/wp\/v2\/pages"}],"about":[{"href":"https:\/\/perso.atilf.fr\/gtoubiana\/wp-json\/wp\/v2\/types\/page"}],"author":[{"embeddable":true,"href":"https:\/\/perso.atilf.fr\/gtoubiana\/wp-json\/wp\/v2\/users\/82"}],"replies":[{"embeddable":true,"href":"https:\/\/perso.atilf.fr\/gtoubiana\/wp-json\/wp\/v2\/comments?post=645"}],"version-history":[{"count":40,"href":"https:\/\/perso.atilf.fr\/gtoubiana\/wp-json\/wp\/v2\/pages\/645\/revisions"}],"predecessor-version":[{"id":835,"href":"https:\/\/perso.atilf.fr\/gtoubiana\/wp-json\/wp\/v2\/pages\/645\/revisions\/835"}],"wp:attachment":[{"href":"https:\/\/perso.atilf.fr\/gtoubiana\/wp-json\/wp\/v2\/media?parent=645"}],"curies":[{"name":"wp","href":"https:\/\/api.w.org\/{rel}","templated":true}]}}