{"id":13,"date":"2015-06-29T13:43:15","date_gmt":"2015-06-29T12:43:15","guid":{"rendered":"https:\/\/apps.atilf.fr\/homepages\/hadami\/?page_id=13"},"modified":"2023-11-15T18:08:42","modified_gmt":"2023-11-15T17:08:42","slug":"enseignement","status":"publish","type":"page","link":"https:\/\/perso.atilf.fr\/hadami\/enseignement\/","title":{"rendered":"Enseignement"},"content":{"rendered":"<h4 style=\"text-align: justify\"><a href=\"https:\/\/formations.univ-lorraine.fr\/fr\/licence\/1546-licence-sciences-du-langage.html\">Licence Sciences du Langage &#8211; UFR SHS Nancy<\/a><\/h4>\n<ul>\n<li>\n<h6>Introduction \u00e0 la sociolinguistique (L1)<\/h6>\n<\/li>\n<li>\n<h6>Les langues du monde (L1)<\/h6>\n<\/li>\n<li>\n<h6>Evolution des langues et du langage (L1 mineure)<\/h6>\n<\/li>\n<li>\n<h6>Sociolinguistique (L2)<\/h6>\n<\/li>\n<li>\n<h6>Anthropologie linguistique (L3)<\/h6>\n<\/li>\n<li>\n<h6>Langues et soci\u00e9t\u00e9s (L3 parcours didactique)<\/h6>\n<\/li>\n<\/ul>\n<p>&nbsp;<\/p>\n<h4><a href=\"https:\/\/formations.univ-lorraine.fr\/fr\/master\/2673-master-didactique-des-langues.html\">Master Fran\u00e7ais Langue Etrang\u00e8re<\/a><\/h4>\n<ul>\n<li>\n<h6>Anthropologie des pratiques langagi\u00e8res (M1)<\/h6>\n<\/li>\n<li>\n<h6>Enseigner \u00e0 des adultes migrants (M1)<\/h6>\n<\/li>\n<li>\n<h6>M\u00e9thodologie en Fran\u00e7ais Langue d\u2019Int\u00e9gration (M2)<\/h6>\n<\/li>\n<li>\n<h6>M\u00e9thodologie en Fran\u00e7ais Langue Professionnelle (M2)<\/h6>\n<\/li>\n<li>\n<h6>M\u00e9thodologie en alphab\u00e9tisation (M2)<\/h6>\n<\/li>\n<\/ul>\n<h6><\/h6>\n<p>&nbsp;<\/p>\n<h4><a href=\"https:\/\/formations.univ-lorraine.fr\/fr\/diplome-d-universite-du-diplome-inter-universitaire-diu\/2021-diplome-universitaire-fli-francais-langue-d-integration-a-distance.html\">Dipl\u00f4me d\u2019Universit\u00e9 Fran\u00e7ais Langue d\u2019Int\u00e9gration et d\u2019Insertion (D.U. FL2I) &#8211; \u00e0 distance<\/a><\/h4>\n<ul>\n<li>\n<h6>Le Fran\u00e7ais Langue d\u2019Int\u00e9gration : dispositifs et enseignement<\/h6>\n<\/li>\n<li>\n<h6>L\u2019entr\u00e9e en litt\u00e9ratie pour les apprenants en ins\u00e9curit\u00e9 \u00e0 l\u2019\u00e9crit<\/h6>\n<\/li>\n<\/ul>\n","protected":false},"excerpt":{"rendered":"<p>Licence Sciences du Langage &#8211; UFR SHS Nancy Introduction \u00e0 la sociolinguistique (L1) Les langues du monde (L1) Evolution des langues et du langage (L1 mineure) Sociolinguistique (L2) Anthropologie linguistique (L3) Langues et soci\u00e9t\u00e9s (L3 parcours didactique) &nbsp; Master Fran\u00e7ais Langue Etrang\u00e8re Anthropologie des pratiques langagi\u00e8res (M1) Enseigner \u00e0 des adultes migrants (M1) M\u00e9thodologie en [&hellip;]<\/p>\n","protected":false},"author":1,"featured_media":0,"parent":0,"menu_order":0,"comment_status":"closed","ping_status":"closed","template":"","meta":{"footnotes":""},"class_list":["post-13","page","type-page","status-publish","hentry"],"_links":{"self":[{"href":"https:\/\/perso.atilf.fr\/hadami\/wp-json\/wp\/v2\/pages\/13","targetHints":{"allow":["GET"]}}],"collection":[{"href":"https:\/\/perso.atilf.fr\/hadami\/wp-json\/wp\/v2\/pages"}],"about":[{"href":"https:\/\/perso.atilf.fr\/hadami\/wp-json\/wp\/v2\/types\/page"}],"author":[{"embeddable":true,"href":"https:\/\/perso.atilf.fr\/hadami\/wp-json\/wp\/v2\/users\/1"}],"replies":[{"embeddable":true,"href":"https:\/\/perso.atilf.fr\/hadami\/wp-json\/wp\/v2\/comments?post=13"}],"version-history":[{"count":12,"href":"https:\/\/perso.atilf.fr\/hadami\/wp-json\/wp\/v2\/pages\/13\/revisions"}],"predecessor-version":[{"id":336,"href":"https:\/\/perso.atilf.fr\/hadami\/wp-json\/wp\/v2\/pages\/13\/revisions\/336"}],"wp:attachment":[{"href":"https:\/\/perso.atilf.fr\/hadami\/wp-json\/wp\/v2\/media?parent=13"}],"curies":[{"name":"wp","href":"https:\/\/api.w.org\/{rel}","templated":true}]}}