{"id":13,"date":"2015-06-29T13:43:15","date_gmt":"2015-06-29T12:43:15","guid":{"rendered":"https:\/\/apps.atilf.fr\/homepages\/?page_id=13"},"modified":"2023-05-06T00:06:10","modified_gmt":"2023-05-05T23:06:10","slug":"enseignement","status":"publish","type":"page","link":"https:\/\/perso.atilf.fr\/hzaouali\/enseignement\/","title":{"rendered":"Enseignement"},"content":{"rendered":"<h4>UNIVERSIT\u00c9 DE LORRAINE \u2013 SITE DE NANCY<\/h4>\n<h4>UFR Sciences Humaines et Sociales<\/h4>\n<h5>D\u00e9partement des Sciences du Langage<\/h5>\n<table width=\"644\">\n<tbody>\n<tr>\n<td width=\"181\">Faits de langue<\/td>\n<td width=\"80\"><strong>\u00a0<\/strong><\/p>\n<p>CM+TD<\/td>\n<td width=\"166\">L1, Sciences du Langage<\/td>\n<\/tr>\n<tr>\n<td width=\"181\">Phon\u00e9tique\/ phonologie EAM<\/td>\n<td width=\"80\"><strong>\u00a0<\/strong><\/p>\n<p>TD<\/td>\n<td width=\"166\">L3 Sciences du Langage parcours \u00e9tudiants d&rsquo;autres mentions (EAM)<\/td>\n<\/tr>\n<tr>\n<td width=\"181\">Phon\u00e9tique\/phonologie<\/td>\n<td width=\"80\">CM<\/td>\n<td width=\"166\">L3, Sciences du Langage<\/td>\n<\/tr>\n<tr>\n<td width=\"181\">Traitements de corpus<\/td>\n<td width=\"80\"><strong>\u00a0<\/strong><\/p>\n<p>CM+TD<\/td>\n<td width=\"166\">L2, Sciences du Langage<\/td>\n<\/tr>\n<tr>\n<td width=\"181\">Phon\u00e9tique 2<\/td>\n<td width=\"80\">CM+TD<\/td>\n<td width=\"166\">Master 1 SDL+ \u00e9tudiants 4<sup>e<\/sup> Orthophonie<\/td>\n<\/tr>\n<tr>\n<td width=\"181\">Phon\u00e9tique\/phonologie<\/td>\n<td width=\"80\">CM+TD<\/td>\n<td width=\"166\">L1, Sciences du Langage<\/td>\n<\/tr>\n<tr>\n<td width=\"181\">Difficult\u00e9s du langage<\/td>\n<td width=\"80\">TD<\/td>\n<td width=\"166\">L2, Sciences du Langage<\/td>\n<\/tr>\n<tr>\n<td width=\"181\">S\u00e9miotique et syst\u00e8me des signes EAM<\/td>\n<td width=\"80\">TD<\/td>\n<td width=\"166\">L3 Sciences du Langage parcours \u00e9tudiants d&rsquo;autres mentions (EAM)<\/td>\n<\/tr>\n<tr>\n<td width=\"181\">Prosodie<\/td>\n<td width=\"80\">CM + TD<\/td>\n<td width=\"166\">Master 1 SDL+ \u00e9tudiants 4<sup>e<\/sup> Orthophonie<\/td>\n<\/tr>\n<\/tbody>\n<\/table>\n<h4><\/h4>\n<h4><a name=\"_Toc130943147\"><\/a>Domaines de comp\u00e9tences et capacit\u00e9 d\u2019enseignement<\/h4>\n<p>Mon parcours acad\u00e9mique ainsi que mes exp\u00e9riences professionnelles en tant qu\u2019Attach\u00e9e d\u2019Enseignement et de Recherches (A.T.E.R) me permettent aujourd\u2019hui d\u2019intervenir dans les domaines suivants :<span style=\"text-decoration: underline\"><strong>\u00a0<\/strong><\/span><\/p>\n<ul>\n<li><strong>Linguistique g\u00e9n\u00e9rale<\/strong><strong>: <\/strong>Phon\u00e9tique g\u00e9n\u00e9rale, phon\u00e9tique exp\u00e9rimentale,\u00a0 linguistique &amp; phon\u00e9tique clinique, analyse de corpus oraux,\u00a0 phonologie, troubles et pathologies du langage, prosodie, phon\u00e9tique et FLE, FLS, m\u00e9thodologie<\/li>\n<li><strong>Sciences cognitives\u00a0:<\/strong> Psycholinguistique, acquisition du langage, production du langage<\/li>\n<li><strong>Humanit\u00e9s num\u00e9riques :<\/strong> traitements de corpus, analyses de donn\u00e9es, data visualisation<\/li>\n<\/ul>\n<p>&nbsp;<\/p>\n<div id=\"mailtorapidetoModal\" style=\"z-index: 20002\">\n<div id=\"mailtorapidetoContentPopupModal\">\n<div id=\"mailtorapidetoModalPopupCloseMail\"><\/div>\n<div id=\"mailtorapidemodalMailPopupQuestion\">What do you want to do ?<\/div>\n<p><a id=\"mailtorapidebuttonNewApp\"><\/a>New mail<button id=\"mailtorapidecopyClipboard\">Copy<\/button><textarea id=\"mailtorapideselectAreaText\"><\/textarea><\/p>\n<\/div>\n<\/div>\n<div><\/div>\n<div id=\"mailtorapidetoModal\" style=\"z-index: 20002\">\n<div id=\"mailtorapidetoContentPopupModal\">\n<div id=\"mailtorapidetoModalPopupCloseMail\"><\/div>\n<div id=\"mailtorapidemodalMailPopupQuestion\">What do you want to do ?<\/div>\n<p><a id=\"mailtorapidebuttonNewApp\"><\/a>New mail<button id=\"mailtorapidecopyClipboard\">Copy<\/button><textarea id=\"mailtorapideselectAreaText\"><\/textarea><\/p>\n<\/div>\n<\/div>\n<div><\/div>\n<div id=\"mailtorapidetoModal\" style=\"z-index: 20002\">\n<div id=\"mailtorapidetoContentPopupModal\">\n<div id=\"mailtorapidetoModalPopupCloseMail\"><\/div>\n<div id=\"mailtorapidemodalMailPopupQuestion\">What do you want to do ?<\/div>\n<p><a id=\"mailtorapidebuttonNewApp\"><\/a>New mail<button id=\"mailtorapidecopyClipboard\">Copy<\/button><textarea id=\"mailtorapideselectAreaText\"><\/textarea><\/div>\n<\/div>\n<div><img \/><\/div>\n","protected":false},"excerpt":{"rendered":"<p>UNIVERSIT\u00c9 DE LORRAINE \u2013 SITE DE NANCY UFR Sciences Humaines et Sociales D\u00e9partement des Sciences du Langage Faits de langue \u00a0 CM+TD L1, Sciences du Langage Phon\u00e9tique\/ phonologie EAM \u00a0 TD L3 Sciences du Langage parcours \u00e9tudiants d&rsquo;autres mentions (EAM) Phon\u00e9tique\/phonologie CM L3, Sciences du Langage Traitements de corpus \u00a0 CM+TD L2, Sciences du Langage [&hellip;]<\/p>\n","protected":false},"author":1,"featured_media":0,"parent":0,"menu_order":0,"comment_status":"closed","ping_status":"closed","template":"","meta":{"footnotes":""},"class_list":["post-13","page","type-page","status-publish","hentry"],"_links":{"self":[{"href":"https:\/\/perso.atilf.fr\/hzaouali\/wp-json\/wp\/v2\/pages\/13","targetHints":{"allow":["GET"]}}],"collection":[{"href":"https:\/\/perso.atilf.fr\/hzaouali\/wp-json\/wp\/v2\/pages"}],"about":[{"href":"https:\/\/perso.atilf.fr\/hzaouali\/wp-json\/wp\/v2\/types\/page"}],"author":[{"embeddable":true,"href":"https:\/\/perso.atilf.fr\/hzaouali\/wp-json\/wp\/v2\/users\/1"}],"replies":[{"embeddable":true,"href":"https:\/\/perso.atilf.fr\/hzaouali\/wp-json\/wp\/v2\/comments?post=13"}],"version-history":[{"count":11,"href":"https:\/\/perso.atilf.fr\/hzaouali\/wp-json\/wp\/v2\/pages\/13\/revisions"}],"predecessor-version":[{"id":352,"href":"https:\/\/perso.atilf.fr\/hzaouali\/wp-json\/wp\/v2\/pages\/13\/revisions\/352"}],"wp:attachment":[{"href":"https:\/\/perso.atilf.fr\/hzaouali\/wp-json\/wp\/v2\/media?parent=13"}],"curies":[{"name":"wp","href":"https:\/\/api.w.org\/{rel}","templated":true}]}}