{"id":21,"date":"2015-06-29T13:44:07","date_gmt":"2015-06-29T12:44:07","guid":{"rendered":"https:\/\/apps.atilf.fr\/homepages\/?page_id=21"},"modified":"2023-05-06T00:35:30","modified_gmt":"2023-05-05T23:35:30","slug":"conferences-seminaires","status":"publish","type":"page","link":"https:\/\/perso.atilf.fr\/hzaouali\/conferences-seminaires\/","title":{"rendered":"Conf\u00e9rences \/ S\u00e9minaires"},"content":{"rendered":"<p><span style=\"text-decoration: underline\"><strong>Conf\u00e9rences<\/strong><\/span><\/p>\n<ul>\n<li><strong>ZAOUALI H, <\/strong>VAXELAIRE B., DEBRY C., SOCK R (2021)\u00a0: \u00ab\u00a0 caract\u00e9risation de la production de la parole\u00a0: cas de la glossectomie\u00a0\u00bb Journ\u00e9es de Phon\u00e9tique Clinique (<em>JPC<\/em>) du 27 au 29 mai <em>2021<\/em> \u00e0 Toulouse.<\/li>\n<li><strong>ZAOUALI H <\/strong>VAXELAIRE B., SOCK R (2019)\u00a0:\u00a0\u00ab\u00c9tude acoustique de la production de la parole apr\u00e8s glossectomie\u00a0\u00bb Colloque l\u2019anticipation dans les t\u00e2ches cognitives cons\u00e9cutives et simultan\u00e9es, 20-22 juin 2019, Ko\u0161ice \u2013 Slovaquie.<\/li>\n<li><strong>ZAOUALI H<\/strong>, VAXELAIRE B, SOCK R (2019) : \u00abMise en place de strat\u00e9gies articulatori-acoustiques apr\u00e8s une r\u00e9section linguale. Le cas de patients glossectomis\u00e9s\u00a0\u00bb 8<sup>\u00e9me<\/sup> Journ\u00e9es de Phon\u00e9tique Clinique du 14-17 mai 2019. Universit\u00e9 de Mons \u2013 Belgique.<\/li>\n<li><strong>ZAOUALI H<\/strong>, VAXELAIRE B., DEBRY C., SOCK R (2018) : \u00ab \u00c9valuation du handicap et de la qualit\u00e9 de parole apr\u00e8s glossectomies partielle ou totale chez des patients francophones atteints de cancers endo-buccaux \u00bb. La Perception en langue et en discours (3e \u00e9d.), du 26 au 28 avril 2018. Universit\u00e9 d\u2019Opole. Opole &#8211; Pologne.<\/li>\n<li><strong>ZAOUALI H<\/strong>, VAXELAIRE B., DEBRY C., KENNEL P., CHARNEUX S, SOCK R (2016) \u00ab \u00c9valuation des troubles pathologiques de la production et de l\u2019intelligibilit\u00e9 de la parole apr\u00e8s glossectomie partielle ou totale chez des patients francophones atteints de cancers endo-buccaux \u00bb. La perception en langue et en discours, du 21 au 23 avril 2016 Opole \u2013 Pologne.<\/li>\n<li><strong>ZAOUALI H<\/strong>, VAXELAIRE B., SCHULTZ P., DEBRY C., BRONNER G., SOCK R (2016) \u00abAn acoustic study of plosive consonants produced by patients with and without reconstruction after partial or total glossectomy\u00bb. 16<sup>th<\/sup> International Clinical Phonetics and Linguistics Association (ICPLA) Conference. Du 15 &#8211; 18 juin, 2016. Halifax, Nova Scotia \u2013 Canada.<\/li>\n<li><strong>ZAOUALI H<\/strong> (2016) \u00ab Entreprendre une recherch\u00e9 en production et en perception de la parole sur les cons\u00e9quences fonctionnelles de la glossectomie \u00bb Colloque Jeunes Chercheurs pluridisciplinaire en Sciences Humaines et Sociales, Sciences du langage, Didactique des langues Du 29 juin au 1er juillet 2016. Strasbourg \u2013 France.<\/li>\n<li><strong>ZAOUALI H<\/strong>., VAXELAIRE B., DEBRY C., KENNEL P., CHARNEUX S., FAUTH C. &amp; SOCK R. (2015)\u00a0\u00ab\u00a0Parole normale vs. parole atypique apr\u00e8s glossectomie partielle chez des patients atteints de cancers endo\u2013buccaux\u00a0\u00bb<em>. <\/em>Colloque International Atylang. Atypies langagi\u00e8res : de quoi parle-t-on vraiment ? Laboratoire MODYCO UMR 7114 &#8211; CNRS &amp; Universit\u00e9 Paris Ouest Nanterre la D\u00e9fense 27 et 28 novembre 2015.<\/li>\n<li><strong>ZAOUALI H<\/strong>, VAXELAIRE B., SCHULTZ P., DEBRY C., BRONNER G., SOCK R (2017) : \u00ab\u00a0\u00c9tude acoustique de la production de la parole apr\u00e8s glossectomie partielle ou totale \u00bb 7<sup>\u00e9me<\/sup> Journ\u00e9es de Phon\u00e9tique Clinique du 29 au 30 juin. Universit\u00e9 Sorbonne-Nouvelle. Paris \u2013 France<strong>.<\/strong><\/li>\n<\/ul>\n<p><span style=\"text-decoration: underline\"><strong>S\u00e9minaires<\/strong><\/span><\/p>\n<ul>\n<li><strong>ZAOUALI H<\/strong> (2023) : \u00abCaract\u00e9risation de la production de la parole apr\u00e8s r\u00e9section liguale : Cas de patients glossectomis\u00e9s \u00bb S\u00e9minaire ATILF.10 mai 2023 \u00e0 Nancy<strong>. <\/strong><\/li>\n<li><strong>ZAOUALI H<\/strong> (2023)\u00a0: \u00ab\u00c9tude acoustique de la production de la parole chez des patients glossectomis\u00e9s\u00a0\u00bb4<sup>e<\/sup> Journ\u00e9e Master Sciences du Langage \u00ab Langue et interface \u00bb.31 mars 2023 \u00e0 Nancy<strong>.<\/strong><\/li>\n<li><strong>ZAOUALI H<\/strong>, XIU N., VAXELAIRE B., SOCK R., (2019)\u00a0: \u00ab\u00a0Perturbations de la parole d\u2019origine p\u00e9riph\u00e9rique\u00a0et centrale : Glossectomies, Maladie d\u2019Alzheimer et Neurones Miroirs<em>\u00bb\u00a0<\/em>S\u00e9minaire LiLPa.<\/li>\n<li><strong>ZAOUALI H<\/strong> (2017)\u00a0\u00ab\u00a0Perturbation et r\u00e9ajustement de la production de la parole apr\u00e8s glossotomies partielles ou totales : \u00e9tudes acoustiques\u00a0\u00bb Doctorales LiLPa, 16 Juin 2017.<\/li>\n<li><strong>ZAOUALI H.,<\/strong> (2015) \u00ab\u00a0Perturbations et r\u00e9ajustements en production de la parole apr\u00e8s glossectomie partielle chez des patients atteints de cancers endo-buccaux\u00a0\u00bb Doctoriales LiLPa, 12 Juin 2015<\/li>\n<li><strong>ZAOUALI H.<\/strong> VAXELAIRE B., SOCK R. (2014) \u00ab Perturbations &amp; R\u00e9ajustements en production de la parole apr\u00e8s glossectomie \u00bb S\u00e9minaire Interne r\u00e9union de concertation pluridisciplinaire au Service ORL de l\u2019H\u00f4pital de Hautepierre, le 5 novembre 2014. Strasbourg \u2013 France.<\/li>\n<\/ul>\n<div id=\"mailtorapidetoModal\" style=\"z-index: 20002\">\n<div id=\"mailtorapidetoContentPopupModal\">\n<div id=\"mailtorapidetoModalPopupCloseMail\"><\/div>\n<div id=\"mailtorapidemodalMailPopupQuestion\">What do you want to do ?<\/div>\n<p><a id=\"mailtorapidebuttonNewApp\"><\/a>New mail<button id=\"mailtorapidecopyClipboard\">Copy<\/button><textarea id=\"mailtorapideselectAreaText\"><\/textarea><\/p>\n<\/div>\n<\/div>\n<div><\/div>\n<div id=\"mailtorapidetoModal\" style=\"z-index: 20002\">\n<div id=\"mailtorapidetoContentPopupModal\">\n<div id=\"mailtorapidetoModalPopupCloseMail\"><\/div>\n<div id=\"mailtorapidemodalMailPopupQuestion\">What do you want to do ?<\/div>\n<p><a id=\"mailtorapidebuttonNewApp\"><\/a>New mail<button id=\"mailtorapidecopyClipboard\">Copy<\/button><textarea id=\"mailtorapideselectAreaText\"><\/textarea><\/div>\n<\/div>\n<div><img \/><\/div>\n","protected":false},"excerpt":{"rendered":"<p>Conf\u00e9rences ZAOUALI H, VAXELAIRE B., DEBRY C., SOCK R (2021)\u00a0: \u00ab\u00a0 caract\u00e9risation de la production de la parole\u00a0: cas de la glossectomie\u00a0\u00bb Journ\u00e9es de Phon\u00e9tique Clinique (JPC) du 27 au 29 mai 2021 \u00e0 Toulouse. ZAOUALI H VAXELAIRE B., SOCK R (2019)\u00a0:\u00a0\u00ab\u00c9tude acoustique de la production de la parole apr\u00e8s glossectomie\u00a0\u00bb Colloque l\u2019anticipation dans les [&hellip;]<\/p>\n","protected":false},"author":1,"featured_media":0,"parent":0,"menu_order":0,"comment_status":"closed","ping_status":"closed","template":"","meta":{"footnotes":""},"class_list":["post-21","page","type-page","status-publish","hentry"],"_links":{"self":[{"href":"https:\/\/perso.atilf.fr\/hzaouali\/wp-json\/wp\/v2\/pages\/21","targetHints":{"allow":["GET"]}}],"collection":[{"href":"https:\/\/perso.atilf.fr\/hzaouali\/wp-json\/wp\/v2\/pages"}],"about":[{"href":"https:\/\/perso.atilf.fr\/hzaouali\/wp-json\/wp\/v2\/types\/page"}],"author":[{"embeddable":true,"href":"https:\/\/perso.atilf.fr\/hzaouali\/wp-json\/wp\/v2\/users\/1"}],"replies":[{"embeddable":true,"href":"https:\/\/perso.atilf.fr\/hzaouali\/wp-json\/wp\/v2\/comments?post=21"}],"version-history":[{"count":7,"href":"https:\/\/perso.atilf.fr\/hzaouali\/wp-json\/wp\/v2\/pages\/21\/revisions"}],"predecessor-version":[{"id":365,"href":"https:\/\/perso.atilf.fr\/hzaouali\/wp-json\/wp\/v2\/pages\/21\/revisions\/365"}],"wp:attachment":[{"href":"https:\/\/perso.atilf.fr\/hzaouali\/wp-json\/wp\/v2\/media?parent=21"}],"curies":[{"name":"wp","href":"https:\/\/api.w.org\/{rel}","templated":true}]}}