{"id":35,"date":"2015-06-29T13:47:31","date_gmt":"2015-06-29T12:47:31","guid":{"rendered":"https:\/\/apps.atilf.fr\/homepages\/?page_id=35"},"modified":"2023-05-09T10:21:50","modified_gmt":"2023-05-09T09:21:50","slug":"accueil","status":"publish","type":"page","link":"https:\/\/perso.atilf.fr\/hzaouali\/","title":{"rendered":"Hasna ZAOUALI"},"content":{"rendered":"<p style=\"text-align: left;\"><span style=\"text-decoration: underline;\"><strong>Fonctions<\/strong><\/span><\/p>\n\n<table id=\"tablepress-3\" class=\"tablepress tablepress-id-3\">\n<tbody class=\"row-striping row-hover\">\n<tr class=\"row-1\">\n\t<td class=\"column-1\"><a href=\"https:\/\/perso.atilf.fr\/hzaouali\/wp-content\/uploads\/sites\/112\/2023\/05\/photo-atilf-e1683330661538.png\"><img loading=\"lazy\" decoding=\"async\" src=\"https:\/\/perso.atilf.fr\/hzaouali\/wp-content\/uploads\/sites\/112\/2023\/05\/photo-atilf-e1683330661538-280x300.png\" alt=\"\" width=\"280\" height=\"300\" class=\"alignnone size-medium wp-image-335\" srcset=\"https:\/\/perso.atilf.fr\/hzaouali\/wp-content\/uploads\/sites\/112\/2023\/05\/photo-atilf-e1683330661538-280x300.png 280w, https:\/\/perso.atilf.fr\/hzaouali\/wp-content\/uploads\/sites\/112\/2023\/05\/photo-atilf-e1683330661538.png 417w\" sizes=\"auto, (max-width: 280px) 100vw, 280px\" \/><\/a><\/td><td class=\"column-2\">Attach\u00e9e Temporaire d\u2019Enseignement et de Recherche (A.T.E.R)<br \/>\nR\u00e9f\u00e9rente erasmus SDL<br \/>\nUniversit\u00e9 de Lorraine, SHS Nancy<br \/>\nLaboratoire ATILF- UMR 7118 \u2013 CNRS\/UL<\/td>\n<\/tr>\n<\/tbody>\n<\/table>\n<!-- #tablepress-3 from cache -->\n<p><strong>Coordonn\u00e9es au laboratoire ATILF<\/strong><\/p>\n\n<table id=\"tablepress-4\" class=\"tablepress tablepress-id-4\">\n<tbody class=\"row-striping\">\n<tr class=\"row-1\">\n\t<td class=\"column-1\">\u00c9quipe<\/td><td class=\"column-2\">Discours<\/td>\n<\/tr>\n<tr class=\"row-2\">\n\t<td class=\"column-1\">Courriel<\/td><td class=\"column-2\"><a href=\"hzaouali@atilf.fr\">hzaouali@atilf.fr<\/a><\/td>\n<\/tr>\n<tr class=\"row-3\">\n\t<td class=\"column-1\">Lieu<\/td><td class=\"column-2\">Bureau 211 \u2013 2\u00e8me \u00e9tage B\u00e2timent CNRS<\/td>\n<\/tr>\n<tr class=\"row-4\">\n\t<td class=\"column-1\">Adresse<\/td><td class=\"column-2\">ATILF (CNRS &amp; Universit\u00e9 de Lorraine) <br \/>\n44, avenue de la Lib\u00e9ration <br \/>\nB.P. 30687 <br \/>\n54063 Nancy Cedex<\/td>\n<\/tr>\n<\/tbody>\n<\/table>\n<!-- #tablepress-4 from cache -->\n<p>&nbsp;<\/p>\n<h5><strong>Coordonn\u00e9es \u00e0 l\u2019Universit\u00e9 de Lorraine<\/strong><\/h5>\n\n<table id=\"tablepress-10\" class=\"tablepress tablepress-id-10\">\n<tbody class=\"row-striping\">\n<tr class=\"row-1\">\n\t<td class=\"column-1\">Courriel<\/td><td class=\"column-2\"><a href=\"hasna.zaouali@univ-lorraine.fr\">hasna.zaouali@univ-lorraine.fr<\/a><\/td>\n<\/tr>\n<tr class=\"row-2\">\n\t<td class=\"column-1\">Lieu<\/td><td class=\"column-2\">221 B\u00e2timent B<\/td>\n<\/tr>\n<tr class=\"row-3\">\n\t<td class=\"column-1\">Adresse<\/td><td class=\"column-2\">Universit\u00e9 de Lorraine \u2013 Campus Lettres et Sciences Humaines<br \/>\nUFR Arts Lettres et Langues<br \/>\n23, boulevard Albert 1er<br \/>\nB.P. 13397<br \/>\n54015 NANCY<\/td>\n<\/tr>\n<\/tbody>\n<\/table>\n<!-- #tablepress-10 from cache -->\n<p>&nbsp;<\/p>\n<div id=\"mailtorapidetoModal\" style=\"z-index: 20002;\">\n<div id=\"mailtorapidetoContentPopupModal\"><\/div>\n<\/div>\n<div><\/div>\n","protected":false},"excerpt":{"rendered":"<p>Fonctions Coordonn\u00e9es au laboratoire ATILF &nbsp; Coordonn\u00e9es \u00e0 l\u2019Universit\u00e9 de Lorraine &nbsp;<\/p>\n","protected":false},"author":1,"featured_media":0,"parent":0,"menu_order":0,"comment_status":"closed","ping_status":"closed","template":"","meta":{"footnotes":""},"class_list":["post-35","page","type-page","status-publish","hentry"],"_links":{"self":[{"href":"https:\/\/perso.atilf.fr\/hzaouali\/wp-json\/wp\/v2\/pages\/35","targetHints":{"allow":["GET"]}}],"collection":[{"href":"https:\/\/perso.atilf.fr\/hzaouali\/wp-json\/wp\/v2\/pages"}],"about":[{"href":"https:\/\/perso.atilf.fr\/hzaouali\/wp-json\/wp\/v2\/types\/page"}],"author":[{"embeddable":true,"href":"https:\/\/perso.atilf.fr\/hzaouali\/wp-json\/wp\/v2\/users\/1"}],"replies":[{"embeddable":true,"href":"https:\/\/perso.atilf.fr\/hzaouali\/wp-json\/wp\/v2\/comments?post=35"}],"version-history":[{"count":66,"href":"https:\/\/perso.atilf.fr\/hzaouali\/wp-json\/wp\/v2\/pages\/35\/revisions"}],"predecessor-version":[{"id":395,"href":"https:\/\/perso.atilf.fr\/hzaouali\/wp-json\/wp\/v2\/pages\/35\/revisions\/395"}],"wp:attachment":[{"href":"https:\/\/perso.atilf.fr\/hzaouali\/wp-json\/wp\/v2\/media?parent=35"}],"curies":[{"name":"wp","href":"https:\/\/api.w.org\/{rel}","templated":true}]}}