{"id":17,"date":"2015-06-29T13:43:37","date_gmt":"2015-06-29T12:43:37","guid":{"rendered":"https:\/\/apps.atilf.fr\/homepages\/?page_id=17"},"modified":"2025-06-29T18:20:51","modified_gmt":"2025-06-29T17:20:51","slug":"publications","status":"publish","type":"page","link":"https:\/\/perso.atilf.fr\/ibuhnila\/publications\/","title":{"rendered":"Publications"},"content":{"rendered":"<h5>The updated list of publications can be found on my <a href=\"https:\/\/scholar.google.com\/citations?user=JZEnn_AAAAAJ&amp;hl=fr&amp;oi=ao\">Google Scholar profile<\/a> and in my <a href=\"https:\/\/cv.hal.science\/ibuhnila\">HAL CV<\/a>.<\/h5>\n<h5>Some papers appear in <a href=\"https:\/\/aclanthology.org\/people\/i\/ioana-buhnila\/\">ACL Anthology<\/a>, <a href=\"https:\/\/www.semanticscholar.org\/author\/Ioana-Buhnila\/2187454196\">Semantic Scholar<\/a>, or <a href=\"https:\/\/www.researchgate.net\/profile\/Ioana-Buhnila\">ResearchGate<\/a>.<\/h5>\n<h5><\/h5>\n<h4><span style=\"text-decoration: underline\"><strong>Book Chapter<\/strong><\/span><\/h4>\n<ul>\n<li>\n<h5><strong>Buhnila Ioana<\/strong>. (2024). Les marqueurs m\u00e9talinguistiques de reformulation dans des textes m\u00e9dicaux scientifiques et grand public. Dans <em>Marqueurs m\u00e9talinguistiques : \u00e9mergence, discours, variation. Linguistic Insights, Studies in Language and Communication. <\/em>pp 303-319. Peter Lang. (dir.) Cristina Petra\u0219\/Sonia Berbinski\/Daciana Vlad\/Raluca-Nicoleta Bala\u021bchi. ISBN 978-3-0343-4908-6.<a href=\"https:\/\/www.amazon.fr\/Marqueurs-M%C3%A9talinguistiques-%C3%89mergence-Variation-Metalinguistic\/dp\/3034349084\"> DOI 10.3726\/b21750<\/a>. 758 pages.<\/h5>\n<\/li>\n<\/ul>\n<h4><span style=\"text-decoration: underline\"><strong>Conference Proceedings with Paper Publication<\/strong><\/span><\/h4>\n<ol>\n<li>\n<h5>Aman Sinha &amp; <strong>Ioana Buhnila<\/strong>. (2025). ATILF at NTCIR-18 RadNLP 2024 Shared Task: With less radiology reports, comes less performance. <i>NTCIR-18: Proceedings of the 18th NTCIR Conference on Evaluation of Information Access Technologies<\/i>, Jun 2025, Tokyo, Japan. pp.354-358,\u00a0<a href=\"https:\/\/dx.doi.org\/10.20736\/0002002077\" target=\"_blank\" rel=\"noopener\">\u27e810.20736\/0002002077\u27e9<\/a>.<\/h5>\n<\/li>\n<li>\n<h5><strong>Buhnila Ioana<\/strong>. (2025). Explain this Medical Term in my Language: A Case Study of Small Language Models for Medical Paraphrase Generation. <i>3rd UniDive Workshop<\/i>, Jan 29-30, 2025, Budapest, Hungary, pp.1-4. <a href=\"https:\/\/hal.science\/hal-04927075v1\" target=\"_blank\" rel=\"noopener\">\u27e8hal-04927075\u27e9<\/a><\/h5>\n<\/li>\n<li>\n<h5><strong>Buhnila Ioana<\/strong>, Cislaru Georgeta &amp; Todirascu Amalia. (2025). Chain-of-MetaWriting: Linguistic and Textual Analysis of How Small Language Models Write Young Students Texts. \u00a0In\u00a0<i>Proceedings of the First Workshop on Writing Aids at the Crossroads of AI, Cognitive Science and NLP (WRAICOGS 2025)<\/i>, co-located with COLING 2025, Abu Dhabi, UAE, January 19-24, 2025,\u00a0 pp. 1-15. <a href=\"https:\/\/aclanthology.org\/2025.wraicogs-1.1\/\">https:\/\/aclanthology.org\/2025.wraicogs-1.1\/<\/a><\/h5>\n<\/li>\n<li>\n<h5><strong>Buhnila Ioana<\/strong>, Aman Sinha &amp; Mathieu Constant. (2024). Retrieve, Generate, Evaluate: A Case Study for Medical Paraphrases Generation with Small Language Models. In <i>Proceedings of the 1st Workshop on Towards Knowledgeable Language Models (KnowLLM 2024)<\/i>,<em> The 62nd Annual Meeting of the Association for Computational Linguistics (ACL 2024)<\/em>, Bangkok, Thailand, August 11-16, 2024, pp. 189-203. <a href=\"https:\/\/aclanthology.org\/2024.knowllm-1.16\/\">https:\/\/aclanthology.org\/2024.knowllm-1.16\/<\/a><\/h5>\n<\/li>\n<li>\n<h5><strong>Buhnila Ioana<\/strong>, Cislaru Georgeta &amp; Todirascu Amalia (2024). Analyse qualitative et quantitative des \u00abhallucinations\u00bb g\u00e9n\u00e9r\u00e9es automatiquement dans un corpus de reformulations m\u00e9dicales. In <i>SHS Web of Conferences<\/i> (Vol. 191, p. 11001). EDP Sciences, CMLF2024 : Congr\u00e8s Mondial de Linguistique fran\u00e7aise 2024, Lausanne, 1-5 juil. 2024, Suisse. <a href=\"https:\/\/www.shs-conferences.org\/articles\/shsconf\/pdf\/2024\/11\/shsconf_cmlf2024_11001.pdf\">https:\/\/www.shs-conferences.org\/articles\/shsconf\/pdf\/2024\/11\/shsconf_cmlf2024_11001.pdf<\/a><\/h5>\n<\/li>\n<li>\n<h5><strong>Buhnila Ioana<\/strong> &amp; Todirascu Amalia. (2024). LARGEMED: a Resource for Identifying and Generating Paraphrases for French Medical Terms. \u00a0<em>In Proceedings of the Workshop on DeTermIt! Evaluating Text Difficulty in a Multilingual Context@ LREC-COLING 2024<\/em>, Torino, Italy, pp. 141-151,\u00a0ELRA and ICCL. <a href=\"https:\/\/aclanthology.org\/2024.determit-1.14\">https:\/\/aclanthology.org\/2024.determit-1.14<\/a><\/h5>\n<\/li>\n<li>\n<h5><strong>Buhnila Ioana<\/strong> &amp; Todirascu Amalia. (2023). \u00c9valuation d&rsquo;un g\u00e9n\u00e9rateur automatique de reformulations m\u00e9dicales. <em>18e Conf\u00e9rence en Recherche d&rsquo;Information et Applications &#8212; 16e Rencontres Jeunes Chercheurs en RI &#8212; 30e Conf\u00e9rence sur le Traitement Automatique des Langues Naturelles &#8212; 25e Rencontre des \u00c9tudiants Chercheurs en Informatique pour le Traitement Automatique des Langues<\/em>, Paris, France, pp.80-93. <a href=\"https:\/\/hal.science\/hal-04130149\" target=\"_blank\" rel=\"noopener\">\u27e8hal-04130149\u27e9<\/a><\/h5>\n<\/li>\n<li>\n<h5><strong>Buhnila Ioana<\/strong>. (2023). Annotation lexicale et pragmatique de termes m\u00e9dicaux et leurs reformulations. <em>11e Journ\u00e9es Internationales de Linguistique de Corpus (JLC)<\/em>, 3-7 juillet 2023, Grenoble, pp. 99-105. <a href=\"https:\/\/jlc2023.sciencesconf.org\/data\/pages\/abstracts_JLC_2023.pdf\" target=\"_blank\" rel=\"noopener\">https:\/\/jlc2023.sciencesconf.org\/data\/pages\/abstracts_JLC_2023.pdf<\/a><\/h5>\n<\/li>\n<li>\n<h5><strong>Buhnila Ioana<\/strong>. (2022). Identifying Medical Paraphrases in Scientific versus Popularization Texts in French for Laypeople Understanding. In <em>Proceedings of the Third Workshop on Scholarly Document Processing (SDP), COLING\u20192022, The 29th International Conference on Computational Linguistics<\/em>, Gyeongju, Republic of Korea. Association for Computational Linguistics. pp. 69\u201379. <a href=\"https:\/\/aclanthology.org\/2022.sdp-1.8\/\" target=\"_blank\" rel=\"noopener\">https:\/\/aclanthology.org\/2022.sdp-1.8\/<\/a><\/h5>\n<\/li>\n<li>\n<h5><strong>Buhnila Ioana<\/strong>. (2022). Le r\u00f4le des marqueurs et indicateurs dans l\u2019analyse lexicale et s\u00e9mantico-pragmatique de reformulations m\u00e9dicales. In <em>8e Congr\u00e8s Mondial de Linguistique Fran\u00e7aise (CMLF)<\/em>, 4-8 juillet 2022, Orl\u00e9ans, SHS Web of Conferences 138: 10005. <a href=\"https:\/\/doi.org\/10.1051\/shsconf\/202213810005\" target=\"_blank\" rel=\"noopener\">https:\/\/doi.org\/10.1051\/shsconf\/202213810005<\/a><\/h5>\n<\/li>\n<li>\n<h5><strong>Buhnila Ioana<\/strong>. (2021). Building a Corpus of Medical Paraphrases in Romanian. In <em>Proceedings of the The 16th Edition of the International Conference on Linguistic Resources and Tools for Natural Language Processing \u2013 ConsILR-2021<\/em>, Iasi, online. ISSN 1843-911X, pp. 139-152.\u00a0<a href=\"https:\/\/conferences.info.uaic.ro\/consilr\/prevEditions\/Consilr_2021.pdf\">https:\/\/conferences.info.uaic.ro\/consilr\/prevEditions\/Consilr_2021.pdf<\/a><\/h5>\n<\/li>\n<li>\n<h5>Todirascu Amalia, Marion Cargill &amp; <strong>Ioana Buhnila<\/strong>. (2019). Erreurs d\u2019apprenants\u202f: typologie et annotations. In <em>10e Journ\u00e9es Internationales de la Linguistique de Corpus<\/em>. Grenoble, France. <a href=\"https:\/\/hal.archives-ouvertes.fr\/hal-02940844\" target=\"_blank\" rel=\"noopener\">\u27e8hal-02940844\u27e9<\/a><\/h5>\n<\/li>\n<\/ol>\n<h4><span style=\"text-decoration: underline\"><strong>PhD Thesis<\/strong><\/span><\/h4>\n<ul>\n<li>\n<h5><strong>Buhnila Ioana<\/strong>. 2023. <i>Une m\u00e9thode automatique de construction de corpus de reformulation. <\/i>Doctoral dissertation, Universit\u00e9 de Strasbourg. <a href=\"https:\/\/www.theses.fr\/2023STRAC006\" target=\"_blank\" rel=\"noopener\">\u27e8NNT : 2023STRAC006\u27e9<\/a>.\u00a0<a href=\"https:\/\/theses.hal.science\/tel-04226255\" target=\"_blank\" rel=\"noopener\">\u27e8tel-04226255\u27e9<\/a><\/h5>\n<\/li>\n<\/ul>\n<h4><span style=\"text-decoration: underline\"><strong>Invited Talks<\/strong><\/span><\/h4>\n<ol>\n<li>\n<h5><strong>Buhnila Ioana<\/strong>. (2025). Evaluating Multilingual Small Language Models in Medical and Educational Settings. <i>Invited talk at the Research Seminar in Language Technology \u2013 Spring 2025, University of Helsinki (online)<\/i>, May 2025, Helsinki, Finland.\u00a0<a href=\"https:\/\/hal.science\/hal-05069660v1\" target=\"_blank\" rel=\"noopener\">\u27e8hal-05069660\u27e9<\/a><\/h5>\n<\/li>\n<li>\n<h5><strong>Buhnila Ioana.<\/strong> (2025). Small Language Models as AI Assistants in Cancer Research. <i>Invited talk at the School of Computing and Communications, Lancaster University (online)<\/i>, Mar 2025, Lancaster, United Kingdom.\u00a0<a href=\"https:\/\/hal.science\/hal-05009179v1\" target=\"_blank\" rel=\"noopener\">\u27e8hal-05009179\u27e9<\/a><\/h5>\n<\/li>\n<li>\n<h5><strong>Buhnila Ioana<\/strong>. (2025). Small Language Models and their Performance in the Medical Field.<em>\u00a0Invited talk at\u00a0the\u00a0<a href=\"https:\/\/www.uni.lu\/snt-en\/\">Interdisciplinary Centre for Security, Reliability and Trust (SnT)<\/a> lab seminar, University of Luxembourg,<\/em> March 7, 2025, Luxembourg. <a href=\"https:\/\/hal.science\/hal-04990262v1\" target=\"_blank\" rel=\"noopener\">\u27e8hal-04990262\u27e9<\/a><\/h5>\n<\/li>\n<\/ol>\n<h4><span style=\"text-decoration: underline\"><strong>Communications<\/strong><\/span><\/h4>\n<ol>\n<li>\n<h5><strong>Buhnila Ioana<\/strong>. (2025). <span style=\"font-family: Roboto, 'Helvetica Neue', Helvetica, Arial, sans-serif\">Les n\u00e9ologismes m\u00e9dicaux sont-ils bien reformul\u00e9s par l\u2019IA g\u00e9n\u00e9rative ?, <em>Journ\u00e9e \u00ab N\u00e9ologismes \u00bb<\/em>, Axe Lexiques, ATILF,\u00a0 Universit\u00e9 de Lorraine-CNRS, 16 mai 2025, Nancy, France. <a href=\"https:\/\/hal.science\/hal-05098005v1\" target=\"_blank\" rel=\"noopener\">\u27e8hal-05098005\u27e9<\/a><\/span><\/h5>\n<\/li>\n<li>\n<h5><strong>Buhnila Ioana<\/strong>. (2025). Fonctions s\u00e9mantico-pragmatiques dans le discours sp\u00e9cialis\u00e9 : approche linguistique, TAL et IA. <i>S\u00e9minaire invit\u00e9, GR PAL, ATILF (Groupe de recherche Polys\u00e9mie et Ambigu\u00eft\u00e9 Lexicale)<\/i>, 29 avril 2025, Nancy, France. <a href=\"https:\/\/hal.science\/hal-05065236v1\" target=\"_blank\" rel=\"noopener\">\u27e8hal-05065236\u27e9<\/a><\/h5>\n<\/li>\n<li>\n<h5><strong>Buhnila Ioana<\/strong>. (2024). Adaptmed Project. <i>Journ\u00e9e Scientifique eXplor (JSE)<\/i>, 10 octobre 2024, Nancy, France. <a href=\"https:\/\/hal.science\/hal-04884785v1\" target=\"_blank\" rel=\"noopener\">\u27e8hal-04884785\u27e9<\/a><\/h5>\n<\/li>\n<li>\n<h5><strong>Buhnila Ioana<\/strong>, Cislaru Georgeta &amp; Amalia Todirascu. (2024). Semantic and Pragmatic Proprieties of LLM\u2019s \u2018Hallucinations\u00a0\u00bb in the Medical Field\u00a0\u00bb.<em> Agency and Intentions in Artificial Intelligence (AIAI) Workshop<\/em>, University of G\u00f6ttingen, Germany, 16-17 mai 2024, <a href=\"https:\/\/ail-workshop.github.io\/aiai-conference\/program.html\">https:\/\/ail-workshop.github.io\/aiai-conference\/program.html<\/a><\/h5>\n<\/li>\n<li>\n<h5>Todirascu Amalia &amp; <strong>Buhnila Ioana<\/strong>. (2023). Ressources pour l\u2019adaptation des textes dans le domaine m\u00e9dical : le projet Adaptmed. <em>S\u00e9minaire FRLC, F\u00e9d\u00e9ration de Recherche en Langage et Communication<\/em>, 13 novembre 2023, Strasbourg. <a href=\"https:\/\/frlc.hypotheses.org\/993\" target=\"_blank\" rel=\"noopener\">https:\/\/frlc.hypotheses.org\/993<\/a>; <a href=\"https:\/\/bnu.hypotheses.org\/18384\" target=\"_blank\" rel=\"noopener\">https:\/\/bnu.hypotheses.org\/18384<\/a><\/h5>\n<\/li>\n<li>\n<h5>Todirascu Amalia &amp; <strong>Buhnila Ioana<\/strong>. (2023). Projet AdaptMed &#8211; reformulations des termes du Covid. <em>Humanit\u00e9s num\u00e9riques en p\u00e9dagogie et en recherche \u00e0 la Facult\u00e9 des Langues<\/em> (pr\u00e9sentation de poster). Universit\u00e9 de Strasbourg, 28 septembre 2023. <a href=\"https:\/\/langues.unistra.fr\/agenda\/evenement\/humanites-numeriques-en-pedagogie-et-en-recherche-a-la-faculte-des-langues\" target=\"_blank\" rel=\"noopener\">https:\/\/langues.unistra.fr\/agenda\/evenement\/humanites-numeriques-en-pedagogie-et-en-recherche-a-la-faculte-des-langues<\/a><\/h5>\n<\/li>\n<li>\n<h5><strong>Buhnila Ioana<\/strong>. (2022). Les marqueurs m\u00e9talinguistiques de reformulation dans des textes m\u00e9dicaux scientifiques et grand public. <em>Colloque International \u00ab Marqueurs m\u00e9talinguistiques : \u00e9mergence, discours, variation \u00bb<\/em>, en ligne, 8-9 juin 2022, Universit\u00e9 de Iasi, Roumanie. <a href=\"https:\/\/diachronie.org\/wp-content\/uploads\/2022\/06\/Programme_Colloque_Marqueurs-metalinguistiques_Iasi.pdf\" target=\"_blank\" rel=\"noopener\">https:\/\/diachronie.org\/wp-content\/uploads\/2022\/06\/Programme_Colloque_Marqueurs-metalinguistiques_Iasi.pdf<\/a><\/h5>\n<\/li>\n<li>\n<h5><strong>Buhnila Ioana<\/strong>. (2022). \u00c9tude contrastive des marqueurs de reformulation des termes m\u00e9dicaux dans de corpus scientifiques et de vulgarisation m\u00e9dicale. <em>COLDOC22, Colloque de doctorants et de jeunes chercheurs en Sciences du langage du laboratoire MoDyCo (CNRS UMR 7114)<\/em>, 30\/31 mai 2022, Universit\u00e9 Paris Nanterre. <a href=\"https:\/\/coldoc2022.wixsite.com\/website\/programme-1\" target=\"_blank\" rel=\"noopener\">https:\/\/coldoc2022.wixsite.com\/website\/programme-1<\/a><\/h5>\n<\/li>\n<li>\n<h5><strong>Buhnila Ioana<\/strong>. (2022). Un corpus de reformulations dans le domaine m\u00e9dical. <em>S\u00e9minaire \u00ab Lexique(s), discours et transposition(s) \u00bb<\/em>, Th\u00e8me 1, LiLPa UR 1339, 10 juin 2022, Universit\u00e9 de Strasbourg.<\/h5>\n<\/li>\n<li>\n<h5><strong>Buhnila Ioana<\/strong>. (2022). Un corpus de reformulations m\u00e9dicales pour l\u2019apprentissage automatique par r\u00e9seaux de neurones. <em>Doctoriales de LiLPa<\/em>, 24 juin 2022, Universit\u00e9 de Strasbourg.<\/h5>\n<\/li>\n<li>\n<h5><strong>Buhnila Ioana<\/strong>. (2021). Annotation automatique des termes m\u00e9dicaux pour l\u2019identification des marqueurs de reformulation m\u00e9dicale. <em>Doctoriales de LiLPa<\/em>, 25 juin 2021, Universit\u00e9 de Strasbourg.<\/h5>\n<\/li>\n<\/ol>\n","protected":false},"excerpt":{"rendered":"<p>The updated list of publications can be found on my Google Scholar profile and in my HAL CV. Some papers appear in ACL Anthology, Semantic Scholar, or ResearchGate. Book Chapter Buhnila Ioana. (2024). Les marqueurs m\u00e9talinguistiques de reformulation dans des textes m\u00e9dicaux scientifiques et grand public. Dans Marqueurs m\u00e9talinguistiques : \u00e9mergence, discours, variation. Linguistic Insights, [&hellip;]<\/p>\n","protected":false},"author":1,"featured_media":0,"parent":0,"menu_order":0,"comment_status":"closed","ping_status":"closed","template":"","meta":{"footnotes":""},"class_list":["post-17","page","type-page","status-publish","hentry"],"_links":{"self":[{"href":"https:\/\/perso.atilf.fr\/ibuhnila\/wp-json\/wp\/v2\/pages\/17","targetHints":{"allow":["GET"]}}],"collection":[{"href":"https:\/\/perso.atilf.fr\/ibuhnila\/wp-json\/wp\/v2\/pages"}],"about":[{"href":"https:\/\/perso.atilf.fr\/ibuhnila\/wp-json\/wp\/v2\/types\/page"}],"author":[{"embeddable":true,"href":"https:\/\/perso.atilf.fr\/ibuhnila\/wp-json\/wp\/v2\/users\/1"}],"replies":[{"embeddable":true,"href":"https:\/\/perso.atilf.fr\/ibuhnila\/wp-json\/wp\/v2\/comments?post=17"}],"version-history":[{"count":55,"href":"https:\/\/perso.atilf.fr\/ibuhnila\/wp-json\/wp\/v2\/pages\/17\/revisions"}],"predecessor-version":[{"id":613,"href":"https:\/\/perso.atilf.fr\/ibuhnila\/wp-json\/wp\/v2\/pages\/17\/revisions\/613"}],"wp:attachment":[{"href":"https:\/\/perso.atilf.fr\/ibuhnila\/wp-json\/wp\/v2\/media?parent=17"}],"curies":[{"name":"wp","href":"https:\/\/api.w.org\/{rel}","templated":true}]}}