{"id":21,"date":"2015-06-29T13:44:07","date_gmt":"2015-06-29T12:44:07","guid":{"rendered":"https:\/\/apps.atilf.fr\/homepages\/?page_id=21"},"modified":"2021-10-05T10:14:14","modified_gmt":"2021-10-05T09:14:14","slug":"conferences-seminaires","status":"publish","type":"page","link":"https:\/\/perso.atilf.fr\/ifeldhausen\/conferences-seminaires\/","title":{"rendered":"Conf\u00e9rences \/ S\u00e9minaires"},"content":{"rendered":"<p><span style=\"text-decoration: underline\"><strong>Conf\u00e9rences<\/strong><\/span><\/p>\n<ul>\n<li><strong>Co-organizer : OCP18 &#8211; Old World Conference on Phonology 2021<\/strong> (Ibiza, Spain)<br \/>\nSatellite Workshop \u00ab\u00a0<a href=\"https:\/\/ocp18.uib.cat\/front-page-features\/satellite-workshop\/\" target=\"_blank\" rel=\"noopener noreferrer\">First and second language acquisition of phonology and its interfaces<\/a>\u00a0\u00bb (Program <a href=\"https:\/\/ocp18.uib.cat\/workshop-first-and-second-language-acquisition-of-phonology-and-its-interfaces\/\" target=\"_blank\" rel=\"noopener noreferrer\">here<\/a>)<br \/>\n(Organizers: <em>Francesc Torres-Tamarit<\/em> [SFL, CNRS, Universit\u00e9 Paris 8], <em>Ingo Feldhausen<\/em> [Universit\u00e9 de Lorraine &amp; ATILF-CNRS], <em>Maria del Mar Vanrell<\/em> [Universitat de les Illes Balears])<\/li>\n<li><\/li>\n<\/ul>\n<p><span style=\"text-decoration: underline\"><strong>S\u00e9minaires<\/strong><\/span><\/p>\n","protected":false},"excerpt":{"rendered":"<p>Conf\u00e9rences Co-organizer : OCP18 &#8211; Old World Conference on Phonology 2021 (Ibiza, Spain) Satellite Workshop \u00ab\u00a0First and second language acquisition of phonology and its interfaces\u00a0\u00bb (Program here) (Organizers: Francesc Torres-Tamarit [SFL, CNRS, Universit\u00e9 Paris 8], Ingo Feldhausen [Universit\u00e9 de Lorraine &amp; ATILF-CNRS], Maria del Mar Vanrell [Universitat de les Illes Balears]) S\u00e9minaires<\/p>\n","protected":false},"author":1,"featured_media":0,"parent":0,"menu_order":0,"comment_status":"closed","ping_status":"closed","template":"","meta":{"footnotes":""},"class_list":["post-21","page","type-page","status-publish","hentry"],"_links":{"self":[{"href":"https:\/\/perso.atilf.fr\/ifeldhausen\/wp-json\/wp\/v2\/pages\/21","targetHints":{"allow":["GET"]}}],"collection":[{"href":"https:\/\/perso.atilf.fr\/ifeldhausen\/wp-json\/wp\/v2\/pages"}],"about":[{"href":"https:\/\/perso.atilf.fr\/ifeldhausen\/wp-json\/wp\/v2\/types\/page"}],"author":[{"embeddable":true,"href":"https:\/\/perso.atilf.fr\/ifeldhausen\/wp-json\/wp\/v2\/users\/1"}],"replies":[{"embeddable":true,"href":"https:\/\/perso.atilf.fr\/ifeldhausen\/wp-json\/wp\/v2\/comments?post=21"}],"version-history":[{"count":4,"href":"https:\/\/perso.atilf.fr\/ifeldhausen\/wp-json\/wp\/v2\/pages\/21\/revisions"}],"predecessor-version":[{"id":394,"href":"https:\/\/perso.atilf.fr\/ifeldhausen\/wp-json\/wp\/v2\/pages\/21\/revisions\/394"}],"wp:attachment":[{"href":"https:\/\/perso.atilf.fr\/ifeldhausen\/wp-json\/wp\/v2\/media?parent=21"}],"curies":[{"name":"wp","href":"https:\/\/api.w.org\/{rel}","templated":true}]}}