{"id":23,"date":"2015-06-29T13:44:14","date_gmt":"2015-06-29T12:44:14","guid":{"rendered":"https:\/\/apps.atilf.fr\/homepages\/?page_id=23"},"modified":"2023-04-24T10:47:32","modified_gmt":"2023-04-24T09:47:32","slug":"cv","status":"publish","type":"page","link":"https:\/\/perso.atilf.fr\/ifeldhausen\/cv\/","title":{"rendered":"CV"},"content":{"rendered":"<p>2020-<br \/>\n<strong>Universit\u00e4tsprofessor \/ Professeur des Universit\u00e9s<\/strong><br \/>\nLinguistik und Sprachdidaktik \/ Linguistique et Didactique des Langues<br \/>\n<em>Universit\u00e9 de Lorraine Nancy (Frankreich)<br \/>\n<\/em><a href=\"https:\/\/www.atilf.fr\/\" target=\"_blank\" rel=\"noopener noreferrer\">Laboratoire ATILF-CNRS\/UL<\/a> &amp; <a href=\"https:\/\/campus-lettres.univ-lorraine.fr\/ufr-shs-nancy\" target=\"_blank\" rel=\"noopener noreferrer\">UFR SHS &#8211; D\u00e9partement Sciences du Langage<\/a><em><br \/>\n<\/em><\/p>\n<p>2019-<br \/>\nAffiliert mit: <a href=\"https:\/\/brl.lab.uic.edu\/\">The Bilingualism Research Laboratory<\/a><br \/>\n(University of Illinois Chicago, USA)<\/p>\n<p>2019<br \/>\nPreistr\u00e4ger: <a href=\"https:\/\/aktuelles.uni-frankfurt.de\/studium\/1822-universitaetspreis-fuer-exzellente-lehre\/\">1822-Universit\u00e4tspreis f\u00fcr exzellente Lehre<\/a><br \/>\n<em>Goethe-Universit\u00e4t Frankfurt<\/em><\/p>\n<p>2014\/2015<br \/>\n<strong>Habilitation (Venia \u00ab\u00a0Romanistik\u00a0\u00bb)<br \/>\n<\/strong><em>Goethe-Universit\u00e4t Frankfurt am Main<\/em><\/p>\n<p>2014 (SoSe)<br \/>\n<strong>Vertretung W3-Professur<\/strong> (Allgemeine Sprachwissenschaft \/ Phonologie)<br \/>\n<em>Universit\u00e4t Konstanz<\/em><\/p>\n<p>2012-2014<br \/>\nAffiliiert mit: <a href=\"https:\/\/lpp.in2p3.fr\/\">Laboratoire de Phon\u00e9tique et Phonologie<\/a> (LPP), UMR 7018, CNRS<br \/>\n<em>Universit\u00e9 Sorbonne Nouvelle\u00a0(Paris 3)<\/em><\/p>\n<p>2012<br \/>\n<strong>Post-Doc (Chercheur post-doctorant)<\/strong>; bei Prof. Dr. Elisabeth Delais-Roussarie (DR-CNRS)<br \/>\nLaboratoire d&rsquo;Excellence \u00ab\u00a0Empirical Foundations of Linguistics\u00a0\u00bb (Labex EFL)<br \/>\nProjekt EFL-PPC7 \u00ab\u00a0Phrasing prosodique et hi\u00e9rarchie prosodique : une approche bas\u00e9e sur les donn\u00e9es\u00a0\u00bb<br \/>\n<em>Laboratoire de Phon\u00e9tique et Phonologie (LPP), UMR 7018, CNRS \/ Universit\u00e9 Sorbonne Nouvelle\u00a0(Paris\u00a0 3) &amp;<\/em><br \/>\n<em>Laboratoire de Linguistique Formelle (LLF), UMR 7110, CNRS \/ Universit\u00e9 Denis Diderot (Paris 7)<\/em><\/p>\n<p>2011-2020<br \/>\n<strong>Post-Doc (Wissenschaftlicher Mitarbeiter)<\/strong> (Drittmittelprojekt);\u00a0bei Prof. Dr. Esther Rinke<br \/>\n\u00ab\u00a0Starker Start ins Studium\u00a0\u00bb \u2013 Programm des Bundes und der L\u00e4nder f\u00fcr bessere Studienbedingungen und mehr Qualit\u00e4t in der Lehre<br \/>\nInstitut f\u00fcr Romanische Sprachen und Literaturen<br \/>\n<em>Goethe-Universit\u00e4t Frankfurt<\/em><\/p>\n<p>2007-2011<br \/>\n<strong>Post-Doc (Wissenschaftlicher Mitarbeiter)<\/strong>\u00a0(Post-Doc seit 2008); bei Prof. Dr. Christoph Gabriel<br \/>\nInstitut f\u00fcr Romanistik (9\/2007-7\/2011)<br \/>\nSonderforschungsbereich 538 \u201eMehrsprachigkeit\u201c, Projekt H9 \u201eZur Intonation des Spanischen in Argentinien\u201c (7\/2008-6\/2011)<br \/>\n<em>Universit\u00e4t Hamburg<\/em><\/p>\n<p>2008<br \/>\n<strong>Promotion (Dr. phil.)<br \/>\n<\/strong>Thema der Dissertation \u201eThe Prosody-Syntax Interface in Catalan\u201c<br \/>\n[Ver\u00f6ffentlicht 2010 bei John Benjamins, Amsterdam; <a href=\"https:\/\/benjamins.com\/catalog\/la.168\">zur Verlagsseite<\/a>]\nBetreuer: Prof. Dr. Caroline F\u00e9ry, Prof. Dr. Pilar Prieto<br \/>\n<em>Universit\u00e4t Potsdam<\/em><\/p>\n<p>2006-2007<br \/>\n<strong>Wissenschaftlicher Mitarbeiter<\/strong>; bei PD Dr. Barbara Stiebels und Prof. Dr. Manfred Krifka<br \/>\nProjekt 15 \u201eSatzeinbettende Pr\u00e4dikate\u201c<br \/>\n<em>Zentrum f\u00fcr Allgemeine Sprachwissenschaft, Typologie und Universalienforschung (ZAS), Berlin<\/em><\/p>\n<p>2005<br \/>\n<strong>Forschungsaufenthalt<\/strong> (im Rahmen des GRK 275; April-Juli)<br \/>\nDepartament de Filologia Catalana<br \/>\n<em>Universitat Aut\u00f2noma de Barcelona, Spanien<\/em><\/p>\n<p>2003-2005<br \/>\n<strong>Promotionsstipendiat<br \/>\n<\/strong>Graduiertenkolleg \u201e\u00d6konomie und Komplexit\u00e4t in der Sprache\u201c (GRK 275)<br \/>\n<em>Institut f\u00fcr deutsche Sprache und Linguistik, Humboldt-Universit\u00e4t zu Berlin<\/em><br \/>\n<em>Institut f\u00fcr Linguistik, Universit\u00e4t Potsdam<\/em><\/p>\n<p>2002-2003<br \/>\n<strong>Wissenschaftlicher Mitarbeiter<\/strong>; bei Prof. Dr. Tibor Kiss<br \/>\nSprachwissenschaftliches Institut<br \/>\n<em>Ruhr-Universit\u00e4t Bochum<\/em><\/p>\n<p>2002<br \/>\n<strong>Studienabschluss (Magister Artium)<br \/>\n<\/strong>Magisterarbeit zum Thema \u201eTopikalisierung als syntaktisches Ph\u00e4nomen in Aussages\u00e4tzen\u201c<br \/>\nBetreuer: Prof. Dr. Gisa Rauh, Prof. Dr. Joachim Jacobs<br \/>\nAllgemeine Sprachwissenschaft (Hauptfach), Sprachwissenschaft des Deutschen, Psychologie (Nebenf\u00e4cher)<br \/>\n<em>Universit\u00e4t Wuppertal<\/em><\/p>\n<p>1999-2000<br \/>\n<strong>Erasmus-Auslandsstudium<\/strong><br \/>\n<em>Universit\u00e9 Sorbonne Nouvelle \u2013 Paris 3<\/em><\/p>\n<p>&nbsp;<\/p>\n","protected":false},"excerpt":{"rendered":"<p>2020- Universit\u00e4tsprofessor \/ Professeur des Universit\u00e9s Linguistik und Sprachdidaktik \/ Linguistique et Didactique des Langues Universit\u00e9 de Lorraine Nancy (Frankreich) Laboratoire ATILF-CNRS\/UL &amp; UFR SHS &#8211; D\u00e9partement Sciences du Langage 2019- Affiliert mit: The Bilingualism Research Laboratory (University of Illinois Chicago, USA) 2019 Preistr\u00e4ger: 1822-Universit\u00e4tspreis f\u00fcr exzellente Lehre Goethe-Universit\u00e4t Frankfurt 2014\/2015 Habilitation (Venia \u00ab\u00a0Romanistik\u00a0\u00bb) Goethe-Universit\u00e4t [&hellip;]<\/p>\n","protected":false},"author":1,"featured_media":0,"parent":0,"menu_order":0,"comment_status":"closed","ping_status":"closed","template":"","meta":{"footnotes":""},"class_list":["post-23","page","type-page","status-publish","hentry"],"_links":{"self":[{"href":"https:\/\/perso.atilf.fr\/ifeldhausen\/wp-json\/wp\/v2\/pages\/23","targetHints":{"allow":["GET"]}}],"collection":[{"href":"https:\/\/perso.atilf.fr\/ifeldhausen\/wp-json\/wp\/v2\/pages"}],"about":[{"href":"https:\/\/perso.atilf.fr\/ifeldhausen\/wp-json\/wp\/v2\/types\/page"}],"author":[{"embeddable":true,"href":"https:\/\/perso.atilf.fr\/ifeldhausen\/wp-json\/wp\/v2\/users\/1"}],"replies":[{"embeddable":true,"href":"https:\/\/perso.atilf.fr\/ifeldhausen\/wp-json\/wp\/v2\/comments?post=23"}],"version-history":[{"count":12,"href":"https:\/\/perso.atilf.fr\/ifeldhausen\/wp-json\/wp\/v2\/pages\/23\/revisions"}],"predecessor-version":[{"id":437,"href":"https:\/\/perso.atilf.fr\/ifeldhausen\/wp-json\/wp\/v2\/pages\/23\/revisions\/437"}],"wp:attachment":[{"href":"https:\/\/perso.atilf.fr\/ifeldhausen\/wp-json\/wp\/v2\/media?parent=23"}],"curies":[{"name":"wp","href":"https:\/\/api.w.org\/{rel}","templated":true}]}}