{"id":23,"date":"2015-06-29T13:44:14","date_gmt":"2015-06-29T12:44:14","guid":{"rendered":"https:\/\/apps.atilf.fr\/homepages\/?page_id=23"},"modified":"2023-11-28T18:21:27","modified_gmt":"2023-11-28T17:21:27","slug":"cv","status":"publish","type":"page","link":"https:\/\/perso.atilf.fr\/jglikman\/cv\/","title":{"rendered":"CV"},"content":{"rendered":"<p><span style=\"text-decoration: underline\"><strong>T\u00e9l\u00e9chargement<\/strong><\/span><\/p>\n<p><a href=\"https:\/\/perso.atilf.fr\/jglikman\/wp-content\/uploads\/sites\/115\/2023\/11\/GLIKMAN_CV_10.2023.pdf\">GLIKMAN_CV_10.2023<\/a><\/p>\n<p><span style=\"text-decoration: underline\"><strong>Formation<\/strong><\/span><\/p>\n<p class=\"western\" align=\"justify\"><b>Habilitation \u00e0 diriger des recherches<\/b> en Sciences du Langage (Universit\u00e9 Savoie Mont Blanc)\u00a0: <i>Entre contrainte et choix : Usages, normes et repr\u00e9sentations en syntaxe dans l\u2019histoire du fran\u00e7ais.<\/i><span style=\"font-size: small\"><u> Membres<\/u><\/span><span style=\"font-size: small\"><u> du jury<\/u><\/span><span style=\"font-size: small\">\u00a0: <\/span><span style=\"font-size: small\">Andreas DUFTER (Ludwig-Maximilians-Universit\u00e4t M\u00fcnchen), C\u00e9line GUILLOT-BARBANCE (ENS Lyon), Sylvain KAHANE (U. Paris Nanterre), Dominique LAGORGETTE (U. Savoie Mont Blanc, garante), Lene SCH\u00d8SLER (U. de Copenhague), Gilles SIOUFFI (Sorbonne Universit\u00e9), Agn\u00e8s STEUCKARDT (U. de Montpellier 3). <\/span><span style=\"font-size: small\"><u>Lien pour t\u00e9l\u00e9charger le volume de synth\u00e8se\u00a0<\/u><\/span><span style=\"font-size: small\">: <\/span><span style=\"color: #0563c1\"><u><a href=\"https:\/\/hal.science\/tel-03988853v1\"><span style=\"font-size: small\">https:\/\/hal.science\/tel-03988853v1<\/span><\/a><\/u><\/span><\/p>\n<p class=\"western\" align=\"justify\"><b>Th\u00e8se de doctorat en cotutelle <\/b>en Sciences du Langage (Universit\u00e9 Paris Ouest Nanterre \u2013 La D\u00e9fense, France et Universit\u00e9 de Potsdam, Allemagne)\u00a0: <i>Parataxe et Subordination en Ancien Fran\u00e7ais, Syst\u00e8me syntaxique, variantes et variation<\/i>, mention tr\u00e8s honorable avec les f\u00e9licitations du jury, financement\u00a0: allocataire de recherche. Soutenue publiquement le 5 d\u00e9cembre 2009.<\/p>\n<p><span style=\"text-decoration: underline\"><strong>Exp\u00e9rience professionnelle<\/strong><\/span><\/p>\n<p>Depuis 2023 : Professeure en linguistique fran\u00e7aise diachronique, Universit\u00e9 de Lorraine<\/p>\n<p>2012-2023 : MCF en linguistique fran\u00e7aise diachronique, Universit\u00e9 de Strasbourg<\/p>\n","protected":false},"excerpt":{"rendered":"<p>T\u00e9l\u00e9chargement GLIKMAN_CV_10.2023 Formation Habilitation \u00e0 diriger des recherches en Sciences du Langage (Universit\u00e9 Savoie Mont Blanc)\u00a0: Entre contrainte et choix : Usages, normes et repr\u00e9sentations en syntaxe dans l\u2019histoire du fran\u00e7ais. Membres du jury\u00a0: Andreas DUFTER (Ludwig-Maximilians-Universit\u00e4t M\u00fcnchen), C\u00e9line GUILLOT-BARBANCE (ENS Lyon), Sylvain KAHANE (U. Paris Nanterre), Dominique LAGORGETTE (U. Savoie Mont Blanc, garante), Lene [&hellip;]<\/p>\n","protected":false},"author":1,"featured_media":0,"parent":0,"menu_order":0,"comment_status":"closed","ping_status":"closed","template":"","meta":{"footnotes":""},"class_list":["post-23","page","type-page","status-publish","hentry"],"_links":{"self":[{"href":"https:\/\/perso.atilf.fr\/jglikman\/wp-json\/wp\/v2\/pages\/23","targetHints":{"allow":["GET"]}}],"collection":[{"href":"https:\/\/perso.atilf.fr\/jglikman\/wp-json\/wp\/v2\/pages"}],"about":[{"href":"https:\/\/perso.atilf.fr\/jglikman\/wp-json\/wp\/v2\/types\/page"}],"author":[{"embeddable":true,"href":"https:\/\/perso.atilf.fr\/jglikman\/wp-json\/wp\/v2\/users\/1"}],"replies":[{"embeddable":true,"href":"https:\/\/perso.atilf.fr\/jglikman\/wp-json\/wp\/v2\/comments?post=23"}],"version-history":[{"count":9,"href":"https:\/\/perso.atilf.fr\/jglikman\/wp-json\/wp\/v2\/pages\/23\/revisions"}],"predecessor-version":[{"id":366,"href":"https:\/\/perso.atilf.fr\/jglikman\/wp-json\/wp\/v2\/pages\/23\/revisions\/366"}],"wp:attachment":[{"href":"https:\/\/perso.atilf.fr\/jglikman\/wp-json\/wp\/v2\/media?parent=23"}],"curies":[{"name":"wp","href":"https:\/\/api.w.org\/{rel}","templated":true}]}}