{"id":25,"date":"2015-06-29T13:45:00","date_gmt":"2015-06-29T12:45:00","guid":{"rendered":"https:\/\/apps.atilf.fr\/homepages\/?page_id=25"},"modified":"2023-11-28T18:03:39","modified_gmt":"2023-11-28T17:03:39","slug":"recherche","status":"publish","type":"page","link":"https:\/\/perso.atilf.fr\/jglikman\/recherche\/","title":{"rendered":"Recherche"},"content":{"rendered":"<p class=\"western\" align=\"justify\">Mes activit\u00e9s de recherche, d\u2019encadrement et de diffusion scientifique portent sur le changement linguistique. Mon expertise porte en particulier sur la syntaxe du fran\u00e7ais, notamment l\u2019\u00e9tude de la subordination et de ses marqueurs, la repr\u00e9sentation de l\u2019oral en diachronie et l\u2019\u00e9tude des cha\u00eenes de r\u00e9f\u00e9rence. Je me suis \u00e9galement int\u00e9ress\u00e9e au r\u00f4le des genres (discursifs ou textuels) dans l\u2019\u00e9volution des ph\u00e9nom\u00e8nes linguistiques.<\/p>\n<p class=\"western\" align=\"justify\">Mes recherches plus r\u00e9centes cherchent \u00e9galement \u00e0 int\u00e9grer les discours m\u00e9talinguistiques, \u00e9manant de sp\u00e9cialistes ou non, comme le sentiment linguistique des locuteurs, dans l\u2019\u00e9tude du changement linguistique. Les p\u00e9riodes postm\u00e9di\u00e9vales du fran\u00e7ais constituent une p\u00e9riode particuli\u00e8rement favorable pour mener ce genre d\u2019\u00e9tude, gr\u00e2ce \u00e0 une production abondante conserv\u00e9e jusqu\u2019\u00e0 nos jours et \u00e0 la naissance de la grammatisation du fran\u00e7ais, qui nous donne acc\u00e8s aux repr\u00e9sentations linguistiques. Mes travaux visant \u00e0 interroger les rapports entre jugement des locuteurs, usages et changement linguistique se concentrent donc principalement sur les p\u00e9riodes \u00e0 partir du 16<sup>e<\/sup> si\u00e8cle, jusqu\u2019au fran\u00e7ais contemporain. Mon approche diachronique repose donc non seulement sur le fait d\u2019avoir de plus en plus d\u2019occurrences d\u2019une forme dans des contextes de plus en plus vari\u00e9s, mais aussi sur la perception de ces formes, pour replacer le locuteur au centre de l\u2019\u00e9tude du changement<\/p>\n<p class=\"western\" align=\"justify\">La conception du changement linguistique \u00e0 laquelle j\u2019adh\u00e8re suppose une phase de variation. C\u2019est sur cette phase de variation et sur le statut des variantes, que je concentre la plupart de mes recherches, en y incluant les diff\u00e9rents param\u00e8tres de variation que je r\u00e9interroge au passage.<\/p>\n<p><span style=\"text-decoration: underline\"><strong>\u00a0<\/strong><\/span><\/p>\n","protected":false},"excerpt":{"rendered":"<p>Mes activit\u00e9s de recherche, d\u2019encadrement et de diffusion scientifique portent sur le changement linguistique. Mon expertise porte en particulier sur la syntaxe du fran\u00e7ais, notamment l\u2019\u00e9tude de la subordination et de ses marqueurs, la repr\u00e9sentation de l\u2019oral en diachronie et l\u2019\u00e9tude des cha\u00eenes de r\u00e9f\u00e9rence. Je me suis \u00e9galement int\u00e9ress\u00e9e au r\u00f4le des genres (discursifs [&hellip;]<\/p>\n","protected":false},"author":1,"featured_media":0,"parent":0,"menu_order":0,"comment_status":"closed","ping_status":"closed","template":"","meta":{"footnotes":""},"class_list":["post-25","page","type-page","status-publish","hentry"],"_links":{"self":[{"href":"https:\/\/perso.atilf.fr\/jglikman\/wp-json\/wp\/v2\/pages\/25","targetHints":{"allow":["GET"]}}],"collection":[{"href":"https:\/\/perso.atilf.fr\/jglikman\/wp-json\/wp\/v2\/pages"}],"about":[{"href":"https:\/\/perso.atilf.fr\/jglikman\/wp-json\/wp\/v2\/types\/page"}],"author":[{"embeddable":true,"href":"https:\/\/perso.atilf.fr\/jglikman\/wp-json\/wp\/v2\/users\/1"}],"replies":[{"embeddable":true,"href":"https:\/\/perso.atilf.fr\/jglikman\/wp-json\/wp\/v2\/comments?post=25"}],"version-history":[{"count":5,"href":"https:\/\/perso.atilf.fr\/jglikman\/wp-json\/wp\/v2\/pages\/25\/revisions"}],"predecessor-version":[{"id":353,"href":"https:\/\/perso.atilf.fr\/jglikman\/wp-json\/wp\/v2\/pages\/25\/revisions\/353"}],"wp:attachment":[{"href":"https:\/\/perso.atilf.fr\/jglikman\/wp-json\/wp\/v2\/media?parent=25"}],"curies":[{"name":"wp","href":"https:\/\/api.w.org\/{rel}","templated":true}]}}