{"id":35,"date":"2015-06-29T13:47:31","date_gmt":"2015-06-29T12:47:31","guid":{"rendered":"https:\/\/apps.atilf.fr\/homepages\/?page_id=35"},"modified":"2023-11-28T18:12:48","modified_gmt":"2023-11-28T17:12:48","slug":"accueil","status":"publish","type":"page","link":"https:\/\/perso.atilf.fr\/jglikman\/","title":{"rendered":"Accueil"},"content":{"rendered":"<p style=\"text-align: left\"><span style=\"text-decoration: underline\"><strong>Fonctions<\/strong><\/span><\/p>\n\n<table id=\"tablepress-3\" class=\"tablepress tablepress-id-3\">\n<tbody class=\"row-striping row-hover\">\n<tr class=\"row-1\">\n\t<td class=\"column-1\"><a href=\"https:\/\/perso.atilf.fr\/jglikman\/wp-content\/uploads\/sites\/115\/2025\/06\/2025_Glikman.png\"><img loading=\"lazy\" decoding=\"async\" src=\"https:\/\/perso.atilf.fr\/jglikman\/wp-content\/uploads\/sites\/115\/2025\/06\/2025_Glikman-300x300.png\" alt=\"\" width=\"300\" height=\"300\" class=\"alignnone size-medium wp-image-378\" srcset=\"https:\/\/perso.atilf.fr\/jglikman\/wp-content\/uploads\/sites\/115\/2025\/06\/2025_Glikman-300x300.png 300w, https:\/\/perso.atilf.fr\/jglikman\/wp-content\/uploads\/sites\/115\/2025\/06\/2025_Glikman-150x150.png 150w, https:\/\/perso.atilf.fr\/jglikman\/wp-content\/uploads\/sites\/115\/2025\/06\/2025_Glikman-768x768.png 768w, https:\/\/perso.atilf.fr\/jglikman\/wp-content\/uploads\/sites\/115\/2025\/06\/2025_Glikman.png 1024w\" sizes=\"auto, (max-width: 300px) 100vw, 300px\" \/><\/a><\/td><td class=\"column-2\">Professeure de Linguistique Fran\u00e7aise Diachronique \u00e0 l'Universit\u00e9 de Lorraine (Section 07 du CNU)<br \/>\n<br \/>\nVice-directrice de la revue <a href=\"https:\/\/studialinguisticaromanica.org\">Studia Linguistica Romanica<\/a><br \/>\n<br \/>\nPorteuse du projet <a href=\"https:\/\/www.atilf.fr\/ressources\/autres-projets-ressources\/\">Corpus Les Vocaux<\/a> <br \/>\n<\/td>\n<\/tr>\n<\/tbody>\n<\/table>\n<!-- #tablepress-3 from cache -->\n<p><span style=\"text-decoration: underline\"><strong>Coordonn\u00e9es au laboratoire ATILF<\/strong><\/span><\/p>\n\n<table id=\"tablepress-4\" class=\"tablepress tablepress-id-4\">\n<tbody class=\"row-striping\">\n<tr class=\"row-1\">\n\t<td class=\"column-1\">Axe<\/td><td class=\"column-2\">Diachronie<\/td>\n<\/tr>\n<tr class=\"row-2\">\n\t<td class=\"column-1\">Courriel<\/td><td class=\"column-2\"><a href=\"mailto:jglikman@atilf.fr\">jglikman@atilf.fr<\/a><br \/>\n<a href=\"mailto:julie.glikman@univ-lorraine.fr\">julie.glikman@univ-lorraine.fr<\/a><\/td>\n<\/tr>\n<tr class=\"row-3\">\n\t<td class=\"column-1\">T\u00e9l\u00e9copie<\/td><td class=\"column-2\">+33 (0)3 83 97 24 56<\/td>\n<\/tr>\n<tr class=\"row-4\">\n\t<td class=\"column-1\">Lieu<\/td><td class=\"column-2\">Bureau 204 - 2e \u00e9tage - <a href=\"http:\/\/www.atilf.fr\/spip.php?article70\" target=\"_blank\" rel=\"noopener\">B\u00e2timent CNRS<\/a><\/td>\n<\/tr>\n<tr class=\"row-5\">\n\t<td class=\"column-1\">Adresse<\/td><td class=\"column-2\">ATILF (CNRS &amp; Universit\u00e9 de Lorraine) <br \/>\n44, avenue de la Lib\u00e9ration <br \/>\nB.P. 30687 <br \/>\n54063 Nancy Cedex<\/td>\n<\/tr>\n<\/tbody>\n<\/table>\n<!-- #tablepress-4 from cache -->\n<p>&nbsp;<\/p>\n","protected":false},"excerpt":{"rendered":"<p>Fonctions Coordonn\u00e9es au laboratoire ATILF &nbsp;<\/p>\n","protected":false},"author":1,"featured_media":0,"parent":0,"menu_order":0,"comment_status":"closed","ping_status":"closed","template":"","meta":{"footnotes":""},"class_list":["post-35","page","type-page","status-publish","hentry"],"_links":{"self":[{"href":"https:\/\/perso.atilf.fr\/jglikman\/wp-json\/wp\/v2\/pages\/35","targetHints":{"allow":["GET"]}}],"collection":[{"href":"https:\/\/perso.atilf.fr\/jglikman\/wp-json\/wp\/v2\/pages"}],"about":[{"href":"https:\/\/perso.atilf.fr\/jglikman\/wp-json\/wp\/v2\/types\/page"}],"author":[{"embeddable":true,"href":"https:\/\/perso.atilf.fr\/jglikman\/wp-json\/wp\/v2\/users\/1"}],"replies":[{"embeddable":true,"href":"https:\/\/perso.atilf.fr\/jglikman\/wp-json\/wp\/v2\/comments?post=35"}],"version-history":[{"count":37,"href":"https:\/\/perso.atilf.fr\/jglikman\/wp-json\/wp\/v2\/pages\/35\/revisions"}],"predecessor-version":[{"id":359,"href":"https:\/\/perso.atilf.fr\/jglikman\/wp-json\/wp\/v2\/pages\/35\/revisions\/359"}],"wp:attachment":[{"href":"https:\/\/perso.atilf.fr\/jglikman\/wp-json\/wp\/v2\/media?parent=35"}],"curies":[{"name":"wp","href":"https:\/\/api.w.org\/{rel}","templated":true}]}}