{"id":13,"date":"2015-06-29T13:43:15","date_gmt":"2015-06-29T12:43:15","guid":{"rendered":"https:\/\/apps.atilf.fr\/homepages\/?page_id=13"},"modified":"2021-09-11T14:32:47","modified_gmt":"2021-09-11T13:32:47","slug":"enseignement","status":"publish","type":"page","link":"https:\/\/perso.atilf.fr\/jjezequel\/enseignement\/","title":{"rendered":"Enseignement"},"content":{"rendered":"<h4><span style=\"text-decoration: underline\">Enseignements<\/span><\/h4>\n\n<table id=\"tablepress-19\" class=\"tablepress tablepress-id-19\">\n<tbody class=\"row-striping row-hover\">\n<tr class=\"row-1\">\n\t<td class=\"column-1\">2021-2022<\/td><td class=\"column-2\">CM &amp; TD L2-S3\u00a0<strong>Lexicographies synchronique et diachronique<\/strong> (44h)<br \/>\nCM &amp; TD L1-S1\u00a0<strong>\u00c9tymologie du fran\u00e7ais<\/strong> (9h)<br \/>\nUniversit\u00e9 de Lorraine, Nancy, UFR SHS<\/td>\n<\/tr>\n<tr class=\"row-2\">\n\t<td class=\"column-1\">2020-2021<\/td><td class=\"column-2\">CM &amp; TD L1-S1\u00a0<strong>\u00c9tymologie du fran\u00e7ais<\/strong> (12h)<br \/>\nUniversit\u00e9 de Lorraine, Nancy, UFR SHS<\/td>\n<\/tr>\n<tr class=\"row-3\">\n\t<td class=\"column-1\">2019-2020<\/td><td class=\"column-2\">TD L1-S1 <strong>Grammaire et Histoire de la langue<\/strong> (72h)<br \/>\nSorbonne Universit\u00e9, Facult\u00e9 des Lettres, UFR de Langue fran\u00e7aise<\/td>\n<\/tr>\n<\/tbody>\n<\/table>\n<!-- #tablepress-19 from cache -->\n","protected":false},"excerpt":{"rendered":"<p>Enseignements<\/p>\n","protected":false},"author":1,"featured_media":0,"parent":0,"menu_order":0,"comment_status":"closed","ping_status":"closed","template":"","meta":{"footnotes":""},"class_list":["post-13","page","type-page","status-publish","hentry"],"_links":{"self":[{"href":"https:\/\/perso.atilf.fr\/jjezequel\/wp-json\/wp\/v2\/pages\/13","targetHints":{"allow":["GET"]}}],"collection":[{"href":"https:\/\/perso.atilf.fr\/jjezequel\/wp-json\/wp\/v2\/pages"}],"about":[{"href":"https:\/\/perso.atilf.fr\/jjezequel\/wp-json\/wp\/v2\/types\/page"}],"author":[{"embeddable":true,"href":"https:\/\/perso.atilf.fr\/jjezequel\/wp-json\/wp\/v2\/users\/1"}],"replies":[{"embeddable":true,"href":"https:\/\/perso.atilf.fr\/jjezequel\/wp-json\/wp\/v2\/comments?post=13"}],"version-history":[{"count":16,"href":"https:\/\/perso.atilf.fr\/jjezequel\/wp-json\/wp\/v2\/pages\/13\/revisions"}],"predecessor-version":[{"id":613,"href":"https:\/\/perso.atilf.fr\/jjezequel\/wp-json\/wp\/v2\/pages\/13\/revisions\/613"}],"wp:attachment":[{"href":"https:\/\/perso.atilf.fr\/jjezequel\/wp-json\/wp\/v2\/media?parent=13"}],"curies":[{"name":"wp","href":"https:\/\/api.w.org\/{rel}","templated":true}]}}