{"id":15,"date":"2015-06-29T13:43:26","date_gmt":"2015-06-29T12:43:26","guid":{"rendered":"https:\/\/apps.atilf.fr\/homepages\/?page_id=15"},"modified":"2020-09-18T16:48:54","modified_gmt":"2020-09-18T15:48:54","slug":"projets","status":"publish","type":"page","link":"https:\/\/perso.atilf.fr\/jjezequel\/projets\/","title":{"rendered":"Projets"},"content":{"rendered":"<h4>\u2022<a href=\"https:\/\/perso.atilf.fr\/jjezequel\/projets\/dcv16\/\"><strong><em>Dictionnaire en ligne des constructions du verbe fran\u00e7ais au XVIe si\u00e8cle<\/em> (DCV16)<\/strong><\/a><\/h4>\n<p>&nbsp;<\/p>\n<h4>\u2022 <a href=\"https:\/\/perso.atilf.fr\/jjezequel\/projets\/lemmatisation-af\/\">\u00c9dition \u00e9lectronique des textes de Fran\u00e7ois Villon (agr\u00e9gation 2021)<\/a><\/h4>\n<p>&nbsp;<\/p>\n","protected":false},"excerpt":{"rendered":"<p>\u2022Dictionnaire en ligne des constructions du verbe fran\u00e7ais au XVIe si\u00e8cle (DCV16) &nbsp; \u2022 \u00c9dition \u00e9lectronique des textes de Fran\u00e7ois Villon (agr\u00e9gation 2021) &nbsp;<\/p>\n","protected":false},"author":1,"featured_media":0,"parent":0,"menu_order":0,"comment_status":"closed","ping_status":"closed","template":"","meta":{"footnotes":""},"class_list":["post-15","page","type-page","status-publish","hentry"],"_links":{"self":[{"href":"https:\/\/perso.atilf.fr\/jjezequel\/wp-json\/wp\/v2\/pages\/15","targetHints":{"allow":["GET"]}}],"collection":[{"href":"https:\/\/perso.atilf.fr\/jjezequel\/wp-json\/wp\/v2\/pages"}],"about":[{"href":"https:\/\/perso.atilf.fr\/jjezequel\/wp-json\/wp\/v2\/types\/page"}],"author":[{"embeddable":true,"href":"https:\/\/perso.atilf.fr\/jjezequel\/wp-json\/wp\/v2\/users\/1"}],"replies":[{"embeddable":true,"href":"https:\/\/perso.atilf.fr\/jjezequel\/wp-json\/wp\/v2\/comments?post=15"}],"version-history":[{"count":24,"href":"https:\/\/perso.atilf.fr\/jjezequel\/wp-json\/wp\/v2\/pages\/15\/revisions"}],"predecessor-version":[{"id":569,"href":"https:\/\/perso.atilf.fr\/jjezequel\/wp-json\/wp\/v2\/pages\/15\/revisions\/569"}],"wp:attachment":[{"href":"https:\/\/perso.atilf.fr\/jjezequel\/wp-json\/wp\/v2\/media?parent=15"}],"curies":[{"name":"wp","href":"https:\/\/api.w.org\/{rel}","templated":true}]}}