{"id":190,"date":"2016-02-24T12:11:16","date_gmt":"2016-02-24T11:11:16","guid":{"rendered":"https:\/\/apps.atilf.fr\/homepages\/?page_id=190"},"modified":"2016-02-24T12:11:16","modified_gmt":"2016-02-24T11:11:16","slug":"hal","status":"publish","type":"page","link":"https:\/\/perso.atilf.fr\/jjezequel\/hal\/","title":{"rendered":"HAL"},"content":{"rendered":"<div id=\"wphal-content\"><ul id=\"wphal-menu\"><li><a href=\"#publications\" onclick=\"displayElem('publications'); return false;\" style=\"font-size:18px;text-decoration: none\">Publications<\/a><\/li><li><a href=\"#filtres\" onclick=\"return false;\" style=\"font-size:18px;text-decoration: none;cursor:default\">M\u00e9tadonn\u00e9es<\/a><ul id=\"wphal-filtres\"><li><a href=\"#disciplines\" onclick=\"displayElem('wphal-disciplines'); return false;\" style=\"margin:1px;text-decoration: none\">Disciplines<\/a><\/li><li><a href=\"#keywords\" onclick=\"displayElem('wphal-keywords'); return false;\" style=\"margin:1px;text-decoration: none\">Mots-clefs<\/a><\/li><li><a href=\"#auteurs\" onclick=\"displayElem('wphal-auteurs'); return false;\" style=\"margin:1px;text-decoration: none\">Auteurs<\/a><\/li><li><a href=\"#revues\" onclick=\"displayElem('wphal-revues'); return false;\" style=\"margin:1px;text-decoration: none\">Revues<\/a><\/li><li><a href=\"#annees\" onclick=\"displayElem('wphal-annees'); return false;\" style=\"margin:1px;text-decoration: none\">Ann\u00e9e de production<\/a><\/li><\/ul><\/li><\/ul><br \/><hr><div id=\"meta\">\n        <div class=\"display\" id=\"wphal-contact\" style=\"display: none\">\n            <h3 class=\"wphal-titre\">Contact<\/h3>\n\n            <ul id=\"wphal-cont\" style=\"list-style-type: none\"><div class=\"wphal-infocontact\" id=\"wphal-infocontact0\"><li class=\"wphal-fullname\"><span>Nom : <\/span><span>Jean-Michel J\u00e9z\u00e9quel<\/span><\/li><li class=\"wphal-idhal\"><span>IdHAL : <\/span><span>jean-michel-jezequel<\/span><\/li><\/div><\/ul>\n        <\/div>\n        <div class=\"display\" id=\"wphal-disciplines\" style=\"display: none\">\n            <h3 class=\"wphal-titre\">Disciplines<\/h3><div id=\"listdisci\"><span id=\"tridisciplines\"><button type=\"button\" class=\"trial\" id=\"tridisci\" onclick=\"toggleSort(this, true, 'wphal-discipline', 'wphal-discipline', 'tridisci'); return false;\" style=\"font-size:16px;text-decoration: none\">Tri Alphab\u00e9tique<\/button><button type=\"button\" class=\"trioc\" id=\"trinbdisci\" onclick=\"toggleSort(this, false, 'wphal-discipline', 'wphal-discipline', 'trinbdisci'); return false;\" style=\"font-size:16px;text-decoration: none\">Tri Occurrence<\/button><\/span><ul id=\"wphal-discipline\" class=\"wphal-discipline\"><li class=\"metadata\" data-percentage=\"2\"><a href=\"https:\/\/hal.science\/search\/index\/?q=domainAllCode_s:info.info-tt+AND+authIdHal_s:(jean-michel-jezequel)\" target=\"_blank\">Informatique [cs]\/Traitement du texte et du document<\/a><span class=\"wphal-nbmetadata\">2<\/span><\/li><li class=\"metadata\" data-percentage=\"2\"><a href=\"https:\/\/hal.science\/search\/index\/?q=domainAllCode_s:shs.langue+AND+authIdHal_s:(jean-michel-jezequel)\" target=\"_blank\">Sciences de l'Homme et Soci\u00e9t\u00e9\/Linguistique<\/a><span class=\"wphal-nbmetadata\">2<\/span><\/li><\/ul><\/div><div id=\"wphal-graph\" style=\"display:none\"><div id=\"wphal-piedisci\"><\/div><\/div><button type=\"button\" style=\"text-decoration: none\" id=\"wphal-disci\" onclick=\"visibilitedisci('listdisci','wphal-graph','tridisciplines'); return false;\">Graphique<\/button><\/div>\n        <div class=\"display\" id=\"wphal-keywords\" style=\"display: none\">\n            <h3 class=\"wphal-titre\">Mots-clefs<\/h3><div id=\"wphal-keys\"><a style=\"display: inline-block;font-size:10px\" href=\"https:\/\/hal.science\/search\/index\/?q=keyword_s:%22Agr%C3%A9gation%22+AND+authIdHal_s:(jean-michel-jezequel)\" target=\"_blank\">Agr\u00e9gation<\/a>&nbsp;<a style=\"display: inline-block;font-size:18px\" href=\"https:\/\/hal.science\/search\/index\/?q=keyword_s:%22Ancien+fran%C3%A7ais%22+AND+authIdHal_s:(jean-michel-jezequel)\" target=\"_blank\">Ancien fran\u00e7ais<\/a>&nbsp;<a style=\"display: inline-block;font-size:10px\" href=\"https:\/\/hal.science\/search\/index\/?q=keyword_s:%22DMF%22+AND+authIdHal_s:(jean-michel-jezequel)\" target=\"_blank\">DMF<\/a>&nbsp;<a style=\"display: inline-block;font-size:10px\" href=\"https:\/\/hal.science\/search\/index\/?q=keyword_s:%22LGeRM%22+AND+authIdHal_s:(jean-michel-jezequel)\" target=\"_blank\">LGeRM<\/a>&nbsp;<a style=\"display: inline-block;font-size:10px\" href=\"https:\/\/hal.science\/search\/index\/?q=keyword_s:%22Lemmatisation%22+AND+authIdHal_s:(jean-michel-jezequel)\" target=\"_blank\">Lemmatisation<\/a>&nbsp;<a style=\"display: inline-block;font-size:18px\" href=\"https:\/\/hal.science\/search\/index\/?q=keyword_s:%22Mort+Arthur%22+AND+authIdHal_s:(jean-michel-jezequel)\" target=\"_blank\">Mort Arthur<\/a>&nbsp;<a style=\"display: inline-block;font-size:18px\" href=\"https:\/\/hal.science\/search\/index\/?q=keyword_s:%22Moyen+fran%C3%A7ais%22+AND+authIdHal_s:(jean-michel-jezequel)\" target=\"_blank\">Moyen fran\u00e7ais<\/a>&nbsp;<a style=\"display: inline-block;font-size:18px\" href=\"https:\/\/hal.science\/search\/index\/?q=keyword_s:%22Villon%22+AND+authIdHal_s:(jean-michel-jezequel)\" target=\"_blank\">Villon<\/a>&nbsp;<a style=\"display: inline-block;font-size:10px\" href=\"https:\/\/hal.science\/search\/index\/?q=keyword_s:%22%C3%89dition+%C3%A9lectronique%22+AND+authIdHal_s:(jean-michel-jezequel)\" target=\"_blank\">\u00c9dition \u00e9lectronique<\/a>&nbsp;<a style=\"display: inline-block;font-size:10px\" href=\"https:\/\/hal.science\/search\/index\/?q=keyword_s:%22%C3%89tiquetage+morpho-syntaxique%22+AND+authIdHal_s:(jean-michel-jezequel)\" target=\"_blank\">\u00c9tiquetage morpho-syntaxique<\/a>&nbsp;<\/div><div id=\"keysuite\" style=\"display:none\"><span id=\"trikeywords\"><button type=\"button\" class=\"trial\" id=\"trikey\" onclick=\"toggleSort(this, true, 'wphal-keyw', 'wphal-keyword', 'trikey'); return false;\" style=\"font-size:16px;text-decoration: none\">Tri Alphab\u00e9tique<\/button><button type=\"button\" class=\"trioc\" id=\"trinbkey\" onclick=\"toggleSort(this, false, 'wphal-keyw', 'wphal-keyword', 'trinbkey'); return false;\" style=\"font-size:16px;text-decoration: none\">Tri Occurrence<\/button><\/span><ul class=\"wphal-keyword\"><div id=\"wphal-keyw\"><li class=\"metadata\" data-percentage=\"2\"><a href=\"https:\/\/hal.science\/search\/index\/?q=keyword_s:%22Agr%C3%A9gation%22+AND+authIdHal_s:(jean-michel-jezequel)\" target=\"_blank\">Agr\u00e9gation<\/a><span class=\"wphal-nbmetadata\">2<\/span><\/li><li class=\"metadata\" data-percentage=\"2\"><a href=\"https:\/\/hal.science\/search\/index\/?q=keyword_s:%22DMF%22+AND+authIdHal_s:(jean-michel-jezequel)\" target=\"_blank\">DMF<\/a><span class=\"wphal-nbmetadata\">2<\/span><\/li><li class=\"metadata\" data-percentage=\"2\"><a href=\"https:\/\/hal.science\/search\/index\/?q=keyword_s:%22LGeRM%22+AND+authIdHal_s:(jean-michel-jezequel)\" target=\"_blank\">LGeRM<\/a><span class=\"wphal-nbmetadata\">2<\/span><\/li><li class=\"metadata\" data-percentage=\"2\"><a href=\"https:\/\/hal.science\/search\/index\/?q=keyword_s:%22Lemmatisation%22+AND+authIdHal_s:(jean-michel-jezequel)\" target=\"_blank\">Lemmatisation<\/a><span class=\"wphal-nbmetadata\">2<\/span><\/li><li class=\"metadata\" data-percentage=\"2\"><a href=\"https:\/\/hal.science\/search\/index\/?q=keyword_s:%22%C3%89dition+%C3%A9lectronique%22+AND+authIdHal_s:(jean-michel-jezequel)\" target=\"_blank\">\u00c9dition \u00e9lectronique<\/a><span class=\"wphal-nbmetadata\">2<\/span><\/li><li class=\"metadata\" data-percentage=\"2\"><a href=\"https:\/\/hal.science\/search\/index\/?q=keyword_s:%22%C3%89tiquetage+morpho-syntaxique%22+AND+authIdHal_s:(jean-michel-jezequel)\" target=\"_blank\">\u00c9tiquetage morpho-syntaxique<\/a><span class=\"wphal-nbmetadata\">2<\/span><\/li><li class=\"metadata\" data-percentage=\"1\"><a href=\"https:\/\/hal.science\/search\/index\/?q=keyword_s:%22Ancien+fran%C3%A7ais%22+AND+authIdHal_s:(jean-michel-jezequel)\" target=\"_blank\">Ancien fran\u00e7ais<\/a><span class=\"wphal-nbmetadata\">1<\/span><\/li><li class=\"metadata\" data-percentage=\"1\"><a href=\"https:\/\/hal.science\/search\/index\/?q=keyword_s:%22Mort+Arthur%22+AND+authIdHal_s:(jean-michel-jezequel)\" target=\"_blank\">Mort Arthur<\/a><span class=\"wphal-nbmetadata\">1<\/span><\/li><li class=\"metadata\" data-percentage=\"1\"><a href=\"https:\/\/hal.science\/search\/index\/?q=keyword_s:%22Moyen+fran%C3%A7ais%22+AND+authIdHal_s:(jean-michel-jezequel)\" target=\"_blank\">Moyen fran\u00e7ais<\/a><span class=\"wphal-nbmetadata\">1<\/span><\/li><li class=\"metadata\" data-percentage=\"1\"><a href=\"https:\/\/hal.science\/search\/index\/?q=keyword_s:%22Villon%22+AND+authIdHal_s:(jean-michel-jezequel)\" target=\"_blank\">Villon<\/a><span class=\"wphal-nbmetadata\">1<\/span><\/li><\/div><\/ul><\/div><button type=\"button\" style=\"text-decoration: none\" id=\"wphal-key\" onclick=\"visibilitekey('wphal-keys','keysuite', 'trikeywords'); return false;\">Liste compl\u00e8te<\/button><\/div>\n        <div class=\"display\" id=\"wphal-auteurs\" style=\"display: none\">\n            <h3 class=\"wphal-titre\">Auteurs<\/h3><span id=\"triauteurs\"><button type=\"button\" class=\"trial\" id=\"triaut\" onclick=\"toggleSort(this, true, 'wphal-aut', 'auteursuite', 'triaut'); return false;\" style=\"font-size:16px;text-decoration: none\">Tri Alphab\u00e9tique<\/button><button type=\"button\" class=\"trioc\" id=\"trinbaut\" onclick=\"toggleSort(this, false, 'wphal-aut', 'auteursuite', 'trinbaut'); return false;\" style=\"font-size:16px;text-decoration: none\">Tri Occurrence<\/button><\/span><ul class=\"wphal-auteurs\" style=\"list-style-type: none\"><div id=\"wphal-aut\"><li class=\"metadata\" data-percentage=\"2\"><img decoding=\"async\" alt=\"user\" src=\"https:\/\/perso.atilf.fr\/jjezequel\/wp-content\/plugins\/hal\/\/img\/user.svg\" style=\"width:16px;margin-left:2px;margin-right:2px\" \/><a href=\"https:\/\/hal.science\/search\/index\/?q=authIdPerson_i:2398+AND+authIdHal_s:(jean-michel-jezequel)\" target=\"_blank\">Bazin-Tacchella Sylvie<\/a><span class=\"wphal-nbmetadata\">2<\/span><\/li><li class=\"metadata\" data-percentage=\"2\"><img decoding=\"async\" alt=\"user\" src=\"https:\/\/perso.atilf.fr\/jjezequel\/wp-content\/plugins\/hal\/\/img\/user.svg\" style=\"width:16px;margin-left:2px;margin-right:2px\" \/><a href=\"https:\/\/hal.science\/search\/index\/?q=authIdPerson_i:738144+AND+authIdHal_s:(jean-michel-jezequel)\" target=\"_blank\">J\u00e9z\u00e9quel Jean-Michel<\/a><span class=\"wphal-nbmetadata\">2<\/span><\/li><li class=\"metadata\" data-percentage=\"2\"><img decoding=\"async\" alt=\"user\" src=\"https:\/\/perso.atilf.fr\/jjezequel\/wp-content\/plugins\/hal\/\/img\/user.svg\" style=\"width:16px;margin-left:2px;margin-right:2px\" \/><a href=\"https:\/\/hal.science\/search\/index\/?q=authIdPerson_i:9689+AND+authIdHal_s:(jean-michel-jezequel)\" target=\"_blank\">Souvay Gilles<\/a><span class=\"wphal-nbmetadata\">2<\/span><\/li><li class=\"metadata\" data-percentage=\"1\"><img decoding=\"async\" alt=\"user\" src=\"https:\/\/perso.atilf.fr\/jjezequel\/wp-content\/plugins\/hal\/\/img\/user.svg\" style=\"width:16px;margin-left:2px;margin-right:2px\" \/><a href=\"https:\/\/hal.science\/search\/index\/?q=authIdPerson_i:175322+AND+authIdHal_s:(jean-michel-jezequel)\" target=\"_blank\">Denoyelle Corinne<\/a><span class=\"wphal-nbmetadata\">1<\/span><\/li><div id=\"auteursuite\" style=\"display:none\"><\/div><\/div><\/ul><\/div>\n        <div class=\"display\" id=\"wphal-affiliated\" style=\"display: none\">\n            <h3 class=\"wphal-titre\">Auteurs de la structure<\/h3><\/div>\n        <div class=\"display\" id=\"wphal-revues\" style=\"display: none\">\n            <h3 class=\"wphal-titre\">Revues<\/h3><\/div>\n        <div class=\"display\" id=\"wphal-annees\" style=\"display: none\">\n            <h3 class=\"wphal-titre\">Ann\u00e9e de production<\/h3><span id=\"triannees\"><button type=\"button\" class=\"trial\" id=\"trian\" onclick=\"toggleSort(this, true, 'wphal-an', 'anneesuite', 'trian'); return false;\" style=\"font-size:16px;text-decoration: none\">Tri Alphab\u00e9tique<\/button><button type=\"button\" class=\"trioc\" id=\"trinban\" onclick=\"toggleSort(this, false, 'wphal-an', 'anneesuite', 'trinban'); return false;\" style=\"font-size:16px;text-decoration: none\">Tri Occurrence<\/button><\/span><ul class=\"wphal-annees\"><div id=\"wphal-an\"><li class=\"metadata\" data-percentage=\"1\"><a href=\"https:\/\/hal.science\/search\/index\/?q=producedDateY_i:2021+AND+authIdHal_s:(jean-michel-jezequel)\" target=\"_blank\">2021<\/a><span class=\"wphal-nbmetadata\">1<\/span><\/li><li class=\"metadata\" data-percentage=\"1\"><a href=\"https:\/\/hal.science\/search\/index\/?q=producedDateY_i:2020+AND+authIdHal_s:(jean-michel-jezequel)\" target=\"_blank\">2020<\/a><span class=\"wphal-nbmetadata\">1<\/span><\/li><div id=\"anneesuite\" style=\"display:none\"><\/div><\/div><\/ul><\/div>\n        <div class=\"display\" id=\"wphal-insts\" style=\"display: none\">\n            <h3 class=\"wphal-titre\">Institutions<\/h3><\/div>\n       <div class=\"display\" id=\"wphal-labs\" style=\"display: none\">\n            <h3 class=\"wphal-titre\">Laboratoires<\/h3><\/div>\n       <div class=\"display\" id=\"wphal-depts\" style=\"display: none\">\n            <h3 class=\"wphal-titre\">D\u00e9partements<\/h3><\/div>\n       <div class=\"display\" id=\"wphal-equipes\" style=\"display: none\">\n            <h3 class=\"wphal-titre\">\u00c9quipes de recherche<\/h3><\/div>\n    <div class=\"display\" id=\"publications\"><div class=\"counter-doc\"><span class=\"wphal-nbtot\">2 <\/span>documents<\/div><br><div class=\"grp-div\"><h3 class=\"wphal-titre-groupe\">Autres publications<span class=\"wphal-nbmetadata\" style=\"margin-left:10px\">2 document<\/span><\/h3><div class=\"grp-content\"><ul><li>Jean-Michel J\u00e9z\u00e9quel, Sylvie Bazin-Tacchella, Gilles Souvay, Corinne Denoyelle. Texte \u00e9lectronique enrichi par lemmatisation et \u00e9tiquetage morphosyntaxique, portion de La Mort du  roi Arthur, <a href=\"http:\/\/www.atilf.fr\/dmf\/MortArthur\/\">http:\/\/www.atilf.fr\/dmf\/MortArthur\/<\/a>. 2021. <a target=\"_blank\" href=\"https:\/\/hal.science\/hal-03426756v1\">&#x27E8;hal-03426756&#x27E9;<\/a><\/li><li>Jean-Michel J\u00e9z\u00e9quel, Sylvie Bazin-Tacchella, Gilles Souvay. Texte \u00e9lectronique enrichi par lemmatisation et \u00e9tiquetage morphosyntaxique, Lais,Testament, Po\u00e9sies diverses de Fran\u00e7ois Villon, <a href=\"http:\/\/www.atilf.fr\/dmf\/VillonAgregation\/\">http:\/\/www.atilf.fr\/dmf\/VillonAgregation\/<\/a>. 2020. <a target=\"_blank\" href=\"https:\/\/hal.science\/hal-02978724v1\">&#x27E8;hal-02978724&#x27E9;<\/a><\/li><\/ul><\/div><\/div><br><\/div>\n    <\/div>\n<\/div><div class=\"wphal-footer\"><p style=\"color:#B3B2B0\">Documents r\u00e9cup\u00e9r\u00e9s de l'archive ouverte HAL&nbsp;<a href=\"https:\/\/hal.science\/\" target=\"_blank\"><img decoding=\"async\" alt=\"logo\" src=\"https:\/\/perso.atilf.fr\/jjezequel\/wp-content\/plugins\/hal\/img\/logo-hal.png\" style=\"width:90px\"><\/a><\/p><\/div>\n","protected":false},"excerpt":{"rendered":"","protected":false},"author":1,"featured_media":0,"parent":0,"menu_order":0,"comment_status":"closed","ping_status":"closed","template":"","meta":{"footnotes":""},"class_list":["post-190","page","type-page","status-publish","hentry"],"_links":{"self":[{"href":"https:\/\/perso.atilf.fr\/jjezequel\/wp-json\/wp\/v2\/pages\/190","targetHints":{"allow":["GET"]}}],"collection":[{"href":"https:\/\/perso.atilf.fr\/jjezequel\/wp-json\/wp\/v2\/pages"}],"about":[{"href":"https:\/\/perso.atilf.fr\/jjezequel\/wp-json\/wp\/v2\/types\/page"}],"author":[{"embeddable":true,"href":"https:\/\/perso.atilf.fr\/jjezequel\/wp-json\/wp\/v2\/users\/1"}],"replies":[{"embeddable":true,"href":"https:\/\/perso.atilf.fr\/jjezequel\/wp-json\/wp\/v2\/comments?post=190"}],"version-history":[{"count":1,"href":"https:\/\/perso.atilf.fr\/jjezequel\/wp-json\/wp\/v2\/pages\/190\/revisions"}],"predecessor-version":[{"id":191,"href":"https:\/\/perso.atilf.fr\/jjezequel\/wp-json\/wp\/v2\/pages\/190\/revisions\/191"}],"wp:attachment":[{"href":"https:\/\/perso.atilf.fr\/jjezequel\/wp-json\/wp\/v2\/media?parent=190"}],"curies":[{"name":"wp","href":"https:\/\/api.w.org\/{rel}","templated":true}]}}