{"id":23,"date":"2015-06-29T13:44:14","date_gmt":"2015-06-29T12:44:14","guid":{"rendered":"https:\/\/apps.atilf.fr\/homepages\/?page_id=23"},"modified":"2020-03-09T17:55:22","modified_gmt":"2020-03-09T16:55:22","slug":"cv","status":"publish","type":"page","link":"https:\/\/perso.atilf.fr\/jjezequel\/cv\/","title":{"rendered":"CV"},"content":{"rendered":"<h4><span style=\"text-decoration: underline\">T\u00e9l\u00e9chargement<\/span><\/h4>\n<p><em>(\u00e0 venir)<\/em><\/p>\n<h3><span style=\"text-decoration: underline\">Exp\u00e9rience professionnelle<\/span><\/h3>\n\n<table id=\"tablepress-11\" class=\"tablepress tablepress-id-11\">\n<tbody class=\"row-striping row-hover\">\n<tr class=\"row-1\">\n\t<td class=\"column-1\">depuis f\u00e9vrier 2020<\/td><td class=\"column-2\">Ing\u00e9nieur de recherche contractuel CNRS, ATILF (UMR 7118 - CNRS \/ UL)<br \/>\npour le <em>Dictionnaire des Constructions du Verbe au XVIe si\u00e8cle<\/em> <br \/>\nprojet financ\u00e9 par la <a href=\"https:\/\/www.grandnancy.eu\/accueil\/\" rel=\"noopener\" target=\"_blank\">M\u00e9tropole du Grand Nancy<\/td>\n<\/tr>\n<tr class=\"row-2\">\n\t<td class=\"column-1\">juin - juillet 2019<\/td><td class=\"column-2\"> \u2028Ing\u00e9nieur d\u2019\u00e9tudes contractuel CNRS, ATILF (UMR 7118 - CNRS \/ UL)<\/td>\n<\/tr>\n<\/tbody>\n<\/table>\n<!-- #tablepress-11 from cache -->\n<h3><span style=\"text-decoration: underline\">Formation<\/span><\/h3>\n\n<table id=\"tablepress-9\" class=\"tablepress tablepress-id-9\">\n<tbody class=\"row-striping row-hover\">\n<tr class=\"row-1\">\n\t<td class=\"column-1\">2019<\/td><td class=\"column-2\">Inscription en doctorat<br \/>\nSorbonne Universit\u00e9, Facult\u00e9 des Lettres, \u00c9cole doctorale V Concepts et Langages, \u2028\u00c9quipe d\u2019accueil 4509 <a href=\"http:\/\/stih-sorbonne-universite.fr\" rel=\"noopener noreferrer\" target=\"_blank\">STIH<\/a><br \/>\nsujet de th\u00e8se : Les constructions \u00e0 infinitif introduit par <em>\u00e0<\/em>, <em>de<\/em> ou <em>\u00f8<\/em> au cours de l\u2019histoire : \u00e9tude d'une variation diachronique.      <a href=\"http:\/\/www.theses.fr\/s236722\" rel=\"noopener noreferrer\" target=\"_blank\">th\u00e8ses.fr<\/a><br \/>\nDirectrice de recherche : Anne Carlier<\/td>\n<\/tr>\n<tr class=\"row-2\">\n\t<td class=\"column-1\">2017<\/td><td class=\"column-2\"><strong>Agr\u00e9gation de Grammaire, option A<\/strong> (Linguistique fran\u00e7aise)<br \/>\npr\u00e9paration \u00e0 l\u2019Universit\u00e9 Paris-Sorbonne<\/td>\n<\/tr>\n<tr class=\"row-3\">\n\t<td class=\"column-1\">2016<\/td><td class=\"column-2\"><strong>Master de Lettres Classiques<\/strong>, mention Bien <br \/>\nUniversit\u00e9 de Lorraine, Nancy<br \/>\nM\u00e9moire de recherche en linguistique grecque, note 16\/20, titre : \u00c9tude de l\u2019unit\u00e9 linguistique des parfaits \u00e0 travers un processus d\u2019autonomisation s\u00e9mantique, dans <em>Les Gu\u00eapes<\/em> d\u2019Aristophane.<br \/>\nDirecteur : Guy Vott\u00e9ro<\/td>\n<\/tr>\n<tr class=\"row-4\">\n\t<td class=\"column-1\">2014<\/td><td class=\"column-2\"><strong>Licence de Lettres Classiques<\/strong>, en linguistique ancienne <br \/>\nUniversit\u00e9 Paris-Sorbonne<\/td>\n<\/tr>\n<tr class=\"row-5\">\n\t<td class=\"column-1\">2012<\/td><td class=\"column-2\"><strong>Licence de Philosophie<\/strong><br \/>\nUniversit\u00e9 Paris I Panth\u00e9on-Sorbonne<\/td>\n<\/tr>\n<tr class=\"row-6\">\n\t<td class=\"column-1\">2008<\/td><td class=\"column-2\"><strong>Baccalaur\u00e9at<\/strong> s\u00e9rie scientifique, section europ\u00e9enne, mention Tr\u00e8s Bien<br \/>\nAcad\u00e9mie de Nantes<\/td>\n<\/tr>\n<\/tbody>\n<\/table>\n<!-- #tablepress-9 from cache -->\n","protected":false},"excerpt":{"rendered":"<p>T\u00e9l\u00e9chargement (\u00e0 venir) Exp\u00e9rience professionnelle Formation<\/p>\n","protected":false},"author":1,"featured_media":0,"parent":0,"menu_order":0,"comment_status":"closed","ping_status":"closed","template":"","meta":{"footnotes":""},"class_list":["post-23","page","type-page","status-publish","hentry"],"_links":{"self":[{"href":"https:\/\/perso.atilf.fr\/jjezequel\/wp-json\/wp\/v2\/pages\/23","targetHints":{"allow":["GET"]}}],"collection":[{"href":"https:\/\/perso.atilf.fr\/jjezequel\/wp-json\/wp\/v2\/pages"}],"about":[{"href":"https:\/\/perso.atilf.fr\/jjezequel\/wp-json\/wp\/v2\/types\/page"}],"author":[{"embeddable":true,"href":"https:\/\/perso.atilf.fr\/jjezequel\/wp-json\/wp\/v2\/users\/1"}],"replies":[{"embeddable":true,"href":"https:\/\/perso.atilf.fr\/jjezequel\/wp-json\/wp\/v2\/comments?post=23"}],"version-history":[{"count":12,"href":"https:\/\/perso.atilf.fr\/jjezequel\/wp-json\/wp\/v2\/pages\/23\/revisions"}],"predecessor-version":[{"id":383,"href":"https:\/\/perso.atilf.fr\/jjezequel\/wp-json\/wp\/v2\/pages\/23\/revisions\/383"}],"wp:attachment":[{"href":"https:\/\/perso.atilf.fr\/jjezequel\/wp-json\/wp\/v2\/media?parent=23"}],"curies":[{"name":"wp","href":"https:\/\/api.w.org\/{rel}","templated":true}]}}