{"id":395,"date":"2020-03-18T15:37:11","date_gmt":"2020-03-18T14:37:11","guid":{"rendered":"https:\/\/perso.atilf.fr\/jjezequel\/?page_id=395"},"modified":"2020-03-18T16:00:05","modified_gmt":"2020-03-18T15:00:05","slug":"dcv16","status":"publish","type":"page","link":"https:\/\/perso.atilf.fr\/jjezequel\/projets\/dcv16\/","title":{"rendered":"Dictionnaire en ligne des constructions du verbe fran\u00e7ais au XVIe si\u00e8cle (DCV16)"},"content":{"rendered":"\n<table id=\"tablepress-12\" class=\"tablepress tablepress-id-12\">\n<tbody>\n<tr class=\"row-1\">\n\t<td class=\"column-1\">dur\u00e9e<\/td><td class=\"column-2\">2020-2025<\/td>\n<\/tr>\n<tr class=\"row-2\">\n\t<td class=\"column-1\">laboratoire<\/td><td class=\"column-2\"><a href=\"http:\/\/www.atilf.fr\">ATILF<\/a> (UMR 7118 - CNRS \/ UL)<br \/>\n\u00c9quipe Linguistique historique fran\u00e7aise et romane<\/td>\n<\/tr>\n<tr class=\"row-3\">\n\t<td class=\"column-1\">membres du projet<\/td><td class=\"column-2\"><a href=\"mailto:sylvie.bazin@univ-lorraine.fr\">Sylvie Bazin-Tacchella<\/a>, professeur UL, porteur du projet<br \/>\n<a href=\"https:\/\/perso.atilf.fr\/combettes\/\">Bernard Combettes<\/a>, professeur \u00e9m\u00e9rite UL, responsable scientifique et r\u00e9dacteur<br \/>\n<a href=\"https:\/\/perso.atilf.fr\/jjezequel\/\">Jean-Michel J\u00e9z\u00e9quel<\/a>, ing\u00e9nieur de recherche contractuel CNRS pour le projet, charg\u00e9 de projet et r\u00e9dacteur<br \/>\n<a href=\"https:\/\/perso.atilf.fr\/gsouvay\/\">Gilles Souvay<\/a>, ing\u00e9nieur de recherche CNRS, d\u00e9veloppeur informatique<br \/>\n<\/td>\n<\/tr>\n<tr class=\"row-4\">\n\t<td class=\"column-1\">financement<\/td><td class=\"column-2\"><a href=\"https:\/\/www.grandnancy.eu\/accueil\/\" rel=\"noopener noreferrer\" target=\"_blank\"><img decoding=\"async\" src=\"https:\/\/perso.atilf.fr\/jjezequel\/wp-content\/uploads\/sites\/85\/2020\/06\/Logo-M\u00c7tropole-couleur.png\" style=\"width:4em;margin-right:.5em\" alt=\"M\u00e9tropole\u00a0du GrandNancy\">M\u00e9tropole du Grand Nancy<\/a>, 3 ans (2020-2022)<\/td>\n<\/tr>\n<tr class=\"row-5\">\n\t<td class=\"column-1\">site<\/td><td class=\"column-2\"><a href=\"https:\/\/perso.atilf.fr\/jjezequel\/wp-content\/uploads\/sites\/85\/2020\/03\/pr\u00e9sentation-temporaire.pdf.pdf\">pr\u00e9sentation temporaire.pdf<\/a> (site internet \u00e0 venir)<\/td>\n<\/tr>\n<\/tbody>\n<\/table>\n<!-- #tablepress-12 from cache -->\n","protected":false},"excerpt":{"rendered":"","protected":false},"author":86,"featured_media":0,"parent":15,"menu_order":1,"comment_status":"closed","ping_status":"closed","template":"","meta":{"footnotes":""},"class_list":["post-395","page","type-page","status-publish","hentry"],"_links":{"self":[{"href":"https:\/\/perso.atilf.fr\/jjezequel\/wp-json\/wp\/v2\/pages\/395","targetHints":{"allow":["GET"]}}],"collection":[{"href":"https:\/\/perso.atilf.fr\/jjezequel\/wp-json\/wp\/v2\/pages"}],"about":[{"href":"https:\/\/perso.atilf.fr\/jjezequel\/wp-json\/wp\/v2\/types\/page"}],"author":[{"embeddable":true,"href":"https:\/\/perso.atilf.fr\/jjezequel\/wp-json\/wp\/v2\/users\/86"}],"replies":[{"embeddable":true,"href":"https:\/\/perso.atilf.fr\/jjezequel\/wp-json\/wp\/v2\/comments?post=395"}],"version-history":[{"count":3,"href":"https:\/\/perso.atilf.fr\/jjezequel\/wp-json\/wp\/v2\/pages\/395\/revisions"}],"predecessor-version":[{"id":407,"href":"https:\/\/perso.atilf.fr\/jjezequel\/wp-json\/wp\/v2\/pages\/395\/revisions\/407"}],"up":[{"embeddable":true,"href":"https:\/\/perso.atilf.fr\/jjezequel\/wp-json\/wp\/v2\/pages\/15"}],"wp:attachment":[{"href":"https:\/\/perso.atilf.fr\/jjezequel\/wp-json\/wp\/v2\/media?parent=395"}],"curies":[{"name":"wp","href":"https:\/\/api.w.org\/{rel}","templated":true}]}}