{"id":13,"date":"2015-06-29T13:43:15","date_gmt":"2015-06-29T12:43:15","guid":{"rendered":"https:\/\/apps.atilf.fr\/homepages\/jparis\/?page_id=13"},"modified":"2026-01-05T12:55:51","modified_gmt":"2026-01-05T11:55:51","slug":"enseignement","status":"publish","type":"page","link":"https:\/\/perso.atilf.fr\/jparis\/enseignement\/","title":{"rendered":"Enseignement"},"content":{"rendered":"<p>&nbsp;<\/p>\n<p>Depuis 2019, \u00e0 Universit\u00e9 Paris Cit\u00e9, UFR EILA :<\/p>\n<ul>\n<li>Encadrement de m\u00e9moires (M2 ILTS \u2013 Industrie de la Langue et Traduction Sp\u00e9cialis\u00e9e),<\/li>\n<li>Recherche documentaire et structuration de l\u2019information (M2 ILTS),<\/li>\n<li>Traduction scientifique et technique LEA (niveau M1),<\/li>\n<li>Anglais technique (niveau L3 \u2013 licence professionnelle R\u00e9daction Technique),<\/li>\n<li>Anglais simplifi\u00e9 (niveau L3 \u2013 licence professionnelle R\u00e9daction Technique),<\/li>\n<li>Grammaire LEA (niveau L2),<\/li>\n<li>Rem\u00e9diation LEA (niveau L1),<\/li>\n<li>Expression \u00e9crite LEA (niveau L1),<\/li>\n<li>Compr\u00e9hension \u00e9crite LEA (niveau L1),<\/li>\n<li>Ma\u00eetrise de la langue fran\u00e7aise LEA (niveau L1),<\/li>\n<li>Anglais LANSAD (langue g\u00e9n\u00e9rale, niveaux L2-M2 d\u00e9cycl\u00e9s, fili\u00e8res LSH regroup\u00e9es),<\/li>\n<li>Anglais LANSAD (langue g\u00e9n\u00e9rale, niveau L1, programme SPELL \u00e0 distance).<\/li>\n<\/ul>\n","protected":false},"excerpt":{"rendered":"<p>&nbsp; Depuis 2019, \u00e0 Universit\u00e9 Paris Cit\u00e9, UFR EILA : Encadrement de m\u00e9moires (M2 ILTS \u2013 Industrie de la Langue et Traduction Sp\u00e9cialis\u00e9e), Recherche documentaire et structuration de l\u2019information (M2 ILTS), Traduction scientifique et technique LEA (niveau M1), Anglais technique &hellip; <a href=\"https:\/\/perso.atilf.fr\/jparis\/enseignement\/\">Continuer la lecture <span class=\"meta-nav\">&rarr;<\/span><\/a><\/p>\n","protected":false},"author":1,"featured_media":0,"parent":0,"menu_order":0,"comment_status":"closed","ping_status":"closed","template":"","meta":{"footnotes":""},"class_list":["post-13","page","type-page","status-publish","hentry"],"_links":{"self":[{"href":"https:\/\/perso.atilf.fr\/jparis\/wp-json\/wp\/v2\/pages\/13","targetHints":{"allow":["GET"]}}],"collection":[{"href":"https:\/\/perso.atilf.fr\/jparis\/wp-json\/wp\/v2\/pages"}],"about":[{"href":"https:\/\/perso.atilf.fr\/jparis\/wp-json\/wp\/v2\/types\/page"}],"author":[{"embeddable":true,"href":"https:\/\/perso.atilf.fr\/jparis\/wp-json\/wp\/v2\/users\/1"}],"replies":[{"embeddable":true,"href":"https:\/\/perso.atilf.fr\/jparis\/wp-json\/wp\/v2\/comments?post=13"}],"version-history":[{"count":24,"href":"https:\/\/perso.atilf.fr\/jparis\/wp-json\/wp\/v2\/pages\/13\/revisions"}],"predecessor-version":[{"id":457,"href":"https:\/\/perso.atilf.fr\/jparis\/wp-json\/wp\/v2\/pages\/13\/revisions\/457"}],"wp:attachment":[{"href":"https:\/\/perso.atilf.fr\/jparis\/wp-json\/wp\/v2\/media?parent=13"}],"curies":[{"name":"wp","href":"https:\/\/api.w.org\/{rel}","templated":true}]}}