{"id":35,"date":"2015-06-29T13:47:31","date_gmt":"2015-06-29T12:47:31","guid":{"rendered":"https:\/\/apps.atilf.fr\/homepages\/jparis\/?page_id=35"},"modified":"2025-01-06T16:11:29","modified_gmt":"2025-01-06T15:11:29","slug":"accueil","status":"publish","type":"page","link":"https:\/\/perso.atilf.fr\/jparis\/","title":{"rendered":"Accueil"},"content":{"rendered":"<p style=\"text-align: left\">Membre associ\u00e9e au laboratoire ATILF et \u00e0 l&rsquo;\u00e9quipe CRAPEL<\/p>\n<p style=\"text-align: left\">Ma\u00eetre de conf\u00e9rences en linguistique anglaise\u00a0 \u00a0 \u00a0 \u00a0 \u00a0 \u00a0 \u00a0 \u00a0 \u00a0 \u00a0 \u00a0 \u00a0 \u00a0 \u00a0 \u00a0 \u00a0 \u00a0 \u00a0 \u00a0 \u00a0 \u00a0 \u00a0 \u00a0 \u00a0 \u00a0 \u00a0 \u00a0 \u00a0 \u00a0 \u00a0 \u00a0 \u00a0 \u00a0 \u00a0 \u00a0 \u00a0 \u00a0 \u00a0 Universit\u00e9 Paris Cit\u00e9 (ex Paris-Diderot)<br \/>\nALTAE (anciennement CLILLAC &#8211; ARP), UFR EILA<\/p>\n<p style=\"text-align: left\">Secr\u00e9taire de l\u2019ARDAA\u00a0 \u00a0 \u00a0 \u00a0 \u00a0 \u00a0 \u00a0 \u00a0 \u00a0 \u00a0 \u00a0 \u00a0 \u00a0 \u00a0 \u00a0 \u00a0 \u00a0 \u00a0 \u00a0 \u00a0 \u00a0 \u00a0 \u00a0 \u00a0 \u00a0 \u00a0 \u00a0 \u00a0 \u00a0 \u00a0 \u00a0 \u00a0 \u00a0 \u00a0 \u00a0 \u00a0 \u00a0 \u00a0 \u00a0 \u00a0 \u00a0 \u00a0 \u00a0 \u00a0 \u00a0 \u00a0 \u00a0 \u00a0 \u00a0 \u00a0 \u00a0 \u00a0 \u00a0 \u00a0 \u00a0 \u00a0 \u00a0 \u00a0 \u00a0 \u00a0 \u00a0 \u00a0 Co-coordinatrice du focus group Autonomy de CERCLES<\/p>\n\n<table id=\"tablepress-3\" class=\"tablepress tablepress-id-3\">\n<tbody class=\"row-striping row-hover\">\n<tr class=\"row-1\">\n\t<td class=\"column-1\"><a href=\"https:\/\/perso.atilf.fr\/jparis\/wp-content\/uploads\/sites\/75\/2018\/08\/IMG_2169.jpg\"><img loading=\"lazy\" decoding=\"async\" src=\"https:\/\/perso.atilf.fr\/jparis\/wp-content\/uploads\/sites\/75\/2018\/08\/IMG_2169-206x300.jpg\" alt=\"\" width=\"206\" height=\"300\" class=\"alignnone size-medium wp-image-257\" srcset=\"https:\/\/perso.atilf.fr\/jparis\/wp-content\/uploads\/sites\/75\/2018\/08\/IMG_2169-206x300.jpg 206w, https:\/\/perso.atilf.fr\/jparis\/wp-content\/uploads\/sites\/75\/2018\/08\/IMG_2169.jpg 348w\" sizes=\"auto, (max-width: 206px) 100vw, 206px\" \/><\/a><\/td><td class=\"column-2\"><\/td><td class=\"column-3\"><\/td>\n<\/tr>\n<\/tbody>\n<\/table>\n<!-- #tablepress-3 from cache -->\n<p><strong>Coordonn\u00e9es au laboratoire ALTAE<\/strong><\/p>\n\n<table id=\"tablepress-9\" class=\"tablepress tablepress-id-9\">\n<tbody class=\"row-striping\">\n<tr class=\"row-1\">\n\t<td class=\"column-1\">Equipe<\/td><td class=\"column-2\">Langues et Discours de Sp\u00e9cialit\u00e9, Traductologie et Interculturalit\u00e9<\/td>\n<\/tr>\n<tr class=\"row-2\">\n\t<td class=\"column-1\">Courriel<\/td><td class=\"column-2\">justine.paris@u-paris.fr<\/td>\n<\/tr>\n<tr class=\"row-3\">\n\t<td class=\"column-1\">Lieu<\/td><td class=\"column-2\">B\u00e2timent Olympe de Gouge - bureau 740<\/td>\n<\/tr>\n<tr class=\"row-4\">\n\t<td class=\"column-1\">Adresse<\/td><td class=\"column-2\">8 rue Albert Einstein<br \/>\n75013 PARIS<\/td>\n<\/tr>\n<\/tbody>\n<\/table>\n<!-- #tablepress-9 from cache -->\n<p>&nbsp;<\/p>\n","protected":false},"excerpt":{"rendered":"<p>Membre associ\u00e9e au laboratoire ATILF et \u00e0 l&rsquo;\u00e9quipe CRAPEL Ma\u00eetre de conf\u00e9rences en linguistique anglaise\u00a0 \u00a0 \u00a0 \u00a0 \u00a0 \u00a0 \u00a0 \u00a0 \u00a0 \u00a0 \u00a0 \u00a0 \u00a0 \u00a0 \u00a0 \u00a0 \u00a0 \u00a0 \u00a0 \u00a0 \u00a0 \u00a0 \u00a0 \u00a0 \u00a0 \u00a0 &hellip; <a href=\"https:\/\/perso.atilf.fr\/jparis\/\">Continuer la lecture <span class=\"meta-nav\">&rarr;<\/span><\/a><\/p>\n","protected":false},"author":1,"featured_media":0,"parent":0,"menu_order":0,"comment_status":"closed","ping_status":"closed","template":"","meta":{"footnotes":""},"class_list":["post-35","page","type-page","status-publish","hentry"],"_links":{"self":[{"href":"https:\/\/perso.atilf.fr\/jparis\/wp-json\/wp\/v2\/pages\/35","targetHints":{"allow":["GET"]}}],"collection":[{"href":"https:\/\/perso.atilf.fr\/jparis\/wp-json\/wp\/v2\/pages"}],"about":[{"href":"https:\/\/perso.atilf.fr\/jparis\/wp-json\/wp\/v2\/types\/page"}],"author":[{"embeddable":true,"href":"https:\/\/perso.atilf.fr\/jparis\/wp-json\/wp\/v2\/users\/1"}],"replies":[{"embeddable":true,"href":"https:\/\/perso.atilf.fr\/jparis\/wp-json\/wp\/v2\/comments?post=35"}],"version-history":[{"count":57,"href":"https:\/\/perso.atilf.fr\/jparis\/wp-json\/wp\/v2\/pages\/35\/revisions"}],"predecessor-version":[{"id":431,"href":"https:\/\/perso.atilf.fr\/jparis\/wp-json\/wp\/v2\/pages\/35\/revisions\/431"}],"wp:attachment":[{"href":"https:\/\/perso.atilf.fr\/jparis\/wp-json\/wp\/v2\/media?parent=35"}],"curies":[{"name":"wp","href":"https:\/\/api.w.org\/{rel}","templated":true}]}}