{"id":362,"date":"2021-09-01T11:11:15","date_gmt":"2021-09-01T10:11:15","guid":{"rendered":"https:\/\/perso.atilf.fr\/jparis\/?page_id=362"},"modified":"2025-09-24T16:21:42","modified_gmt":"2025-09-24T15:21:42","slug":"administration","status":"publish","type":"page","link":"https:\/\/perso.atilf.fr\/jparis\/administration\/","title":{"rendered":"Activit\u00e9s administratives"},"content":{"rendered":"<p>&nbsp;<\/p>\n<p>Depuis 2019, \u00e0 Universit\u00e9 Paris Cit\u00e9 :<\/p>\n<ul>\n<li>Membre de la Commission Recherche de la Facult\u00e9 SH (<em>coll\u00e8ge B<\/em>), Universit\u00e9 Paris Cit\u00e9 (depuis 2023)<\/li>\n<li>Membre de la Commission des postes de la Facult\u00e9 SH, Universit\u00e9 Paris Cit\u00e9 (depuis 2022)<\/li>\n<li>Membre de la commission exon\u00e9ration formation continue de la Facult\u00e9 SH, Universit\u00e9 Paris Cit\u00e9 (depuis 2020)<\/li>\n<li>R\u00e9f\u00e9rente P\u00f4le Handicap \u00c9tudiant pour l&rsquo;UFR EILA (depuis 2024)<\/li>\n<li>Administratrice provisoire du CRL (2021-2022)<\/li>\n<\/ul>\n<p>&nbsp;<\/p>\n<p><b>Activit\u00e9s administratives et <\/b><span style=\"color: #000000\"><b>responsabilit\u00e9s<\/b><\/span><b> collectives pass\u00e9es<\/b><\/p>\n<p>Voir l&rsquo;onglet \u00ab\u00a0CV\u00a0\u00bb<\/p>\n","protected":false},"excerpt":{"rendered":"<p>&nbsp; Depuis 2019, \u00e0 Universit\u00e9 Paris Cit\u00e9 : Membre de la Commission Recherche de la Facult\u00e9 SH (coll\u00e8ge B), Universit\u00e9 Paris Cit\u00e9 (depuis 2023) Membre de la Commission des postes de la Facult\u00e9 SH, Universit\u00e9 Paris Cit\u00e9 (depuis 2022) Membre &hellip; <a href=\"https:\/\/perso.atilf.fr\/jparis\/administration\/\">Continuer la lecture <span class=\"meta-nav\">&rarr;<\/span><\/a><\/p>\n","protected":false},"author":75,"featured_media":0,"parent":0,"menu_order":0,"comment_status":"closed","ping_status":"closed","template":"","meta":{"footnotes":""},"class_list":["post-362","page","type-page","status-publish","hentry"],"_links":{"self":[{"href":"https:\/\/perso.atilf.fr\/jparis\/wp-json\/wp\/v2\/pages\/362","targetHints":{"allow":["GET"]}}],"collection":[{"href":"https:\/\/perso.atilf.fr\/jparis\/wp-json\/wp\/v2\/pages"}],"about":[{"href":"https:\/\/perso.atilf.fr\/jparis\/wp-json\/wp\/v2\/types\/page"}],"author":[{"embeddable":true,"href":"https:\/\/perso.atilf.fr\/jparis\/wp-json\/wp\/v2\/users\/75"}],"replies":[{"embeddable":true,"href":"https:\/\/perso.atilf.fr\/jparis\/wp-json\/wp\/v2\/comments?post=362"}],"version-history":[{"count":16,"href":"https:\/\/perso.atilf.fr\/jparis\/wp-json\/wp\/v2\/pages\/362\/revisions"}],"predecessor-version":[{"id":455,"href":"https:\/\/perso.atilf.fr\/jparis\/wp-json\/wp\/v2\/pages\/362\/revisions\/455"}],"wp:attachment":[{"href":"https:\/\/perso.atilf.fr\/jparis\/wp-json\/wp\/v2\/media?parent=362"}],"curies":[{"name":"wp","href":"https:\/\/api.w.org\/{rel}","templated":true}]}}