{"id":270,"date":"2018-03-27T14:28:35","date_gmt":"2018-03-27T13:28:35","guid":{"rendered":"https:\/\/apps.atilf.fr\/homepages\/jzuddas\/?page_id=270"},"modified":"2025-11-08T09:26:00","modified_gmt":"2025-11-08T08:26:00","slug":"responsabilites-administratives","status":"publish","type":"page","link":"https:\/\/perso.atilf.fr\/jzuddas\/responsabilites-administratives\/","title":{"rendered":"Responsabilit\u00e9s"},"content":{"rendered":"<p>&nbsp;<\/p>\n<ul>\n<li><span style=\"color: #000080\"><strong>Responsabilit\u00e9s administratives\u00a0<\/strong><\/span><\/li>\n<\/ul>\n<p>2021-2024<\/p>\n<ul>\n<li>Membre \u00e9lue du Conseil d&rsquo;Administration du coll\u00e8ge Jean Lamour<\/li>\n<\/ul>\n<p>2018 -2021<\/p>\n<ul>\n<li>Repr\u00e9sentante des Doctorant.e.s de l\u2019ATILF-CNRS, Universit\u00e9 de Lorraine<\/li>\n<li>Membre \u00e9lue du Conseil de Laboratoire de l\u2019ATILF-CNRS, Universit\u00e9 de Lorraine<\/li>\n<li>Coordinatrice de l&rsquo;\u00e9quipe de Lettres, coll\u00e8ge J. Lamour (Nancy)<\/li>\n<\/ul>\n","protected":false},"excerpt":{"rendered":"<p>&nbsp; Responsabilit\u00e9s administratives\u00a0 2021-2024 Membre \u00e9lue du Conseil d&rsquo;Administration du coll\u00e8ge Jean Lamour 2018 -2021 Repr\u00e9sentante des Doctorant.e.s de l\u2019ATILF-CNRS, Universit\u00e9 de Lorraine Membre \u00e9lue du Conseil de Laboratoire de l\u2019ATILF-CNRS, Universit\u00e9 de Lorraine Coordinatrice de l&rsquo;\u00e9quipe de Lettres, coll\u00e8ge J. Lamour (Nancy)<\/p>\n","protected":false},"author":73,"featured_media":0,"parent":0,"menu_order":0,"comment_status":"closed","ping_status":"closed","template":"","meta":{"footnotes":""},"class_list":["post-270","page","type-page","status-publish","hentry"],"_links":{"self":[{"href":"https:\/\/perso.atilf.fr\/jzuddas\/wp-json\/wp\/v2\/pages\/270","targetHints":{"allow":["GET"]}}],"collection":[{"href":"https:\/\/perso.atilf.fr\/jzuddas\/wp-json\/wp\/v2\/pages"}],"about":[{"href":"https:\/\/perso.atilf.fr\/jzuddas\/wp-json\/wp\/v2\/types\/page"}],"author":[{"embeddable":true,"href":"https:\/\/perso.atilf.fr\/jzuddas\/wp-json\/wp\/v2\/users\/73"}],"replies":[{"embeddable":true,"href":"https:\/\/perso.atilf.fr\/jzuddas\/wp-json\/wp\/v2\/comments?post=270"}],"version-history":[{"count":26,"href":"https:\/\/perso.atilf.fr\/jzuddas\/wp-json\/wp\/v2\/pages\/270\/revisions"}],"predecessor-version":[{"id":1228,"href":"https:\/\/perso.atilf.fr\/jzuddas\/wp-json\/wp\/v2\/pages\/270\/revisions\/1228"}],"wp:attachment":[{"href":"https:\/\/perso.atilf.fr\/jzuddas\/wp-json\/wp\/v2\/media?parent=270"}],"curies":[{"name":"wp","href":"https:\/\/api.w.org\/{rel}","templated":true}]}}