{"id":424,"date":"2022-01-27T19:35:38","date_gmt":"2022-01-27T18:35:38","guid":{"rendered":"https:\/\/perso.atilf.fr\/jzuddas\/?page_id=424"},"modified":"2026-02-17T10:29:55","modified_gmt":"2026-02-17T09:29:55","slug":"formation","status":"publish","type":"page","link":"https:\/\/perso.atilf.fr\/jzuddas\/formation\/","title":{"rendered":"Dipl\u00f4mes \/ concours"},"content":{"rendered":"<ul>\n<li style=\"list-style-type: none\">\n<ul>\n<li><strong>Concours<\/strong><\/li>\n<\/ul>\n<\/li>\n<li>2024 \u00a0\u00a0\u00a0\u00a0\u00a0\u00a0\u00a0\u00a0\u00a0\u00a0\u00a0\u00a0\u00a0\u00a0\u00a0 Class\u00e9e 4e sur un poste de MCF didactique du FLM\/FLE\/FLS, Universit\u00e9 de Rouen Normandie, Laboratoire DYLIS<\/li>\n<li style=\"font-weight: 400\">2023 \u00a0\u00a0\u00a0\u00a0\u00a0\u00a0\u00a0\u00a0\u00a0\u00a0\u00a0\u00a0\u00a0\u00a0\u00a0 Class\u00e9e 2e sur un poste de MCF didactique du FLE\/S (avec mise en situation professionnelle), Universit\u00e9 de Franche-Comt\u00e9, Laboratoire ELLIADD-CLD<\/li>\n<li style=\"font-weight: 400\">2015-17 \u00a0 \u00a0 \u00a0 \u00a0 \u00a0 \u00a0Admissibilit\u00e9s \u00e0 l\u2019Agr\u00e9gation interne de lettres modernes<\/li>\n<li><span style=\"font-weight: 400\">2003 \u00a0\u00a0\u00a0\u00a0\u00a0\u00a0\u00a0\u00a0\u00a0\u00a0\u00a0\u00a0\u00a0\u00a0\u00a0 CAPES externe de lettres modernes<\/span><\/li>\n<\/ul>\n<p>&nbsp;<\/p>\n<ul>\n<li style=\"list-style-type: none\">\n<ul>\n<li><strong>Qualification CNU<\/strong><\/li>\n<\/ul>\n<\/li>\n<li>2025. \u00a0 \u00a0 \u00a0 \u00a0 \u00a0 \u00a0 \u00a0 \u00a0Qualification aux fonctions de MCF, section 70 Sciences de l&rsquo;\u00e9ducation et de la formation<\/li>\n<li>2022\u00a0\u00a0\u00a0\u00a0\u00a0\u00a0\u00a0\u00a0\u00a0\u00a0\u00a0\u00a0\u00a0\u00a0\u00a0\u00a0 Qualification aux fonctions de MCF, section 07 Sciences du langage<\/li>\n<\/ul>\n<p>&nbsp;<\/p>\n<ul>\n<li style=\"list-style-type: none\">\n<ul>\n<li><strong>Dipl\u00f4mes<\/strong><\/li>\n<\/ul>\n<\/li>\n<li style=\"font-weight: 400\">2021\u00a0\u00a0\u00a0\u00a0\u00a0\u00a0\u00a0\u00a0\u00a0\u00a0\u00a0\u00a0\u00a0\u00a0\u00a0\u00a0 Th\u00e8se soutenue le 26 novembre 2021, <em>Obstacles et leviers \u00e0 l\u2019inclusion scolaire dans le secondaire<\/em><em> en France et incidences didactiques<\/em>, Universit\u00e9 de Lorraine (l&rsquo;Universit\u00e9 de Lorraine ne d\u00e9livre plus de mention)<\/li>\n<li style=\"font-weight: 400\">2016\u00a0\u00a0\u00a0\u00a0\u00a0\u00a0\u00a0\u00a0\u00a0\u00a0\u00a0\u00a0\u00a0\u00a0\u00a0\u00a0 Master 2, SDL, <em>Analyse sociolinguistique des freins et des leviers \u00e0 la litt\u00e9ratie scolaire<\/em><em>\u00a0pour les \u00e9l\u00e8ves allophones pris en charge dans<\/em><em>\u00a0une structure de l\u2019enseignement secondaire<\/em>, Universit\u00e9 de Lorraine (16\/20)<\/li>\n<li style=\"font-weight: 400\">2001\u00a0\u00a0\u00a0\u00a0\u00a0\u00a0\u00a0\u00a0\u00a0\u00a0\u00a0\u00a0\u00a0\u00a0\u00a0\u00a0 Maitrise de lettres modernes, <em>Goldoni, un double de Moli\u00e8re ? \u00c9tude comparative<\/em>, Paris IV-Sorbonne (mention Bien)<\/li>\n<li style=\"font-weight: 400\">2000\u00a0\u00a0\u00a0\u00a0 \u00a0\u00a0\u00a0\u00a0\u00a0\u00a0\u00a0\u00a0\u00a0\u00a0\u00a0 Licence de lettres modernes, Paris IV-Sorbonne<\/li>\n<\/ul>\n<p>&nbsp;<\/p>\n<ul>\n<li style=\"list-style-type: none\">\n<ul>\n<li><strong>Habilitations DELF<\/strong><\/li>\n<\/ul>\n<\/li>\n<li>2026\u00a0\u00a0\u00a0\u00a0\u00a0\u00a0\u00a0\u00a0\u00a0\u00a0\u00a0\u00a0\u00a0\u00a0\u00a0\u00a0 Habilitation d\u2019examinateur-correcteur pour le DELF (A1 \u00e0 B1), <em>France \u00c9ducation international<\/em><\/li>\n<li>2021\u00a0\u00a0\u00a0\u00a0\u00a0\u00a0\u00a0\u00a0\u00a0\u00a0\u00a0\u00a0\u00a0\u00a0\u00a0\u00a0 Habilitation d\u2019examinateur-correcteur pour le DELF (A1 \u00e0 B1), <em>France \u00c9ducation international<\/em><\/li>\n<\/ul>\n<p>&nbsp;<\/p>\n<p>&nbsp;<\/p>\n","protected":false},"excerpt":{"rendered":"<p>Concours 2024 \u00a0\u00a0\u00a0\u00a0\u00a0\u00a0\u00a0\u00a0\u00a0\u00a0\u00a0\u00a0\u00a0\u00a0\u00a0 Class\u00e9e 4e sur un poste de MCF didactique du FLM\/FLE\/FLS, Universit\u00e9 de Rouen Normandie, Laboratoire DYLIS 2023 \u00a0\u00a0\u00a0\u00a0\u00a0\u00a0\u00a0\u00a0\u00a0\u00a0\u00a0\u00a0\u00a0\u00a0\u00a0 Class\u00e9e 2e sur un poste de MCF didactique du FLE\/S (avec mise en situation professionnelle), Universit\u00e9 de Franche-Comt\u00e9, Laboratoire ELLIADD-CLD 2015-17 \u00a0 \u00a0 \u00a0 \u00a0 \u00a0 \u00a0Admissibilit\u00e9s \u00e0 l\u2019Agr\u00e9gation interne de lettres modernes 2003 [&hellip;]<\/p>\n","protected":false},"author":73,"featured_media":0,"parent":0,"menu_order":0,"comment_status":"closed","ping_status":"closed","template":"","meta":{"footnotes":""},"class_list":["post-424","page","type-page","status-publish","hentry"],"_links":{"self":[{"href":"https:\/\/perso.atilf.fr\/jzuddas\/wp-json\/wp\/v2\/pages\/424","targetHints":{"allow":["GET"]}}],"collection":[{"href":"https:\/\/perso.atilf.fr\/jzuddas\/wp-json\/wp\/v2\/pages"}],"about":[{"href":"https:\/\/perso.atilf.fr\/jzuddas\/wp-json\/wp\/v2\/types\/page"}],"author":[{"embeddable":true,"href":"https:\/\/perso.atilf.fr\/jzuddas\/wp-json\/wp\/v2\/users\/73"}],"replies":[{"embeddable":true,"href":"https:\/\/perso.atilf.fr\/jzuddas\/wp-json\/wp\/v2\/comments?post=424"}],"version-history":[{"count":35,"href":"https:\/\/perso.atilf.fr\/jzuddas\/wp-json\/wp\/v2\/pages\/424\/revisions"}],"predecessor-version":[{"id":1266,"href":"https:\/\/perso.atilf.fr\/jzuddas\/wp-json\/wp\/v2\/pages\/424\/revisions\/1266"}],"wp:attachment":[{"href":"https:\/\/perso.atilf.fr\/jzuddas\/wp-json\/wp\/v2\/media?parent=424"}],"curies":[{"name":"wp","href":"https:\/\/api.w.org\/{rel}","templated":true}]}}