{"id":17,"date":"2015-06-29T13:43:37","date_gmt":"2015-06-29T12:43:37","guid":{"rendered":"https:\/\/apps.atilf.fr\/homepages\/kbartkov\/?page_id=17"},"modified":"2020-10-16T16:40:28","modified_gmt":"2020-10-16T15:40:28","slug":"publications","status":"publish","type":"page","link":"https:\/\/perso.atilf.fr\/kbartkov\/publications\/","title":{"rendered":"Publications"},"content":{"rendered":"<h3 id=\"sites-page-title-header\" align=\"left\"><span id=\"sites-page-title\" dir=\"ltr\">Publications<\/span><\/h3>\n<div id=\"sites-canvas-main\" class=\"sites-canvas-main\">\n<div id=\"sites-canvas-main-content\">\n<p><strong>Revues internationales avec comit\u00e9 de lecture<\/strong><\/p>\n<p>BARTKOVA, M. DARGNAT :\u00a0<strong>\u201cCross-linguistic study of French and English prosody\u201d,<\/strong><em>The Phonetician<\/em>, number 107-108, 2013\/I-II, pp 35-52.<\/p>\n<p>BARTKOVA, D. JOUVET : \u00ab\u00a0<strong>On using units trained on foreign data for improved multiple accent speech recognition\u00a0\u00bb;\u00a0\u00a0<\/strong><em>Speech Communication<\/em>, Vol. 49, No 10-11, Octobre 2007, pp. 836-846.<\/p>\n<p>BARTKOVA,\u00a0<strong>\u00ab\u00a0Prosodic parameters of French in a Speech Recognition System\u00a0\u00bb<\/strong>,\u00a0<em>Text, Speech and Language Technology : Intonation : Analysis, Modelling and Technology<\/em>, Edited by Antonis Botinis, Kluwer Academic Publishers, 2000, pp 357-382;<\/p>\n<p>Mokbel, L.\u00a0Mauuary, L.\u00a0Karray, D.\u00a0Jouvet, J.\u00a0Monn\u00e9, J.\u00a0Simonin &amp; K.\u00a0Bartkova\u00a0:\u00a0<strong>\u00ab\u00a0Towards improving ASR robustness for PSN and GSM telephone\u00a0applications\u00a0\u00bb<\/strong>;\u00a0<em>Speech Communication<\/em>, Vol. 23, No 1-2, Octobre 1997, pp. 141-159.<\/p>\n<p>BARTKOVA, M. JOLY,\u00a0<strong>\u00ab\u00a0Etude de la parole d&rsquo;un groupe de sujets infirmes moteurs d&rsquo;origine c\u00e9r\u00e9brale r\u00e9alis\u00e9e en vue de l&rsquo;utilisation optimale d&rsquo;une commande vocale<\/strong>\u00ab\u00a0, pp 669-702,\u00a0<em>Bulletin d&rsquo;audiophonologie,<\/em>N\u00b05&amp;6 Monographie 130, 1989;<\/p>\n<p>BARTKOVA, Ch.\u00a0SORIN,\u00a0<strong>\u00ab\u00a0A model of segmental duration for speech synthesis in French\u00a0\u00bb,<\/strong><em>Speech Communication<\/em>6, pp 245-259, 1987;<\/p>\n<p>&nbsp;<\/p>\n<p><a name=\"TOC-Conf-rences-et-workshops-avec-comit-\"><\/a><strong>Conf\u00e9rences et workshops avec comit\u00e9 de lecture<\/strong><\/p>\n<p><strong>&lsquo;Correlation between prosody and prgmatics: case study of discourse markers in French and English&rsquo;,<\/strong>Lou Lee, Denis Jouvet, Katarina Bartkova, Yvon Keromnes, Mathilde Dargnat, <i>INTERSPEECH 2020<\/i>, Oct 2020, Shanghai, China.\u00a0<a href=\"https:\/\/hal.inria.fr\/hal-02968475\" target=\"_blank\" rel=\"noopener noreferrer\">\u27e8hal-02968475\u27e9<\/a><\/p>\n<p>\u2018<strong>Il \u00e9tait un fois\u2019 les patterns prosodiques des contes de f\u00e9e<\/strong>, Rim Abrougui, Katarina Bartkova, <em>JEP-TALN-RECITAL 2020, Nancy &#8211;\u00a0<a href=\"https:\/\/perso.atilf.fr\/kbartkov\/wp-content\/uploads\/sites\/50\/2020\/05\/RimAbrougui_KatarinaBartkova_jeptaln2020.pdf\">RimAbrougui_KatarinaBartkova_jeptaln2020<\/a><\/em><\/p>\n<p>Etude comparative de corr\u00e9lats prosodiques de marqueurs discursifs fran\u00e7ais et anglais selon leur fonction pragmatique, Lou Lee, Denis Jouvet, Katarina Bartkova, Yvon Keromnes, Mathilde Dargnat, <em>JEP-TALN-RECITAL 2020, Nancy <a href=\"https:\/\/perso.atilf.fr\/kbartkov\/wp-content\/uploads\/sites\/50\/2020\/05\/jeptaln2020-0506-soumissionfinale.pdf\">jeptaln2020-0506-soumissionfinale<\/a><\/em><\/p>\n<p><a href=\"https:\/\/hal.inria.fr\/hal-02177202\" target=\"_blank\" rel=\"noopener noreferrer\">Can prosody meet pragmatics? Case of discourse particles in French <\/a>Lou Lee, Katarina Bartkova, Denis Jouvet, Mathilde Dargnat, Yvon Keromnes<i>ICPhS 2019 \u2013 International Congress of Phonetic Sciences<\/i>, Aug 2019, Melbourne, AustraliaConference papers<\/p>\n<p><a href=\"https:\/\/hal.inria.fr\/hal-01889925\" target=\"_blank\" rel=\"noopener noreferrer\">Prosodic and Pragmatic Values of Discourse Particles in French<\/a> Lou Lee, Katarina Bartkova, Mathilde Dargnat, Denis Jouvet<i>ExLing 2018 \u2013 9th Tutorial and Research Workshop on Experimental Linguistics<\/i>, Aug 2018, Paris, FranceConference papers<\/p>\n<p><a href=\"https:\/\/hal.inria.fr\/hal-01889932\" target=\"_blank\" rel=\"noopener noreferrer\">Analysis of prosodic correlates of emotional speech data<\/a> Katarina Bartkova, Denis Jouvet<i>ExLing 2018 \u2013 9th Tutorial and Research Workshop on Experimental Linguistics<\/i>, Aug 2018, Paris, FranceConference papers<\/p>\n<p><a href=\"https:\/\/hal.inria.fr\/hal-01585567\" target=\"_blank\" rel=\"noopener noreferrer\"><span style=\"color: #000000\">Denis Jouvet, Katarina Bartkova, Mathilde Dargnat, Lou Lee\u00a0<\/span> \u00ab\u00a0Analysis and Automatic Classification of Some Discourse Particles on a Large Set of French Spoken Corpora\u00a0\u00bb\u00a0<\/a>, <i>SLSP\u20192017, 5th International Conference on Statistical Language and Speech Processing<\/i>, Oct 2017, Le Mans, France. 2017 Conference papers<\/p>\n<p><a href=\"https:\/\/hal.inria.fr\/hal-01585540\" target=\"_blank\" rel=\"noopener noreferrer\"><span style=\"color: #000000\">Katarina Bartkova, Mathilde Dargnat, Denis Jouvet, Lou Lee<\/span> \u00ab\u00a0Annotations de particules de discours en fran\u00e7ais sur une large vari\u00e9t\u00e9 de corpus<\/a>\u00a0\u00bb\u00a0<i>ACor4French \u2013 Les corpus annot\u00e9s du fran\u00e7ais, TALN\u20192017 \u2013 Traitement Automatique des Langues Naturelles<\/i>, Jun 2017, Orl\u00e9ans, France. 2017Conference papers<\/p>\n<p>Katarina Bartkova, Alice Bastien, Mathilde Dargnat\u00a0\u00ab\u00a0<strong>How to be a Discourse Particles?<\/strong>\u00ab\u00a0,\u00a0<em>Speech Prosody 2016<\/em>, May 2016, Boston, United States. Speech Prosody 2016<\/p>\n<p>Katarina Bartkova, Denis Jouvet, Elisabeth Delais-Roussarie \u00ab\u00a0<strong>Prosodic Parameters and Prosodic Structures of French Emotional Data<\/strong>\u00ab\u00a0,\u00a0<em>Speech Prosody 2016<\/em>, May 2016, Boston, United States. Speech Prosody 2016<\/p>\n<p>Mathilde Dargnat, Katarina Bartkova, Denis Jouvet \u00ab\u00a0<strong><a href=\"https:\/\/hal.inria.fr\/hal-01184197\">Discourse Particles In French: Prosodic Parameters Extraction and Analysis<\/a>\u00ab\u00a0,\u00a0<\/strong><em>International Conference on Statistical Language and Speech Processing<\/em>, Nov 2015, Budapest, Hungary. Proceedings SLSP&rsquo;2015, 3rd International Conference on Statistical Language and Speech Processin<\/p>\n<p>Denis Jouvet, Katarina Bartkova\u00a0<strong><a href=\"https:\/\/hal.inria.fr\/hal-01184195\">Acoustical Frame Rate and Pronunciation Variant Statistics<\/a>\u00a0<\/strong><em>International Conference on Statistical Language and Speech Processing<\/em>, Nov 2015, Budapest, Hungary. Proceedings SLSP&rsquo;2015, 3rd International Conference on Statistical Language and Speech Processing<\/p>\n<p>Katarina Bartkova, Denis Jouvet \u00ab\u00a0<strong><a href=\"https:\/\/hal.inria.fr\/hal-01183637\">Impact of frame rate on automatic speech-text alignment for corpus-based phonetic studies<\/a><u>\u00a0\u00bb\u00a0<\/u><\/strong><em>ICPhS&rsquo;2015 &#8211; 18th International Congress of Phonetic Sciences<\/em>, Aug 2015, Glasgow, United Kingdom.\u00a0Proceedings ICPhS 2015<\/p>\n<p>Katarina Bartkova &amp; Denis Jouvet : \u201c<a href=\"https:\/\/hal.archives-ouvertes.fr\/hal-00998031\"><strong>Links between Manual Punctuation Marks and Automatically Detected Prosodic Structures<\/strong><\/a><strong>\u201d<\/strong>,\u00a0<em>Speech Prosody 2014<\/em>, May 2014, Dublin, Ireland, pp 403-407<\/p>\n<p>Katarina Bartkova &amp; Mathilde Dargnat : \u00ab\u00a0<strong>Automatic Extraction of the general tendancy of F0 patterns. Cross Linguistic Study on laboratory data<\/strong>\u00a0\u00bb,\u00a0<em>Speech Prosody2014<\/em>\u00a0(20-23 mai 2014, Dublin), pp. 848-852<\/p>\n<p>GENEVIEVE CAELEN-HAUMONT, KATARINA BARTKOVA : \u201c<strong><em>When diachrony is helping for a synchronic study: the caseof the Mo Piu tones from the Hmong-Mien family in Northern Vietnam\u201d,\u00a0<\/em><\/strong>SEALS 23 (Conference on South-Est Asian Languages), 2013, 1er Juin, Bangkok, Tha\u00eflande<\/p>\n<p>Katarina Bartkova, Denis Jouvet: \u201c<a href=\"https:\/\/hal.inria.fr\/hal-00834318\"><strong>Automatic Detection of the Prosodic Structures of Speech Utterances<\/strong><\/a>\u201d, Milo\u0161 \u017delezn\u00fd and Ivan Habernal and Andrey Ronzhin.<em>SPECOM &#8211; 15th International Conference on Speech and Computer &#8211; 2013<\/em>, Sep 2013, Pilsen, Czech Republic. Springer Verlag, 8113, pp.1-8, Lecture Notes in Artificial Intelligence.\u00a0<a href=\"http:\/\/link.springer.com\/chapter\/10.1007%2F978-3-319-01931-4_1\">&lt;http:\/\/link.springer.com\/chapter<\/a><\/p>\n<p>Genevi\u00e8ve\u00a0Caelen-Haumont &amp; Katarina Bartkova. \u201c<strong>Manual and automatic tone annotation: the case of an endangered language from North Vietnam \u00ab\u00a0Mo Piu\u00a0\u00bb<\/strong>.<em>Interspeech 2013<\/em>, Aug 2013, Lyon, France. pp.1448-1452.<\/p>\n<p>K.Bartkova, Denis Jouvet, Natalia Segal\u00a0: \u00ab\u00a0<strong>Organisation prosodique d la parole dans le style radiophonique<\/strong>\u00a0\u00bb, in: Delais E., Avanzi M. et Yoo H. (eds), Hommage \u00e0 Philippe Martin.2012, mai, Paris,<\/p>\n<p><a href=\"http:\/\/hal-bioemco.ccsd.cnrs.fr\/LLF\/search\/index\/q\/%2A\/authFullName_s\/David+Le+Gac\/\">David Le Gac<\/a>,\u00a0<a href=\"http:\/\/hal-bioemco.ccsd.cnrs.fr\/LLF\/search\/index\/q\/%2A\/authFullName_s\/Hiyon+Yoo\/\">Hiyon Yoo<\/a>,\u00a0<a href=\"http:\/\/hal-bioemco.ccsd.cnrs.fr\/LLF\/search\/index\/q\/%2A\/authFullName_s\/Katarina+Bartkova\/\">Katarina Bartkova<\/a>\u00a0\u00ab\u00a0<a href=\"http:\/\/hal-bioemco.ccsd.cnrs.fr\/LLF\/hal-00998025\"><strong>Hauteurs m\u00e9lodiques en fran\u00e7ais : variations continues ou cat\u00e9gorielles ?<\/strong><\/a><strong>\u00a0\u00bb\u00a0<\/strong>In L. Besacier, B. Lecouteux &amp; G. S\u00e9rasset [Eds.].\u00a0<em>Proceedings of\u00a0Journ\u00e9e d\u2019\u00c9tudes sur la Parole, JEP 2012<\/em>, Grenoble, France,pp 337-344<\/p>\n<p><a href=\"http:\/\/hal-bioemco.ccsd.cnrs.fr\/LLF\/search\/index\/q\/%2A\/authFullName_s\/David+Le+Gac\/\">David Le Gac<\/a>,\u00a0<a href=\"http:\/\/hal-bioemco.ccsd.cnrs.fr\/LLF\/search\/index\/q\/%2A\/authFullName_s\/Hiyon+Yoo\/\">Hiyon Yoo<\/a>n,\u00a0<a href=\"http:\/\/hal-bioemco.ccsd.cnrs.fr\/LLF\/search\/index\/q\/%2A\/authFullName_s\/Katarina+Bartkova\/\">Katarina Bartkova<\/a>,\u00a0<strong>\u201c<\/strong><a href=\"http:\/\/hal-bioemco.ccsd.cnrs.fr\/LLF\/hal-00998022\"><strong>Pitch Level Variation in French: Categorical or Gradient?<\/strong><\/a><strong>\u00a0\u00bb<\/strong>\u00a0In Ma, Q., Ding, H. &amp; Hirst, D. [Eds.].\u00a0<em>Proceedings of Speech Prosody 2012<\/em>, Shanghai, China,pp 583-586<\/p>\n<p>BARTKOVA\u00a0,\u00a0A. BONNEAU,\u00a0V. COLOTTE\u00a0&amp;\u00a0M. DARGNAT, \u00ab\u00a0<strong>Productions of \u2018Continuation contours\u2019 by French speakers in L1 (French) and L2 (English)<\/strong>\u00bb, en collaboration avec\u00a0<em>Proceedings of the 6<sup>th<\/sup><\/em>\u00a0<em>International Conference on Speech Prosody<\/em>\u00a0<em>(Shanga\u00ef, May 22-26 2012)<\/em>, Q. Ma, H. Ding, D. Hirt (eds.), vol. 1, 426-429.<\/p>\n<p>Dargnat, V. Colotte, K. Bartkova &amp; A. Bonneau \u00ab\u00a0<strong>Continuations intra et interphrastiques du fran\u00e7ais : premiers r\u00e9sultats exp\u00e9rimentaux<\/strong>\u00bb, actes du 3<sup>e<\/sup><em>Congr\u00e8s Mondial de Linguistique Fran\u00e7aise<\/em>\u00a0(4-7 juillet 2012, Lyon), 15 p.<\/p>\n<p>Bartkova, A. Bonneau, V. Colotte &amp; D. Dargnat\u00a0<strong>\u00ab\u00a0Productions of \u2018Continuation contours\u2019 by French speakers in L1 (French) and L2 (English)<\/strong>\u00bb, In\u00a0<em>Proceedings of the 6<sup>th<\/sup><\/em><em>International Conference on Speech Prosody<\/em>\u00a0<em>(Shanga\u00ef, May 22-26 2012)<\/em>, Q. Ma, H. Ding, D. Hirt (eds.), vol. 1, 426-429.<\/p>\n<p>Katarina Bartkova,\u00a0 Elisabeth Delais-Roussarie &amp;\u00a0<strong>Fabian Santiago.<\/strong>\u00a0(2012). \u00ab\u00a0<strong>PROSOTRAN : un syst\u00e8me d\u2019annotation symbolique des faits prosodiques pour les donn\u00e9es non-standards<\/strong>.\u00a0\u00bb In L. Besacier, B. Lecouteux &amp; G. S\u00e9rasset [Eds.].\u00a0<em>Proceedings of\u00a0Journ\u00e9e d\u2019\u00c9tudes sur la Parole, JEP 2012<\/em>, Grenoble, France, 601-608.<\/p>\n<p>Katarina Bartkova, Elisabeth Delais-Roussarie\u00a0<strong>&amp;\u00a0Fabian Santiago.<\/strong>\u00a0(2012).<strong>\u00a0\u201cPROSOTRAN: a tool to annotate prosodically non-standard data.\u201d<\/strong>\u00a0In Ma, Q., Ding, H. &amp; Hirst, D. [Eds.].\u00a0<em>Proceedings of Speech Prosody 2012<\/em>, Shanghai, China, 55-58.<\/p>\n<p>ALICE VITTRANT, GENEVIEVE CAELEN-HAUMONT, VAN TU J.-C. LY, KATARINA BARTKOVA : \u201c<strong><em>A Multi-study to describing the phonology of an unknown language of South-East Asia\u201d,\u00a0<\/em><\/strong>45th International Conference on Sino-Tibetan Languages and Linguistics \u2013 ICSTLL, 2012 October, Nanyang Technological University, Singapore<\/p>\n<p>VAN TU J.-C. LY , ALICE VITTRANT, GENEVIEVE CAELEN-HAUMONT, KATARINA BARTKOVA : \u00ab\u00a0<strong><em>Vers un consensus sur la phonologie d\u2019une langue non document\u00e9e de l\u2019Asie du sud-est\u00a0\u00bb,\u00a0<\/em><\/strong>25\u00e8mes Journ\u00e9es de Linguistique d\u2019Asie Orientale \u2013 JLAO, 2012 June, CRLAO, Paris<\/p>\n<p>GENEVIEVE CAELEN-HAUMONT, KATARINA BARTKOVA, VAN TU J.-C. LY , ALICE VITTRANT\u00a0: \u201c<strong><em>Une \u00e9tude pluri-experte en vue d\u2019\u00e9tablir la phonologie d\u2019une langue inconnue de l\u2019Asie du sud-est\u201d,\u00a0<\/em><\/strong>The twenty-second Annual conference of Southeast Asian Linguistics Society &#8211; SEALS 22, 2012 May, Agay,Saint-Rapha\u00ebl<\/p>\n<p>DARGNAT, V. COLOTTE\u00a0, K. BARTKOVA\u00a0, A. BONNEAU, \u00ab\u00a0<strong>Continuations intra et interphrastiques du fran\u00e7ais : premiers r\u00e9sultats exp\u00e9rimentaux<\/strong>\u00bb,\u00a0actes du\u00a0<em>Congr\u00e8s Mondial de Linguistique Fran\u00e7aise<\/em>(4-7 juillet 2012, Lyon), 15 p.<\/p>\n<p>DARGNAT,\u00a0A. BONNEAU,\u00a0V. COLOTTE\u00a0&amp;\u00a0K. BARTKOVA\u00a0,\u00a0 \u00ab\u00a0<strong>Intra and Inter clausal Non-conclusive Slopes in French: First Results<\/strong>\u00bb, en coll. avec<em>Experimental and Theoritical in Prosody<\/em>\u00a0(ETAP 2) \u2018Prosody in Context\u2019, 23-25 septembre 2011, Montr\u00e9al.<\/p>\n<p>DARGNAT,\u00a0K. BARTKOVA\u00a0,\u00a0A. BONNEAU&amp;\u00a0V. COLOTTE\u00a0, \u00ab\u00a0<strong>Non-conclusive Slopes in French: First Results\u00a0<\/strong>\u00bb, en coll. avec Prosody and Discourse Interface (IDP 2011), 12-14 septembre 2011, Manchester.<\/p>\n<p>SEGAL, K. BARTKOVA,\u00a0<strong>\u00ab\u00a0D\u00e9coupage prosodique sur diff\u00e9rents types de segmentations phon\u00e9miques\u00a0\u00bb<\/strong>, JEP 2008, Avignon, France<\/p>\n<p>SEGAL, P. MARTIN, K. BARTKOVA,\u00a0<strong>\u00ab\u00a0Prosodic Trees for Boundary Detection in ASR in French\u00a0\u00bb<\/strong>, Speech Prosody 2008, Campinas, Br\u00e9sil<\/p>\n<p>BARTKOVA,\u00a0<strong>\u00ab\u00a0Rhythmic patterns and their automatic retrieval in spontaneous French\u00a0\u00bb<\/strong>, Speech Prosody 2008, Campinas, Br\u00e9sil<\/p>\n<p>BARTKOVA, N. SEGAL,\u00a0<strong>\u00ab\u00a0R\u00e9gularit\u00e9 Rythmique en Fran\u00e7ais Spontan\u00e9\u00a0\u00bb<\/strong>, 2<sup>e<\/sup>Conf\u00e9rence de la section tch\u00e9co-slovaque de l&rsquo;ISPhS, Janvier, 2008, Prague, R\u00e9publique Tch\u00e8que<\/p>\n<p>SEGAL, K. BARTKOVA,\u00a0<strong>\u00ab\u00a0Prosodic Structure Representation for Boundary Detection in Spontaneous French\u00a0\u00bb<\/strong>, ICPhS 2007, Saarbr\u00fccken, Allemagne<\/p>\n<p>BARTKOVA, D. JOUVET,\u00a0<strong>\u00ab\u00a0Automatic Ddetection of Foreign Accent for Automatic Speech Recognition\u00a0\u00bb<\/strong>, ICPhS 2007, Saarbr\u00fccken, Allemagne<\/p>\n<p>JOUVET, K.BARTKOVA,\u00a0<strong>\u00ab\u00a0Analysis of model adaptation on non-native speech for multiple accent speech recognition\u00a0\u00bb,\u00a0<\/strong>ITRW on Speech Recognition &amp; Intrinsic Variation, Toulouse, France, 20 May, 2006.<\/p>\n<p>BARTKOVA,\u00a0<strong>\u00ab\u00a0How far can prosodic cues help in word segmentation?\u00a0\u00bb\u00a0<\/strong>Speech prosody 2006, Dresden, Germany, 2-5 May, 2006.<\/p>\n<p>BARTKOVA, N.\u00a0SEGAL<strong>: \u00ab\u00a0D\u00e9tection automatique de fronti\u00e8res prosodiques dans la parole spontan\u00e9e\u00a0\u00bb,\u00a0<\/strong>JEP&rsquo;2006, Dinard, France, 12-16 June, 2006\u00a0<a href=\"http:\/\/www.afcp-parole.org\/doc\/Archives_JEP\/2006_XXVIe_JEP_Dinard\/JEP06_ACTES.PDF\">http:\/\/www.afcp-parole.org\/doc\/Archives_JEP\/2006_XXVIe_JEP_Dinard\/JEP06_ACTES.PDF<\/a><\/p>\n<p>BARTKOVA D. JOUVET :\u00a0<strong>\u00ab\u00a0Using multilingual units for improved modelling of pronunciation variants\u00a0\u00bb, \u00a0<\/strong>ICASSP&rsquo;2006, Toulouse, France, 15-19 May, 2006<\/p>\n<p>BARTKOVA : \u00ab\u00a0<strong>Prosodic cues of spontaneous speech in French<\/strong>\u00ab\u00a0, DISS&rsquo;05, Aix-en-Provence<\/p>\n<p>BARTKOVA :\u00a0<strong>\u00ab\u00a0Foreign accent in automatic speech recognition\u00a0\u00bb<\/strong>, SPECOM2004, key-speech<\/p>\n<p>BARTKOVA D. JOUVET :\u00a0<strong>\u00ab\u00a0Multiple models for improved speech recognition for non-native speakers\u00a0\u00bb,<\/strong>SPECOM2004, September, Saint Petersburg.<\/p>\n<p>Jouvet, K.\u00a0Bartkova, L.\u00a0Delphin-Poulat, A.\u00a0Ferrieux, X.\u00a0Lamming, J.\u00a0Monn\u00e9 &amp; C.\u00a0Raix: \u00ab\u00a0<strong>About improving recognition of spontaneously uttered French city-names<\/strong>\u00a0\u00bb\u00a0;\u00a0<em>Proceedings ICASSP&rsquo;2003, IEEE International Conference on Acoustics, Speech, and Signal Processing,\u00a0<\/em>Hong-Kong, China, 6-10 avril 2003, pp. 544-547.<\/p>\n<p>BARTKOVA,\u00a0<strong>\u00ab\u00a0Generating proper name pronunciation variants for automatic speech recognition\u00a0\u00bb<\/strong>,\u00a0<em>15<sup>th<\/sup>ICPhS Proceedings<\/em>, pp 1321-1324, Barcelona, Spain, 2003;<\/p>\n<p>Bartkova, D.\u00a0Le\u00a0Gac, D.\u00a0Charlet &amp; D.\u00a0Jouvet\u00a0: \u00ab\u00a0<strong>Prosodic parameters for speaker recognition<\/strong>\u00ab\u00a0,\u00a0<em>Proceedings ICSLP&rsquo;2002, 7th International Conference on Spoken Language Processing<\/em>,\u00a0Denver, Colorado, USA, 16-20 septembre 2002, pp. 1197-1200.<\/p>\n<p>Bartkova &amp; D.\u00a0Jouvet:\u00a0<strong>\u00ab\u00a0Selective prosodic post-processing for improving recognition of French telephone numbers\u00a0\u00bb<\/strong>\u00a0;\u00a0<em>Proceedings EUROSPEECH\u201999, 6<sup>th<\/sup>European Conference on Speech Communication and Technology<\/em>,\u00a0Budapest, Hongrie, 5-10 septembre 1999, Vol.1, pp. 267-270.<\/p>\n<p>Jouvet, K.\u00a0Bartkova &amp; G.\u00a0Mercier:\u00a0<strong>\u00ab\u00a0Hypothesis dependent threshold setting for improved out-of-vocabulary data rejection\u00a0\u00bb<\/strong>\u00a0;\u00a0<em>Proceedings ICASSP&rsquo;99, IEEE International Conference on Acoustics Speech and Signal Processing<\/em>,\u00a0Phoenix, Arizona, USA, 15-19 mars 1999, pp. 709-712.<\/p>\n<p>BARTKOVA, D. JOUVET,\u00a0<strong>\u00ab\u00a0Language based phone model combination for ASR adaptation for foreign accent\u00a0\u00bb,<\/strong><em>ICPhS&rsquo;99 San Francisco<\/em>, USA, Proceedings vol. 3, pp 1725-1728, 1999;<\/p>\n<p>BARTKOVA, D. JOUVET,\u00a0<strong>\u00ab\u00a0Usefulness of phonetic parameters in a rejection procedure of an HMM based speech recognition system\u00a0\u00bb<\/strong>,\u00a0<em>Eurospeech&rsquo;97<\/em>, Proceedings vol. 1, pp 267-269, Rhodes \u2013 Greece, 1997;<\/p>\n<p>BARTKOVA,\u00a0<strong>\u00ab\u00a0Some experiments about the use of prosodic parameters in a speech recognition system\u00a0\u00bb<\/strong>,\u00a0<em>ESCA Workshop<\/em>, Proceedings: Intonation: Theory, Models and Applications, pp 33-36, Athens, 1997;<\/p>\n<p>Simonin, S.\u00a0Bodin, D.\u00a0Jouvet &amp; K.\u00a0Bartkova: \u00ab\u00a0<strong>Parameter tying for flexible speech recognition\u00a0\u00bb<\/strong>\u00a0\u00a0;\u00a0<em>Proceedings ICSLP&rsquo;96, International Conference on Spoken Language Processing<\/em>, 3-6 octobre 1996,\u00a0Philadelphie, Pennsylvanie, USA, pp. 1085-1088.<\/p>\n<p>Mokbel, L.\u00a0Mauuary, D.\u00a0Jouvet, J.\u00a0Monn\u00e9, J.\u00a0Simonin &amp; K.\u00a0Bartkova:\u00a0<strong>\u00ab\u00a0Towards improving ASR robustness for PSN &amp; GSM telephone applications\u00a0\u00bb<\/strong>\u00a0;<em>Proceedings IVTTA&rsquo;96, 3rd Workshop on Interactive Voice Technology for Telecommunication Applications<\/em>,\u00a0Basking Ridge, New Jersey, USA, 30 septembre &#8211; 1er octobre 1996, pp. 73-76.<\/p>\n<p>SIMONIN, S. BODIN, D. JOUVET, K. BARTKOVA,\u00a0<strong>\u00ab\u00a0Combinaison de diff\u00e9rentes mod\u00e9lisations contextuelles pour la reconnaissance flexible\u00a0\u00bb<\/strong>,\u00a0<em>XXI\u00e8me journ\u00e9es sur la parole,<\/em>Avignon 1996, pp 285-288;<\/p>\n<p>BARTKOVA, D. JOUVET,\u00a0<strong>\u00ab\u00a0Introduction de parameters phon\u00e9tiques en post traitement d&rsquo;un syst\u00e8me markovien de reconnaissance de la parole\u00a0\u00bb<\/strong>,<em>XXI\u00e8me Journ\u00e9es sur la parole<\/em>, Avignon 1996, pp 305-308;<\/p>\n<p>Bartkova, D.\u00a0Dubois, D.\u00a0Jouvet &amp; J.\u00a0Monn\u00e9:\u00a0<strong>\u00ab\u00a0Error analysis on field data and improved garbage HMM modelling\u00a0\u00bb<\/strong>\u00a0;\u00a0<em>Proceedings EUROSPEECH&rsquo;95, 4th European Conference on Speech Communication and Technology<\/em>, 18-21 septembre 1995,\u00a0Madrid, Espagne, pp. 1275-1278.<\/p>\n<p>Jouvet, K.\u00a0Bartkova&amp; A.\u00a0Stouff\u00a0:\u00a0<strong>\u00ab\u00a0Structure of allophonic models and reliable estimation of the contextual parameters\u00a0\u00bb<\/strong>\u00a0;\u00a0<em>Proceedings ICSLP&rsquo;94, International Conference on Spoken Language Processing<\/em>, 18-22 septembre 1994, Yokohama, Japon, pp. 283-286.<\/p>\n<p>Bartkova, D.\u00a0Jouvet &amp; T.\u00a0Moudenc:\u00a0<strong>\u00ab\u00a0Using segmental duration prediction for rescoring the N-best solution in speech recognition\u00a0\u00bb<\/strong>\u00a0;\u00a0<em>Proceedings ICPhS&rsquo;95, XIIIth International Congress of Phonetic Sciences<\/em>, 13-19 ao\u00fbt, Vol. 4, pp 248-251,1995,\u00a0Stockholm, Su\u00e8de.<\/p>\n<p>Jouvet, J.\u00a0Monn\u00e9, K.\u00a0Bartkova&amp; C.\u00a0Mokbel\u00a0:\u00a0<strong>\u00ab\u00a0Structure des mod\u00e8les de Markov et coefficients acoustiques\u00a0\u00bb<\/strong>\u00a0;\u00a0<em>Actes du s\u00e9minaire \u00ab\u00a0Reconnaissance automatique de la parole\u00a0\u00bb du GDR-PRC \u00ab\u00a0Communication Homme-Machine\u00a0\u00bb<\/em>, 10-11 mars 1994, Nancy, France.<\/p>\n<p>BARTKOVA, D. LARREUR, I. METAYER :\u00a0<strong>\u00ab\u00a0Choix et adaptation d&rsquo;un phon\u00e9tiseur pour la reconnaissance automatique de la parole\u00a0\u00bb,<\/strong><em>XX\u00e8me Journ\u00e9es d&rsquo;\u00e9tudes sur la parole<\/em>, Tr\u00e9gastel, France, 1994, pp 181-186;<\/p>\n<p>BARTKOVA, P. HAFFNER, D. LARREUR :\u00a0<strong>\u00ab\u00a0Intensity Prediction for Speech Synthesis in French\u00a0\u00bb,<\/strong><em>ESCA Workshop on prosody<\/em>, Working Papers 41, 1993, pp 280-283, Lund, Sweden;<\/p>\n<p>Jouvet, K.\u00a0Bartkova\u00a0&amp; J.\u00a0Monn\u00e9:\u00a0<strong>\u00ab\u00a0On the modelization of allophones in an HMM based speech recognition system\u00a0\u00bb<\/strong>\u00a0;\u00a0<em>Proceedings EUROSPEECH&rsquo;91, 2nd European Conference on Speech Communication and Technology<\/em>, 24-26 septembre 1991, G\u00eanes, Italie, pp. 923-926.<\/p>\n<p>BARTKOVA,\u00a0<strong>\u00ab\u00a0Speaking rate modelization in French application to speech synthesis\u00a0\u00bb,<\/strong><em>ICPhS Proceedings\u00a0<\/em>vol. 3, pp 482-483, 1991, Aix-en-Provence, France;<\/p>\n<p>BARTKOVA D. JOUVET,\u00a0<strong>\u00ab\u00a0Modelization of allophones in a speech recognition system\u00a0\u00bb<\/strong>,\u00a0<em>ICPhS, Proceedings<\/em>vol. 4, pp 474-477, 1991,Aix-en-Provence, France;<\/p>\n<p>BARTKOVA, D. JOUVET,\u00a0<strong>\u00ab\u00a0Automatic Determination of Allophones\u00a0\u00bb,\u00a0<\/strong><em>Speech Research 89<\/em>, pp 247-250, 1989, Budapest;<\/p>\n<p>BARTKOVA,\u00a0<strong>\u00ab\u00a0On the use of segmental duration in speaker-independent speech recognition systems<\/strong>\u00ab\u00a0,\u00a0<em>7th FASE Symposium,<\/em>vol 2, pp 763-770, 1988, Edinburg.<\/p>\n<p>BARTKOVA, D. JOUVET :\u00a0<strong>\u00ab\u00a0Speaker-independent speech recognition using allophones\u00a0\u00bb<\/strong>,\u00a0<em>ICPhS<\/em>,\u00a0<em>Proceedings<\/em>, vol. 4, pp 244-247, 1987, Tallinn, Estonia, USSR;<\/p>\n<p>BARTKOVA :\u00a0<strong>\u00ab\u00a0Nouvelle approche dans le mod\u00e8le de pr\u00e9diction de la dur\u00e9e segmentale<\/strong>\u00ab\u00a0,\u00a0<em>14<sup>\u00e8me<\/sup>journ\u00e9e du JEP<\/em>, pp 188-191, Paris, 1985;<\/p>\n<p>C. SORIN, K. BARTKOVA :\u00a0<strong>\u00ab\u00a0Synth\u00e8se de plusieurs styles d&rsquo;\u00e9locutions : Invariance et Variantes prosodiques\u00a0\u00bb<\/strong>,\u00a0<em>13<sup>\u00e8me<\/sup>\u00a0journ\u00e9e du GALF<\/em>, 1984,pp 211-222, Bruxelles;<\/p>\n<\/div>\n<\/div>\n<p>&nbsp;<\/p>\n<p>&nbsp;<\/p>\n<p>&nbsp;<\/p>\n<p>&nbsp;<\/p>\n","protected":false},"excerpt":{"rendered":"<p>Publications Revues internationales avec comit\u00e9 de lecture BARTKOVA, M. DARGNAT :\u00a0\u201cCross-linguistic study of French and English prosody\u201d,The Phonetician, number 107-108, 2013\/I-II, pp 35-52. BARTKOVA, D. JOUVET : \u00ab\u00a0On using units trained on foreign data for improved multiple accent speech recognition\u00a0\u00bb;\u00a0\u00a0Speech Communication, Vol. 49, No 10-11, Octobre 2007, pp. 836-846. BARTKOVA,\u00a0\u00ab\u00a0Prosodic parameters of French in a [&hellip;]<\/p>\n","protected":false},"author":1,"featured_media":0,"parent":0,"menu_order":0,"comment_status":"closed","ping_status":"closed","template":"","meta":{"footnotes":""},"class_list":["post-17","page","type-page","status-publish","hentry"],"_links":{"self":[{"href":"https:\/\/perso.atilf.fr\/kbartkov\/wp-json\/wp\/v2\/pages\/17","targetHints":{"allow":["GET"]}}],"collection":[{"href":"https:\/\/perso.atilf.fr\/kbartkov\/wp-json\/wp\/v2\/pages"}],"about":[{"href":"https:\/\/perso.atilf.fr\/kbartkov\/wp-json\/wp\/v2\/types\/page"}],"author":[{"embeddable":true,"href":"https:\/\/perso.atilf.fr\/kbartkov\/wp-json\/wp\/v2\/users\/1"}],"replies":[{"embeddable":true,"href":"https:\/\/perso.atilf.fr\/kbartkov\/wp-json\/wp\/v2\/comments?post=17"}],"version-history":[{"count":16,"href":"https:\/\/perso.atilf.fr\/kbartkov\/wp-json\/wp\/v2\/pages\/17\/revisions"}],"predecessor-version":[{"id":283,"href":"https:\/\/perso.atilf.fr\/kbartkov\/wp-json\/wp\/v2\/pages\/17\/revisions\/283"}],"wp:attachment":[{"href":"https:\/\/perso.atilf.fr\/kbartkov\/wp-json\/wp\/v2\/media?parent=17"}],"curies":[{"name":"wp","href":"https:\/\/api.w.org\/{rel}","templated":true}]}}