{"id":23,"date":"2015-06-29T13:44:14","date_gmt":"2015-06-29T12:44:14","guid":{"rendered":"https:\/\/apps.atilf.fr\/homepages\/kbartkov\/?page_id=23"},"modified":"2016-05-17T08:45:20","modified_gmt":"2016-05-17T07:45:20","slug":"cv","status":"publish","type":"page","link":"https:\/\/perso.atilf.fr\/kbartkov\/cv\/","title":{"rendered":"CV"},"content":{"rendered":"<p><span id=\"sites-page-title\" dir=\"ltr\">Cursus<\/span><\/p>\n<div id=\"sites-canvas-main\" class=\"sites-canvas-main\">\n<div id=\"sites-canvas-main-content\">\n<table class=\"sites-layout-name-one-column sites-layout-hbox\" cellspacing=\"0\">\n<tbody>\n<tr>\n<td class=\"sites-layout-tile sites-tile-name-content-1\">\n<div dir=\"ltr\">\n<div><b>\u00a0 \u00a0 Parcours professionnel\u00a0<\/b><\/div>\n<div><span style=\"font-size: medium\">\u00a0\u00a0 \u00a0\u00a0<\/span><span style=\"font-size: small\">\u00a0 \u00a0 \u00a0 \u00a02010- &#8230; \u00a0 \u00a0 \u00a0\u00a0<b>Ma\u00eetre de conf\u00e9rence<\/b>, Universit\u00e9 de Lorraine<\/span><\/div>\n<div><span style=\"font-size: small\">\u00a0 \u00a0 \u00a0 \u00a0 \u00a0 \u00a0 \u00a02008-2010 \u00a0 <span style=\"font-family: verdana, sans-serif\"><b>Ing\u00e9nieur de recherche\u00a0<\/b><\/span><span style=\"font-family: verdana, sans-serif\"><b>\u00a0en synth\u00e8se de la parole<\/b>\u00a0France T\u00e9l\u00e9com\u00a0(Lannion)<\/span><\/span><\/div>\n<div><span style=\"font-size: small\"><span style=\"font-family: verdana, sans-serif\">\u00a0\u00a0 \u00a0\u00a0\u00a0 \u00a01993-2008 <\/span><span style=\"font-family: verdana, sans-serif\"><b>Ing\u00e9nieur de recherche\u00a0<\/b><\/span><span style=\"font-family: verdana, sans-serif\"><b>\u00a0en reconnaissance de la parole<\/b>\u00a0<\/span><\/span><\/div>\n<div><span style=\"font-size: small\"><span style=\"font-family: verdana, sans-serif\">\u00a0 \u00a0 \u00a0 \u00a0 \u00a0 \u00a0 \u00a0 \u00a0 \u00a0 \u00a0 \u00a0 \u00a0France T\u00e9l\u00e9com\u00a0(Lannion)<\/span><\/span><\/div>\n<div><span style=\"font-size: small\"><span style=\"font-family: verdana, sans-serif\">\u00a0\u00a0 \u00a0\u00a0\u00a0 \u00a01990-1993 <\/span><span style=\"font-family: verdana, sans-serif\"><b>Ing\u00e9nieur de recherche\u00a0<\/b><\/span><span style=\"font-family: verdana, sans-serif\"><b>\u00a0en synth\u00e8se de la parole<\/b>\u00a0CNET,\u00a0<\/span><\/span><\/div>\n<div><span style=\"font-size: small\"><span style=\"font-family: verdana, sans-serif\">\u00a0 \u00a0 \u00a0 \u00a0 \u00a0 \u00a0 \u00a0 \u00a0 \u00a0 \u00a0 \u00a0 \u00a0France T\u00e9l\u00e9com\u00a0(Lannion)<\/span><\/span><\/div>\n<div><span style=\"font-size: small\"><span style=\"font-family: verdana, sans-serif\">\u00a0\u00a0 \u00a0\u00a0\u00a0 \u00a01988-1990 <\/span><span style=\"font-family: verdana, sans-serif\"><b>Ing\u00e9nieur de recherche\u00a0<\/b><\/span><span style=\"font-family: verdana, sans-serif\"><b>\u00a0en traitement automatique de la parole,<\/b> ENST (Paris)<\/span><\/span><\/div>\n<div><span style=\"font-family: verdana, sans-serif;font-size: small\">\u00a0\u00a0 \u00a0\u00a0\u00a0 \u00a01986-1988 <b>Collaborateur scientifique externe en TAP<\/b>, Universit\u00e9 de Toulouse III<\/span><\/div>\n<div><span style=\"font-family: verdana, sans-serif;font-size: small\">\u00a0\u00a0 \u00a0\u00a0\u00a0 \u00a01984-1986 <b>Chercheur externe en TAP<\/b>, Institut de phon\u00e9tique, Universit\u00e9 Standhal (Grenoble)<\/span><\/div>\n<div><span style=\"font-family: verdana, sans-serif;font-size: small\">\u00a0\u00a0 \u00a0\u00a0\u00a0 \u00a01983-1984 <b>Stagiaire en TAP<\/b>, CNET, France T\u00e9l\u00e9com (Lannion)<\/span><\/div>\n<div><span style=\"font-family: verdana, sans-serif\"><b>\u00a0<\/b><\/span><\/div>\n<div><b>\u00a0\u00a0\u00a0Parcours universitaire<\/b><\/div>\n<div><b>\u00a0 \u00a0 \u00a0 \u00a0 \u00a0 \u00a0<\/b><span style=\"font-size: medium\">1981-1984 <strong>Universit\u00e9 Paris VII<\/strong>, PhD en phon\u00e9tique (prosodie)<\/span><\/div>\n<div><span style=\"font-size: medium\">\u00a0\u00a0 \u00a0\u00a0\u00a0 \u00a0\u00a0 \u00a0 1980-1981 <strong>Universit\u00e9 Paris VII<\/strong>, DEA en linguistique<br \/>\n<\/span><\/div>\n<div><span style=\"font-size: medium\">\u00a0 \u00a0 \u00a0 \u00a0 \u00a0 \u00a0 1979-1974 <strong>Universit\u00e9 P.J.Safarik<\/strong>, Kosice (Tch\u00e9coslovaquie), licence, master en <\/span><\/div>\n<div><span style=\"font-size: medium\">\u00a0 \u00a0 \u00a0 \u00a0 \u00a0 \u00a0 \u00a0 \u00a0 \u00a0 \u00a0 \u00a0 \u00a0 \u00a0 \u00a0 \u00a0 \u00a0 philologie moderne<\/span><\/div>\n<\/div>\n<\/td>\n<\/tr>\n<\/tbody>\n<\/table>\n<\/div>\n<\/div>\n","protected":false},"excerpt":{"rendered":"<p>Cursus \u00a0 \u00a0 Parcours professionnel\u00a0 \u00a0\u00a0 \u00a0\u00a0\u00a0 \u00a0 \u00a0 \u00a02010- &#8230; \u00a0 \u00a0 \u00a0\u00a0Ma\u00eetre de conf\u00e9rence, Universit\u00e9 de Lorraine \u00a0 \u00a0 \u00a0 \u00a0 \u00a0 \u00a0 \u00a02008-2010 \u00a0 Ing\u00e9nieur de recherche\u00a0\u00a0en synth\u00e8se de la parole\u00a0France T\u00e9l\u00e9com\u00a0(Lannion) \u00a0\u00a0 \u00a0\u00a0\u00a0 \u00a01993-2008 Ing\u00e9nieur de recherche\u00a0\u00a0en reconnaissance de la parole\u00a0 \u00a0 \u00a0 \u00a0 \u00a0 \u00a0 \u00a0 \u00a0 \u00a0 \u00a0 \u00a0 [&hellip;]<\/p>\n","protected":false},"author":1,"featured_media":0,"parent":0,"menu_order":0,"comment_status":"closed","ping_status":"closed","template":"","meta":{"footnotes":""},"class_list":["post-23","page","type-page","status-publish","hentry"],"_links":{"self":[{"href":"https:\/\/perso.atilf.fr\/kbartkov\/wp-json\/wp\/v2\/pages\/23","targetHints":{"allow":["GET"]}}],"collection":[{"href":"https:\/\/perso.atilf.fr\/kbartkov\/wp-json\/wp\/v2\/pages"}],"about":[{"href":"https:\/\/perso.atilf.fr\/kbartkov\/wp-json\/wp\/v2\/types\/page"}],"author":[{"embeddable":true,"href":"https:\/\/perso.atilf.fr\/kbartkov\/wp-json\/wp\/v2\/users\/1"}],"replies":[{"embeddable":true,"href":"https:\/\/perso.atilf.fr\/kbartkov\/wp-json\/wp\/v2\/comments?post=23"}],"version-history":[{"count":17,"href":"https:\/\/perso.atilf.fr\/kbartkov\/wp-json\/wp\/v2\/pages\/23\/revisions"}],"predecessor-version":[{"id":238,"href":"https:\/\/perso.atilf.fr\/kbartkov\/wp-json\/wp\/v2\/pages\/23\/revisions\/238"}],"wp:attachment":[{"href":"https:\/\/perso.atilf.fr\/kbartkov\/wp-json\/wp\/v2\/media?parent=23"}],"curies":[{"name":"wp","href":"https:\/\/api.w.org\/{rel}","templated":true}]}}