{"id":25,"date":"2015-06-29T13:45:00","date_gmt":"2015-06-29T12:45:00","guid":{"rendered":"https:\/\/apps.atilf.fr\/homepages\/kbartkov\/?page_id=25"},"modified":"2017-10-23T21:25:45","modified_gmt":"2017-10-23T20:25:45","slug":"recherche","status":"publish","type":"page","link":"https:\/\/perso.atilf.fr\/kbartkov\/recherche\/","title":{"rendered":"Recherche"},"content":{"rendered":"<p><strong>Traitement automatique de la parole\u00a0:<\/strong><\/p>\n<p><strong>Synth\u00e8se &amp; reconnaissance automatique de la parole, reconnaissance des locuteurs\u00a0:<\/strong><\/p>\n<ul>\n<li>l&rsquo;introduction de connaissances linguistiques dans des syst\u00e8mes de reconnaissance de la parole reconnaissance du locuteur et de synth\u00e8se vocale<\/li>\n<li>am\u00e9lioration des syst\u00e8mes de conversion graph\u00e8mes-phon\u00e8mes<\/li>\n<li>mod\u00e9lisation des param\u00e8tres prosodiques<\/li>\n<li>prise en compte des connaissances phon\u00e9tiques dans la mod\u00e9lisation acoustique des phon\u00e8mes<\/li>\n<li>reconnaissance et traitement de la parole non native<\/li>\n<\/ul>\n<p><strong>\u00a0 Traitement de la prosodie de la parole\u00a0:<\/strong><\/p>\n<ul>\n<li>d\u00e9veloppement d\u2019un syst\u00e8me de segmentation prosodique automatique du signal de parole (<strong>ProsoTree<\/strong>)<\/li>\n<li>d\u00e9veloppement d\u2019un syst\u00e8me d\u2019annotation automatique du signal de parole (<strong>PROSOTRAN<\/strong>)<\/li>\n<li>corpus prosodique<\/li>\n<li>\u00e9motion\u00a0: vecteur prosodique et mod\u00e8le pr\u00e9dictif<\/li>\n<li>particules discursives et leurs indices prosodiques<\/li>\n<\/ul>\n<p>&nbsp;<\/p>\n<p>&nbsp;<\/p>\n","protected":false},"excerpt":{"rendered":"<p>Traitement automatique de la parole\u00a0: Synth\u00e8se &amp; reconnaissance automatique de la parole, reconnaissance des locuteurs\u00a0: l&rsquo;introduction de connaissances linguistiques dans des syst\u00e8mes de reconnaissance de la parole reconnaissance du locuteur et de synth\u00e8se vocale am\u00e9lioration des syst\u00e8mes de conversion graph\u00e8mes-phon\u00e8mes mod\u00e9lisation des param\u00e8tres prosodiques prise en compte des connaissances phon\u00e9tiques dans la mod\u00e9lisation acoustique des [&hellip;]<\/p>\n","protected":false},"author":1,"featured_media":0,"parent":0,"menu_order":0,"comment_status":"closed","ping_status":"closed","template":"","meta":{"footnotes":""},"class_list":["post-25","page","type-page","status-publish","hentry"],"_links":{"self":[{"href":"https:\/\/perso.atilf.fr\/kbartkov\/wp-json\/wp\/v2\/pages\/25","targetHints":{"allow":["GET"]}}],"collection":[{"href":"https:\/\/perso.atilf.fr\/kbartkov\/wp-json\/wp\/v2\/pages"}],"about":[{"href":"https:\/\/perso.atilf.fr\/kbartkov\/wp-json\/wp\/v2\/types\/page"}],"author":[{"embeddable":true,"href":"https:\/\/perso.atilf.fr\/kbartkov\/wp-json\/wp\/v2\/users\/1"}],"replies":[{"embeddable":true,"href":"https:\/\/perso.atilf.fr\/kbartkov\/wp-json\/wp\/v2\/comments?post=25"}],"version-history":[{"count":6,"href":"https:\/\/perso.atilf.fr\/kbartkov\/wp-json\/wp\/v2\/pages\/25\/revisions"}],"predecessor-version":[{"id":249,"href":"https:\/\/perso.atilf.fr\/kbartkov\/wp-json\/wp\/v2\/pages\/25\/revisions\/249"}],"wp:attachment":[{"href":"https:\/\/perso.atilf.fr\/kbartkov\/wp-json\/wp\/v2\/media?parent=25"}],"curies":[{"name":"wp","href":"https:\/\/api.w.org\/{rel}","templated":true}]}}