{"id":15,"date":"2015-06-29T13:43:26","date_gmt":"2015-06-29T12:43:26","guid":{"rendered":"https:\/\/apps.atilf.fr\/homepages\/?page_id=15"},"modified":"2026-04-01T10:22:44","modified_gmt":"2026-04-01T09:22:44","slug":"projets","status":"publish","type":"page","link":"https:\/\/perso.atilf.fr\/kyibokou\/projets\/","title":{"rendered":"Projets"},"content":{"rendered":"<ul>\n<li>Membre du projet <span class=\"rub2\"><strong>AILang<\/strong>| Apprentissage Informel des Langues. <\/span><\/li>\n<\/ul>\n<p>Ce projet vise l&rsquo;\u00e9tude des influences des activit\u00e9s pratiqu\u00e9es en contextes informels sur le d\u00e9veloppement langagier en langues additionnelles des apprenant.e.s. <span class=\"rub2\">C<\/span><span class=\"rub2\">oordination : <\/span><span class=\"rub2\">Kossi Seto Yibokou, ATILF. (<a href=\"https:\/\/www.gis-education-et-formation.fr\/soutien-a-la-recherche\/projets-en-cours\/projet-ailang#:~:text=Le%20projet%20Apprentissage%20Informel%20de,pratiques%20informelles%20(loisir)%20et%20les\">Lien<\/a>). <a href=\"https:\/\/www.atilf.fr\/recherche\/manifestations\/colloques\/20251107-jtta-dimensions-de-lapprentissage-informel-des-langues\/\">Lien<\/a> de la Journ\u00e9e d&rsquo;\u00e9tude\u00a0<\/span><\/p>\n<ul>\n<li>Membre du projet <span class=\"rub2\"><strong>Prosophon<\/strong> | <span id=\"page15R_mcid2\" class=\"markedContent\"><span dir=\"ltr\" role=\"presentation\">Profession,<\/span> <span dir=\"ltr\" role=\"presentation\">Soci\u00e9t\u00e9<\/span><span dir=\"ltr\" role=\"presentation\">,<\/span> <span dir=\"ltr\" role=\"presentation\">Prononciation<\/span><\/span>. <\/span><\/li>\n<\/ul>\n<p>Ce projet explore les questions relatives au construit d&rsquo;\u00ab accent \u00bb dans le domaine de l&rsquo;apprentissage<br \/>\ndes langues additionnelles (Lx), en lien avec la formation, l&rsquo;insertion sociale et professionnelle. <span class=\"rub2\">C<\/span><span class=\"rub2\">oordination : <\/span><span class=\"rub2\">Gr\u00e9gory Miras, ATILF. <\/span><\/p>\n<ul>\n<li>Membre du projet <span class=\"rub2\"><strong>IDProf<\/strong> | Identit\u00e9 Professionnelle des (futurs) enseignants de langues. <\/span><span class=\"rub2\">C<\/span><span class=\"rub2\">oordination : <\/span><span class=\"rub2\">S\u00e9verine Behra, ATILF. <\/span><span class=\"rub2\"><a href=\"https:\/\/www.atilf.fr\/recherche\/equipes\/didactique-des-langues-et-sociolinguistique\/\">Lien<\/a> du descriptif du projet<\/span><\/li>\n<\/ul>\n<p>&nbsp;<\/p>\n<ul>\n<li>Membre du r\u00e9seau de recherche international <strong>DRILL<\/strong> (Digital Roundtable on Informal Language Learning).\u00a0<span class=\"rub2\">C<\/span><span class=\"rub2\">oordination :<\/span> Denyze Toffoli, Universit\u00e9 Toulouse 3 (France) ; Geoffrey Sockett, Universit\u00e9 Paris Descartes (France) ; Henriette \u00a0Arndt, Lund University (Sweden) ; Mark Allen Dressman, University of Illinois (US) ; Marlene schwarz, Universit\u00e4t Wien (Austria) ; Meryl Kusyk, P\u00e4dagogische Hochschule Karlsruhe (Germany)<\/li>\n<\/ul>\n<p>&nbsp;<\/p>\n<p>&nbsp;<\/p>\n<p>&nbsp;<\/p>\n","protected":false},"excerpt":{"rendered":"<p>Membre du projet AILang| Apprentissage Informel des Langues. Ce projet vise l&rsquo;\u00e9tude des influences des activit\u00e9s pratiqu\u00e9es en contextes informels sur le d\u00e9veloppement langagier en langues additionnelles des apprenant.e.s. Coordination : Kossi Seto Yibokou, ATILF. (Lien). Lien de la Journ\u00e9e d&rsquo;\u00e9tude\u00a0 Membre du projet Prosophon | Profession, Soci\u00e9t\u00e9, Prononciation. Ce projet explore les questions relatives [&hellip;]<\/p>\n","protected":false},"author":1,"featured_media":0,"parent":0,"menu_order":0,"comment_status":"closed","ping_status":"closed","template":"","meta":{"footnotes":""},"class_list":["post-15","page","type-page","status-publish","hentry"],"_links":{"self":[{"href":"https:\/\/perso.atilf.fr\/kyibokou\/wp-json\/wp\/v2\/pages\/15","targetHints":{"allow":["GET"]}}],"collection":[{"href":"https:\/\/perso.atilf.fr\/kyibokou\/wp-json\/wp\/v2\/pages"}],"about":[{"href":"https:\/\/perso.atilf.fr\/kyibokou\/wp-json\/wp\/v2\/types\/page"}],"author":[{"embeddable":true,"href":"https:\/\/perso.atilf.fr\/kyibokou\/wp-json\/wp\/v2\/users\/1"}],"replies":[{"embeddable":true,"href":"https:\/\/perso.atilf.fr\/kyibokou\/wp-json\/wp\/v2\/comments?post=15"}],"version-history":[{"count":14,"href":"https:\/\/perso.atilf.fr\/kyibokou\/wp-json\/wp\/v2\/pages\/15\/revisions"}],"predecessor-version":[{"id":408,"href":"https:\/\/perso.atilf.fr\/kyibokou\/wp-json\/wp\/v2\/pages\/15\/revisions\/408"}],"wp:attachment":[{"href":"https:\/\/perso.atilf.fr\/kyibokou\/wp-json\/wp\/v2\/media?parent=15"}],"curies":[{"name":"wp","href":"https:\/\/api.w.org\/{rel}","templated":true}]}}