{"id":23,"date":"2015-06-29T13:44:14","date_gmt":"2015-06-29T12:44:14","guid":{"rendered":"https:\/\/apps.atilf.fr\/homepages\/?page_id=23"},"modified":"2022-03-23T17:31:10","modified_gmt":"2022-03-23T16:31:10","slug":"cv","status":"publish","type":"page","link":"https:\/\/perso.atilf.fr\/kyibokou\/cv\/","title":{"rendered":"CV"},"content":{"rendered":"<p><strong>Formation<\/strong><\/p>\n<p><strong>2020 &#8211; <\/strong>Qualification CNU en sections 7 (Sciences du langage) et 11 (Anglais)<\/p>\n<p><strong>2014-2019 &#8211; <\/strong>Doctorat en Sciences du langage (didactique des langues et phon\u00e9tique) Unit\u00e9 de recherche 1339 : Linguistique, Langues, Parole (LiLPa). Universit\u00e9 de Strasbourg, France. <strong>Titre de la th\u00e8se<\/strong> : Apprentissage informel de l&rsquo;anglais en ligne : quelles cons\u00e9quences sur la prononciation des \u00e9tudiants fran\u00e7ais ? Sous la direction de B\u00e9atrice Vaxelaire et Denyze Toffoli.<\/p>\n<p><strong>2013-2014 &#8211; <\/strong>Master \u00c9ducation, Formation, Communication. Sp\u00e9cialit\u00e9 Conception, Formation, Technologie (parcours conception multim\u00e9dia). Universit\u00e9 de Strasbourg, France. <strong>Titre du m\u00e9moire<\/strong> : Ergonomie et compr\u00e9hension des consignes : Quels facteurs pour favoriser la r\u00e9alisation efficace des t\u00e2ches chez les apprenants dans un syst\u00e8me hybride ?<\/p>\n<p><strong>2012-2013 &#8211; <\/strong>Ma\u00eetrise \u00c9ducation, Formation, Communication, Didactiques des Langues \u00c9trang\u00e8res et Secondes. Universit\u00e9 de Strasbourg, France.<\/p>\n<p>&nbsp;<\/p>\n<p><strong>Exp\u00e9rience professionnelle<\/strong><\/p>\n<p><strong>Depuis 2020 -&gt;<\/strong> Ma\u00eetre de Conf\u00e9rences stagiaire en anglais, UFR Lansad \u2013 Universit\u00e9 de Lorraine, Nancy, France<\/p>\n<p><strong>2019-2020 &#8211;<\/strong> Enseignant contractuel au d\u00e9partement de Didactique des Langues. Universit\u00e9 de Strasbourg, France<\/p>\n<p><strong>2017-2019 &#8211; <\/strong>Attach\u00e9 temporaire d&rsquo;enseignement et de recherche (ATER) au d\u00e9partement de Didactique des Langues. Universit\u00e9 de Strasbourg, France<\/p>\n<p><strong>2015-2017 &#8211; <\/strong>Agent temporaire vacataire au Centre de Ressources et d\u2019Apprentissage de Langues (CRAL). Universit\u00e9 de Strasbourg, France.<\/p>\n<p><strong>2012-2014 &#8211; <\/strong>Animateur linguistique (Fran\u00e7ais-Anglais) Ludilangues &#8211; Lieu d\u2019Europe. Strasbourg<\/p>\n<p><strong>2011-2012 &#8211; <\/strong>Enseignant d\u2019anglais \u00e0 Eagle Vision Institute : Accra, Ghana.<\/p>\n<p><strong>2010-2011 &#8211; <\/strong>Service National : Enseignement du fran\u00e7ais pour la communication g\u00e9n\u00e9rale (FLE). Universit\u00e9 du Ghana, Legon.<\/p>\n<p><strong>2008-2009 &#8211; <\/strong>Interpr\u00e8te occasionnel Anglais-Fran\u00e7ais. Association pour L&rsquo;Enseignement et la Formation des Travailleurs Immigr\u00e9s (AEFTI) Lorraine-Alsace. Mulhouse-Strasbourg.<\/p>\n<p>&nbsp;<\/p>\n","protected":false},"excerpt":{"rendered":"<p>Formation 2020 &#8211; Qualification CNU en sections 7 (Sciences du langage) et 11 (Anglais) 2014-2019 &#8211; Doctorat en Sciences du langage (didactique des langues et phon\u00e9tique) Unit\u00e9 de recherche 1339 : Linguistique, Langues, Parole (LiLPa). Universit\u00e9 de Strasbourg, France. Titre de la th\u00e8se : Apprentissage informel de l&rsquo;anglais en ligne : quelles cons\u00e9quences sur la [&hellip;]<\/p>\n","protected":false},"author":1,"featured_media":0,"parent":0,"menu_order":0,"comment_status":"closed","ping_status":"closed","template":"","meta":{"footnotes":""},"class_list":["post-23","page","type-page","status-publish","hentry"],"_links":{"self":[{"href":"https:\/\/perso.atilf.fr\/kyibokou\/wp-json\/wp\/v2\/pages\/23","targetHints":{"allow":["GET"]}}],"collection":[{"href":"https:\/\/perso.atilf.fr\/kyibokou\/wp-json\/wp\/v2\/pages"}],"about":[{"href":"https:\/\/perso.atilf.fr\/kyibokou\/wp-json\/wp\/v2\/types\/page"}],"author":[{"embeddable":true,"href":"https:\/\/perso.atilf.fr\/kyibokou\/wp-json\/wp\/v2\/users\/1"}],"replies":[{"embeddable":true,"href":"https:\/\/perso.atilf.fr\/kyibokou\/wp-json\/wp\/v2\/comments?post=23"}],"version-history":[{"count":13,"href":"https:\/\/perso.atilf.fr\/kyibokou\/wp-json\/wp\/v2\/pages\/23\/revisions"}],"predecessor-version":[{"id":341,"href":"https:\/\/perso.atilf.fr\/kyibokou\/wp-json\/wp\/v2\/pages\/23\/revisions\/341"}],"wp:attachment":[{"href":"https:\/\/perso.atilf.fr\/kyibokou\/wp-json\/wp\/v2\/media?parent=23"}],"curies":[{"name":"wp","href":"https:\/\/api.w.org\/{rel}","templated":true}]}}