{"id":13,"date":"2015-06-29T13:43:15","date_gmt":"2015-06-29T12:43:15","guid":{"rendered":"https:\/\/apps.atilf.fr\/homepages\/lberard\/?page_id=13"},"modified":"2016-11-25T16:06:56","modified_gmt":"2016-11-25T15:06:56","slug":"enseignement","status":"publish","type":"page","link":"https:\/\/perso.atilf.fr\/lberard\/enseignement\/","title":{"rendered":"Enseignement"},"content":{"rendered":"<p><span style=\"text-decoration: underline\"><strong>Contexte institutionnel<\/strong><\/span><\/p>\n<p>2016-2017 Fonctionnaire stagiaire &#8211; Lyc\u00e9e Poincar\u00e9, Nancy<\/p>\n<p>2015-2016 Vacations &#8211; Universit\u00e9 de Lorraine<\/p>\n<p>2012-2013 ATER &#8211; Universit\u00e9 de la M\u00e9diterran\u00e9e<\/p>\n<p>2009-2012 Contrat doctorat avec activit\u00e9 d&rsquo;enseignement &#8211; Universit\u00e9 de Lorraine<\/p>\n<p>2008 Tutorat d&rsquo;enseignement &#8211; Universit\u00e9 Aix-Marseille 1<\/p>\n<p><span style=\"text-decoration: underline\"><strong>Enseignements<\/strong><\/span><\/p>\n<p>L1 et L3 EAM Sciences du langage : Linguistique g\u00e9n\u00e9rale et applications (2015) : cours en ligne pour les \u00e9tudiants <a href=\"http:\/\/arche.univ-lorraine.fr\/enrol\/index.php?id=12570\" target=\"_blank\">http:\/\/arche.univ-lorraine.fr\/enrol\/index.php?id=12570<\/a><\/p>\n<p>L1 Lettres Modernes : Phon\u00e9tique, phonologie et orthographe (2013)<\/p>\n<p>L2 et L3 EAM Sciences du langage : Grammaire de l&rsquo;oral (2009, 2010, 2011)<\/p>\n<p>L2 Sciences du langage : Annotation syntaxique de l&rsquo;oral (2009, 2010, 2011)<\/p>\n<p>L1 Sciences du langage : Ma\u00eetrise de l&rsquo;expression \u00e9crite et orale (2009, 2010)<\/p>\n<p>L1 Sciences du langage : Textes fondamentaux en linguistique (2009)<\/p>\n<p>Tous niveaux, tous domaines : C2i (2008)<\/p>\n<p>Seconde, Premi\u00e8re : Fran\u00e7ais, Litt\u00e9rature (2016)<\/p>\n","protected":false},"excerpt":{"rendered":"<p>Contexte institutionnel 2016-2017 Fonctionnaire stagiaire &#8211; Lyc\u00e9e Poincar\u00e9, Nancy 2015-2016 Vacations &#8211; Universit\u00e9 de Lorraine 2012-2013 ATER &#8211; Universit\u00e9 de la M\u00e9diterran\u00e9e 2009-2012 Contrat doctorat avec activit\u00e9 d&rsquo;enseignement &#8211; Universit\u00e9 de Lorraine 2008 Tutorat d&rsquo;enseignement &#8211; Universit\u00e9 Aix-Marseille 1 Enseignements L1 et L3 EAM Sciences du langage : Linguistique g\u00e9n\u00e9rale et applications (2015) : cours [&hellip;]<\/p>\n","protected":false},"author":1,"featured_media":0,"parent":0,"menu_order":0,"comment_status":"closed","ping_status":"closed","template":"","meta":{"footnotes":""},"class_list":["post-13","page","type-page","status-publish","hentry"],"_links":{"self":[{"href":"https:\/\/perso.atilf.fr\/lberard\/wp-json\/wp\/v2\/pages\/13","targetHints":{"allow":["GET"]}}],"collection":[{"href":"https:\/\/perso.atilf.fr\/lberard\/wp-json\/wp\/v2\/pages"}],"about":[{"href":"https:\/\/perso.atilf.fr\/lberard\/wp-json\/wp\/v2\/types\/page"}],"author":[{"embeddable":true,"href":"https:\/\/perso.atilf.fr\/lberard\/wp-json\/wp\/v2\/users\/1"}],"replies":[{"embeddable":true,"href":"https:\/\/perso.atilf.fr\/lberard\/wp-json\/wp\/v2\/comments?post=13"}],"version-history":[{"count":13,"href":"https:\/\/perso.atilf.fr\/lberard\/wp-json\/wp\/v2\/pages\/13\/revisions"}],"predecessor-version":[{"id":275,"href":"https:\/\/perso.atilf.fr\/lberard\/wp-json\/wp\/v2\/pages\/13\/revisions\/275"}],"wp:attachment":[{"href":"https:\/\/perso.atilf.fr\/lberard\/wp-json\/wp\/v2\/media?parent=13"}],"curies":[{"name":"wp","href":"https:\/\/api.w.org\/{rel}","templated":true}]}}