{"id":17,"date":"2015-06-29T13:43:37","date_gmt":"2015-06-29T12:43:37","guid":{"rendered":"https:\/\/apps.atilf.fr\/homepages\/lberard\/?page_id=17"},"modified":"2017-09-26T20:25:45","modified_gmt":"2017-09-26T19:25:45","slug":"publications","status":"publish","type":"page","link":"https:\/\/perso.atilf.fr\/lberard\/publications\/","title":{"rendered":"Publications"},"content":{"rendered":"<p>B\u00e9rard L. (accept\u00e9) L&rsquo;articulation monologue-dialogue dans les chansons de Dor\u00e9mus. Actes du colloque <em>Entre monologue et dialogue, <\/em>02-04 mai 2016.<\/p>\n<p>B\u00e9rard L., Deulofeu J. &amp; Kahane S. (2014) A corpus based study of bridge verbs in long distance dependencies in French: a specific construction. <em>Chimera: Journal of<\/em> <em>Romance Corpora and Linguistic Studies 1<\/em>, p.137-155. <a href=\"http:\/\/www.inicios.es\/coralrom\/index.php\/CHIMERA\/article\/view\/6\/8\">http:\/\/www.inicios.es\/coralrom\/index.php\/CHIMERA\/article\/view\/6\/8<\/a><\/p>\n<p>B\u00e9rard L. (2014) D\u00e9pendances \u00e0 longue distance et genres textuels. <em>Actes du Congr\u00e8s Mondial de Linguistique Fran\u00e7aise<\/em> (CMLF), p. 2349-2365. <a href=\"http:\/\/www.shs-conferences.org\/articles\/shsconf\/pdf\/2014\/05\/shsconf_cmlf14_01336.pdf\">http:\/\/www.shs-conferences.org\/articles\/shsconf\/pdf\/2014\/05\/shsconf_cmlf14_01336.pdf<\/a><\/p>\n<p>B\u00e9rard L. &amp; Benzitoun C. (2010) Mutualisation et uniformisation de ressources de fran\u00e7ais parl\u00e9, <em>Cahiers de Prax\u00e9matique 54-55, p. 175-188<\/em><\/p>\n<p>&nbsp;<\/p>\n<p>&#8212;<\/p>\n<p>Th\u00e8se : D\u00e9pendances \u00e0 longue distance en fran\u00e7ais contemporain &#8211; \u00c9tude sur corpus \u00ab c\u2019est ce qu\u2019on pense qui devrait \u00eatre fait \u00bb <a href=\"https:\/\/perso.atilf.fr\/lberard\/wp-content\/uploads\/sites\/19\/2015\/06\/These_Berard_Lolita_2012.pdf\" rel=\"\">These_Berard_Lolita_2012<\/a><\/p>\n","protected":false},"excerpt":{"rendered":"<p>B\u00e9rard L. (accept\u00e9) L&rsquo;articulation monologue-dialogue dans les chansons de Dor\u00e9mus. Actes du colloque Entre monologue et dialogue, 02-04 mai 2016. B\u00e9rard L., Deulofeu J. &amp; Kahane S. (2014) A corpus based study of bridge verbs in long distance dependencies in French: a specific construction. Chimera: Journal of Romance Corpora and Linguistic Studies 1, p.137-155. http:\/\/www.inicios.es\/coralrom\/index.php\/CHIMERA\/article\/view\/6\/8 [&hellip;]<\/p>\n","protected":false},"author":1,"featured_media":0,"parent":0,"menu_order":0,"comment_status":"closed","ping_status":"closed","template":"","meta":{"footnotes":""},"class_list":["post-17","page","type-page","status-publish","hentry"],"_links":{"self":[{"href":"https:\/\/perso.atilf.fr\/lberard\/wp-json\/wp\/v2\/pages\/17","targetHints":{"allow":["GET"]}}],"collection":[{"href":"https:\/\/perso.atilf.fr\/lberard\/wp-json\/wp\/v2\/pages"}],"about":[{"href":"https:\/\/perso.atilf.fr\/lberard\/wp-json\/wp\/v2\/types\/page"}],"author":[{"embeddable":true,"href":"https:\/\/perso.atilf.fr\/lberard\/wp-json\/wp\/v2\/users\/1"}],"replies":[{"embeddable":true,"href":"https:\/\/perso.atilf.fr\/lberard\/wp-json\/wp\/v2\/comments?post=17"}],"version-history":[{"count":13,"href":"https:\/\/perso.atilf.fr\/lberard\/wp-json\/wp\/v2\/pages\/17\/revisions"}],"predecessor-version":[{"id":280,"href":"https:\/\/perso.atilf.fr\/lberard\/wp-json\/wp\/v2\/pages\/17\/revisions\/280"}],"wp:attachment":[{"href":"https:\/\/perso.atilf.fr\/lberard\/wp-json\/wp\/v2\/media?parent=17"}],"curies":[{"name":"wp","href":"https:\/\/api.w.org\/{rel}","templated":true}]}}