{"id":23,"date":"2015-06-29T13:44:14","date_gmt":"2015-06-29T12:44:14","guid":{"rendered":"https:\/\/apps.atilf.fr\/homepages\/lberard\/?page_id=23"},"modified":"2016-11-25T16:26:40","modified_gmt":"2016-11-25T15:26:40","slug":"cv","status":"publish","type":"page","link":"https:\/\/perso.atilf.fr\/lberard\/cv\/","title":{"rendered":"CV"},"content":{"rendered":"<p><span style=\"text-decoration: underline\"><strong>Informations personnelles<\/strong><\/span><\/p>\n<p>N\u00e9e en1985 dans le Var (83)<\/p>\n<p>&nbsp;<\/p>\n<p><span style=\"text-decoration: underline\"><strong>Formation<\/strong><\/span><\/p>\n<p>2009-2012 : Doctorat Sciences du Langage, Universit\u00e9 de Lorraine, Nancy. Mention tr\u00e8s honorable (l\u2019Universit\u00e9 ne d\u00e9livre plus les F\u00e9licitations). <em>D\u00e9pendances \u00e0 distance en fran\u00e7ais contemporain &#8211; \u00c9tude sur Corpus. \u00ab\u00a0c&rsquo;est ce qu&rsquo;on pense qui devrait \u00eatre fait\u00a0\u00bb<\/em>. <a href=\"https:\/\/perso.atilf.fr\/lberard\/wp-content\/uploads\/sites\/19\/2015\/06\/These_Berard_Lolita_2012.pdf\" target=\"_blank\" rel=\"\">These<\/a><\/p>\n<p>2007-2009 : Master Sciences du Langage &#8211; TAL<\/p>\n<ul>\n<li>2008-2009 : Documents \u00c9lectroniques et Flux d&rsquo;Informations (DEFI), Paris X Nanterre<\/li>\n<li>2007-2008 : Technologies du Langage, Aix en Provence<\/li>\n<\/ul>\n<p>2005-2007 : Master Lettres Modernes &#8211; Linguistique fran\u00e7aise, Aix en Provence<\/p>\n<ul>\n<li>2006 : Semestre d&rsquo;automne \u00e0 l&rsquo;Universit\u00e9 Laval, Qu\u00e9bec<\/li>\n<\/ul>\n<p>2005-2005 : Licence Lettres Modernes &#8211; M\u00e9tiers du livre, Aix en Provence<\/p>\n<p>2002-2004 : DEUG Lettres Modernes, Aix en Provence<\/p>\n<p>&nbsp;<\/p>\n<p><span style=\"text-decoration: underline\"><strong>Exp\u00e9rience professionnelle<\/strong><\/span><\/p>\n<p>2016-2017 : Professeure certifi\u00e9e de Lettres Modernes, Lyc\u00e9e Poincar\u00e9 \u00e0 Nancy.<\/p>\n<p>2015-2016 : Ing\u00e9nieure de Recherche &#8211; Projet Frantext, ATILF. \u00c9tiquetage morphosyntaxique de textes litt\u00e9raires.<\/p>\n<p>2015 : Ing\u00e9nieure de Recherche &#8211; ANR ORFEO, ATILF. Pr\u00e9paration des corpus oraux et des m\u00e9tadonn\u00e9es.<\/p>\n<p>2013-2014 : Post-doctorante &#8211; ANR ORFEO, LATTICE. Pr\u00e9paration des corpus oraux et des m\u00e9tadonn\u00e9es.<\/p>\n<p>2012-2013 : ATER, Universit\u00e9 Aix-Marseille &amp; LPL<\/p>\n<p>2019-2012 : Doctorante avec activit\u00e9 d\u2019enseignement, Universit\u00e9 de Lorraine &amp; ATILF<\/p>\n<p>2009 : Ing\u00e9nieure-linguiste stagiaire \u00e0 France T\u00e9l\u00e9com R&amp;D, Lannion. Titrage automatique de sujets de journaux t\u00e9l\u00e9vis\u00e9s.<\/p>\n<p>&nbsp;<\/p>\n<p><strong><span style=\"text-decoration: underline\">Concours \/ Classements<\/span><\/strong><\/p>\n<p>2016 :<\/p>\n<ul>\n<li>Maitre de Conf\u00e9rence \u00ab\u00a0Sciences du langage et linguistique de corpus\u00a0\u00bb, Paris 5 : 2\u00e8me<\/li>\n<li>Maitre de Conf\u00e9rence \u00ab\u00a0Linguistique informatique\u00a0\u00bb, Montpellier 3 : 5\u00e8me<\/li>\n<li>Capes Lettres Modernes : admise<\/li>\n<\/ul>\n<p>2015 :<\/p>\n<ul>\n<li>Maitre de Conf\u00e9rence \u00ab\u00a0Ing\u00e9nierie, innovations p\u00e9dagogiques, linguistique de l&rsquo;\u00e9crit\u00a0\u00bb, Paris X : 2\u00e8me<\/li>\n<li>Maitre de Conf\u00e9rence \u00ab\u00a0Syntaxe\u00a0\u00bb, Bordeaux Montaigne : 4\u00e8me<\/li>\n<\/ul>\n<p>2014 :<\/p>\n<ul>\n<li>Maitre de Conf\u00e9rence \u00ab\u00a0Syntaxe de l&rsquo;oral\u00a0\u00bb, Toulouse 2 : 2\u00e8me<\/li>\n<li>Ing\u00e9nieur de Recherche CNRS \u00ab\u00a0Production et analyse de donn\u00e9es\u00a0\u00bb, Laboratoire SFL (UMR 7023) : 4\u00e8me<\/li>\n<\/ul>\n","protected":false},"excerpt":{"rendered":"<p>Informations personnelles N\u00e9e en1985 dans le Var (83) &nbsp; Formation 2009-2012 : Doctorat Sciences du Langage, Universit\u00e9 de Lorraine, Nancy. Mention tr\u00e8s honorable (l\u2019Universit\u00e9 ne d\u00e9livre plus les F\u00e9licitations). D\u00e9pendances \u00e0 distance en fran\u00e7ais contemporain &#8211; \u00c9tude sur Corpus. \u00ab\u00a0c&rsquo;est ce qu&rsquo;on pense qui devrait \u00eatre fait\u00a0\u00bb. These 2007-2009 : Master Sciences du Langage &#8211; [&hellip;]<\/p>\n","protected":false},"author":1,"featured_media":0,"parent":0,"menu_order":0,"comment_status":"closed","ping_status":"closed","template":"","meta":{"footnotes":""},"class_list":["post-23","page","type-page","status-publish","hentry"],"_links":{"self":[{"href":"https:\/\/perso.atilf.fr\/lberard\/wp-json\/wp\/v2\/pages\/23","targetHints":{"allow":["GET"]}}],"collection":[{"href":"https:\/\/perso.atilf.fr\/lberard\/wp-json\/wp\/v2\/pages"}],"about":[{"href":"https:\/\/perso.atilf.fr\/lberard\/wp-json\/wp\/v2\/types\/page"}],"author":[{"embeddable":true,"href":"https:\/\/perso.atilf.fr\/lberard\/wp-json\/wp\/v2\/users\/1"}],"replies":[{"embeddable":true,"href":"https:\/\/perso.atilf.fr\/lberard\/wp-json\/wp\/v2\/comments?post=23"}],"version-history":[{"count":25,"href":"https:\/\/perso.atilf.fr\/lberard\/wp-json\/wp\/v2\/pages\/23\/revisions"}],"predecessor-version":[{"id":277,"href":"https:\/\/perso.atilf.fr\/lberard\/wp-json\/wp\/v2\/pages\/23\/revisions\/277"}],"wp:attachment":[{"href":"https:\/\/perso.atilf.fr\/lberard\/wp-json\/wp\/v2\/media?parent=23"}],"curies":[{"name":"wp","href":"https:\/\/api.w.org\/{rel}","templated":true}]}}