{"id":164,"date":"2015-11-13T13:00:29","date_gmt":"2015-11-13T12:00:29","guid":{"rendered":"https:\/\/apps.atilf.fr\/homepages\/lkister\/?page_id=164"},"modified":"2017-10-06T13:53:32","modified_gmt":"2017-10-06T12:53:32","slug":"actualites","status":"publish","type":"page","link":"https:\/\/perso.atilf.fr\/lkister\/actualites\/","title":{"rendered":"Animation de la recherche"},"content":{"rendered":"<p><strong><span style=\"font-size: x-large\">Projets et manifestations scientifiques<\/span><\/strong><\/p>\n<div style=\"text-align: justify\">\n<p>Coordination de l\u2019op\u00e9ration de recherche ASTTIC \u2013 Axe 2 Langues, textes, documents de la MHS-Lorraine (janvier 2011\/novembre 2012). Pr\u00e9sentation du projet en ligne : <a class=\"lien\" href=\"http:\/\/www.msh-lorraine.fr\/index.php?id=531\" target=\"_blank\" rel=\"noopener\">ASTTIC<\/a><\/p>\n<p>Organisation de la journ\u00e9e <i> Annotation collaborative de corpus<\/i> &#8211; Axe 2 : Langues, textes et documents de la MSH-Lorraine [Collaboration avec I. Draelants, ERL 7229 M\u00e9di\u00e9vistique CNRS\/Universit\u00e9 de Lorrain et S. Walter, Archives Poincar\u00e9 UMR 7117 CNRS\/Universit\u00e9 de Lorraine] &#8211; MSH-Lorraine, Nancy (9 mars 2012). Programme, r\u00e9sum\u00e9s et diaporamas des intervenants en ligne : <a class=\"lien\" href=\"http:\/\/www.msh-lorraine.fr\/actualites\/details\/article\/journee-annotation-collaborative-de-corpus.html\" target=\"_blank\" rel=\"noopener\">Annotation collaborative de corpus<\/a><\/p>\n<p>Coordination du groupe de recherche Anaphores et N de N &#8211; PIR Cognisciences Est &#8211; L&rsquo;anaphore et son traitement &#8211; R\u00e9seau Grand Est (1993-1995)Organisation de la journ\u00e9e <i>Expressions compos\u00e9es et anaphores<\/i> &#8211; CRAL, Nancy 2 (11 avril 1995)Organisation de la journ\u00e9e <i>Groupes nominaux complexes : reprises dans les structures en N1 de (d\u00e9t.) N2<\/i> &#8211; CRIN, Nancy (10 d\u00e9cembre 1993)<\/p>\n<p>&nbsp;<\/p>\n<p><strong><span style=\"font-size: x-large\">Constitution de corpus<\/span><\/strong><\/p>\n<p>Corpus <i>Revue Sciences Humaines<\/i> &#8211; Co-responsable scientifique, dans le cadre d&rsquo;un projet de d\u00e9tection et de d\u00e9sambigu\u00efsation de termes en texte int\u00e9gral, de la constutition d&rsquo;un corpus d&rsquo;article portant sur les Sciences du langage paru dans la revue <i>Sciences Humaines<\/i>. Un partenariat avec la revue permet la mise \u00e0 disposition du corpus pour la communaut\u00e9 scientifique sous la licence creative Commons, par le CNRTL.Corpus en ligne : <a class=\"lien\" href=\"http:\/\/www.cnrtl.fr\/corpus\/shs\/\" target=\"_blank\" rel=\"noopener\">Corpus Sciences humaines<\/a><\/p>\n<p>&nbsp;<\/p>\n<p><strong><span style=\"font-size: x-large\">Suivi scientifique<\/span><\/strong><\/p>\n<p>Membre du Comit\u00e9 de Direction Scientifique de l&rsquo;Atilf (depuis 2006)<\/p>\n<p>Membre du vivier de professionnels de terrain pour l\u2019\u00e9valuation de projets men\u00e9 par l\u2019Observatoire des m\u00e9tiers et de l\u2019emploi scientifique (OMES) de la DRH du CNRS (depuis 2010)<\/p>\n<p>Membre du conseil de suivi des doctorants de l&rsquo;Atilf UMR 7118 &#8211; CNRS, Nancy Universit\u00e9 (de 2005 jusqu&rsquo;\u00e0 sa fusion avec le Conseil de Direction Scientifique)<\/p>\n<p>&nbsp;<\/p>\n<p><strong><span style=\"font-size: x-large\">Comit\u00e9s de lecture et comit\u00e9s scientifiques<br \/>\n<\/span><\/strong><\/p>\n<p>Membre du comit\u00e9 scientifique du colloque <em>L&rsquo;essentiel de la m\u00e9diation. Vers un consensus sur le concept dans les sciences humaines et sociales &#8211; <\/em>Universit\u00e9 de Padoue (1-<span id=\"OBJ_PREFIX_DWT51_com_zimbra_date\" class=\"Object\" role=\"link\">2 mars 2018)<\/span><\/p>\n<p>Membre du comit\u00e9 de lecture du num\u00e9ro 13 de Rep\u00e8res-Dorif <i>La r\u00e9p\u00e9tition en langue et en discours <\/i> Revue en ligne : <a class=\"lien\" href=\"http:\/\/www.dorif.it\/ezine\/\" target=\"_blank\" rel=\"noopener\"> page d&rsquo;accueil<\/a><\/p>\n<p>Membre du comit\u00e9 de lecture du Num\u00e9ro hors s\u00e9rie de Communication : information, m\u00e9dias, th\u00e9ories, pratiques consacr\u00e9 au centenaire du quotidien montr\u00e9alais <i>Le Devoir<\/i>, Universit\u00e9 Laval, Canada, 2012, 29\/2. Revue en ligne : <a class=\"lien\" href=\"http:\/\/communication.revues.org\/index2591.html\" target=\"_blank\" rel=\"noopener\">n\u00b029\/2 &#8211; 2012<\/a><\/p>\n<p>Expertise d&rsquo;articles pour le comit\u00e9 de lecture de Communication : information, m\u00e9dias, th\u00e9ories, pratiques, Universit\u00e9 Laval, Canada<\/p>\n<p>Membre du comit\u00e9 scientifique du colloque ARCo&rsquo;07 : Cognition, Compl\u00e9xit\u00e9, Collectif (28-30 novembre 2007 &#8211; Nancy &#8211; Loria)<\/p>\n<\/div>\n","protected":false},"excerpt":{"rendered":"<p>Projets et manifestations scientifiques Coordination de l\u2019op\u00e9ration de recherche ASTTIC \u2013 Axe 2 Langues, textes, documents de la MHS-Lorraine (janvier 2011\/novembre 2012). Pr\u00e9sentation du projet en ligne : ASTTIC Organisation de la journ\u00e9e Annotation collaborative de corpus &#8211; Axe 2 : Langues, textes et documents de la MSH-Lorraine [Collaboration avec I. Draelants, ERL 7229 M\u00e9di\u00e9vistique [&hellip;]<\/p>\n","protected":false},"author":9,"featured_media":0,"parent":0,"menu_order":0,"comment_status":"closed","ping_status":"closed","template":"","meta":{"footnotes":""},"class_list":["post-164","page","type-page","status-publish","hentry"],"_links":{"self":[{"href":"https:\/\/perso.atilf.fr\/lkister\/wp-json\/wp\/v2\/pages\/164","targetHints":{"allow":["GET"]}}],"collection":[{"href":"https:\/\/perso.atilf.fr\/lkister\/wp-json\/wp\/v2\/pages"}],"about":[{"href":"https:\/\/perso.atilf.fr\/lkister\/wp-json\/wp\/v2\/types\/page"}],"author":[{"embeddable":true,"href":"https:\/\/perso.atilf.fr\/lkister\/wp-json\/wp\/v2\/users\/9"}],"replies":[{"embeddable":true,"href":"https:\/\/perso.atilf.fr\/lkister\/wp-json\/wp\/v2\/comments?post=164"}],"version-history":[{"count":37,"href":"https:\/\/perso.atilf.fr\/lkister\/wp-json\/wp\/v2\/pages\/164\/revisions"}],"predecessor-version":[{"id":333,"href":"https:\/\/perso.atilf.fr\/lkister\/wp-json\/wp\/v2\/pages\/164\/revisions\/333"}],"wp:attachment":[{"href":"https:\/\/perso.atilf.fr\/lkister\/wp-json\/wp\/v2\/media?parent=164"}],"curies":[{"name":"wp","href":"https:\/\/api.w.org\/{rel}","templated":true}]}}