{"id":17,"date":"2015-11-13T13:00:37","date_gmt":"2015-11-13T12:00:37","guid":{"rendered":"https:\/\/apps.atilf.fr\/homepages\/lkister\/?page_id=17"},"modified":"2024-03-19T14:19:00","modified_gmt":"2024-03-19T13:19:00","slug":"publications","status":"publish","type":"page","link":"https:\/\/perso.atilf.fr\/lkister\/publications\/","title":{"rendered":"Publications"},"content":{"rendered":"<h2><\/h2>\n<p><strong><span style=\"font-size: x-large\">Revues avec comit\u00e9 de lecture<\/span><\/strong><\/p>\n<p><strong>2024 (\u00e0 para\u00eetre). <\/strong>Polys\u00e9mie des vocabulaires de sp\u00e9cialit\u00e9s dans l&rsquo;\u00e9crit scientifique (collaboration avec E. Jacquey), Cahiers de lexicologie, 124, 47-69.<\/p>\n<p><strong>2022. <\/strong>Identification d&rsquo;occurrences de candidats termes dans des articles scientifiques (collaboration avec E. Jacquey), <i>COgnition REpr\u00e9sentation LAngage, <\/i>Vol.20, n\u00b01. Article en ligne : <a class=\"lien\" href=\"https:\/\/journals.openedition.org\/corela\/14874\" target=\"_blank\" rel=\"noopener noreferrer\">CoReLa 20-1<\/a><\/p>\n<p style=\"text-align: justify\"><strong>2018.<\/strong> <span lang=\"FR-CA\">Termes complexes et langues de sp\u00e9cialit\u00e9 en sciences humaines et sociales\u00a0: que nous apprennent les textes int\u00e9graux ? (collaboration avec E. Jacquey, M. Marcon, S. Barreaux), <em>M\u00e9ta<\/em>, Presses de l&rsquo;universit\u00e9 de Montr\u00e9al, 63(1).<br \/>\n<\/span><\/p>\n<div style=\"text-align: justify\">\n<p><b>2011.<\/b> Du thesaurus \u00e0 l&rsquo;onto-terminologie : relations s\u00e9mantiques vs relation ontologique (collaboration avec E. Jacquey et B. Gaiffe), <i>COgnition REpr\u00e9sentation LAngage <\/i>Vol 9-1. Article en ligne : <a class=\"lien\" href=\"https:\/\/journals.openedition.org\/corela\/1962\" target=\"_blank\" rel=\"noopener noreferrer\">CoReLa 9-1<\/a><\/p>\n<p><b>2008.<\/b> Traits s\u00e9mantiques et anaphores pronominales (collaboration avec E. Jacquey), <i>Revue de s\u00e9mantique et de pragmatique,<\/i> 23, 23-34.<\/p>\n<p><b>2008.<\/b> Rep\u00e9rage de la r\u00e9f\u00e9rence \u00e0 partir du th\u00e9saurus, de la terminologie et de la s\u00e9mantique lexicale (collaboration avec E. Jacquey et B. Gaiffe), <i>Associazione Italiana di Documentazione Avanzata<\/i>26, Vol 1-2.<\/p>\n<p><b>2007.<\/b> NdeN et acquisition d&rsquo;informations lexicales \u00e0 partir du Tr\u00e9sor de la Langue Fran\u00e7aise Informatis\u00e9 (collaboration avec E. Jacquey), <i>COgnition REpr\u00e9sentation LAngage<\/i>Vol 5-1. Article en ligne : <a class=\"lien\" href=\"https:\/\/journals.openedition.org\/corela\/332\" target=\"_blank\" rel=\"noopener noreferrer\">CoReLa 5-1<\/a><\/p>\n<p><b>2004.<\/b> Linguistique et iconographie des cartes publicitaires, (collaboration avec R. Lallement), <i>Communication : information, m\u00e9dias, th\u00e9ories, pratiques, <\/i> Cap Saint Ignace : Editions Nota Bene. 23-2, 70-100.<\/p>\n<p><b>1998.<\/b> Le magazine Elle : aspects linguistiques et visuels des publicit\u00e9s (collaboration avec V. Appel), <i>Communication et langages,<\/i> Paris: Editions Retz. 43-2.<\/p>\n<p><b>1995.<\/b> L&rsquo;influence des d\u00e9terminants sur l&rsquo;accessibilit\u00e9 pronominale des d\u00e9t. N1 de (d\u00e9t.) N2., <i>Du syntagme nominal aux objets de discours : SN complexes, nominalisations, anaphore,<\/i> Num\u00e9ro sp\u00e9cial des TRANEL, Universit\u00e9 de Neuch\u00e2tel : Institut de Linguistique, Universit\u00e9 de Neuch\u00e2tel.<\/p>\n<p><b>1995.<\/b> L&rsquo;accessibilit\u00e9 pronominale des d\u00e9t. N1 de (d\u00e9t.) N2 : le r\u00f4le de la d\u00e9termination, <i>Linguisticae Investigationes,<\/i> Amsterdam Philadelphia : John Benjamins Publisching Company, XIX, <strong>1.<\/strong><\/p>\n<h2><\/h2>\n<p><strong><span style=\"font-size: x-large\">Chapitres d&rsquo;ouvrages<\/span><\/strong><\/p>\n<p><strong>2018<\/strong>. Lexique scientifique transdisciplinaire, terminologies et langues de sp\u00e9cialit\u00e9 en SHS. (collaboration avec E. Jacquey, M. Marcon, S. Barreaux), <em>D&rsquo;une discipline \u00e0 l&rsquo;autre\u00a0: lexique transversal et formules discursives des sciences humaines, <\/em>A. Tutin et M-P Jacques (ed.), <em>Collection Sciences cognitives, <\/em>ISTE.<\/p>\n<p><b>2013.<\/b> L\u2019opposition [+concret] \/ [+abstrait] : d\u00e9tection automatique et exploitation en s\u00e9mantique lexicale et dans le domaine de la r\u00e9f\u00e9rence (collaboration avec E. Jacquey),<i> Dans tous les sens du terme<\/i>, Presses Universitaire d&rsquo;Ottawa.<\/p>\n<p><b>2000.<\/b> Is it possible to predetermine a referent included in a French N de N structure ? (collaboration avec D. Baltazart), <i>Corpus-Based and Computation Approches to Discourse Anaphora, <\/i> S.P. Botley and A.M. McEnnery eds., Amsterdam : John Benjamins, 65-80.<\/p>\n<h2><\/h2>\n<p><strong><span style=\"font-size: x-large\">Colloques avec actes<\/span><\/strong><\/p>\n<div style=\"text-align: justify\">\n<p><strong>2020.<\/strong> Enrichissement en occurrences du lexique transdisciplinaire dans des articles de SHS (en collaboration avec E. Jacquey), CMLF 20. Article en ligne : <a href=\"https:\/\/doi.org\/10.1051\/shsconf\/20207811007\">CMLF2020<\/a><\/p>\n<p><strong>2018.<\/strong> \u00c9tude sur corpus et annotation du lexique scientifique transdisciplinaire (en collaboration avec S. Hatier, E. Jacquey, A Tutin, M. Marcon), <em>LTT 2018<\/em>, MSH Alpes &#8211; Universit\u00e9 de Grenoble Alpes, 27-28 octobre.<\/p>\n<p><strong>2015<\/strong>.\u00a0 Indices lexico-syntaxiques pour la reconnaissance des termes de la forme <i>N_Adj<\/i> dans les textes int\u00e9graux (collaboration avec E. Jacquey, M. Marcon , S. Barreaux). <i>Toth 2015<\/i>, Chamb\u00e9ry, 4-5 Juin. Article en ligne : <a class=\"LienText\" href=\"http:\/\/www.atilf.fr\/ressources\/termith\/publications.php\" target=\"_blank\" rel=\"noopener noreferrer\">A venir<\/a><\/p>\n<p><b>2014. <\/b> Annotation s\u00e9mantique et validation terminologique en texte int\u00e9gral en SHS (collaboration avec B.M. Billami, J. Camacho-Collados J,\u00a0 E Jacquey), <i>Taln 2014<\/i>, Marseille, 1-4 juillet 2014. Article en ligne : <a class=\"lien\" href=\"http:\/\/www.taln2014.org\/proceedings\/TALN\/ArticlesLongs\/Paper_O-L3.1.pdf\" target=\"_blank\" rel=\"noopener noreferrer\">Taln 2014<\/a><\/p>\n<p><b>2014. <\/b> Approche statistique pour le filtrage terminologique des occurrences de candidats termes en texte int\u00e9gral (collaboration avec J. Camacho-Collados J, B.M. Billami, E Jacquey), <i>Jadt2014<\/i>, Paris, 3-6 juillet 2014. Article en ligne : <a class=\"lien\" href=\"http:\/\/lexicometrica.univ-paris3.fr\/jadt\/jadt2014\/01-ACTES\/10-JADT2014.pdf\" target=\"_blank\" rel=\"noopener noreferrer\">JADT 2014<\/a><\/p>\n<p><b>2014. <\/b> Cat\u00e9gorisation s\u00e9mantique des noms simples du lexique sceintifique transdisdisciplinaire (collaboration avec S. Hatier, A. Tutin, M.P. Jacques, E. Jacquey), <i>ACFAS &#8211; Colloque 330, Etudes de lexiques \u00e0 vocation particumi\u00e8res: approches th\u00e9oriques, m\u00e9thodologiques, p\u00e9dagogiques et multidisciplinaires<\/i>, Montr\u00e9al, 12-16 mai 2014. Article en ligne : <a class=\"lien\" href=\"http:\/\/www.acfas.ca\/evenements\/congres\/programme\/82\/300\/330\/c\" target=\"_blank\" rel=\"noopener noreferrer\">ACFAS &#8211; Colloque 330<\/a><\/p>\n<p><b>2014. <\/b> Terminologie et phras\u00e9ologie transdisciplinaire dans les articles en SHS (collaboration avec E. Jacquey, J.M. Humbert, A. Tutin), <i>ACFAS &#8211; Colloque 330, Etudes de lexiques \u00e0 vocation particumi\u00e8res: approches th\u00e9oriques, m\u00e9thodologiques, p\u00e9dagogiques et multidisciplinaires<\/i>, Montr\u00e9al, 12-16 mai 2014. Article en ligne : <a class=\"lien\" href=\"http:\/\/www.acfas.ca\/evenements\/congres\/programme\/82\/300\/330\/c\" target=\"_blank\" rel=\"noopener noreferrer\">ACFAS &#8211; Colloque 330<\/a><\/p>\n<p><b>2013. <\/b> Filtrage terminologique par le lexique transdisciplinaire scientifique : une exp\u00e9rimentation en sciences humaines (collaboration avec E Jacquey, A Tutin, MP Jacques, S Hatier, S Ollinger), <i>TIA 2013,<\/i> Villetaneuse, 28-30 octobre 2013, 121-128. Article en ligne : <a class=\"lien\" href=\"https:\/\/lipn.univ-paris13.fr\/tia2013\/Proceedings\/actesTIA2013.pdf\" target=\"_blank\" rel=\"noopener noreferrer\">TIA 2013<\/a><\/p>\n<p><b>2012. <\/b> Relation syntaxiques entre lexique terminologique et transdisciplinaire : analyse en texte int\u00e9gral (collaboration avec E Jacquey), <i>CMLF 2012,<\/i> Lyon, 4-7 juillet 2012. Article en ligne : <a class=\"lien\" href=\"http:\/\/www.shs-conferences.org\/index.php?option=com_article&amp;access=doi&amp;doi=10.1051\/shsconf\/20120100284&amp;Itemid=129\" target=\"_blank\" rel=\"noopener noreferrer\">CMLF 2012<\/a><\/p>\n<p><b>2011.<\/b> Liens conceptuels et relations s\u00e9mantiques : proposition de repr\u00e9sentation des connaissances en sciences du langage (collaboration avec E Jacquey, B. Gaiffe), <i>IC 2011 &#8211; Plateforme Afia,<\/i> Chamb\u00e9ry, mai 2011. Article en ligne : <a class=\"lien\" href=\"http:\/\/halshs.archives-ouvertes.fr\/halshs-00594220\/fr\/\" target=\"_blank\" rel=\"noopener noreferrer\">IC 2011<\/a><\/p>\n<p><b>2010.<\/b> Thesaurus et corpus de sp\u00e9cilait\u00e9 en Sciences du Langage : une approche lexicom\u00e9trique appliqu\u00e9e \u00e0 l&rsquo;analyse de termes en corpus (collaboration E. Jacquey, M. Grzesitchak, B. Gaiffe, C. Reutenauer, M. Valette, S. Ollinger), <i>Taln 2010<\/i>, Montr\u00e9al, juillet 2010. Article en ligne : <a class=\"lien\" href=\"http:\/\/www.iro.umontreal.ca\/%7Efelipe\/TALN2010\/Xml\/Papers\/all\/taln2010_submission_166.pdf\" target=\"_blank\" rel=\"noopener noreferrer\">Taln&rsquo;10<\/a><\/p>\n<p><b>2009.<\/b> Approche lexico-s\u00e9mantique de l&rsquo;extraction terminologique : utilisation de ressources lexicographiques et validation sur corpus (collaboration avec B. Gaiffe, E. Jacquey), <i>Toth 2009<\/i>, Annecy, 4-5 juin. Article en ligne : <a class=\"lien\" href=\"http:\/\/www.porphyre.org\/toth\/files\/actes\/TOTh-2009_02_gaiffe-jacquey-kister.pdf\" target=\"_blank\" rel=\"noopener noreferrer\">Toth&rsquo;09<\/a><\/p>\n<p><b>2009.<\/b> Fusion d&rsquo;un thesaurus et d&rsquo;une terminologie : utilisation de ressources existantes pour amorcer une onto-terminologie (collaboration avec E. Jacquey, B. Gaiffe), <i>TIA 2009,<\/i> Toulouse, 18-20 novembre. Article en ligne :<a class=\"lien\" href=\"http:\/\/www.irit.fr\/TIA09\/thekey\/posters\/kister-jacquey-gaiffe.pdf\" target=\"_blank\" rel=\"noopener noreferrer\">TIA&rsquo;09<\/a><\/p>\n<p><b>2008.<\/b> Rep\u00e9rage de la r\u00e9f\u00e9rence \u00e0 partir du thesaurus, de la terminologie et de la s\u00e9mantique lexicale\u00a0\u00bb (collaboration avec E. Jacquey, B. Gaiffe), <i>Terminologia, Analisi Testuale e Documentazione nella citt\u00e0 digitale,<\/i> Convegno nazionale dell\u2019Associazione Italiana per la Terminologia, I-TerAnDo, Universit\u00e0 della Calabria &#8211; 5-7 juin.<\/p>\n<p><b>2007.<\/b> Comparaison des structures th\u00e9matiques de textes sp\u00e9cialis\u00e9s et de th\u00e9saurus ou de terminologies (collaboration avec E. Jacquey), <i>Actes des Journ\u00e9es Terminologia e mediazione linguistica : aproci e metodi a confronto,<\/i> Bertinoro, 8-9 juin. Article en ligne : <a class=\"lien\" href=\"http:\/\/dtil.unilat.org\/realiter_spip\/IMG\/pdf\/Evelyne_Jacquey-Laurence_Kister.pdf\" target=\"_blank\" rel=\"noopener noreferrer\">Terminologia e mediazione linguistica 2007<\/a><\/p>\n<p><b>2007.<\/b> Aquisition lexicale s\u00e9mantique \u00e0 partir de donn\u00e9es lexicographiques au service de la comparaison entre des structures th\u00e9matques de textes sp\u00e9cialis\u00e9s et de th\u00e9saurus (collaboration avec E. Jacquey), <i>Actes du Colloque Terminologie : approches transdisciplinaires,<\/i> Gatineau 2-4 mai.<\/p>\n<p><b>2002.<\/b> Relatif et ant\u00e9c\u00e9dent inclus dans un dans un SN : des param\u00e8tres pour pr\u00e9s\u00e9lectionner la saisie,<i> Taln&rsquo;02<\/i> Nancy.<\/p>\n<p><b>1999.<\/b> Identification des cha\u00eenes de r\u00e9f\u00e9rence dans les syst\u00e8mes automatiques : le cas des anaphores dans les N de N.,<i> Actes du colloque VExTAL (Venezia per il Trattamento Automatico delle Lingue)<\/i> Venise: Unipress, 153-158.<\/p>\n<p><b>1999.<\/b> Le traitement automatique des langues dans le processus d&rsquo;indexation (collaboration avec L. Lacote-Gabrysiak), <i>L&rsquo;indexation \u00e0 l&rsquo;heure d&rsquo;Internet,<\/i> Actes du deuxi\u00e8me colloque du chapitre fran\u00e7ais de l&rsquo;ISKO, Villeurbanne : Universit\u00e9 Lyon 3.<\/p>\n<p>&nbsp;<\/p>\n<p><strong><span style=\"font-size: x-large\">Recension<\/span><\/strong><\/p>\n<p><b>2013. <\/b>Exp\u00e9rimentations et \u00e9valuations en fouille de textes : un panorama des campagnes DEFT, Cyril GROUIN et Dominic FOREST <i>eds<\/i> (Herm\u00e8s-Lavoisier, 2012, 248 p., ISBN 978-2-7462-3836-7), <i>TAL<\/i> 53-3. Article en ligne : <a class=\"lien\" href=\"http:\/\/www.atala.org\/IMG\/pdf\/NotesDeLecture-TAL53-3.pdf\" target=\"_blank\" rel=\"noopener noreferrer\">Recension C. GROUIN et D. FOREST<\/a><\/p>\n<p><b>2011.<\/b> Langue, m\u00e9diation et efficacit\u00e9 communicationnelle, Isabelle Clerc et C\u00e9line Beaudet <i>eds<\/i> (Presses Universitaires de Laval, 2008, 227p.), <i>Communication,<\/i> Universit\u00e9 Laval, Qu\u00e9bec, 29-1. Article en ligne : <a class=\"lien\" href=\"http:\/\/communication.revues.org\/index2537.html\" target=\"_blank\" rel=\"noopener noreferrer\">Recension I. Clerc et C. Beaudet<\/a><\/p>\n<p><b>2009.<\/b> Th\u00e9orie des op\u00e9rations \u00e9nonciatives et mod\u00e9lisation : cheminement d&rsquo;une r\u00e9flexion linguistique, Lionel Dufaye (Ophrys, Paris, 2009, 192p.), <i>TAL,<\/i> 50-1. Article en ligne : <a class=\"lien\" href=\"http:\/\/www.atala.org\/IMG\/pdf\/TAL-2009-50-1-98-NotesDeLectures.pdf\" target=\"_blank\" rel=\"noopener noreferrer\">Recension L. Dufaye<\/a><\/p>\n<p><b>2008.<\/b> Les pr\u00e9discours : sens, m\u00e9moire, pr\u00e9discours, Anne-Marie Paveau (Presses Sorbonne Nouvelle, Paris, 2006, 250p), <i>Cahier Romans de Sciences Cognitives,<\/i> 3-2. Article en ligne : <a class=\"lien\" href=\"http:\/\/www.in-cognito.net\/new\/images\/article\/RevuePaveau_Kister.pdf\" target=\"_blank\" rel=\"noopener noreferrer\">Recension A.M. Paveau<\/a><\/p>\n<\/div>\n<\/div>\n","protected":false},"excerpt":{"rendered":"<p>Revues avec comit\u00e9 de lecture 2024 (\u00e0 para\u00eetre). Polys\u00e9mie des vocabulaires de sp\u00e9cialit\u00e9s dans l&rsquo;\u00e9crit scientifique (collaboration avec E. Jacquey), Cahiers de lexicologie, 124, 47-69. 2022. Identification d&rsquo;occurrences de candidats termes dans des articles scientifiques (collaboration avec E. Jacquey), COgnition REpr\u00e9sentation LAngage, Vol.20, n\u00b01. Article en ligne : CoReLa 20-1 2018. Termes complexes et langues [&hellip;]<\/p>\n","protected":false},"author":1,"featured_media":0,"parent":0,"menu_order":0,"comment_status":"closed","ping_status":"closed","template":"","meta":{"footnotes":""},"class_list":["post-17","page","type-page","status-publish","hentry"],"_links":{"self":[{"href":"https:\/\/perso.atilf.fr\/lkister\/wp-json\/wp\/v2\/pages\/17","targetHints":{"allow":["GET"]}}],"collection":[{"href":"https:\/\/perso.atilf.fr\/lkister\/wp-json\/wp\/v2\/pages"}],"about":[{"href":"https:\/\/perso.atilf.fr\/lkister\/wp-json\/wp\/v2\/types\/page"}],"author":[{"embeddable":true,"href":"https:\/\/perso.atilf.fr\/lkister\/wp-json\/wp\/v2\/users\/1"}],"replies":[{"embeddable":true,"href":"https:\/\/perso.atilf.fr\/lkister\/wp-json\/wp\/v2\/comments?post=17"}],"version-history":[{"count":37,"href":"https:\/\/perso.atilf.fr\/lkister\/wp-json\/wp\/v2\/pages\/17\/revisions"}],"predecessor-version":[{"id":368,"href":"https:\/\/perso.atilf.fr\/lkister\/wp-json\/wp\/v2\/pages\/17\/revisions\/368"}],"wp:attachment":[{"href":"https:\/\/perso.atilf.fr\/lkister\/wp-json\/wp\/v2\/media?parent=17"}],"curies":[{"name":"wp","href":"https:\/\/api.w.org\/{rel}","templated":true}]}}