{"id":21,"date":"2015-11-13T13:00:07","date_gmt":"2015-11-13T12:00:07","guid":{"rendered":"https:\/\/apps.atilf.fr\/homepages\/lkister\/?page_id=21"},"modified":"2024-03-19T14:54:40","modified_gmt":"2024-03-19T13:54:40","slug":"conferences-seminaires","status":"publish","type":"page","link":"https:\/\/perso.atilf.fr\/lkister\/conferences-seminaires\/","title":{"rendered":"Responsabilit\u00e9s"},"content":{"rendered":"<p>&nbsp;<\/p>\n<p style=\"text-align: justify\"><strong><span style=\"font-size: x-large\">Responsabilit\u00e9s actuelles<\/span><\/strong><br \/>\nDirectrice des \u00e9tudes &#8211; BUT INFOrmation NUM\u00e9rique dans les organisations (InfoNum) &#8211; D\u00e9pt. Information-Communication &#8211; IUT Nancy-Charlemagne &#8211; Universit\u00e9 de Lorraine (depuis sept. 2012)<\/p>\n<p>Elue au conseil de laboratoire (depuis mars 2024)<\/p>\n<div style=\"text-align: justify\">\n<p>Responsable scientifique &#8211; Centre de documentation &#8211; atilf UMR 7118 Universit\u00e9 de Lorraine\/CNRS (depuis sept. 2014)<\/p>\n<p>&nbsp;<\/p>\n<p><strong><span style=\"font-size: x-large\">Responsabilit\u00e9s assur\u00e9es par le pass\u00e9<\/span><\/strong><\/p>\n<p>Elue au conseil de laboratoire (avril \u00e0 d\u00e9cembre 2023)<\/p>\n<p>Elue au Conseil d&rsquo;Institut &#8211; IUT Nancy-Charlemagne &#8211; Universit\u00e9 de Lorraine (2009-2013)<\/p>\n<p>Membre du bureau du Conseil d&rsquo;Institut &#8211; IUT Nancy-Charlemagne &#8211; Universit\u00e9 de Lorraine (2009-2013)<\/p>\n<p>Membre de la commission consultative de s\u00e9lection de 7\u00e8me section (Sciences du langage) &#8211; Universit\u00e9 de Lorraine (depuis 2009)<\/p>\n<p>Responsable p\u00e9dagogique de la Licence professionnelle &#8211; Ressources Documentaires et Bases de Donn\u00e9es : Gestion et Traitement Documentaire des Fonds Iconographiques &#8211; (2005-2010)<\/p>\n<p>Membre de la commission de s\u00e9lection de 16\u00e8me section (Psychologie, psychologie clinique, psychologie sociale) &#8211; Recrutement : MCF en Psychologie &#8211; Psychopathologie cognitive, UFR Connaissance de l&rsquo;homme, Nancy Univiversit\u00e9 (2009)<\/p>\n<p>Membre de la commission de sp\u00e9cialiste de 7\u00e8me section (Sciences du langage) &#8211; Nancy Universit\u00e9 (suppl\u00e9ante de 1998-2004 &#8211; titulaire de 2004-2009)<\/p>\n<p>Membre du Conseil de Laboratoire Atilf UMR 7118 &#8211; CNRS, Nancy Universit\u00e9 (2 mandats &#8211; 2002-2009)<\/p>\n<p>Responsable de la r\u00e9daction du dossier de demande de r\u00e9habilitation de la Licence professionnelle &#8211; Ressources Documentaires et Bases de Donn\u00e9es : Gestion et Traitement Documentaire des Fonds Iconographiques &#8211; Nancy Universit\u00e9 (2008)<\/p>\n<p>Charg\u00e9e de mission pour la Cr\u00e9ation de la Licence professionnelle &#8211; Ressources Documentaires et Bases de Donn\u00e9es : Gestion et Traitement Documentaire des Fonds Iconographiques &#8211; Nancy Universit\u00e9 (2003-2005)<\/p>\n<p>Directrice des \u00e9tudes en DUT Information et Documentation d&rsquo;Entreprise &#8211; IUT Nancy-Charlemagne &#8211; Nancy Universit\u00e9 (1993-2002)<\/p>\n<p>Responsable des stages et des relations avec les entreprises &#8211; Ma\u00eetrise des Sciences de la Documentation et de l&rsquo;Information &#8211; UFR Sciences du Langage &#8211; Nancy Universit\u00e9 (1993-2001)<\/p>\n<p>&nbsp;<\/p>\n<\/div>\n","protected":false},"excerpt":{"rendered":"<p>&nbsp; Responsabilit\u00e9s actuelles Directrice des \u00e9tudes &#8211; BUT INFOrmation NUM\u00e9rique dans les organisations (InfoNum) &#8211; D\u00e9pt. Information-Communication &#8211; IUT Nancy-Charlemagne &#8211; Universit\u00e9 de Lorraine (depuis sept. 2012) Elue au conseil de laboratoire (depuis mars 2024) Responsable scientifique &#8211; Centre de documentation &#8211; atilf UMR 7118 Universit\u00e9 de Lorraine\/CNRS (depuis sept. 2014) &nbsp; Responsabilit\u00e9s assur\u00e9es par [&hellip;]<\/p>\n","protected":false},"author":1,"featured_media":0,"parent":0,"menu_order":0,"comment_status":"closed","ping_status":"closed","template":"","meta":{"footnotes":""},"class_list":["post-21","page","type-page","status-publish","hentry"],"_links":{"self":[{"href":"https:\/\/perso.atilf.fr\/lkister\/wp-json\/wp\/v2\/pages\/21","targetHints":{"allow":["GET"]}}],"collection":[{"href":"https:\/\/perso.atilf.fr\/lkister\/wp-json\/wp\/v2\/pages"}],"about":[{"href":"https:\/\/perso.atilf.fr\/lkister\/wp-json\/wp\/v2\/types\/page"}],"author":[{"embeddable":true,"href":"https:\/\/perso.atilf.fr\/lkister\/wp-json\/wp\/v2\/users\/1"}],"replies":[{"embeddable":true,"href":"https:\/\/perso.atilf.fr\/lkister\/wp-json\/wp\/v2\/comments?post=21"}],"version-history":[{"count":17,"href":"https:\/\/perso.atilf.fr\/lkister\/wp-json\/wp\/v2\/pages\/21\/revisions"}],"predecessor-version":[{"id":378,"href":"https:\/\/perso.atilf.fr\/lkister\/wp-json\/wp\/v2\/pages\/21\/revisions\/378"}],"wp:attachment":[{"href":"https:\/\/perso.atilf.fr\/lkister\/wp-json\/wp\/v2\/media?parent=21"}],"curies":[{"name":"wp","href":"https:\/\/api.w.org\/{rel}","templated":true}]}}