{"id":23,"date":"2015-11-13T13:00:14","date_gmt":"2015-11-13T12:00:14","guid":{"rendered":"https:\/\/apps.atilf.fr\/homepages\/lkister\/?page_id=23"},"modified":"2015-11-13T12:57:38","modified_gmt":"2015-11-13T11:57:38","slug":"cv","status":"publish","type":"page","link":"https:\/\/perso.atilf.fr\/lkister\/cv\/","title":{"rendered":"Communications orales"},"content":{"rendered":"<div style=\"text-align:justify\">\n<strong><font size=\"5px\">Communications orales<\/font><\/strong><\/p>\n<p><strong>2015. <\/strong>Indices lexico-s\u00e9mantiques pour la reconnaissance des termes de la forme N_Adj dans les textes int\u00e9graux. <em>Toth<\/em> 2015, Chamb\u00e9ry.<\/p>\n<p><b>2012. <\/b> Relation syntaxiques entre lexique terminologique et transdisciplinaire : analyse en texte int\u00e9gral, <i>CMLF 2012,<\/i> Lyon.<\/p>\n<p><b>2008.<\/b> Rep\u00e9rage de la r\u00e9f\u00e9rence \u00e0 partir du th\u00e9saurus, de la terminologie et de la s\u00e9mantique lexicale, <i>Terminologia, Analisi Testuale e Documentazione nella citt\u00e0 digitale, Convegno nazionale dell\u2019Associazione Italiana per la Terminologia &#8211; I-TerAnDo<\/i>, Universit\u00e0 della Calabria, Rende<\/p>\n<p><b>2007.<\/b> Comparaison des structures th\u00e9matiques de textes sp\u00e9cialis\u00e9s et de th\u00e9saurus ou de terminologies, <i> Journ\u00e9es Terminologia e mediazione linguistica : aproci e metodi a confronto<\/i>, Universita di Forli, Bertinoro<\/p>\n<p><b>2007.<\/b> Acquisition de donn\u00e9es lexicographiques au service de la comparaison entre des structures th\u00e9matques de textes sp\u00e9cialis\u00e9s et de th\u00e9saurus, <i>Terminologie : approches transdisciplinaires<\/i>, Gatineau<\/p>\n<p><b>2006.<\/b> Traits s\u00e9mantiques et anaphores pronominales, <i>4\u00e8me Rencontres de S\u00e9mantique et Pragmatique<\/i>, Universit\u00e9 d\u2019Orl\u00e9ans, Orl\u00e9ans La Source<\/p>\n<p>&nbsp;<\/p>\n<p><strong><font size=\"5px\">Communications affich\u00e9es<\/font><\/strong><\/p>\n<p><b>2011.<\/b> Liens conceptuels et relations s\u00e9mantiques : proposition de repr\u00e9sentation des connaissances en sciences du langage, <i> IC 2011 &#8211; Plateforme Afia<\/i>, Chamb\u00e9ry<\/p>\n<p><b>2009.<\/b> Fusion d&rsquo;un thesaurus et d&rsquo;une terminologie : utilisation de ressources existantes pour amorcer une onto-terminologie, <i>TIA 2009<\/i>, Toulouse<\/p>\n<p><b>2002.<\/b> Relatif et ant\u00e9c\u00e9dent inclus dans un dans un SN : des param\u00e8tres pour pr\u00e9s\u00e9lectionner la saisie, <i>Taln&rsquo;02<\/i>, Nancy<\/p>\n<p><b>1999.<\/b> Identification des cha\u00eenes de r\u00e9f\u00e9rence dans les syst\u00e8mes automatiques : le cas des anaphores dans les N de N, <i> VExTAL (Venezia per il Trattamento Automatico delle Lingue)<\/i>, Venise<\/p>\n<p><b>1999.<\/b> Le traitement automatique des langues dans le processus d&rsquo;indexation, <i> L&rsquo;indexation \u00e0 l&rsquo;heure d&rsquo;Internet. Chapitre fran\u00e7ais de l&rsquo;ISKO<\/i>, Universit\u00e9 Lyon 3, Villeurbanne\n<\/div>\n","protected":false},"excerpt":{"rendered":"<p>Communications orales 2015. Indices lexico-s\u00e9mantiques pour la reconnaissance des termes de la forme N_Adj dans les textes int\u00e9graux. Toth 2015, Chamb\u00e9ry. 2012. Relation syntaxiques entre lexique terminologique et transdisciplinaire : analyse en texte int\u00e9gral, CMLF 2012, Lyon. 2008. Rep\u00e9rage de la r\u00e9f\u00e9rence \u00e0 partir du th\u00e9saurus, de la terminologie et de la s\u00e9mantique lexicale, Terminologia, [&hellip;]<\/p>\n","protected":false},"author":1,"featured_media":0,"parent":0,"menu_order":0,"comment_status":"closed","ping_status":"closed","template":"","meta":{"footnotes":""},"class_list":["post-23","page","type-page","status-publish","hentry"],"_links":{"self":[{"href":"https:\/\/perso.atilf.fr\/lkister\/wp-json\/wp\/v2\/pages\/23","targetHints":{"allow":["GET"]}}],"collection":[{"href":"https:\/\/perso.atilf.fr\/lkister\/wp-json\/wp\/v2\/pages"}],"about":[{"href":"https:\/\/perso.atilf.fr\/lkister\/wp-json\/wp\/v2\/types\/page"}],"author":[{"embeddable":true,"href":"https:\/\/perso.atilf.fr\/lkister\/wp-json\/wp\/v2\/users\/1"}],"replies":[{"embeddable":true,"href":"https:\/\/perso.atilf.fr\/lkister\/wp-json\/wp\/v2\/comments?post=23"}],"version-history":[{"count":14,"href":"https:\/\/perso.atilf.fr\/lkister\/wp-json\/wp\/v2\/pages\/23\/revisions"}],"predecessor-version":[{"id":280,"href":"https:\/\/perso.atilf.fr\/lkister\/wp-json\/wp\/v2\/pages\/23\/revisions\/280"}],"wp:attachment":[{"href":"https:\/\/perso.atilf.fr\/lkister\/wp-json\/wp\/v2\/media?parent=23"}],"curies":[{"name":"wp","href":"https:\/\/api.w.org\/{rel}","templated":true}]}}