{"id":35,"date":"2015-11-13T13:00:31","date_gmt":"2015-11-13T12:00:31","guid":{"rendered":"https:\/\/apps.atilf.fr\/homepages\/lkister\/?page_id=35"},"modified":"2017-05-19T13:57:57","modified_gmt":"2017-05-19T12:57:57","slug":"accueil","status":"publish","type":"page","link":"https:\/\/perso.atilf.fr\/lkister\/","title":{"rendered":"Accueil"},"content":{"rendered":"<p style=\"text-align: left\"><strong>Ma\u00eetre de conf\u00e9rences &#8211; 7\u00e8me section Sciences du langage<\/strong><\/p>\n\n<table id=\"tablepress-3\" class=\"tablepress tablepress-id-3\">\n<tbody class=\"row-striping row-hover\">\n<tr class=\"row-1\">\n\t<td class=\"column-1\"><a href=\"https:\/\/perso.atilf.fr\/lkister\/wp-content\/uploads\/sites\/29\/2015\/11\/LaurenceKister.jpg\"><img loading=\"lazy\" decoding=\"async\" src=\"https:\/\/perso.atilf.fr\/lkister\/wp-content\/uploads\/sites\/29\/2015\/11\/LaurenceKister-225x300.jpg\" alt=\"LaurenceKister\" width=\"225\" height=\"300\" class=\"alignnone size-medium wp-image-263\" srcset=\"https:\/\/perso.atilf.fr\/lkister\/wp-content\/uploads\/sites\/29\/2015\/11\/LaurenceKister-225x300.jpg 225w, https:\/\/perso.atilf.fr\/lkister\/wp-content\/uploads\/sites\/29\/2015\/11\/LaurenceKister.jpg 709w\" sizes=\"auto, (max-width: 225px) 100vw, 225px\" \/><\/a><\/td><td class=\"column-2\"><\/td>\n<\/tr>\n<\/tbody>\n<\/table>\n<!-- #tablepress-3 from cache -->\n<p><strong>Coordonn\u00e9es <\/strong><\/p>\n\n<table id=\"tablepress-4\" class=\"tablepress tablepress-id-4\">\n<tbody class=\"row-striping\">\n<tr class=\"row-1\">\n\t<td class=\"column-1\">Axe<br \/>\nGroupe de recherche<\/td><td class=\"column-2\">Lexique<br \/>\n<a href=\"https:\/\/perso.atilf.fr\/sollinge\/polysemie-et-ambiguite-lexicale\/\">Polys\u00e9mie et ambigu\u00eft\u00e9 lexicale<\/a><br \/>\n<\/td>\n<\/tr>\n<tr class=\"row-2\">\n\t<td class=\"column-1\">Courriel<\/td><td class=\"column-2\">Laurence.Kister@univ-lorraine.fr<br \/>\nou<br \/>\nLaurence.Kister@atilf.fr<\/td>\n<\/tr>\n<tr class=\"row-3\">\n\t<td class=\"column-1\">T\u00e9l\u00e9phone<\/td><td class=\"column-2\">Atilf : +33 (0)3 54 50 53 43<br \/>\nIUT : +33 (0)3 72 74 34 02<\/td>\n<\/tr>\n<tr class=\"row-4\">\n\t<td class=\"column-1\">T\u00e9l\u00e9copie<\/td><td class=\"column-2\">+33 (0)3 83 97 24 56<\/td>\n<\/tr>\n<tr class=\"row-5\">\n\t<td class=\"column-1\">Lieu<\/td><td class=\"column-2\">atilf : Bureau 104 - 1er \u00e9tage - <a href=\"http:\/\/www.atilf.fr\/spip.php?article70\" target=\"_blank\" rel=\"noopener\">B\u00e2timent CNRS<\/a><br \/>\nou<br \/>\nIUT : Bureau 205 - 2\u00e8me \u00e9tage - IUT Nancy-Charlemagne<\/td>\n<\/tr>\n<tr class=\"row-6\">\n\t<td class=\"column-1\">Adresse<\/td><td class=\"column-2\">ATILF (CNRS &amp; Universit\u00e9 de Lorraine) <br \/>\n44, avenue de la Lib\u00e9ration <br \/>\nB.P. 30687 <br \/>\n54063 Nancy Cedex<br \/>\net<br \/>\nUniversit\u00e9 de Lorraine - IUT Nancy-Charlemagne<br \/>\nD\u00e9pt. Info-Com<br \/>\n2ter, Bd Charlemagne<br \/>\n54000 Nancy<\/td>\n<\/tr>\n<\/tbody>\n<\/table>\n<!-- #tablepress-4 from cache -->\n<p>&nbsp;<\/p>\n","protected":false},"excerpt":{"rendered":"<p>Ma\u00eetre de conf\u00e9rences &#8211; 7\u00e8me section Sciences du langage Coordonn\u00e9es &nbsp;<\/p>\n","protected":false},"author":28,"featured_media":0,"parent":0,"menu_order":0,"comment_status":"closed","ping_status":"closed","template":"","meta":{"footnotes":""},"class_list":["post-35","page","type-page","status-publish","hentry"],"_links":{"self":[{"href":"https:\/\/perso.atilf.fr\/lkister\/wp-json\/wp\/v2\/pages\/35","targetHints":{"allow":["GET"]}}],"collection":[{"href":"https:\/\/perso.atilf.fr\/lkister\/wp-json\/wp\/v2\/pages"}],"about":[{"href":"https:\/\/perso.atilf.fr\/lkister\/wp-json\/wp\/v2\/types\/page"}],"author":[{"embeddable":true,"href":"https:\/\/perso.atilf.fr\/lkister\/wp-json\/wp\/v2\/users\/28"}],"replies":[{"embeddable":true,"href":"https:\/\/perso.atilf.fr\/lkister\/wp-json\/wp\/v2\/comments?post=35"}],"version-history":[{"count":40,"href":"https:\/\/perso.atilf.fr\/lkister\/wp-json\/wp\/v2\/pages\/35\/revisions"}],"predecessor-version":[{"id":321,"href":"https:\/\/perso.atilf.fr\/lkister\/wp-json\/wp\/v2\/pages\/35\/revisions\/321"}],"wp:attachment":[{"href":"https:\/\/perso.atilf.fr\/lkister\/wp-json\/wp\/v2\/media?parent=35"}],"curies":[{"name":"wp","href":"https:\/\/api.w.org\/{rel}","templated":true}]}}