{"id":13,"date":"2015-06-29T13:43:15","date_gmt":"2015-06-29T12:43:15","guid":{"rendered":"https:\/\/apps.atilf.fr\/homepages\/?page_id=13"},"modified":"2026-02-25T11:39:48","modified_gmt":"2026-02-25T10:39:48","slug":"enseignement","status":"publish","type":"page","link":"https:\/\/perso.atilf.fr\/lpaek\/enseignement\/","title":{"rendered":"Academic positions"},"content":{"rendered":"<p>(Version anglaise ; version fran\u00e7aise en bas)<\/p>\n<h2 style=\"text-align: center\" data-start=\"113\" data-end=\"214\"><span style=\"text-decoration: underline\">Full-time positions<\/span><\/h2>\n<p data-start=\"113\" data-end=\"214\"><strong data-start=\"113\" data-end=\"212\">2025 \u2013 Present | Associate Professor | Universit\u00e9 de Lorraine | ATILF &#8211; CNRS-UL (UMR 7118) \/ UFR LANSAD<\/strong><\/p>\n<ul data-start=\"215\" data-end=\"295\">\n<li data-start=\"215\" data-end=\"272\">\n<p data-start=\"217\" data-end=\"272\">English for psychology for first-year master&rsquo;s students majoring in <em>Legal, Clinical, and Social Psychology\u00a0<\/em><\/p>\n<\/li>\n<li data-start=\"273\" data-end=\"295\">\n<p data-start=\"275\" data-end=\"295\">Legal English for first-year master&rsquo;s students majoring in law<\/p>\n<\/li>\n<li data-start=\"273\" data-end=\"295\">Academic English writing for second-year bachelor&rsquo;s students majoring in human and social sciences<\/li>\n<li data-start=\"273\" data-end=\"295\">Research in language education within the <em>Language Teaching and Sociolinguistics Research<\/em> Group<\/li>\n<li data-start=\"273\" data-end=\"295\">Collaborative research within the group ALIATA (<em>Language Learning Supported by Artificial Intelligence and Machine Translation<\/em>)<\/li>\n<\/ul>\n<p data-start=\"297\" data-end=\"499\"><strong data-start=\"297\" data-end=\"497\">2024 \u2013 2025 | Postdoctoral Researcher, Chair for Action-Research in Pedagogical Innovation | Institut Villebon \u2013 Georges Charpak \/ Universit\u00e9 Paris-Saclay | Centre de l\u2019Exp\u00e9rimentation P\u00e9dagogique<\/strong><\/p>\n<ul data-start=\"500\" data-end=\"688\">\n<li data-start=\"500\" data-end=\"688\">\n<p data-start=\"502\" data-end=\"688\">Scientific mentoring of teaching teams (specialists from various scientific disciplines) in education research projects, from project design to dissemination and publication of results<\/p>\n<\/li>\n<li data-start=\"500\" data-end=\"688\">Research in education sciences<\/li>\n<\/ul>\n<p data-start=\"690\" data-end=\"776\"><strong data-start=\"690\" data-end=\"774\">2022 \u2013 2024 | Research and Teaching Fellow | \u00c9cole Normale Sup\u00e9rieure Paris-Saclay | LEADS \/ Language Department<\/strong><\/p>\n<ul data-start=\"777\" data-end=\"1166\">\n<li data-start=\"777\" data-end=\"907\">\n<p data-start=\"779\" data-end=\"907\">Co-coordination of the LANSAD digital scientific English program \u201cScientific Writing Assessment Program\u201d at the master\u2019s level<\/p>\n<\/li>\n<li data-start=\"908\" data-end=\"1023\">\n<p data-start=\"910\" data-end=\"1023\">Co-coordination of the LANSAD English course \u201cCommunication\u201d for first-year master&rsquo;s students majoring in <em>Electronics, Electrical Engineering, Automation<\/em><\/p>\n<\/li>\n<li data-start=\"1024\" data-end=\"1128\">\n<p data-start=\"1026\" data-end=\"1128\">Teaching scientific English courses for engineering, mathematics, and computer science master\u2019s students<\/p>\n<\/li>\n<li data-start=\"1129\" data-end=\"1166\">\n<p data-start=\"1131\" data-end=\"1166\">IELTS preparation for third-year bachelor&rsquo;s students<\/p>\n<\/li>\n<li data-start=\"1129\" data-end=\"1166\">Research in English for specific purposes (ESP) education<\/li>\n<\/ul>\n<p data-start=\"1168\" data-end=\"1338\"><strong data-start=\"1168\" data-end=\"1336\">2016 \u2013 2022 | Contract Lecturer (2016\u20132021) ; Language Instructor (2021\u20132022) | Universit\u00e9 Paris Cit\u00e9 | CRL &amp; UFR Intercultural Studies and Applied Languages (EILA)<\/strong><\/p>\n<ul data-start=\"1339\" data-end=\"1888\">\n<li data-start=\"1339\" data-end=\"1469\">\n<p data-start=\"1341\" data-end=\"1469\">Coordination of the digital English program \u201cSuivi Personnalis\u00e9 En Ligne des Langues\u201d at CRL, mandatory for first-year bachelor&rsquo;s students in the LANSOD sector<\/p>\n<\/li>\n<li data-start=\"1470\" data-end=\"1589\">\n<p data-start=\"1472\" data-end=\"1589\">Coordination of hybrid-format specialized English courses for master\u2019s students in mathematics and computer science<\/p>\n<\/li>\n<li data-start=\"1590\" data-end=\"1716\">\n<p data-start=\"1592\" data-end=\"1716\">Teaching \u201cIntercultural Communication in English\u201d TD for first-year master&rsquo;s students majoring in<em> Languages, Interpretation, and Intercultural Strategies<\/em> (LISI)<\/p>\n<\/li>\n<li data-start=\"1717\" data-end=\"1888\">\n<p data-start=\"1719\" data-end=\"1888\">Teaching English courses for undergraduate and master\u2019s students majoring in science and technology, as well as various continuing education courses (general English and TOEIC preparation)<\/p>\n<\/li>\n<\/ul>\n<p data-start=\"1890\" data-end=\"2016\"><strong data-start=\"1890\" data-end=\"2014\">2014 \u2013 2016 | Contract Lecturer | Universit\u00e9 de Bordeaux, College of Law, Economics and Management | Language Department<\/strong><\/p>\n<ul data-start=\"2017\" data-end=\"2155\">\n<li data-start=\"2017\" data-end=\"2155\">\n<p data-start=\"2019\" data-end=\"2155\">Teaching English for specific purposes courses for undergraduate and master\u2019s students majoring in law, economics-management, and <em>Economic and Social Administration<\/em><\/p>\n<\/li>\n<\/ul>\n<p data-start=\"2157\" data-end=\"2291\"><strong data-start=\"2157\" data-end=\"2289\">2012 \u2013 2014 | Language Assistant | Universit\u00e9 Bordeaux Montaigne | Department of Anglophone Studies &amp; Applied Foreign Languages Department<\/strong><\/p>\n<ul data-start=\"2292\" data-end=\"2385\">\n<li data-start=\"2292\" data-end=\"2385\">\n<p data-start=\"2294\" data-end=\"2385\">Teaching <em>LLCER<\/em> and <em>LEA<\/em> courses<\/p>\n<\/li>\n<li data-start=\"2292\" data-end=\"2385\">\n<p data-start=\"2294\" data-end=\"2385\">Preparing continuing education students for the <em>CLES<\/em> certification exam<\/p>\n<\/li>\n<\/ul>\n<h2 style=\"text-align: center\" data-start=\"2420\" data-end=\"2594\"><span style=\"text-decoration: underline\">Part-time positions<\/span><\/h2>\n<p data-start=\"2420\" data-end=\"2594\"><strong data-start=\"2420\" data-end=\"2592\">2017 \u2013 2022 | Adjunct Lecturer | Universit\u00e9 Paris-Dauphine | Department of Organizational Sciences &amp; Department of Mathematics and Decision and Organization Informatics<\/strong><\/p>\n<ul data-start=\"2595\" data-end=\"2673\">\n<li data-start=\"2595\" data-end=\"2618\">\n<p data-start=\"2597\" data-end=\"2618\"><em>Anglophone Press<\/em> course for third-year bachelor&rsquo;s students<\/p>\n<\/li>\n<li data-start=\"2619\" data-end=\"2649\">\n<p data-start=\"2621\" data-end=\"2649\"><em>Listening Comprehension\u00a0<\/em>for second-year bachelor&rsquo;s students<\/p>\n<\/li>\n<li data-start=\"2650\" data-end=\"2673\">\n<p data-start=\"2652\" data-end=\"2673\">Business English for third-year bachelor&rsquo;s students<\/p>\n<\/li>\n<\/ul>\n<p data-start=\"2675\" data-end=\"2766\"><strong data-start=\"2675\" data-end=\"2764\">2021 | Adjunct Lecturer | \u00c9cole Normale Sup\u00e9rieure Paris-Saclay | Language Department<\/strong><\/p>\n<ul data-start=\"2767\" data-end=\"2791\">\n<li data-start=\"2767\" data-end=\"2791\">\n<p data-start=\"2769\" data-end=\"2791\">IELTS preparation for third-year bachelor&rsquo;s students<\/p>\n<\/li>\n<\/ul>\n<p data-start=\"2793\" data-end=\"2909\"><strong data-start=\"2793\" data-end=\"2907\">2016 \u2013 2017 | Adjunct Lecturer | Universit\u00e9 Paris Est-Cr\u00e9teil \u2013 Paris 12 | Faculty of Economics and Management<\/strong><\/p>\n<ul data-start=\"2910\" data-end=\"2936\">\n<li data-start=\"2910\" data-end=\"2936\">\n<p data-start=\"2912\" data-end=\"2936\">Business English for bachelor&rsquo;s students<\/p>\n<\/li>\n<\/ul>\n<p data-start=\"2938\" data-end=\"3065\"><strong data-start=\"2938\" data-end=\"3063\">2015 \u2013 2016 | Adjunct Lecturer | Universit\u00e9 de Bordeaux, College of Human Sciences | Department of Languages and Cultures<\/strong><\/p>\n<ul data-start=\"3066\" data-end=\"3163\">\n<li data-start=\"3066\" data-end=\"3163\">\n<p data-start=\"3068\" data-end=\"3163\">English for second-year bachelor&rsquo;s students majoring in <em>Mathematics and Computer Science Applied to Human and Social Sciences<\/em><\/p>\n<\/li>\n<\/ul>\n<p data-start=\"3165\" data-end=\"3318\"><strong data-start=\"3165\" data-end=\"3316\">2013 \u2013 2015 | Adjunct Lecturer | Universit\u00e9 de Bordeaux, College of Science and Technology | Department of Languages, Literature, and Communication<\/strong><\/p>\n<ul data-start=\"3319\" data-end=\"3365\">\n<li data-start=\"3319\" data-end=\"3365\">\n<p data-start=\"3321\" data-end=\"3365\">English for science and technology for second- and third-year bachelor&rsquo;s students<\/p>\n<\/li>\n<\/ul>\n<h2 style=\"text-align: center\" data-start=\"3411\" data-end=\"3527\"><span style=\"text-decoration: underline\">Volunteer activities<\/span><\/h2>\n<p data-start=\"3411\" data-end=\"3527\"><strong data-start=\"3411\" data-end=\"3525\">2008 \u2013 2010 | Volunteer English Teacher &amp; Fine Arts Instructor | Thornlea Secondary School (Thornhill, Canada)<\/strong><\/p>\n<p data-start=\"3529\" data-end=\"3659\"><strong data-start=\"3529\" data-end=\"3657\">2006 \u2013 2008 | Volunteer Fine Arts Instructor | Milal Mission, Sunday School for Students with Disabilities (Toronto, Canada)<\/strong><\/p>\n<hr \/>\n<p>(Version fran\u00e7aise)<\/p>\n<h2 style=\"text-align: center\"><span style=\"text-decoration: underline\">Postes \u00e0 temps plein<\/span><\/h2>\n<p><b><span data-contrast=\"auto\">2025 \u2013 pr\u00e9sent <strong data-start=\"113\" data-end=\"212\"> | Ma\u00eetre de conf\u00e9rences | Universit\u00e9 de Lorraine | ATILF &#8211; CNRS-UL (UMR 7118) \/ UFR LANSAD<\/strong><\/span><\/b><\/p>\n<ul>\n<li>Anglais pour M1 Psychologie l\u00e9gale, clinique et sociale<\/li>\n<li>Anglais pour M1 Droit<\/li>\n<li>R\u00e9daction acad\u00e9mique en anglais pour les \u00e9tudiants de L2 sciences humaines et sociales<\/li>\n<li>Recherche en didactique des langues au sein de l&rsquo;Axe <em>Didactique des langues et sociolinguistique<\/em><\/li>\n<li>Recherche au sein du groupe ALIATA (<em>Apprentissage des Langues soutenu par l\u2019Intelligence Artificielle et la Traduction Automatique<\/em>)<\/li>\n<\/ul>\n<p><b><span data-contrast=\"auto\">2024 \u2013 2025 | Chercheuse Postdoctorale, Chaire Recherche-Action en Innovation P\u00e9dagogique <\/span><\/b><i><span data-contrast=\"auto\">| <\/span><\/i><strong>Institut Villebon \u2013 Georges Charpak \/ Universit\u00e9 Paris Saclay | Centre de l\u2019Exp\u00e9rimentation P\u00e9dagogique<\/strong><\/p>\n<ul>\n<li><span class=\"TextRun Underlined SCXW178621128 BCX0\" lang=\"FR-FR\" xml:lang=\"FR-FR\" data-contrast=\"auto\"><span class=\"NormalTextRun SCXW178621128 BCX0\">Accompagnement scientifique des \u00e9quipes p\u00e9dagogiques<\/span><\/span><span class=\"TextRun SCXW178621128 BCX0\" lang=\"FR-FR\" xml:lang=\"FR-FR\" data-contrast=\"auto\"><span class=\"NormalTextRun SCXW178621128 BCX0\"> (sp\u00e9cialistes de diverses disciplines scientifiques) dans des projets de recherche en <\/span><span class=\"NormalTextRun SCXW178621128 BCX0\">sciences de l\u2019\u00e9ducation<\/span><span class=\"NormalTextRun SCXW178621128 BCX0\">, depuis la conception de projets jusqu\u2019\u00e0 la communication et la publication des r\u00e9sultats<\/span><\/span><span class=\"EOP SCXW178621128 BCX0\" data-ccp-props=\"{&quot;201341983&quot;:0,&quot;335551550&quot;:6,&quot;335551620&quot;:6,&quot;335559685&quot;:0,&quot;335559731&quot;:0,&quot;335559737&quot;:0,&quot;335559739&quot;:0,&quot;335559740&quot;:276,&quot;469777462&quot;:[720],&quot;469777927&quot;:[0],&quot;469777928&quot;:[0]}\">\u00a0<\/span><\/li>\n<li>Recherche en sciences de l&rsquo;\u00e9ducation<\/li>\n<\/ul>\n<p><b><span data-contrast=\"auto\">2022 \u2013 2024 | ATER <\/span><\/b><i><span data-contrast=\"auto\">| <\/span><\/i><b><span data-contrast=\"auto\">\u00c9cole Normale Sup\u00e9rieure Paris-Saclay\u202f<\/span><\/b><span data-contrast=\"auto\">| <strong data-start=\"690\" data-end=\"774\">LEADS \/ D\u00e9partement des langues<\/strong><\/span><span data-ccp-props=\"{&quot;134233117&quot;:false,&quot;201341983&quot;:0,&quot;335551550&quot;:6,&quot;335551620&quot;:6,&quot;335559685&quot;:0,&quot;335559731&quot;:0,&quot;335559737&quot;:0,&quot;335559738&quot;:113,&quot;335559739&quot;:0,&quot;335559740&quot;:276}\">\u00a0<\/span><\/p>\n<ul>\n<li><span data-contrast=\"auto\">Co-coordination LANSAD de la formation num\u00e9rique d\u2019anglais scientifique \u00ab\u202fScientific Writing Assessment Program \u00bb au niveau de master <\/span><\/li>\n<li>Co-coordination LANSAD du TD d\u2019anglais \u00ab\u202fCommunication\u202f\u00bb pour M1 \u00c9lectronique, \u00e9nergie \u00e9lectrique, automatique<\/li>\n<li>Enseignement des TD d\u2019anglais scientifique\u202fpour\u00a0<span data-contrast=\"auto\">les ing\u00e9nieurs, math\u00e9maticiens, et informaticiens en\u202fmaster <\/span><\/li>\n<li><span data-contrast=\"auto\">Formation \u00e0 l\u2019IELTS en L3 <\/span><span data-ccp-props=\"{&quot;201341983&quot;:0,&quot;335551550&quot;:6,&quot;335551620&quot;:6,&quot;335559685&quot;:0,&quot;335559731&quot;:0,&quot;335559737&quot;:0,&quot;335559739&quot;:0,&quot;335559740&quot;:276,&quot;469777462&quot;:[720],&quot;469777927&quot;:[0],&quot;469777928&quot;:[0]}\">\u00a0<\/span><\/li>\n<li>Recherche en didactique de l&rsquo;anglais de sp\u00e9cialit\u00e9<\/li>\n<\/ul>\n<p><b><span data-contrast=\"auto\">2016 &#8211; 2022 | Professeure contractuelle (2016-2021)\u202f; Ma\u00eetresse de langue (2021-2022) <\/span><\/b><i><span data-contrast=\"auto\">| <\/span><\/i><b><span data-contrast=\"auto\">Universit\u00e9 Paris Cit\u00e9<\/span><\/b><span data-contrast=\"auto\">\u202f<strong>| CRL &amp; UFR \u00c9tudes Interculturelles et Langues Appliqu\u00e9es (EILA)<\/strong><\/span><strong>\u00a0<\/strong><\/p>\n<ul>\n<li><span data-contrast=\"auto\">Coordination\u202fau sein du CRL du programme num\u00e9rique d\u2019anglais, \u00ab Suivi Personnalis\u00e9 En Ligne des Langues\u202f\u00bb, obligatoire pour les \u00e9tudiants en L1 LANSAD<\/span><span data-ccp-props=\"{&quot;201341983&quot;:0,&quot;335551550&quot;:6,&quot;335551620&quot;:6,&quot;335559737&quot;:0,&quot;335559739&quot;:0,&quot;335559740&quot;:276,&quot;469777462&quot;:[720],&quot;469777927&quot;:[0],&quot;469777928&quot;:[0]}\">\u00a0<\/span><\/li>\n<li><span data-contrast=\"auto\">Coordination des cours d\u2019anglais de sp\u00e9cialit\u00e9 en format hybride en\u202fmaster math\u00e9matiques-informatique<\/span><span data-contrast=\"auto\">\u00a0<\/span><span data-ccp-props=\"{&quot;201341983&quot;:0,&quot;335551550&quot;:6,&quot;335551620&quot;:6,&quot;335559685&quot;:0,&quot;335559731&quot;:0,&quot;335559737&quot;:0,&quot;335559739&quot;:0,&quot;335559740&quot;:276}\">\u00a0<\/span><\/li>\n<li><span data-contrast=\"auto\">Enseignement du TD LEA \u00ab Communication interculturelle en anglais \u00bb pour les \u00e9tudiants en M1 Langues, Interpr\u00e9tation et Strat\u00e9gies Interculturelles (LISI) <\/span><span data-ccp-props=\"{&quot;201341983&quot;:0,&quot;335551550&quot;:6,&quot;335551620&quot;:6,&quot;335559685&quot;:0,&quot;335559731&quot;:0,&quot;335559737&quot;:0,&quot;335559739&quot;:0,&quot;335559740&quot;:276,&quot;469777462&quot;:[720],&quot;469777927&quot;:[0],&quot;469777928&quot;:[0]}\">\u00a0<\/span><\/li>\n<li><span data-contrast=\"auto\">Enseignement des TD LANSAD<\/span><span data-contrast=\"auto\"> pour les \u00e9tudiants de licence et de master en sciences et technologies, ainsi que de divers cours d\u2019anglais en formation continue <\/span><span data-contrast=\"auto\">(anglais g\u00e9n\u00e9ral et formation au TOEIC)<\/span><span data-ccp-props=\"{&quot;201341983&quot;:0,&quot;335551550&quot;:6,&quot;335551620&quot;:6,&quot;335559685&quot;:0,&quot;335559731&quot;:0,&quot;335559737&quot;:0,&quot;335559739&quot;:0,&quot;335559740&quot;:276,&quot;469777462&quot;:[720],&quot;469777927&quot;:[0],&quot;469777928&quot;:[0]}\">\u00a0<\/span><\/li>\n<\/ul>\n<p><b><span data-contrast=\"auto\">2014 \u2013 2016 | Enseignant<\/span><\/b><strong>e contractuelle <i>| <\/i>Universit\u00e9 de Bordeaux, Coll\u00e8ge Droit \u00c9conomie Gestion\u202f| D\u00e9partement des langues\u00a0<\/strong><\/p>\n<ul>\n<li><span data-contrast=\"auto\">Enseignement des TD LANSAD<\/span><span data-contrast=\"auto\"> en licence et master de droit, d\u2019\u00e9conomie-gestion, et d\u2019Administration \u00c9conomique et Sociale (AES)\u00a0<\/span><span data-ccp-props=\"{&quot;201341983&quot;:0,&quot;335551550&quot;:6,&quot;335551620&quot;:6,&quot;335559685&quot;:0,&quot;335559731&quot;:0,&quot;335559737&quot;:0,&quot;335559739&quot;:0,&quot;335559740&quot;:276}\">\u00a0<\/span><\/li>\n<\/ul>\n<p><strong>2012 \u2013 2014 | Lectrice <i>| <\/i>Universit\u00e9 Bordeaux Montaigne | D\u00e9partement des \u00e9tudes des mondes anglophones et d\u00e9partement Langues \u00e9trang\u00e8res appliqu\u00e9es\u00a0<\/strong><\/p>\n<ul>\n<li><span data-contrast=\"auto\">Enseignement des TD LLCER et en LEA<\/span><\/li>\n<li><span data-contrast=\"auto\">Pr\u00e9paration au CLES en formation continue <\/span><span data-ccp-props=\"{&quot;201341983&quot;:0,&quot;335551550&quot;:6,&quot;335551620&quot;:6,&quot;335559685&quot;:0,&quot;335559731&quot;:0,&quot;335559737&quot;:0,&quot;335559739&quot;:0,&quot;335559740&quot;:276}\">\u00a0<\/span><\/li>\n<\/ul>\n<p>&nbsp;<\/p>\n<h2 style=\"text-align: center\"><span style=\"text-decoration: underline\">Postes \u00e0 temps partiel<\/span><\/h2>\n<p><b><span data-contrast=\"auto\">2017 \u2013 2022 <\/span><\/b><i><span data-contrast=\"auto\">| <\/span><\/i><b><span data-contrast=\"auto\">Enseignante vacataire <\/span><\/b><i><span data-contrast=\"auto\">| <\/span><\/i><b><span data-contrast=\"auto\">Universit\u00e9 Paris-Dauphine<\/span><\/b><strong> | D\u00e9partement Licence Sciences Des Organisations &amp; D\u00e9partement Math\u00e9matiques et Informatique de la D\u00e9cision et des Organisations\u00a0<\/strong><\/p>\n<ul>\n<li><span data-contrast=\"auto\">L3 presse anglophone <\/span><\/li>\n<li><span data-contrast=\"auto\">L<\/span><span data-contrast=\"auto\">2 compr\u00e9hension orale <\/span><\/li>\n<li><span data-contrast=\"auto\">L3 anglais des affaires <\/span><span data-contrast=\"auto\">\u00a0<\/span><span data-ccp-props=\"{&quot;134233117&quot;:false,&quot;134233118&quot;:false,&quot;134245417&quot;:false,&quot;201341983&quot;:0,&quot;335551550&quot;:6,&quot;335551620&quot;:6,&quot;335559685&quot;:283,&quot;335559731&quot;:0,&quot;335559737&quot;:0,&quot;335559738&quot;:0,&quot;335559739&quot;:57,&quot;335559740&quot;:276}\">\u00a0<\/span><\/li>\n<\/ul>\n<p><b><span data-contrast=\"auto\">2021 \u20132<\/span><\/b><strong>021 <i>| <\/i>Enseignante vacataire <i>|<\/i> \u00c9cole Normale Sup\u00e9rieure Paris-Saclay\u202f | D\u00e9partement des langues\u00a0\u00a0<\/strong><\/p>\n<ul>\n<li><span data-contrast=\"auto\">L3 formation \u00e0 l\u2019IELTS<\/span><\/li>\n<\/ul>\n<p><b><span data-contrast=\"auto\">2016 \u2013 2017 <\/span><\/b><i><span data-contrast=\"auto\">| <\/span><\/i><b><span data-contrast=\"auto\">Enseignan<\/span><\/b><strong>te vacataire <i>| <\/i>Universit\u00e9 Paris Est-Cr\u00e9teil \u2013 Paris 12 | Facult\u00e9 de Sciences \u00c9conomie et de Gestion \u00a0<\/strong><\/p>\n<ul>\n<li><span data-contrast=\"auto\">L1-L3 anglais des affaires\u00a0<\/span><\/li>\n<\/ul>\n<p><b><span data-contrast=\"auto\">2015 \u2013 2016 <\/span><\/b><i><span data-contrast=\"auto\">| <\/span><\/i><b><span data-contrast=\"auto\">Enseignante vacataire<\/span><\/b><i><span data-contrast=\"auto\"> |<\/span><\/i><strong> Universit\u00e9 de Bordeaux, Coll\u00e8ge Sciences de l\u2019Homme\u202f| D\u00e9partement des langues et cultures\u00a0\u00a0<\/strong><\/p>\n<ul>\n<li><span data-contrast=\"auto\">L2 anglais des MIASHS (Math\u00e9matiques et Informatique Appliqu\u00e9es aux Sciences Humaines et Sociales)<\/span><\/li>\n<\/ul>\n<p><b><span data-contrast=\"auto\">2013 \u2013 2015 <\/span><\/b><i><span data-contrast=\"auto\">| <\/span><\/i><b><span data-contrast=\"auto\">Enseignante vacataire <\/span><\/b><i><span data-contrast=\"auto\">| <\/span><\/i><b><span data-contrast=\"auto\">Universit\u00e9 de Bordeaux<\/span><\/b><strong>, Coll\u00e8ge Sciences et Technologies\u202f| D\u00e9partement des langues lettres et communication\u00a0\u00a0<\/strong><\/p>\n<ul>\n<li><span data-contrast=\"auto\">L2 &amp; L3 anglais pour les sciences et technologies\u00a0<\/span><\/li>\n<\/ul>\n<p>&nbsp;<\/p>\n<h2 style=\"text-align: center\"><span style=\"text-decoration: underline\">Activit\u00e9s d&rsquo;enseignement b\u00e9n\u00e9vole<\/span><\/h2>\n<p><b><span data-contrast=\"auto\">2008 \u2013 2010 <\/span><\/b><i><span data-contrast=\"auto\">|<\/span><\/i><b><span data-contrast=\"auto\"> Enseignante<\/span><\/b> <b><span data-contrast=\"auto\">b\u00e9n\u00e9vole de l\u2019anglais langue seconde et des beaux-arts et des arts appliqu\u00e9s <\/span><\/b><i><span data-contrast=\"auto\">| <\/span><\/i><b><span data-contrast=\"auto\">Thornlea\u202fSecondary\u202fSchool\u202f<\/span><\/b><span data-contrast=\"auto\">(Thornhill, Canada)\u00a0<\/span><span data-ccp-props=\"{&quot;134233117&quot;:false,&quot;134233118&quot;:false,&quot;134245417&quot;:false,&quot;201341983&quot;:0,&quot;335551550&quot;:6,&quot;335551620&quot;:6,&quot;335559685&quot;:0,&quot;335559731&quot;:0,&quot;335559737&quot;:0,&quot;335559738&quot;:0,&quot;335559739&quot;:111,&quot;335559740&quot;:276}\">\u00a0<\/span><\/p>\n<p><b><span data-contrast=\"auto\">2006 \u2013 2008 <\/span><\/b><i><span data-contrast=\"auto\">|<\/span><\/i><b><span data-contrast=\"auto\"> Animatrice b\u00e9n\u00e9vole des cours de beaux-arts<\/span><\/b> <span data-contrast=\"auto\">| <\/span><b><span data-contrast=\"auto\">Milal Mission<\/span><\/b><span data-contrast=\"auto\"><strong>, \u00c9cole du dimanche pour \u00e9l\u00e8ves handicap\u00e9s<\/strong> (Toronto, Canada)<\/span><span data-ccp-props=\"{&quot;335551550&quot;:6,&quot;335551620&quot;:6,&quot;335557856&quot;:4278190080,&quot;335559685&quot;:0,&quot;335559731&quot;:0,&quot;335559737&quot;:0}\">\u00a0<\/span><\/p>\n","protected":false},"excerpt":{"rendered":"<p>(Version anglaise ; version fran\u00e7aise en bas) Full-time positions 2025 \u2013 Present | Associate Professor | Universit\u00e9 de Lorraine | ATILF &#8211; CNRS-UL (UMR 7118) \/ UFR LANSAD English for psychology for first-year master&rsquo;s students majoring in Legal, Clinical, and Social Psychology\u00a0 Legal English for first-year master&rsquo;s students majoring in law Academic English writing for [&hellip;]<\/p>\n","protected":false},"author":1,"featured_media":0,"parent":0,"menu_order":0,"comment_status":"closed","ping_status":"closed","template":"","meta":{"footnotes":""},"class_list":["post-13","page","type-page","status-publish","hentry"],"_links":{"self":[{"href":"https:\/\/perso.atilf.fr\/lpaek\/wp-json\/wp\/v2\/pages\/13","targetHints":{"allow":["GET"]}}],"collection":[{"href":"https:\/\/perso.atilf.fr\/lpaek\/wp-json\/wp\/v2\/pages"}],"about":[{"href":"https:\/\/perso.atilf.fr\/lpaek\/wp-json\/wp\/v2\/types\/page"}],"author":[{"embeddable":true,"href":"https:\/\/perso.atilf.fr\/lpaek\/wp-json\/wp\/v2\/users\/1"}],"replies":[{"embeddable":true,"href":"https:\/\/perso.atilf.fr\/lpaek\/wp-json\/wp\/v2\/comments?post=13"}],"version-history":[{"count":27,"href":"https:\/\/perso.atilf.fr\/lpaek\/wp-json\/wp\/v2\/pages\/13\/revisions"}],"predecessor-version":[{"id":496,"href":"https:\/\/perso.atilf.fr\/lpaek\/wp-json\/wp\/v2\/pages\/13\/revisions\/496"}],"wp:attachment":[{"href":"https:\/\/perso.atilf.fr\/lpaek\/wp-json\/wp\/v2\/media?parent=13"}],"curies":[{"name":"wp","href":"https:\/\/api.w.org\/{rel}","templated":true}]}}