{"id":35,"date":"2015-06-29T13:47:31","date_gmt":"2015-06-29T12:47:31","guid":{"rendered":"https:\/\/apps.atilf.fr\/homepages\/?page_id=35"},"modified":"2026-02-25T11:38:19","modified_gmt":"2026-02-25T10:38:19","slug":"accueil","status":"publish","type":"page","link":"https:\/\/perso.atilf.fr\/lpaek\/","title":{"rendered":"Home"},"content":{"rendered":"<h3 style=\"text-align: center\"><span style=\"text-decoration: underline\">Position<\/span><\/h3>\n\n<table id=\"tablepress-3\" class=\"tablepress tablepress-id-3\">\n<tbody class=\"row-striping row-hover\">\n<tr class=\"row-1\">\n\t<td class=\"column-1\"><a href=\"https:\/\/perso.atilf.fr\/lpaek\/wp-content\/uploads\/sites\/125\/2025\/10\/1516901230750-1.jpg\"><img loading=\"lazy\" decoding=\"async\" src=\"https:\/\/perso.atilf.fr\/lpaek\/wp-content\/uploads\/sites\/125\/2025\/10\/1516901230750-1-300x300.jpg\" alt=\"\" width=\"300\" height=\"300\" class=\"alignnone size-medium wp-image-374\" srcset=\"https:\/\/perso.atilf.fr\/lpaek\/wp-content\/uploads\/sites\/125\/2025\/10\/1516901230750-1-300x300.jpg 300w, https:\/\/perso.atilf.fr\/lpaek\/wp-content\/uploads\/sites\/125\/2025\/10\/1516901230750-1-150x150.jpg 150w, https:\/\/perso.atilf.fr\/lpaek\/wp-content\/uploads\/sites\/125\/2025\/10\/1516901230750-1.jpg 450w\" sizes=\"auto, (max-width: 300px) 100vw, 300px\" \/><\/a><\/td><td class=\"column-2\">Associate Professor in English language education \/ Ma\u00eetre de conf\u00e9rences en didactique de l'anglais<\/td>\n<\/tr>\n<\/tbody>\n<\/table>\n\n<h3 style=\"text-align: center\"><span style=\"text-decoration: underline\">ATILF Laboratory &#8211; Contact<\/span><\/h3>\n\n<table id=\"tablepress-4\" class=\"tablepress tablepress-id-4\">\n<tbody class=\"row-striping\">\n<tr class=\"row-1\">\n\t<td class=\"column-1\">Research laboratory<\/td><td class=\"column-2\">ATILF (UL \u2013 CNRS, UMR 7118) <br \/>\nAxe Didactique des Langues et Sociolinguistique<\/td>\n<\/tr>\n<tr class=\"row-2\">\n\t<td class=\"column-1\">Email<\/td><td class=\"column-2\">lindsey.paek@univ-lorraine.fr<\/td>\n<\/tr>\n<tr class=\"row-3\">\n\t<td class=\"column-1\">Office<\/td><td class=\"column-2\">Bureau 210 - B\u00e2timent CNRS<\/td>\n<\/tr>\n<tr class=\"row-4\">\n\t<td class=\"column-1\">Address<\/td><td class=\"column-2\">ATILF (CNRS &amp; Universit\u00e9 de Lorraine) <br \/>\n44, avenue de la Lib\u00e9ration <br \/>\nB.P. 30687 <br \/>\n54063 Nancy Cedex<\/td>\n<\/tr>\n<\/tbody>\n<\/table>\n\n<h3 style=\"text-align: center\"><span style=\"text-decoration: underline\">Affiliations<\/span><\/h3>\n<h4 style=\"text-align: center\"><strong>Institutional affiliation<\/strong><\/h4>\n<p><strong>ATILF<\/strong> (Analyse et Traitement Informatique de la Langue Fran\u00e7aise) &#8211; Axe Didactique des Langues et Sociolinguistique (UL \u2013 CNRS, UMR 7118) &#8211; <em>Official affiliation<\/em><\/p>\n<h4 style=\"text-align: center\"><strong>Research groups<\/strong><\/h4>\n<p><strong>LEADS<\/strong> (Langues, Enseignement et Anglais de Sp\u00e9cialit\u00e9), Ecole Normale Sup\u00e9rieure Paris-Saclay &#8211; <em>Affiliated member<\/em><\/p>\n<p><strong>GERAS<\/strong> (Groupe d&rsquo;Etude et de Recherche en Anglais de Sp\u00e9cialit\u00e9) &#8211; <em>Member<\/em><\/p>\n<p><strong>ARDAA<\/strong> (Association pour la Recherche en Didactique et Acquisition de l&rsquo;Anglais) &#8211; <em>Member<\/em><\/p>\n<h4 style=\"text-align: center\"><strong>Professional association<\/strong><\/h4>\n<p><strong>SAES<\/strong> (Soci\u00e9t\u00e9 des Anglicistes de l&rsquo;Enseignement Sup\u00e9rieur) &#8211; <em>Member<\/em><\/p>\n","protected":false},"excerpt":{"rendered":"<p>Position ATILF Laboratory &#8211; Contact Affiliations Institutional affiliation ATILF (Analyse et Traitement Informatique de la Langue Fran\u00e7aise) &#8211; Axe Didactique des Langues et Sociolinguistique (UL \u2013 CNRS, UMR 7118) &#8211; Official affiliation Research groups LEADS (Langues, Enseignement et Anglais de Sp\u00e9cialit\u00e9), Ecole Normale Sup\u00e9rieure Paris-Saclay &#8211; Affiliated member GERAS (Groupe d&rsquo;Etude et de Recherche en [&hellip;]<\/p>\n","protected":false},"author":1,"featured_media":0,"parent":0,"menu_order":0,"comment_status":"closed","ping_status":"closed","template":"","meta":{"footnotes":""},"class_list":["post-35","page","type-page","status-publish","hentry"],"_links":{"self":[{"href":"https:\/\/perso.atilf.fr\/lpaek\/wp-json\/wp\/v2\/pages\/35","targetHints":{"allow":["GET"]}}],"collection":[{"href":"https:\/\/perso.atilf.fr\/lpaek\/wp-json\/wp\/v2\/pages"}],"about":[{"href":"https:\/\/perso.atilf.fr\/lpaek\/wp-json\/wp\/v2\/types\/page"}],"author":[{"embeddable":true,"href":"https:\/\/perso.atilf.fr\/lpaek\/wp-json\/wp\/v2\/users\/1"}],"replies":[{"embeddable":true,"href":"https:\/\/perso.atilf.fr\/lpaek\/wp-json\/wp\/v2\/comments?post=35"}],"version-history":[{"count":46,"href":"https:\/\/perso.atilf.fr\/lpaek\/wp-json\/wp\/v2\/pages\/35\/revisions"}],"predecessor-version":[{"id":493,"href":"https:\/\/perso.atilf.fr\/lpaek\/wp-json\/wp\/v2\/pages\/35\/revisions\/493"}],"wp:attachment":[{"href":"https:\/\/perso.atilf.fr\/lpaek\/wp-json\/wp\/v2\/media?parent=35"}],"curies":[{"name":"wp","href":"https:\/\/api.w.org\/{rel}","templated":true}]}}